{"id":12145,"date":"2018-03-21T17:13:17","date_gmt":"2018-03-21T23:13:17","guid":{"rendered":"https:\/\/vianala.com\/?post_type=product&#038;p=12145"},"modified":"2026-04-08T11:18:05","modified_gmt":"2026-04-08T16:18:05","slug":"bolsas-tote-bag-de-piel-negro","status":"publish","type":"product","link":"https:\/\/vianala.com\/en\/tienda\/bolsas-tote-bag-de-piel-negro\/","title":{"rendered":"Tote Victoria V\u00edbora Negro"},"content":{"rendered":"<h2>Tote Victoria V\u00edbora Negro<\/h2>\n<p>Esta bolsa tote bag de piel negro lo que hace referencia al dise\u00f1o de moda, el cual se caracteriza por ser uno de los modelos m\u00e1s conocidos y tradicionales de las bolsas. El dise\u00f1o es sencillo, con un cuerpo generalmente cuadrado o rectangular y asas dobles a los lados. El tama\u00f1o de la bolsa es ideal para usarla como bolsa de diario, pues su estilo casual y al mismo tiempo elegante, permite que la utilices en todo tipo de ocasiones y siempre tengas a la mano los art\u00edculos indispensables para pasar el d\u00eda como una botella de agua, alg\u00fan <em>snack<\/em>, agenda, tablet, celular, pinturas, plumas, libros, etc.<\/p>\n<h2 style=\"text-align: right\">Tote Victoria V\u00edbora Negro<\/h2>\n<p>&nbsp;<\/p>\n","protected":false},"excerpt":{"rendered":"<p>Tote Victoria V\u00edbora Negro Esta bolsa tote bag de piel negro lo que hace referencia al dise\u00f1o de moda, el cual se caracteriza por ser uno de los modelos m\u00e1s conocidos y tradicionales de las bolsas. El dise\u00f1o es sencillo, con un cuerpo generalmente cuadrado o rectangular y asas dobles a los lados. El tama\u00f1o [&hellip;]<\/p>\n","protected":false},"featured_media":24031,"comment_status":"open","ping_status":"closed","template":"","meta":[],"product_cat":[300,302],"product_tag":[122,109,123,131,132,133,23,134,135,136],"yoast_head":"<!-- This site is optimized with the Yoast SEO plugin v20.3 - https:\/\/yoast.com\/wordpress\/plugins\/seo\/ -->\n<title>Bolsa tote bag piel negro VIANALA<\/title>\n<meta name=\"description\" content=\"Esta bolsa tote bag de piel negro lo que hace referencia al dise\u00f1o de moda, el cual se caracteriza por ser uno de los modelos m\u00e1s conocidos y tradicionales de las bolsas.\" \/>\n<meta name=\"robots\" content=\"index, follow, max-snippet:-1, max-image-preview:large, max-video-preview:-1\" \/>\n<link rel=\"canonical\" href=\"https:\/\/vianala.com\/en\/tienda\/bolsas-tote-bag-de-piel-negro\/\" \/>\n<meta property=\"og:locale\" content=\"en_US\" \/>\n<meta property=\"og:type\" content=\"article\" \/>\n<meta property=\"og:title\" content=\"Bolsa tote bag piel negro VIANALA\" \/>\n<meta property=\"og:description\" content=\"Esta bolsa tote bag de piel negro lo que hace referencia al dise\u00f1o de moda, el cual se caracteriza por ser uno de los modelos m\u00e1s conocidos y tradicionales de las bolsas.\" \/>\n<meta property=\"og:url\" content=\"https:\/\/vianala.com\/en\/tienda\/bolsas-tote-bag-de-piel-negro\/\" \/>\n<meta property=\"og:site_name\" content=\"Vianala\" \/>\n<meta property=\"article:publisher\" content=\"https:\/\/www.facebook.com\/vianalabolsas\" \/>\n<meta property=\"article:modified_time\" content=\"2026-04-08T16:18:05+00:00\" \/>\n<meta property=\"og:image\" content=\"https:\/\/vianala.com\/wp-content\/uploads\/2018\/03\/Bolsa-vibora-negro-piel.jpg\" \/>\n\t<meta property=\"og:image:width\" content=\"960\" \/>\n\t<meta property=\"og:image:height\" content=\"960\" \/>\n\t<meta property=\"og:image:type\" content=\"image\/jpeg\" \/>\n<meta name=\"twitter:card\" content=\"summary_large_image\" \/>\n<meta name=\"twitter:label1\" content=\"Est. reading time\" \/>\n\t<meta name=\"twitter:data1\" content=\"1 minute\" \/>\n<script type=\"application\/ld+json\" class=\"yoast-schema-graph\">{\"@context\":\"https:\/\/schema.org\",\"@graph\":[{\"@type\":\"WebPage\",\"@id\":\"https:\/\/vianala.com\/en\/tienda\/bolsas-tote-bag-de-piel-negro\/\",\"url\":\"https:\/\/vianala.com\/en\/tienda\/bolsas-tote-bag-de-piel-negro\/\",\"name\":\"Bolsa tote bag piel negro VIANALA\",\"isPartOf\":{\"@id\":\"https:\/\/vianala.com\/en\/#website\"},\"datePublished\":\"2018-03-21T23:13:17+00:00\",\"dateModified\":\"2026-04-08T16:18:05+00:00\",\"description\":\"Esta bolsa tote bag de piel negro lo que hace referencia al dise\u00f1o de moda, el cual se caracteriza por ser uno de los modelos m\u00e1s conocidos y tradicionales de las bolsas.\",\"breadcrumb\":{\"@id\":\"https:\/\/vianala.com\/en\/tienda\/bolsas-tote-bag-de-piel-negro\/#breadcrumb\"},\"inLanguage\":\"en-US\",\"potentialAction\":[{\"@type\":\"ReadAction\",\"target\":[\"https:\/\/vianala.com\/en\/tienda\/bolsas-tote-bag-de-piel-negro\/\"]}]},{\"@type\":\"BreadcrumbList\",\"@id\":\"https:\/\/vianala.com\/en\/tienda\/bolsas-tote-bag-de-piel-negro\/#breadcrumb\",\"itemListElement\":[{\"@type\":\"ListItem\",\"position\":1,\"name\":\"\",\"item\":\"https:\/\/vianala.com\/en\/\"},{\"@type\":\"ListItem\",\"position\":2,\"name\":\"Portada\",\"item\":\"https:\/\/vianala.com\/en\/\"},{\"@type\":\"ListItem\",\"position\":3,\"name\":\"Shop\",\"item\":\"https:\/\/vianala.com\/en\/shop\/\"},{\"@type\":\"ListItem\",\"position\":4,\"name\":\"Tote Victoria V\u00edbora Negro\"}]},{\"@type\":\"WebSite\",\"@id\":\"https:\/\/vianala.com\/en\/#website\",\"url\":\"https:\/\/vianala.com\/en\/\",\"name\":\"Bolsas de piel para dama Le\u00f3n Guanajuato Vianala. Bolsos de piel para mujer, Bolsas de piel para dama precio, bolsos piel mujer, bolsos de piel mujer, bolsas de piel negra, bolsas de piel de mayoreo.\",\"description\":\"Vianala\",\"publisher\":{\"@id\":\"https:\/\/vianala.com\/en\/#organization\"},\"alternateName\":\"Vianala\",\"potentialAction\":[{\"@type\":\"SearchAction\",\"target\":{\"@type\":\"EntryPoint\",\"urlTemplate\":\"https:\/\/vianala.com\/en\/?s={search_term_string}\"},\"query-input\":\"required name=search_term_string\"}],\"inLanguage\":\"en-US\"},{\"@type\":\"Organization\",\"@id\":\"https:\/\/vianala.com\/en\/#organization\",\"name\":\"Bolsas de piel para dama Le\u00f3n Guanajuato Vianala. Bolsos de piel para mujer, Bolsas de piel para dama precio, bolsos piel mujer, bolsos de piel mujer, bolsas de piel negra, bolsas de piel de mayoreo.\",\"url\":\"https:\/\/vianala.com\/en\/\",\"logo\":{\"@type\":\"ImageObject\",\"inLanguage\":\"en-US\",\"@id\":\"https:\/\/vianala.com\/en\/#\/schema\/logo\/image\/\",\"url\":\"https:\/\/vianala.com\/wp-content\/uploads\/2022\/02\/7.-Logo-Vianala.jpg\",\"contentUrl\":\"https:\/\/vianala.com\/wp-content\/uploads\/2022\/02\/7.-Logo-Vianala.jpg\",\"width\":2249,\"height\":2249,\"caption\":\"Bolsas de piel para dama Le\u00f3n Guanajuato Vianala. Bolsos de piel para mujer, Bolsas de piel para dama precio, bolsos piel mujer, bolsos de piel mujer, bolsas de piel negra, bolsas de piel de mayoreo.\"},\"image\":{\"@id\":\"https:\/\/vianala.com\/en\/#\/schema\/logo\/image\/\"},\"sameAs\":[\"https:\/\/www.facebook.com\/vianalabolsas\",\"https:\/\/www.instagram.com\/vianala_bolsas\/\",\"https:\/\/wa.me\/5214777133305\"]}]}<\/script>\n<!-- \/ Yoast SEO plugin. -->","yoast_head_json":{"title":"Bolsa tote bag piel negro VIANALA","description":"Esta bolsa tote bag de piel negro lo que hace referencia al dise\u00f1o de moda, el cual se caracteriza por ser uno de los modelos m\u00e1s conocidos y tradicionales de las bolsas.","robots":{"index":"index","follow":"follow","max-snippet":"max-snippet:-1","max-image-preview":"max-image-preview:large","max-video-preview":"max-video-preview:-1"},"canonical":"https:\/\/vianala.com\/en\/tienda\/bolsas-tote-bag-de-piel-negro\/","og_locale":"en_US","og_type":"article","og_title":"Bolsa tote bag piel negro VIANALA","og_description":"Esta bolsa tote bag de piel negro lo que hace referencia al dise\u00f1o de moda, el cual se caracteriza por ser uno de los modelos m\u00e1s conocidos y tradicionales de las bolsas.","og_url":"https:\/\/vianala.com\/en\/tienda\/bolsas-tote-bag-de-piel-negro\/","og_site_name":"Vianala","article_publisher":"https:\/\/www.facebook.com\/vianalabolsas","article_modified_time":"2026-04-08T16:18:05+00:00","og_image":[{"width":960,"height":960,"url":"https:\/\/vianala.com\/wp-content\/uploads\/2018\/03\/Bolsa-vibora-negro-piel.jpg","type":"image\/jpeg"}],"twitter_card":"summary_large_image","twitter_misc":{"Est. reading time":"1 minute"},"schema":{"@context":"https:\/\/schema.org","@graph":[{"@type":"WebPage","@id":"https:\/\/vianala.com\/en\/tienda\/bolsas-tote-bag-de-piel-negro\/","url":"https:\/\/vianala.com\/en\/tienda\/bolsas-tote-bag-de-piel-negro\/","name":"Bolsa tote bag piel negro VIANALA","isPartOf":{"@id":"https:\/\/vianala.com\/en\/#website"},"datePublished":"2018-03-21T23:13:17+00:00","dateModified":"2026-04-08T16:18:05+00:00","description":"Esta bolsa tote bag de piel negro lo que hace referencia al dise\u00f1o de moda, el cual se caracteriza por ser uno de los modelos m\u00e1s conocidos y tradicionales de las bolsas.","breadcrumb":{"@id":"https:\/\/vianala.com\/en\/tienda\/bolsas-tote-bag-de-piel-negro\/#breadcrumb"},"inLanguage":"en-US","potentialAction":[{"@type":"ReadAction","target":["https:\/\/vianala.com\/en\/tienda\/bolsas-tote-bag-de-piel-negro\/"]}]},{"@type":"BreadcrumbList","@id":"https:\/\/vianala.com\/en\/tienda\/bolsas-tote-bag-de-piel-negro\/#breadcrumb","itemListElement":[{"@type":"ListItem","position":1,"name":"","item":"https:\/\/vianala.com\/en\/"},{"@type":"ListItem","position":2,"name":"Portada","item":"https:\/\/vianala.com\/en\/"},{"@type":"ListItem","position":3,"name":"Shop","item":"https:\/\/vianala.com\/en\/shop\/"},{"@type":"ListItem","position":4,"name":"Tote Victoria V\u00edbora Negro"}]},{"@type":"WebSite","@id":"https:\/\/vianala.com\/en\/#website","url":"https:\/\/vianala.com\/en\/","name":"Bolsas de piel para dama Le\u00f3n Guanajuato Vianala. Bolsos de piel para mujer, Bolsas de piel para dama precio, bolsos piel mujer, bolsos de piel mujer, bolsas de piel negra, bolsas de piel de mayoreo.","description":"Vianala","publisher":{"@id":"https:\/\/vianala.com\/en\/#organization"},"alternateName":"Vianala","potentialAction":[{"@type":"SearchAction","target":{"@type":"EntryPoint","urlTemplate":"https:\/\/vianala.com\/en\/?s={search_term_string}"},"query-input":"required name=search_term_string"}],"inLanguage":"en-US"},{"@type":"Organization","@id":"https:\/\/vianala.com\/en\/#organization","name":"Bolsas de piel para dama Le\u00f3n Guanajuato Vianala. Bolsos de piel para mujer, Bolsas de piel para dama precio, bolsos piel mujer, bolsos de piel mujer, bolsas de piel negra, bolsas de piel de mayoreo.","url":"https:\/\/vianala.com\/en\/","logo":{"@type":"ImageObject","inLanguage":"en-US","@id":"https:\/\/vianala.com\/en\/#\/schema\/logo\/image\/","url":"https:\/\/vianala.com\/wp-content\/uploads\/2022\/02\/7.-Logo-Vianala.jpg","contentUrl":"https:\/\/vianala.com\/wp-content\/uploads\/2022\/02\/7.-Logo-Vianala.jpg","width":2249,"height":2249,"caption":"Bolsas de piel para dama Le\u00f3n Guanajuato Vianala. Bolsos de piel para mujer, Bolsas de piel para dama precio, bolsos piel mujer, bolsos de piel mujer, bolsas de piel negra, bolsas de piel de mayoreo."},"image":{"@id":"https:\/\/vianala.com\/en\/#\/schema\/logo\/image\/"},"sameAs":["https:\/\/www.facebook.com\/vianalabolsas","https:\/\/www.instagram.com\/vianala_bolsas\/","https:\/\/wa.me\/5214777133305"]}]}},"_links":{"self":[{"href":"https:\/\/vianala.com\/en\/wp-json\/wp\/v2\/product\/12145"}],"collection":[{"href":"https:\/\/vianala.com\/en\/wp-json\/wp\/v2\/product"}],"about":[{"href":"https:\/\/vianala.com\/en\/wp-json\/wp\/v2\/types\/product"}],"replies":[{"embeddable":true,"href":"https:\/\/vianala.com\/en\/wp-json\/wp\/v2\/comments?post=12145"}],"wp:featuredmedia":[{"embeddable":true,"href":"https:\/\/vianala.com\/en\/wp-json\/wp\/v2\/media\/24031"}],"wp:attachment":[{"href":"https:\/\/vianala.com\/en\/wp-json\/wp\/v2\/media?parent=12145"}],"wp:term":[{"taxonomy":"product_cat","embeddable":true,"href":"https:\/\/vianala.com\/en\/wp-json\/wp\/v2\/product_cat?post=12145"},{"taxonomy":"product_tag","embeddable":true,"href":"https:\/\/vianala.com\/en\/wp-json\/wp\/v2\/product_tag?post=12145"}],"curies":[{"name":"wp","href":"https:\/\/api.w.org\/{rel}","templated":true}]}}