{"id":12148,"date":"2018-03-21T18:09:13","date_gmt":"2018-03-22T00:09:13","guid":{"rendered":"https:\/\/vianala.com\/?post_type=product&#038;p=12148"},"modified":"2026-04-08T11:14:03","modified_gmt":"2026-04-08T16:14:03","slug":"backpack-708-vibora-uva","status":"publish","type":"product","link":"https:\/\/vianala.com\/en\/tienda\/backpack-708-vibora-uva\/","title":{"rendered":"Backpack V\u00edbora Uva"},"content":{"rendered":"<h2>Backpack Viesca V\u00edbora Uva<\/h2>\n<p>Mochila con dos asas tipo cintur\u00f3n de 49 cm para que se pueda adecuar su longitud brindando m\u00e1s comodidad al usarla. \u00a0En la parte exterior cuenta con dos\u00a0 bolsas para ubicar con mayor facilidad objetos de uso constante y detalles con barbas que la hacen original. En el interior cuenta con una bolsa para celular adem\u00e1s de un gran espacio para cargar todo lo necesario.<\/p>\n<p>Detalles de la piel: Corte Vacuno Grabado v\u00edbora uva<\/p>\n<p>Piel genuina con grosor considerable para resistir el uso diario. Ideal para acompa\u00f1ar a realizar cualquier actividad fuera de casa.<\/p>\n<h2 style=\"text-align: right\">Backpack Viesca V\u00edbora Uva<\/h2>\n","protected":false},"excerpt":{"rendered":"<p>Backpack Viesca V\u00edbora Uva Mochila con dos asas tipo cintur\u00f3n de 49 cm para que se pueda adecuar su longitud brindando m\u00e1s comodidad al usarla. \u00a0En la parte exterior cuenta con dos\u00a0 bolsas para ubicar con mayor facilidad objetos de uso constante y detalles con barbas que la hacen original. En el interior cuenta con [&hellip;]<\/p>\n","protected":false},"featured_media":24528,"comment_status":"closed","ping_status":"closed","template":"","meta":[],"product_cat":[304,300],"product_tag":[],"yoast_head":"<!-- This site is optimized with the Yoast SEO plugin v20.3 - https:\/\/yoast.com\/wordpress\/plugins\/seo\/ -->\n<title>Backpack V\u00edbora Uva - Vianala<\/title>\n<meta name=\"description\" content=\"Mochila con dos asas tipo cintur\u00f3n para que se pueda adecuar su longitud brindando m\u00e1s comodidad al usarla. \u00a0En la parte exterior cuenta con dos\u00a0 bolsas para ubicar con mayor facilidad objetos de uso constante y detalles con barbas que la hacen original. En el interior cuenta con una bolsa para celular adem\u00e1s de un gran espacio para cargar todo lo necesario.\" \/>\n<meta name=\"robots\" content=\"index, follow, max-snippet:-1, max-image-preview:large, max-video-preview:-1\" \/>\n<link rel=\"canonical\" href=\"https:\/\/vianala.com\/en\/tienda\/backpack-708-vibora-uva\/\" \/>\n<meta property=\"og:locale\" content=\"en_US\" \/>\n<meta property=\"og:type\" content=\"article\" \/>\n<meta property=\"og:title\" content=\"Backpack V\u00edbora Uva - Vianala\" \/>\n<meta property=\"og:description\" content=\"Mochila con dos asas tipo cintur\u00f3n para que se pueda adecuar su longitud brindando m\u00e1s comodidad al usarla. \u00a0En la parte exterior cuenta con dos\u00a0 bolsas para ubicar con mayor facilidad objetos de uso constante y detalles con barbas que la hacen original. En el interior cuenta con una bolsa para celular adem\u00e1s de un gran espacio para cargar todo lo necesario.\" \/>\n<meta property=\"og:url\" content=\"https:\/\/vianala.com\/en\/tienda\/backpack-708-vibora-uva\/\" \/>\n<meta property=\"og:site_name\" content=\"Vianala\" \/>\n<meta property=\"article:publisher\" content=\"https:\/\/www.facebook.com\/vianalabolsas\" \/>\n<meta property=\"article:modified_time\" content=\"2026-04-08T16:14:03+00:00\" \/>\n<meta property=\"og:image\" content=\"https:\/\/vianala.com\/wp-content\/uploads\/2018\/03\/bolsa-de-piel-personalizada-con-iniciales-1.jpg\" \/>\n\t<meta property=\"og:image:width\" content=\"960\" \/>\n\t<meta property=\"og:image:height\" content=\"960\" \/>\n\t<meta property=\"og:image:type\" content=\"image\/jpeg\" \/>\n<meta name=\"twitter:card\" content=\"summary_large_image\" \/>\n<meta name=\"twitter:label1\" content=\"Est. reading time\" \/>\n\t<meta name=\"twitter:data1\" content=\"1 minute\" \/>\n<script type=\"application\/ld+json\" class=\"yoast-schema-graph\">{\"@context\":\"https:\/\/schema.org\",\"@graph\":[{\"@type\":\"WebPage\",\"@id\":\"https:\/\/vianala.com\/en\/tienda\/backpack-708-vibora-uva\/\",\"url\":\"https:\/\/vianala.com\/en\/tienda\/backpack-708-vibora-uva\/\",\"name\":\"Backpack V\u00edbora Uva - Vianala\",\"isPartOf\":{\"@id\":\"https:\/\/vianala.com\/en\/#website\"},\"datePublished\":\"2018-03-22T00:09:13+00:00\",\"dateModified\":\"2026-04-08T16:14:03+00:00\",\"description\":\"Mochila con dos asas tipo cintur\u00f3n para que se pueda adecuar su longitud brindando m\u00e1s comodidad al usarla. \u00a0En la parte exterior cuenta con dos\u00a0 bolsas para ubicar con mayor facilidad objetos de uso constante y detalles con barbas que la hacen original. En el interior cuenta con una bolsa para celular adem\u00e1s de un gran espacio para cargar todo lo necesario.\",\"breadcrumb\":{\"@id\":\"https:\/\/vianala.com\/en\/tienda\/backpack-708-vibora-uva\/#breadcrumb\"},\"inLanguage\":\"en-US\",\"potentialAction\":[{\"@type\":\"ReadAction\",\"target\":[\"https:\/\/vianala.com\/en\/tienda\/backpack-708-vibora-uva\/\"]}]},{\"@type\":\"BreadcrumbList\",\"@id\":\"https:\/\/vianala.com\/en\/tienda\/backpack-708-vibora-uva\/#breadcrumb\",\"itemListElement\":[{\"@type\":\"ListItem\",\"position\":1,\"name\":\"\",\"item\":\"https:\/\/vianala.com\/en\/\"},{\"@type\":\"ListItem\",\"position\":2,\"name\":\"Portada\",\"item\":\"https:\/\/vianala.com\/en\/\"},{\"@type\":\"ListItem\",\"position\":3,\"name\":\"Shop\",\"item\":\"https:\/\/vianala.com\/en\/shop\/\"},{\"@type\":\"ListItem\",\"position\":4,\"name\":\"Backpack V\u00edbora Uva\"}]},{\"@type\":\"WebSite\",\"@id\":\"https:\/\/vianala.com\/en\/#website\",\"url\":\"https:\/\/vianala.com\/en\/\",\"name\":\"Bolsas de piel para dama Le\u00f3n Guanajuato Vianala. Bolsos de piel para mujer, Bolsas de piel para dama precio, bolsos piel mujer, bolsos de piel mujer, bolsas de piel negra, bolsas de piel de mayoreo.\",\"description\":\"Vianala\",\"publisher\":{\"@id\":\"https:\/\/vianala.com\/en\/#organization\"},\"alternateName\":\"Vianala\",\"potentialAction\":[{\"@type\":\"SearchAction\",\"target\":{\"@type\":\"EntryPoint\",\"urlTemplate\":\"https:\/\/vianala.com\/en\/?s={search_term_string}\"},\"query-input\":\"required name=search_term_string\"}],\"inLanguage\":\"en-US\"},{\"@type\":\"Organization\",\"@id\":\"https:\/\/vianala.com\/en\/#organization\",\"name\":\"Bolsas de piel para dama Le\u00f3n Guanajuato Vianala. Bolsos de piel para mujer, Bolsas de piel para dama precio, bolsos piel mujer, bolsos de piel mujer, bolsas de piel negra, bolsas de piel de mayoreo.\",\"url\":\"https:\/\/vianala.com\/en\/\",\"logo\":{\"@type\":\"ImageObject\",\"inLanguage\":\"en-US\",\"@id\":\"https:\/\/vianala.com\/en\/#\/schema\/logo\/image\/\",\"url\":\"https:\/\/vianala.com\/wp-content\/uploads\/2022\/02\/7.-Logo-Vianala.jpg\",\"contentUrl\":\"https:\/\/vianala.com\/wp-content\/uploads\/2022\/02\/7.-Logo-Vianala.jpg\",\"width\":2249,\"height\":2249,\"caption\":\"Bolsas de piel para dama Le\u00f3n Guanajuato Vianala. Bolsos de piel para mujer, Bolsas de piel para dama precio, bolsos piel mujer, bolsos de piel mujer, bolsas de piel negra, bolsas de piel de mayoreo.\"},\"image\":{\"@id\":\"https:\/\/vianala.com\/en\/#\/schema\/logo\/image\/\"},\"sameAs\":[\"https:\/\/www.facebook.com\/vianalabolsas\",\"https:\/\/www.instagram.com\/vianala_bolsas\/\",\"https:\/\/wa.me\/5214777133305\"]}]}<\/script>\n<!-- \/ Yoast SEO plugin. -->","yoast_head_json":{"title":"Backpack V\u00edbora Uva - Vianala","description":"Mochila con dos asas tipo cintur\u00f3n para que se pueda adecuar su longitud brindando m\u00e1s comodidad al usarla. \u00a0En la parte exterior cuenta con dos\u00a0 bolsas para ubicar con mayor facilidad objetos de uso constante y detalles con barbas que la hacen original. En el interior cuenta con una bolsa para celular adem\u00e1s de un gran espacio para cargar todo lo necesario.","robots":{"index":"index","follow":"follow","max-snippet":"max-snippet:-1","max-image-preview":"max-image-preview:large","max-video-preview":"max-video-preview:-1"},"canonical":"https:\/\/vianala.com\/en\/tienda\/backpack-708-vibora-uva\/","og_locale":"en_US","og_type":"article","og_title":"Backpack V\u00edbora Uva - Vianala","og_description":"Mochila con dos asas tipo cintur\u00f3n para que se pueda adecuar su longitud brindando m\u00e1s comodidad al usarla. \u00a0En la parte exterior cuenta con dos\u00a0 bolsas para ubicar con mayor facilidad objetos de uso constante y detalles con barbas que la hacen original. En el interior cuenta con una bolsa para celular adem\u00e1s de un gran espacio para cargar todo lo necesario.","og_url":"https:\/\/vianala.com\/en\/tienda\/backpack-708-vibora-uva\/","og_site_name":"Vianala","article_publisher":"https:\/\/www.facebook.com\/vianalabolsas","article_modified_time":"2026-04-08T16:14:03+00:00","og_image":[{"width":960,"height":960,"url":"https:\/\/vianala.com\/wp-content\/uploads\/2018\/03\/bolsa-de-piel-personalizada-con-iniciales-1.jpg","type":"image\/jpeg"}],"twitter_card":"summary_large_image","twitter_misc":{"Est. reading time":"1 minute"},"schema":{"@context":"https:\/\/schema.org","@graph":[{"@type":"WebPage","@id":"https:\/\/vianala.com\/en\/tienda\/backpack-708-vibora-uva\/","url":"https:\/\/vianala.com\/en\/tienda\/backpack-708-vibora-uva\/","name":"Backpack V\u00edbora Uva - Vianala","isPartOf":{"@id":"https:\/\/vianala.com\/en\/#website"},"datePublished":"2018-03-22T00:09:13+00:00","dateModified":"2026-04-08T16:14:03+00:00","description":"Mochila con dos asas tipo cintur\u00f3n para que se pueda adecuar su longitud brindando m\u00e1s comodidad al usarla. \u00a0En la parte exterior cuenta con dos\u00a0 bolsas para ubicar con mayor facilidad objetos de uso constante y detalles con barbas que la hacen original. En el interior cuenta con una bolsa para celular adem\u00e1s de un gran espacio para cargar todo lo necesario.","breadcrumb":{"@id":"https:\/\/vianala.com\/en\/tienda\/backpack-708-vibora-uva\/#breadcrumb"},"inLanguage":"en-US","potentialAction":[{"@type":"ReadAction","target":["https:\/\/vianala.com\/en\/tienda\/backpack-708-vibora-uva\/"]}]},{"@type":"BreadcrumbList","@id":"https:\/\/vianala.com\/en\/tienda\/backpack-708-vibora-uva\/#breadcrumb","itemListElement":[{"@type":"ListItem","position":1,"name":"","item":"https:\/\/vianala.com\/en\/"},{"@type":"ListItem","position":2,"name":"Portada","item":"https:\/\/vianala.com\/en\/"},{"@type":"ListItem","position":3,"name":"Shop","item":"https:\/\/vianala.com\/en\/shop\/"},{"@type":"ListItem","position":4,"name":"Backpack V\u00edbora Uva"}]},{"@type":"WebSite","@id":"https:\/\/vianala.com\/en\/#website","url":"https:\/\/vianala.com\/en\/","name":"Bolsas de piel para dama Le\u00f3n Guanajuato Vianala. Bolsos de piel para mujer, Bolsas de piel para dama precio, bolsos piel mujer, bolsos de piel mujer, bolsas de piel negra, bolsas de piel de mayoreo.","description":"Vianala","publisher":{"@id":"https:\/\/vianala.com\/en\/#organization"},"alternateName":"Vianala","potentialAction":[{"@type":"SearchAction","target":{"@type":"EntryPoint","urlTemplate":"https:\/\/vianala.com\/en\/?s={search_term_string}"},"query-input":"required name=search_term_string"}],"inLanguage":"en-US"},{"@type":"Organization","@id":"https:\/\/vianala.com\/en\/#organization","name":"Bolsas de piel para dama Le\u00f3n Guanajuato Vianala. Bolsos de piel para mujer, Bolsas de piel para dama precio, bolsos piel mujer, bolsos de piel mujer, bolsas de piel negra, bolsas de piel de mayoreo.","url":"https:\/\/vianala.com\/en\/","logo":{"@type":"ImageObject","inLanguage":"en-US","@id":"https:\/\/vianala.com\/en\/#\/schema\/logo\/image\/","url":"https:\/\/vianala.com\/wp-content\/uploads\/2022\/02\/7.-Logo-Vianala.jpg","contentUrl":"https:\/\/vianala.com\/wp-content\/uploads\/2022\/02\/7.-Logo-Vianala.jpg","width":2249,"height":2249,"caption":"Bolsas de piel para dama Le\u00f3n Guanajuato Vianala. Bolsos de piel para mujer, Bolsas de piel para dama precio, bolsos piel mujer, bolsos de piel mujer, bolsas de piel negra, bolsas de piel de mayoreo."},"image":{"@id":"https:\/\/vianala.com\/en\/#\/schema\/logo\/image\/"},"sameAs":["https:\/\/www.facebook.com\/vianalabolsas","https:\/\/www.instagram.com\/vianala_bolsas\/","https:\/\/wa.me\/5214777133305"]}]}},"_links":{"self":[{"href":"https:\/\/vianala.com\/en\/wp-json\/wp\/v2\/product\/12148"}],"collection":[{"href":"https:\/\/vianala.com\/en\/wp-json\/wp\/v2\/product"}],"about":[{"href":"https:\/\/vianala.com\/en\/wp-json\/wp\/v2\/types\/product"}],"replies":[{"embeddable":true,"href":"https:\/\/vianala.com\/en\/wp-json\/wp\/v2\/comments?post=12148"}],"wp:featuredmedia":[{"embeddable":true,"href":"https:\/\/vianala.com\/en\/wp-json\/wp\/v2\/media\/24528"}],"wp:attachment":[{"href":"https:\/\/vianala.com\/en\/wp-json\/wp\/v2\/media?parent=12148"}],"wp:term":[{"taxonomy":"product_cat","embeddable":true,"href":"https:\/\/vianala.com\/en\/wp-json\/wp\/v2\/product_cat?post=12148"},{"taxonomy":"product_tag","embeddable":true,"href":"https:\/\/vianala.com\/en\/wp-json\/wp\/v2\/product_tag?post=12148"}],"curies":[{"name":"wp","href":"https:\/\/api.w.org\/{rel}","templated":true}]}}