{"id":14066,"date":"2018-09-10T16:13:14","date_gmt":"2018-09-10T21:13:14","guid":{"rendered":"https:\/\/vianala.com\/?post_type=product&#038;p=14066"},"modified":"2026-04-29T12:31:59","modified_gmt":"2026-04-29T17:31:59","slug":"porta-pasaporte-rojo","status":"publish","type":"product","link":"https:\/\/vianala.com\/en\/tienda\/porta-pasaporte-rojo\/","title":{"rendered":"Portapasaporte Akumal Rojo"},"content":{"rendered":"<h2 style=\"text-align: right\">Portapasaporte Akumal Rojo<\/h2>\n<p>VIA-458R-RJ<\/p>\n<p>Porta Pasaporte y Visa ideal para mantener seguro este documento tan importante. El material con el que est\u00e1 hecho permite mayor resistencia del pasaporte. Adem\u00e1s contiene otros compartimentos para alguna identificaci\u00f3n o tarjeta.<\/p>\n<p>Medidas: 14\u00d710 (cerrado)<\/p>\n<p>Piel: Grain Leather Rojo<\/p>\n<h2>Portapasaporte Akumal Rojo<\/h2>\n<p>&nbsp;<\/p>\n<p>&nbsp;<\/p>\n","protected":false},"excerpt":{"rendered":"<p>Portapasaporte Akumal Rojo VIA-458R-RJ Porta Pasaporte y Visa ideal para mantener seguro este documento tan importante. El material con el que est\u00e1 hecho permite mayor resistencia del pasaporte. Adem\u00e1s contiene otros compartimentos para alguna identificaci\u00f3n o tarjeta. Medidas: 14\u00d710 (cerrado) Piel: Grain Leather Rojo Portapasaporte Akumal Rojo &nbsp; &nbsp;<\/p>\n","protected":false},"featured_media":23981,"comment_status":"open","ping_status":"closed","template":"","meta":[],"product_cat":[312],"product_tag":[],"yoast_head":"<!-- This site is optimized with the Yoast SEO plugin v20.3 - https:\/\/yoast.com\/wordpress\/plugins\/seo\/ -->\n<title>Portapasaporte Akumal Rojo - Vianala<\/title>\n<meta name=\"robots\" content=\"index, follow, max-snippet:-1, max-image-preview:large, max-video-preview:-1\" \/>\n<link rel=\"canonical\" href=\"https:\/\/vianala.com\/en\/tienda\/porta-pasaporte-rojo\/\" \/>\n<meta property=\"og:locale\" content=\"en_US\" \/>\n<meta property=\"og:type\" content=\"article\" \/>\n<meta property=\"og:title\" content=\"Portapasaporte Akumal Rojo - Vianala\" \/>\n<meta property=\"og:description\" content=\"Portapasaporte Akumal Rojo VIA-458R-RJ Porta Pasaporte y Visa ideal para mantener seguro este documento tan importante. El material con el que est\u00e1 hecho permite mayor resistencia del pasaporte. Adem\u00e1s contiene otros compartimentos para alguna identificaci\u00f3n o tarjeta. Medidas: 14\u00d710 (cerrado) Piel: Grain Leather Rojo Portapasaporte Akumal Rojo &nbsp; &nbsp;\" \/>\n<meta property=\"og:url\" content=\"https:\/\/vianala.com\/en\/tienda\/porta-pasaporte-rojo\/\" \/>\n<meta property=\"og:site_name\" content=\"Vianala\" \/>\n<meta property=\"article:publisher\" content=\"https:\/\/www.facebook.com\/vianalabolsas\" \/>\n<meta property=\"article:modified_time\" content=\"2026-04-29T17:31:59+00:00\" \/>\n<meta property=\"og:image\" content=\"https:\/\/vianala.com\/wp-content\/uploads\/2018\/09\/Portadocumentos_Vianala_rojo_2.jpg\" \/>\n\t<meta property=\"og:image:width\" content=\"960\" \/>\n\t<meta property=\"og:image:height\" content=\"960\" \/>\n\t<meta property=\"og:image:type\" content=\"image\/jpeg\" \/>\n<meta name=\"twitter:card\" content=\"summary_large_image\" \/>\n<meta name=\"twitter:label1\" content=\"Est. reading time\" \/>\n\t<meta name=\"twitter:data1\" content=\"1 minute\" \/>\n<script type=\"application\/ld+json\" class=\"yoast-schema-graph\">{\"@context\":\"https:\/\/schema.org\",\"@graph\":[{\"@type\":\"WebPage\",\"@id\":\"https:\/\/vianala.com\/en\/tienda\/porta-pasaporte-rojo\/\",\"url\":\"https:\/\/vianala.com\/en\/tienda\/porta-pasaporte-rojo\/\",\"name\":\"Portapasaporte Akumal Rojo - Vianala\",\"isPartOf\":{\"@id\":\"https:\/\/vianala.com\/en\/#website\"},\"datePublished\":\"2018-09-10T21:13:14+00:00\",\"dateModified\":\"2026-04-29T17:31:59+00:00\",\"breadcrumb\":{\"@id\":\"https:\/\/vianala.com\/en\/tienda\/porta-pasaporte-rojo\/#breadcrumb\"},\"inLanguage\":\"en-US\",\"potentialAction\":[{\"@type\":\"ReadAction\",\"target\":[\"https:\/\/vianala.com\/en\/tienda\/porta-pasaporte-rojo\/\"]}]},{\"@type\":\"BreadcrumbList\",\"@id\":\"https:\/\/vianala.com\/en\/tienda\/porta-pasaporte-rojo\/#breadcrumb\",\"itemListElement\":[{\"@type\":\"ListItem\",\"position\":1,\"name\":\"\",\"item\":\"https:\/\/vianala.com\/en\/\"},{\"@type\":\"ListItem\",\"position\":2,\"name\":\"Portada\",\"item\":\"https:\/\/vianala.com\/en\/\"},{\"@type\":\"ListItem\",\"position\":3,\"name\":\"Shop\",\"item\":\"https:\/\/vianala.com\/en\/shop\/\"},{\"@type\":\"ListItem\",\"position\":4,\"name\":\"Portapasaporte Akumal Rojo\"}]},{\"@type\":\"WebSite\",\"@id\":\"https:\/\/vianala.com\/en\/#website\",\"url\":\"https:\/\/vianala.com\/en\/\",\"name\":\"Bolsas de piel para dama Le\u00f3n Guanajuato Vianala. Bolsos de piel para mujer, Bolsas de piel para dama precio, bolsos piel mujer, bolsos de piel mujer, bolsas de piel negra, bolsas de piel de mayoreo.\",\"description\":\"Vianala\",\"publisher\":{\"@id\":\"https:\/\/vianala.com\/en\/#organization\"},\"alternateName\":\"Vianala\",\"potentialAction\":[{\"@type\":\"SearchAction\",\"target\":{\"@type\":\"EntryPoint\",\"urlTemplate\":\"https:\/\/vianala.com\/en\/?s={search_term_string}\"},\"query-input\":\"required name=search_term_string\"}],\"inLanguage\":\"en-US\"},{\"@type\":\"Organization\",\"@id\":\"https:\/\/vianala.com\/en\/#organization\",\"name\":\"Bolsas de piel para dama Le\u00f3n Guanajuato Vianala. Bolsos de piel para mujer, Bolsas de piel para dama precio, bolsos piel mujer, bolsos de piel mujer, bolsas de piel negra, bolsas de piel de mayoreo.\",\"url\":\"https:\/\/vianala.com\/en\/\",\"logo\":{\"@type\":\"ImageObject\",\"inLanguage\":\"en-US\",\"@id\":\"https:\/\/vianala.com\/en\/#\/schema\/logo\/image\/\",\"url\":\"https:\/\/vianala.com\/wp-content\/uploads\/2022\/02\/7.-Logo-Vianala.jpg\",\"contentUrl\":\"https:\/\/vianala.com\/wp-content\/uploads\/2022\/02\/7.-Logo-Vianala.jpg\",\"width\":2249,\"height\":2249,\"caption\":\"Bolsas de piel para dama Le\u00f3n Guanajuato Vianala. Bolsos de piel para mujer, Bolsas de piel para dama precio, bolsos piel mujer, bolsos de piel mujer, bolsas de piel negra, bolsas de piel de mayoreo.\"},\"image\":{\"@id\":\"https:\/\/vianala.com\/en\/#\/schema\/logo\/image\/\"},\"sameAs\":[\"https:\/\/www.facebook.com\/vianalabolsas\",\"https:\/\/www.instagram.com\/vianala_bolsas\/\",\"https:\/\/wa.me\/5214777133305\"]}]}<\/script>\n<!-- \/ Yoast SEO plugin. -->","yoast_head_json":{"title":"Portapasaporte Akumal Rojo - Vianala","robots":{"index":"index","follow":"follow","max-snippet":"max-snippet:-1","max-image-preview":"max-image-preview:large","max-video-preview":"max-video-preview:-1"},"canonical":"https:\/\/vianala.com\/en\/tienda\/porta-pasaporte-rojo\/","og_locale":"en_US","og_type":"article","og_title":"Portapasaporte Akumal Rojo - Vianala","og_description":"Portapasaporte Akumal Rojo VIA-458R-RJ Porta Pasaporte y Visa ideal para mantener seguro este documento tan importante. El material con el que est\u00e1 hecho permite mayor resistencia del pasaporte. Adem\u00e1s contiene otros compartimentos para alguna identificaci\u00f3n o tarjeta. Medidas: 14\u00d710 (cerrado) Piel: Grain Leather Rojo Portapasaporte Akumal Rojo &nbsp; &nbsp;","og_url":"https:\/\/vianala.com\/en\/tienda\/porta-pasaporte-rojo\/","og_site_name":"Vianala","article_publisher":"https:\/\/www.facebook.com\/vianalabolsas","article_modified_time":"2026-04-29T17:31:59+00:00","og_image":[{"width":960,"height":960,"url":"https:\/\/vianala.com\/wp-content\/uploads\/2018\/09\/Portadocumentos_Vianala_rojo_2.jpg","type":"image\/jpeg"}],"twitter_card":"summary_large_image","twitter_misc":{"Est. reading time":"1 minute"},"schema":{"@context":"https:\/\/schema.org","@graph":[{"@type":"WebPage","@id":"https:\/\/vianala.com\/en\/tienda\/porta-pasaporte-rojo\/","url":"https:\/\/vianala.com\/en\/tienda\/porta-pasaporte-rojo\/","name":"Portapasaporte Akumal Rojo - Vianala","isPartOf":{"@id":"https:\/\/vianala.com\/en\/#website"},"datePublished":"2018-09-10T21:13:14+00:00","dateModified":"2026-04-29T17:31:59+00:00","breadcrumb":{"@id":"https:\/\/vianala.com\/en\/tienda\/porta-pasaporte-rojo\/#breadcrumb"},"inLanguage":"en-US","potentialAction":[{"@type":"ReadAction","target":["https:\/\/vianala.com\/en\/tienda\/porta-pasaporte-rojo\/"]}]},{"@type":"BreadcrumbList","@id":"https:\/\/vianala.com\/en\/tienda\/porta-pasaporte-rojo\/#breadcrumb","itemListElement":[{"@type":"ListItem","position":1,"name":"","item":"https:\/\/vianala.com\/en\/"},{"@type":"ListItem","position":2,"name":"Portada","item":"https:\/\/vianala.com\/en\/"},{"@type":"ListItem","position":3,"name":"Shop","item":"https:\/\/vianala.com\/en\/shop\/"},{"@type":"ListItem","position":4,"name":"Portapasaporte Akumal Rojo"}]},{"@type":"WebSite","@id":"https:\/\/vianala.com\/en\/#website","url":"https:\/\/vianala.com\/en\/","name":"Bolsas de piel para dama Le\u00f3n Guanajuato Vianala. Bolsos de piel para mujer, Bolsas de piel para dama precio, bolsos piel mujer, bolsos de piel mujer, bolsas de piel negra, bolsas de piel de mayoreo.","description":"Vianala","publisher":{"@id":"https:\/\/vianala.com\/en\/#organization"},"alternateName":"Vianala","potentialAction":[{"@type":"SearchAction","target":{"@type":"EntryPoint","urlTemplate":"https:\/\/vianala.com\/en\/?s={search_term_string}"},"query-input":"required name=search_term_string"}],"inLanguage":"en-US"},{"@type":"Organization","@id":"https:\/\/vianala.com\/en\/#organization","name":"Bolsas de piel para dama Le\u00f3n Guanajuato Vianala. Bolsos de piel para mujer, Bolsas de piel para dama precio, bolsos piel mujer, bolsos de piel mujer, bolsas de piel negra, bolsas de piel de mayoreo.","url":"https:\/\/vianala.com\/en\/","logo":{"@type":"ImageObject","inLanguage":"en-US","@id":"https:\/\/vianala.com\/en\/#\/schema\/logo\/image\/","url":"https:\/\/vianala.com\/wp-content\/uploads\/2022\/02\/7.-Logo-Vianala.jpg","contentUrl":"https:\/\/vianala.com\/wp-content\/uploads\/2022\/02\/7.-Logo-Vianala.jpg","width":2249,"height":2249,"caption":"Bolsas de piel para dama Le\u00f3n Guanajuato Vianala. Bolsos de piel para mujer, Bolsas de piel para dama precio, bolsos piel mujer, bolsos de piel mujer, bolsas de piel negra, bolsas de piel de mayoreo."},"image":{"@id":"https:\/\/vianala.com\/en\/#\/schema\/logo\/image\/"},"sameAs":["https:\/\/www.facebook.com\/vianalabolsas","https:\/\/www.instagram.com\/vianala_bolsas\/","https:\/\/wa.me\/5214777133305"]}]}},"_links":{"self":[{"href":"https:\/\/vianala.com\/en\/wp-json\/wp\/v2\/product\/14066"}],"collection":[{"href":"https:\/\/vianala.com\/en\/wp-json\/wp\/v2\/product"}],"about":[{"href":"https:\/\/vianala.com\/en\/wp-json\/wp\/v2\/types\/product"}],"replies":[{"embeddable":true,"href":"https:\/\/vianala.com\/en\/wp-json\/wp\/v2\/comments?post=14066"}],"wp:featuredmedia":[{"embeddable":true,"href":"https:\/\/vianala.com\/en\/wp-json\/wp\/v2\/media\/23981"}],"wp:attachment":[{"href":"https:\/\/vianala.com\/en\/wp-json\/wp\/v2\/media?parent=14066"}],"wp:term":[{"taxonomy":"product_cat","embeddable":true,"href":"https:\/\/vianala.com\/en\/wp-json\/wp\/v2\/product_cat?post=14066"},{"taxonomy":"product_tag","embeddable":true,"href":"https:\/\/vianala.com\/en\/wp-json\/wp\/v2\/product_tag?post=14066"}],"curies":[{"name":"wp","href":"https:\/\/api.w.org\/{rel}","templated":true}]}}