{"id":15605,"date":"2019-03-18T18:40:01","date_gmt":"2019-03-19T00:40:01","guid":{"rendered":"https:\/\/vianala.com\/?post_type=product&#038;p=15605"},"modified":"2026-05-16T02:16:52","modified_gmt":"2026-05-16T07:16:52","slug":"bolsa-tote-amarilla-bolso-tote-amarillo-bolsa-tipo-tote-tote-bag-mexico-piel-705","status":"publish","type":"product","link":"https:\/\/vianala.com\/en\/tienda\/bolsa-tote-amarilla-bolso-tote-amarillo-bolsa-tipo-tote-tote-bag-mexico-piel-705\/","title":{"rendered":"Tote Victoria Amarilla"},"content":{"rendered":"<h2 style=\"text-align: right\">Tote Victoria Amarilla<\/h2>\n<p>Esta Bolsa de piel Tote hace referencia al dise\u00f1o de moda. Se caracteriza por\u00a0ser\u00a0uno de los modelos m\u00e1s conocidos y tradicionales de las bolsas. El dise\u00f1o es sencillo, con un cuerpo generalmente cuadrado o rectangular y asas dobles a los lados. El tama\u00f1o de la bolsa es ideal para usarla como bolsa de diario, pues su estilo casual y al mismo tiempo elegante, permite que la utilices en todo tipo de ocasiones y siempre tengas a la mano los art\u00edculos indispensables para pasar el d\u00eda como una botella de agua, alg\u00fan\u00a0<em>snack<\/em>, agenda, tablet, celular, pinturas, plumas, libros, etc.<\/p>\n<p style=\"text-align: right\">Ver todas nuestras Tote <a href=\"https:\/\/www.vianala.com\/catalogo\/bolsas\/comprar-bolsos-por-internet\/\">aqu\u00ed<\/a><\/p>\n<h2 style=\"text-align: left\">Tote Victoria Amarilla<\/h2>\n<p>Env\u00eda WA dando <a href=\"https:\/\/api.whatsapp.com\/send?phone=524772336307\" target=\"_blank\" rel=\"noopener\">clic<\/a><\/p>\n","protected":false},"excerpt":{"rendered":"<p>Tote Victoria Amarilla Esta Bolsa de piel Tote hace referencia al dise\u00f1o de moda. Se caracteriza por\u00a0ser\u00a0uno de los modelos m\u00e1s conocidos y tradicionales de las bolsas. El dise\u00f1o es sencillo, con un cuerpo generalmente cuadrado o rectangular y asas dobles a los lados. El tama\u00f1o de la bolsa es ideal para usarla como bolsa [&hellip;]<\/p>\n","protected":false},"featured_media":24013,"comment_status":"open","ping_status":"closed","template":"","meta":[],"product_cat":[16,300,138,302],"product_tag":[],"yoast_head":"<!-- This site is optimized with the Yoast SEO plugin v20.3 - https:\/\/yoast.com\/wordpress\/plugins\/seo\/ -->\n<title>Bolsa amarilla de piel VIANALA<\/title>\n<meta name=\"description\" content=\"Esta Bolsa de piel Tote hace referencia al dise\u00f1o de moda. Se caracteriza por\u00a0ser\u00a0uno de los modelos m\u00e1s conocidos y tradicionales de las bolsas. El dise\u00f1o es sencillo, con un cuerpo generalmente cuadrado o rectangular y asas dobles a los lados. El tama\u00f1o de la bolsa es ideal para usarla como bolsa de diario, pues su estilo casual y al mismo tiempo elegante, permite que la utilices en todo tipo de ocasiones y siempre tengas a la mano los art\u00edculos indispensables para pasar el d\u00eda como una botella de agua, alg\u00fan\u00a0snack, agenda, tablet, celular, pinturas, plumas, libros, etc.\" \/>\n<meta name=\"robots\" content=\"index, follow, max-snippet:-1, max-image-preview:large, max-video-preview:-1\" \/>\n<link rel=\"canonical\" href=\"https:\/\/vianala.com\/en\/tienda\/bolsa-tote-amarilla-bolso-tote-amarillo-bolsa-tipo-tote-tote-bag-mexico-piel-705\/\" \/>\n<meta property=\"og:locale\" content=\"en_US\" \/>\n<meta property=\"og:type\" content=\"article\" \/>\n<meta property=\"og:title\" content=\"Bolsa amarilla de piel VIANALA\" \/>\n<meta property=\"og:description\" content=\"Esta Bolsa de piel Tote hace referencia al dise\u00f1o de moda. Se caracteriza por\u00a0ser\u00a0uno de los modelos m\u00e1s conocidos y tradicionales de las bolsas. El dise\u00f1o es sencillo, con un cuerpo generalmente cuadrado o rectangular y asas dobles a los lados. El tama\u00f1o de la bolsa es ideal para usarla como bolsa de diario, pues su estilo casual y al mismo tiempo elegante, permite que la utilices en todo tipo de ocasiones y siempre tengas a la mano los art\u00edculos indispensables para pasar el d\u00eda como una botella de agua, alg\u00fan\u00a0snack, agenda, tablet, celular, pinturas, plumas, libros, etc.\" \/>\n<meta property=\"og:url\" content=\"https:\/\/vianala.com\/en\/tienda\/bolsa-tote-amarilla-bolso-tote-amarillo-bolsa-tipo-tote-tote-bag-mexico-piel-705\/\" \/>\n<meta property=\"og:site_name\" content=\"Vianala\" \/>\n<meta property=\"article:publisher\" content=\"https:\/\/www.facebook.com\/vianalabolsas\" \/>\n<meta property=\"article:modified_time\" content=\"2026-05-16T07:16:52+00:00\" \/>\n<meta property=\"og:image\" content=\"https:\/\/vianala.com\/wp-content\/uploads\/2019\/03\/705-amarilla-1.jpg\" \/>\n\t<meta property=\"og:image:width\" content=\"960\" \/>\n\t<meta property=\"og:image:height\" content=\"960\" \/>\n\t<meta property=\"og:image:type\" content=\"image\/jpeg\" \/>\n<meta name=\"twitter:card\" content=\"summary_large_image\" \/>\n<meta name=\"twitter:label1\" content=\"Est. reading time\" \/>\n\t<meta name=\"twitter:data1\" content=\"1 minute\" \/>\n<script type=\"application\/ld+json\" class=\"yoast-schema-graph\">{\"@context\":\"https:\/\/schema.org\",\"@graph\":[{\"@type\":\"WebPage\",\"@id\":\"https:\/\/vianala.com\/en\/tienda\/bolsa-tote-amarilla-bolso-tote-amarillo-bolsa-tipo-tote-tote-bag-mexico-piel-705\/\",\"url\":\"https:\/\/vianala.com\/en\/tienda\/bolsa-tote-amarilla-bolso-tote-amarillo-bolsa-tipo-tote-tote-bag-mexico-piel-705\/\",\"name\":\"Bolsa amarilla de piel VIANALA\",\"isPartOf\":{\"@id\":\"https:\/\/vianala.com\/en\/#website\"},\"datePublished\":\"2019-03-19T00:40:01+00:00\",\"dateModified\":\"2026-05-16T07:16:52+00:00\",\"description\":\"Esta Bolsa de piel Tote hace referencia al dise\u00f1o de moda. Se caracteriza por\u00a0ser\u00a0uno de los modelos m\u00e1s conocidos y tradicionales de las bolsas. El dise\u00f1o es sencillo, con un cuerpo generalmente cuadrado o rectangular y asas dobles a los lados. El tama\u00f1o de la bolsa es ideal para usarla como bolsa de diario, pues su estilo casual y al mismo tiempo elegante, permite que la utilices en todo tipo de ocasiones y siempre tengas a la mano los art\u00edculos indispensables para pasar el d\u00eda como una botella de agua, alg\u00fan\u00a0snack, agenda, tablet, celular, pinturas, plumas, libros, etc.\",\"breadcrumb\":{\"@id\":\"https:\/\/vianala.com\/en\/tienda\/bolsa-tote-amarilla-bolso-tote-amarillo-bolsa-tipo-tote-tote-bag-mexico-piel-705\/#breadcrumb\"},\"inLanguage\":\"en-US\",\"potentialAction\":[{\"@type\":\"ReadAction\",\"target\":[\"https:\/\/vianala.com\/en\/tienda\/bolsa-tote-amarilla-bolso-tote-amarillo-bolsa-tipo-tote-tote-bag-mexico-piel-705\/\"]}]},{\"@type\":\"BreadcrumbList\",\"@id\":\"https:\/\/vianala.com\/en\/tienda\/bolsa-tote-amarilla-bolso-tote-amarillo-bolsa-tipo-tote-tote-bag-mexico-piel-705\/#breadcrumb\",\"itemListElement\":[{\"@type\":\"ListItem\",\"position\":1,\"name\":\"\",\"item\":\"https:\/\/vianala.com\/en\/\"},{\"@type\":\"ListItem\",\"position\":2,\"name\":\"Portada\",\"item\":\"https:\/\/vianala.com\/en\/\"},{\"@type\":\"ListItem\",\"position\":3,\"name\":\"Shop\",\"item\":\"https:\/\/vianala.com\/en\/shop\/\"},{\"@type\":\"ListItem\",\"position\":4,\"name\":\"Tote Victoria Amarilla\"}]},{\"@type\":\"WebSite\",\"@id\":\"https:\/\/vianala.com\/en\/#website\",\"url\":\"https:\/\/vianala.com\/en\/\",\"name\":\"Bolsas de piel para dama Le\u00f3n Guanajuato Vianala. Bolsos de piel para mujer, Bolsas de piel para dama precio, bolsos piel mujer, bolsos de piel mujer, bolsas de piel negra, bolsas de piel de mayoreo.\",\"description\":\"Vianala\",\"publisher\":{\"@id\":\"https:\/\/vianala.com\/en\/#organization\"},\"alternateName\":\"Vianala\",\"potentialAction\":[{\"@type\":\"SearchAction\",\"target\":{\"@type\":\"EntryPoint\",\"urlTemplate\":\"https:\/\/vianala.com\/en\/?s={search_term_string}\"},\"query-input\":\"required name=search_term_string\"}],\"inLanguage\":\"en-US\"},{\"@type\":\"Organization\",\"@id\":\"https:\/\/vianala.com\/en\/#organization\",\"name\":\"Bolsas de piel para dama Le\u00f3n Guanajuato Vianala. Bolsos de piel para mujer, Bolsas de piel para dama precio, bolsos piel mujer, bolsos de piel mujer, bolsas de piel negra, bolsas de piel de mayoreo.\",\"url\":\"https:\/\/vianala.com\/en\/\",\"logo\":{\"@type\":\"ImageObject\",\"inLanguage\":\"en-US\",\"@id\":\"https:\/\/vianala.com\/en\/#\/schema\/logo\/image\/\",\"url\":\"https:\/\/vianala.com\/wp-content\/uploads\/2022\/02\/7.-Logo-Vianala.jpg\",\"contentUrl\":\"https:\/\/vianala.com\/wp-content\/uploads\/2022\/02\/7.-Logo-Vianala.jpg\",\"width\":2249,\"height\":2249,\"caption\":\"Bolsas de piel para dama Le\u00f3n Guanajuato Vianala. Bolsos de piel para mujer, Bolsas de piel para dama precio, bolsos piel mujer, bolsos de piel mujer, bolsas de piel negra, bolsas de piel de mayoreo.\"},\"image\":{\"@id\":\"https:\/\/vianala.com\/en\/#\/schema\/logo\/image\/\"},\"sameAs\":[\"https:\/\/www.facebook.com\/vianalabolsas\",\"https:\/\/www.instagram.com\/vianala_bolsas\/\",\"https:\/\/wa.me\/5214777133305\"]}]}<\/script>\n<!-- \/ Yoast SEO plugin. -->","yoast_head_json":{"title":"Bolsa amarilla de piel VIANALA","description":"Esta Bolsa de piel Tote hace referencia al dise\u00f1o de moda. Se caracteriza por\u00a0ser\u00a0uno de los modelos m\u00e1s conocidos y tradicionales de las bolsas. El dise\u00f1o es sencillo, con un cuerpo generalmente cuadrado o rectangular y asas dobles a los lados. El tama\u00f1o de la bolsa es ideal para usarla como bolsa de diario, pues su estilo casual y al mismo tiempo elegante, permite que la utilices en todo tipo de ocasiones y siempre tengas a la mano los art\u00edculos indispensables para pasar el d\u00eda como una botella de agua, alg\u00fan\u00a0snack, agenda, tablet, celular, pinturas, plumas, libros, etc.","robots":{"index":"index","follow":"follow","max-snippet":"max-snippet:-1","max-image-preview":"max-image-preview:large","max-video-preview":"max-video-preview:-1"},"canonical":"https:\/\/vianala.com\/en\/tienda\/bolsa-tote-amarilla-bolso-tote-amarillo-bolsa-tipo-tote-tote-bag-mexico-piel-705\/","og_locale":"en_US","og_type":"article","og_title":"Bolsa amarilla de piel VIANALA","og_description":"Esta Bolsa de piel Tote hace referencia al dise\u00f1o de moda. Se caracteriza por\u00a0ser\u00a0uno de los modelos m\u00e1s conocidos y tradicionales de las bolsas. El dise\u00f1o es sencillo, con un cuerpo generalmente cuadrado o rectangular y asas dobles a los lados. El tama\u00f1o de la bolsa es ideal para usarla como bolsa de diario, pues su estilo casual y al mismo tiempo elegante, permite que la utilices en todo tipo de ocasiones y siempre tengas a la mano los art\u00edculos indispensables para pasar el d\u00eda como una botella de agua, alg\u00fan\u00a0snack, agenda, tablet, celular, pinturas, plumas, libros, etc.","og_url":"https:\/\/vianala.com\/en\/tienda\/bolsa-tote-amarilla-bolso-tote-amarillo-bolsa-tipo-tote-tote-bag-mexico-piel-705\/","og_site_name":"Vianala","article_publisher":"https:\/\/www.facebook.com\/vianalabolsas","article_modified_time":"2026-05-16T07:16:52+00:00","og_image":[{"width":960,"height":960,"url":"https:\/\/vianala.com\/wp-content\/uploads\/2019\/03\/705-amarilla-1.jpg","type":"image\/jpeg"}],"twitter_card":"summary_large_image","twitter_misc":{"Est. reading time":"1 minute"},"schema":{"@context":"https:\/\/schema.org","@graph":[{"@type":"WebPage","@id":"https:\/\/vianala.com\/en\/tienda\/bolsa-tote-amarilla-bolso-tote-amarillo-bolsa-tipo-tote-tote-bag-mexico-piel-705\/","url":"https:\/\/vianala.com\/en\/tienda\/bolsa-tote-amarilla-bolso-tote-amarillo-bolsa-tipo-tote-tote-bag-mexico-piel-705\/","name":"Bolsa amarilla de piel VIANALA","isPartOf":{"@id":"https:\/\/vianala.com\/en\/#website"},"datePublished":"2019-03-19T00:40:01+00:00","dateModified":"2026-05-16T07:16:52+00:00","description":"Esta Bolsa de piel Tote hace referencia al dise\u00f1o de moda. Se caracteriza por\u00a0ser\u00a0uno de los modelos m\u00e1s conocidos y tradicionales de las bolsas. El dise\u00f1o es sencillo, con un cuerpo generalmente cuadrado o rectangular y asas dobles a los lados. El tama\u00f1o de la bolsa es ideal para usarla como bolsa de diario, pues su estilo casual y al mismo tiempo elegante, permite que la utilices en todo tipo de ocasiones y siempre tengas a la mano los art\u00edculos indispensables para pasar el d\u00eda como una botella de agua, alg\u00fan\u00a0snack, agenda, tablet, celular, pinturas, plumas, libros, etc.","breadcrumb":{"@id":"https:\/\/vianala.com\/en\/tienda\/bolsa-tote-amarilla-bolso-tote-amarillo-bolsa-tipo-tote-tote-bag-mexico-piel-705\/#breadcrumb"},"inLanguage":"en-US","potentialAction":[{"@type":"ReadAction","target":["https:\/\/vianala.com\/en\/tienda\/bolsa-tote-amarilla-bolso-tote-amarillo-bolsa-tipo-tote-tote-bag-mexico-piel-705\/"]}]},{"@type":"BreadcrumbList","@id":"https:\/\/vianala.com\/en\/tienda\/bolsa-tote-amarilla-bolso-tote-amarillo-bolsa-tipo-tote-tote-bag-mexico-piel-705\/#breadcrumb","itemListElement":[{"@type":"ListItem","position":1,"name":"","item":"https:\/\/vianala.com\/en\/"},{"@type":"ListItem","position":2,"name":"Portada","item":"https:\/\/vianala.com\/en\/"},{"@type":"ListItem","position":3,"name":"Shop","item":"https:\/\/vianala.com\/en\/shop\/"},{"@type":"ListItem","position":4,"name":"Tote Victoria Amarilla"}]},{"@type":"WebSite","@id":"https:\/\/vianala.com\/en\/#website","url":"https:\/\/vianala.com\/en\/","name":"Bolsas de piel para dama Le\u00f3n Guanajuato Vianala. Bolsos de piel para mujer, Bolsas de piel para dama precio, bolsos piel mujer, bolsos de piel mujer, bolsas de piel negra, bolsas de piel de mayoreo.","description":"Vianala","publisher":{"@id":"https:\/\/vianala.com\/en\/#organization"},"alternateName":"Vianala","potentialAction":[{"@type":"SearchAction","target":{"@type":"EntryPoint","urlTemplate":"https:\/\/vianala.com\/en\/?s={search_term_string}"},"query-input":"required name=search_term_string"}],"inLanguage":"en-US"},{"@type":"Organization","@id":"https:\/\/vianala.com\/en\/#organization","name":"Bolsas de piel para dama Le\u00f3n Guanajuato Vianala. Bolsos de piel para mujer, Bolsas de piel para dama precio, bolsos piel mujer, bolsos de piel mujer, bolsas de piel negra, bolsas de piel de mayoreo.","url":"https:\/\/vianala.com\/en\/","logo":{"@type":"ImageObject","inLanguage":"en-US","@id":"https:\/\/vianala.com\/en\/#\/schema\/logo\/image\/","url":"https:\/\/vianala.com\/wp-content\/uploads\/2022\/02\/7.-Logo-Vianala.jpg","contentUrl":"https:\/\/vianala.com\/wp-content\/uploads\/2022\/02\/7.-Logo-Vianala.jpg","width":2249,"height":2249,"caption":"Bolsas de piel para dama Le\u00f3n Guanajuato Vianala. Bolsos de piel para mujer, Bolsas de piel para dama precio, bolsos piel mujer, bolsos de piel mujer, bolsas de piel negra, bolsas de piel de mayoreo."},"image":{"@id":"https:\/\/vianala.com\/en\/#\/schema\/logo\/image\/"},"sameAs":["https:\/\/www.facebook.com\/vianalabolsas","https:\/\/www.instagram.com\/vianala_bolsas\/","https:\/\/wa.me\/5214777133305"]}]}},"_links":{"self":[{"href":"https:\/\/vianala.com\/en\/wp-json\/wp\/v2\/product\/15605"}],"collection":[{"href":"https:\/\/vianala.com\/en\/wp-json\/wp\/v2\/product"}],"about":[{"href":"https:\/\/vianala.com\/en\/wp-json\/wp\/v2\/types\/product"}],"replies":[{"embeddable":true,"href":"https:\/\/vianala.com\/en\/wp-json\/wp\/v2\/comments?post=15605"}],"wp:featuredmedia":[{"embeddable":true,"href":"https:\/\/vianala.com\/en\/wp-json\/wp\/v2\/media\/24013"}],"wp:attachment":[{"href":"https:\/\/vianala.com\/en\/wp-json\/wp\/v2\/media?parent=15605"}],"wp:term":[{"taxonomy":"product_cat","embeddable":true,"href":"https:\/\/vianala.com\/en\/wp-json\/wp\/v2\/product_cat?post=15605"},{"taxonomy":"product_tag","embeddable":true,"href":"https:\/\/vianala.com\/en\/wp-json\/wp\/v2\/product_tag?post=15605"}],"curies":[{"name":"wp","href":"https:\/\/api.w.org\/{rel}","templated":true}]}}