{"id":15646,"date":"2019-03-13T19:35:06","date_gmt":"2019-03-14T01:35:06","guid":{"rendered":"https:\/\/vianala.com\/?post_type=product&#038;p=15646"},"modified":"2026-04-23T13:36:10","modified_gmt":"2026-04-23T18:36:10","slug":"bolsas-bucket-saco-piel-negro","status":"publish","type":"product","link":"https:\/\/vianala.com\/en\/tienda\/bolsas-bucket-saco-piel-negro\/","title":{"rendered":"Bucket M\u00e9rida Negro"},"content":{"rendered":"<h2>Bucket M\u00e9rida Negro<\/h2>\n<p style=\"text-align: right\">Bolsas bucket saco piel negro<\/p>\n<p>&nbsp;<\/p>\n<p>El bolso tipo bucket es el accesorio por excelencia de la \u00faltima temporada. Deja que este\u00a0<em>bucket bag<\/em>\u00a0complemente tu\u00a0<em>look<\/em>\u00a0 d\u00e1ndole un toque \u00fanico a tu outfit ya que su sencillez y su color hacen que resalte de una forma inimaginable.<\/p>\n<p>&nbsp;<\/p>\n<p>Este\u00a0<em>bucket bag<\/em>\u00a0es perfecto para utilizarlo diario debido al amplio espacio con el que cuenta y la seguridad que su cierre de jareta te proporciona. Su doble asa corta te permite llevarla a todos lados de la forma m\u00e1s c\u00f3moda. Adem\u00e1s. cuenta con un bolsillo interno que te dejar\u00e1 tener tus art\u00edculos m\u00e1s importantes siempre a la mano.<\/p>\n<p>&nbsp;<\/p>\n<p>Medidas: 29 x 15 x 30 cm (no incluye altura de asas)<\/p>\n<p>Ca\u00edda de asa: 23 cm<\/p>\n<p>Piel: G-NE Gruesa negra<\/p>\n<p>&nbsp;<\/p>\n<p>\u00a1Cont\u00e1ctanos <a href=\"https:\/\/www.vianala.com\/contacto\/\">aqu\u00ed <\/a>y en breve te responderemos!<\/p>\n<p>&nbsp;<\/p>\n<h2 style=\"text-align: right\">Bucket M\u00e9rida Negro<\/h2>\n","protected":false},"excerpt":{"rendered":"<p>Bucket M\u00e9rida Negro Bolsas bucket saco piel negro &nbsp; El bolso tipo bucket es el accesorio por excelencia de la \u00faltima temporada. Deja que este\u00a0bucket bag\u00a0complemente tu\u00a0look\u00a0 d\u00e1ndole un toque \u00fanico a tu outfit ya que su sencillez y su color hacen que resalte de una forma inimaginable. &nbsp; Este\u00a0bucket bag\u00a0es perfecto para utilizarlo diario [&hellip;]<\/p>\n","protected":false},"featured_media":23947,"comment_status":"open","ping_status":"closed","template":"","meta":[],"product_cat":[300,313],"product_tag":[],"yoast_head":"<!-- This site is optimized with the Yoast SEO plugin v20.3 - https:\/\/yoast.com\/wordpress\/plugins\/seo\/ -->\n<title>Bucket M\u00e9rida Negro - Vianala<\/title>\n<meta name=\"robots\" content=\"index, follow, max-snippet:-1, max-image-preview:large, max-video-preview:-1\" \/>\n<link rel=\"canonical\" href=\"https:\/\/vianala.com\/en\/tienda\/bolsas-bucket-saco-piel-negro\/\" \/>\n<meta property=\"og:locale\" content=\"en_US\" \/>\n<meta property=\"og:type\" content=\"article\" \/>\n<meta property=\"og:title\" content=\"Bucket M\u00e9rida Negro - Vianala\" \/>\n<meta property=\"og:description\" content=\"Bucket M\u00e9rida Negro Bolsas bucket saco piel negro &nbsp; El bolso tipo bucket es el accesorio por excelencia de la \u00faltima temporada. Deja que este\u00a0bucket bag\u00a0complemente tu\u00a0look\u00a0 d\u00e1ndole un toque \u00fanico a tu outfit ya que su sencillez y su color hacen que resalte de una forma inimaginable. &nbsp; Este\u00a0bucket bag\u00a0es perfecto para utilizarlo diario [&hellip;]\" \/>\n<meta property=\"og:url\" content=\"https:\/\/vianala.com\/en\/tienda\/bolsas-bucket-saco-piel-negro\/\" \/>\n<meta property=\"og:site_name\" content=\"Vianala\" \/>\n<meta property=\"article:publisher\" content=\"https:\/\/www.facebook.com\/vianalabolsas\" \/>\n<meta property=\"article:modified_time\" content=\"2026-04-23T18:36:10+00:00\" \/>\n<meta property=\"og:image\" content=\"https:\/\/vianala.com\/wp-content\/uploads\/2019\/03\/bolso-negro-1.jpg\" \/>\n\t<meta property=\"og:image:width\" content=\"960\" \/>\n\t<meta property=\"og:image:height\" content=\"960\" \/>\n\t<meta property=\"og:image:type\" content=\"image\/jpeg\" \/>\n<meta name=\"twitter:card\" content=\"summary_large_image\" \/>\n<meta name=\"twitter:label1\" content=\"Est. reading time\" \/>\n\t<meta name=\"twitter:data1\" content=\"1 minute\" \/>\n<script type=\"application\/ld+json\" class=\"yoast-schema-graph\">{\"@context\":\"https:\/\/schema.org\",\"@graph\":[{\"@type\":\"WebPage\",\"@id\":\"https:\/\/vianala.com\/en\/tienda\/bolsas-bucket-saco-piel-negro\/\",\"url\":\"https:\/\/vianala.com\/en\/tienda\/bolsas-bucket-saco-piel-negro\/\",\"name\":\"Bucket M\u00e9rida Negro - Vianala\",\"isPartOf\":{\"@id\":\"https:\/\/vianala.com\/en\/#website\"},\"datePublished\":\"2019-03-14T01:35:06+00:00\",\"dateModified\":\"2026-04-23T18:36:10+00:00\",\"breadcrumb\":{\"@id\":\"https:\/\/vianala.com\/en\/tienda\/bolsas-bucket-saco-piel-negro\/#breadcrumb\"},\"inLanguage\":\"en-US\",\"potentialAction\":[{\"@type\":\"ReadAction\",\"target\":[\"https:\/\/vianala.com\/en\/tienda\/bolsas-bucket-saco-piel-negro\/\"]}]},{\"@type\":\"BreadcrumbList\",\"@id\":\"https:\/\/vianala.com\/en\/tienda\/bolsas-bucket-saco-piel-negro\/#breadcrumb\",\"itemListElement\":[{\"@type\":\"ListItem\",\"position\":1,\"name\":\"\",\"item\":\"https:\/\/vianala.com\/en\/\"},{\"@type\":\"ListItem\",\"position\":2,\"name\":\"Portada\",\"item\":\"https:\/\/vianala.com\/en\/\"},{\"@type\":\"ListItem\",\"position\":3,\"name\":\"Shop\",\"item\":\"https:\/\/vianala.com\/en\/shop\/\"},{\"@type\":\"ListItem\",\"position\":4,\"name\":\"Bucket M\u00e9rida Negro\"}]},{\"@type\":\"WebSite\",\"@id\":\"https:\/\/vianala.com\/en\/#website\",\"url\":\"https:\/\/vianala.com\/en\/\",\"name\":\"Bolsas de piel para dama Le\u00f3n Guanajuato Vianala. Bolsos de piel para mujer, Bolsas de piel para dama precio, bolsos piel mujer, bolsos de piel mujer, bolsas de piel negra, bolsas de piel de mayoreo.\",\"description\":\"Vianala\",\"publisher\":{\"@id\":\"https:\/\/vianala.com\/en\/#organization\"},\"alternateName\":\"Vianala\",\"potentialAction\":[{\"@type\":\"SearchAction\",\"target\":{\"@type\":\"EntryPoint\",\"urlTemplate\":\"https:\/\/vianala.com\/en\/?s={search_term_string}\"},\"query-input\":\"required name=search_term_string\"}],\"inLanguage\":\"en-US\"},{\"@type\":\"Organization\",\"@id\":\"https:\/\/vianala.com\/en\/#organization\",\"name\":\"Bolsas de piel para dama Le\u00f3n Guanajuato Vianala. Bolsos de piel para mujer, Bolsas de piel para dama precio, bolsos piel mujer, bolsos de piel mujer, bolsas de piel negra, bolsas de piel de mayoreo.\",\"url\":\"https:\/\/vianala.com\/en\/\",\"logo\":{\"@type\":\"ImageObject\",\"inLanguage\":\"en-US\",\"@id\":\"https:\/\/vianala.com\/en\/#\/schema\/logo\/image\/\",\"url\":\"https:\/\/vianala.com\/wp-content\/uploads\/2022\/02\/7.-Logo-Vianala.jpg\",\"contentUrl\":\"https:\/\/vianala.com\/wp-content\/uploads\/2022\/02\/7.-Logo-Vianala.jpg\",\"width\":2249,\"height\":2249,\"caption\":\"Bolsas de piel para dama Le\u00f3n Guanajuato Vianala. Bolsos de piel para mujer, Bolsas de piel para dama precio, bolsos piel mujer, bolsos de piel mujer, bolsas de piel negra, bolsas de piel de mayoreo.\"},\"image\":{\"@id\":\"https:\/\/vianala.com\/en\/#\/schema\/logo\/image\/\"},\"sameAs\":[\"https:\/\/www.facebook.com\/vianalabolsas\",\"https:\/\/www.instagram.com\/vianala_bolsas\/\",\"https:\/\/wa.me\/5214777133305\"]}]}<\/script>\n<!-- \/ Yoast SEO plugin. -->","yoast_head_json":{"title":"Bucket M\u00e9rida Negro - Vianala","robots":{"index":"index","follow":"follow","max-snippet":"max-snippet:-1","max-image-preview":"max-image-preview:large","max-video-preview":"max-video-preview:-1"},"canonical":"https:\/\/vianala.com\/en\/tienda\/bolsas-bucket-saco-piel-negro\/","og_locale":"en_US","og_type":"article","og_title":"Bucket M\u00e9rida Negro - Vianala","og_description":"Bucket M\u00e9rida Negro Bolsas bucket saco piel negro &nbsp; El bolso tipo bucket es el accesorio por excelencia de la \u00faltima temporada. Deja que este\u00a0bucket bag\u00a0complemente tu\u00a0look\u00a0 d\u00e1ndole un toque \u00fanico a tu outfit ya que su sencillez y su color hacen que resalte de una forma inimaginable. &nbsp; Este\u00a0bucket bag\u00a0es perfecto para utilizarlo diario [&hellip;]","og_url":"https:\/\/vianala.com\/en\/tienda\/bolsas-bucket-saco-piel-negro\/","og_site_name":"Vianala","article_publisher":"https:\/\/www.facebook.com\/vianalabolsas","article_modified_time":"2026-04-23T18:36:10+00:00","og_image":[{"width":960,"height":960,"url":"https:\/\/vianala.com\/wp-content\/uploads\/2019\/03\/bolso-negro-1.jpg","type":"image\/jpeg"}],"twitter_card":"summary_large_image","twitter_misc":{"Est. reading time":"1 minute"},"schema":{"@context":"https:\/\/schema.org","@graph":[{"@type":"WebPage","@id":"https:\/\/vianala.com\/en\/tienda\/bolsas-bucket-saco-piel-negro\/","url":"https:\/\/vianala.com\/en\/tienda\/bolsas-bucket-saco-piel-negro\/","name":"Bucket M\u00e9rida Negro - Vianala","isPartOf":{"@id":"https:\/\/vianala.com\/en\/#website"},"datePublished":"2019-03-14T01:35:06+00:00","dateModified":"2026-04-23T18:36:10+00:00","breadcrumb":{"@id":"https:\/\/vianala.com\/en\/tienda\/bolsas-bucket-saco-piel-negro\/#breadcrumb"},"inLanguage":"en-US","potentialAction":[{"@type":"ReadAction","target":["https:\/\/vianala.com\/en\/tienda\/bolsas-bucket-saco-piel-negro\/"]}]},{"@type":"BreadcrumbList","@id":"https:\/\/vianala.com\/en\/tienda\/bolsas-bucket-saco-piel-negro\/#breadcrumb","itemListElement":[{"@type":"ListItem","position":1,"name":"","item":"https:\/\/vianala.com\/en\/"},{"@type":"ListItem","position":2,"name":"Portada","item":"https:\/\/vianala.com\/en\/"},{"@type":"ListItem","position":3,"name":"Shop","item":"https:\/\/vianala.com\/en\/shop\/"},{"@type":"ListItem","position":4,"name":"Bucket M\u00e9rida Negro"}]},{"@type":"WebSite","@id":"https:\/\/vianala.com\/en\/#website","url":"https:\/\/vianala.com\/en\/","name":"Bolsas de piel para dama Le\u00f3n Guanajuato Vianala. Bolsos de piel para mujer, Bolsas de piel para dama precio, bolsos piel mujer, bolsos de piel mujer, bolsas de piel negra, bolsas de piel de mayoreo.","description":"Vianala","publisher":{"@id":"https:\/\/vianala.com\/en\/#organization"},"alternateName":"Vianala","potentialAction":[{"@type":"SearchAction","target":{"@type":"EntryPoint","urlTemplate":"https:\/\/vianala.com\/en\/?s={search_term_string}"},"query-input":"required name=search_term_string"}],"inLanguage":"en-US"},{"@type":"Organization","@id":"https:\/\/vianala.com\/en\/#organization","name":"Bolsas de piel para dama Le\u00f3n Guanajuato Vianala. Bolsos de piel para mujer, Bolsas de piel para dama precio, bolsos piel mujer, bolsos de piel mujer, bolsas de piel negra, bolsas de piel de mayoreo.","url":"https:\/\/vianala.com\/en\/","logo":{"@type":"ImageObject","inLanguage":"en-US","@id":"https:\/\/vianala.com\/en\/#\/schema\/logo\/image\/","url":"https:\/\/vianala.com\/wp-content\/uploads\/2022\/02\/7.-Logo-Vianala.jpg","contentUrl":"https:\/\/vianala.com\/wp-content\/uploads\/2022\/02\/7.-Logo-Vianala.jpg","width":2249,"height":2249,"caption":"Bolsas de piel para dama Le\u00f3n Guanajuato Vianala. Bolsos de piel para mujer, Bolsas de piel para dama precio, bolsos piel mujer, bolsos de piel mujer, bolsas de piel negra, bolsas de piel de mayoreo."},"image":{"@id":"https:\/\/vianala.com\/en\/#\/schema\/logo\/image\/"},"sameAs":["https:\/\/www.facebook.com\/vianalabolsas","https:\/\/www.instagram.com\/vianala_bolsas\/","https:\/\/wa.me\/5214777133305"]}]}},"_links":{"self":[{"href":"https:\/\/vianala.com\/en\/wp-json\/wp\/v2\/product\/15646"}],"collection":[{"href":"https:\/\/vianala.com\/en\/wp-json\/wp\/v2\/product"}],"about":[{"href":"https:\/\/vianala.com\/en\/wp-json\/wp\/v2\/types\/product"}],"replies":[{"embeddable":true,"href":"https:\/\/vianala.com\/en\/wp-json\/wp\/v2\/comments?post=15646"}],"wp:featuredmedia":[{"embeddable":true,"href":"https:\/\/vianala.com\/en\/wp-json\/wp\/v2\/media\/23947"}],"wp:attachment":[{"href":"https:\/\/vianala.com\/en\/wp-json\/wp\/v2\/media?parent=15646"}],"wp:term":[{"taxonomy":"product_cat","embeddable":true,"href":"https:\/\/vianala.com\/en\/wp-json\/wp\/v2\/product_cat?post=15646"},{"taxonomy":"product_tag","embeddable":true,"href":"https:\/\/vianala.com\/en\/wp-json\/wp\/v2\/product_tag?post=15646"}],"curies":[{"name":"wp","href":"https:\/\/api.w.org\/{rel}","templated":true}]}}