{"id":15649,"date":"2019-03-13T20:07:21","date_gmt":"2019-03-14T02:07:21","guid":{"rendered":"https:\/\/vianala.com\/?post_type=product&#038;p=15649"},"modified":"2026-04-27T17:10:04","modified_gmt":"2026-04-27T22:10:04","slug":"bolsas-bucket-bolso-saco-moda-cafe","status":"publish","type":"product","link":"https:\/\/vianala.com\/en\/tienda\/bolsas-bucket-bolso-saco-moda-cafe\/","title":{"rendered":"Bucket M\u00e9rida Avellana"},"content":{"rendered":"<h2>Bucket M\u00e9rida Avellana<\/h2>\n<p style=\"text-align: right\">Bolsas bucket bolso saco moda cafe<\/p>\n<p>&nbsp;<\/p>\n<p>Este bolso tipo bucket bag es el accesorio por excelencia de esta temporada. Deja que tu<em>bucket bag<\/em>\u00a0complemente tu\u00a0<em>look<\/em>\u00a0 d\u00e1ndole un toque \u00fanico a tu <em>outfit<\/em>. Su sencillez es perfecta para lograr ese aire casual que predomina en el mundo de la moda. \u00dasalo en tu d\u00eda a d\u00eda y ver\u00e1s lo c\u00f3moda y segura que te sientes d\u00e1ndole siempre lugar a tu estilo.<\/p>\n<p>&nbsp;<\/p>\n<p>Una de sus caracter\u00edsticas principales es el espacio tan amplio que tiene.\u00a0 La seguridad que su cierre de jareta te proporciona es \u00fanica, adem\u00e1s de que su doble asa corta te permite llevarla a todos lados de la forma m\u00e1s c\u00f3moda. Cuenta con un bolsillo interno que te dejar\u00e1 tener tus art\u00edculos m\u00e1s importantes apartados y por tanto, a la mano.<\/p>\n<p>&nbsp;<\/p>\n<p>Medidas:\u00a029 x 15 x 30 cm<\/p>\n<p>Ca\u00edda de asa: 23 cm<\/p>\n<p>Piel: G-AV Avellana<\/p>\n<p>&nbsp;<\/p>\n<p>Conoce todos los colores para este bolso <a href=\"https:\/\/www.vianala.com\/catalogo\/bolsas-bucket-bolsa-bolsos-piel-bolsos-de-piel-mujer\/\">aqu\u00ed<\/a>.<\/p>\n<p>&nbsp;<\/p>\n<h2 style=\"text-align: right\">Bucket M\u00e9rida Avellana<\/h2>\n","protected":false},"excerpt":{"rendered":"<p>Bucket M\u00e9rida Avellana Bolsas bucket bolso saco moda cafe &nbsp; Este bolso tipo bucket bag es el accesorio por excelencia de esta temporada. Deja que tubucket bag\u00a0complemente tu\u00a0look\u00a0 d\u00e1ndole un toque \u00fanico a tu outfit. Su sencillez es perfecta para lograr ese aire casual que predomina en el mundo de la moda. \u00dasalo en tu [&hellip;]<\/p>\n","protected":false},"featured_media":23930,"comment_status":"open","ping_status":"closed","template":"","meta":[],"product_cat":[300,313],"product_tag":[],"yoast_head":"<!-- This site is optimized with the Yoast SEO plugin v20.3 - https:\/\/yoast.com\/wordpress\/plugins\/seo\/ -->\n<title>bolsas-bucket-bolso-saco-moda-cafe<\/title>\n<meta name=\"description\" content=\"Este bolso tipo bucket bag es el accesorio por excelencia de esta temporada. Deja que tubucket bag\u00a0complemente tu\u00a0look\u00a0 d\u00e1ndole un toque \u00fanico a tu outfit. Su sencillez es perfecta para lograr ese aire casual que predomina en el mundo de la moda. \u00dasalo en tu d\u00eda a d\u00eda y ver\u00e1s lo c\u00f3moda y segura que te sientes d\u00e1ndole siempre lugar a tu estilo.\" \/>\n<meta name=\"robots\" content=\"index, follow, max-snippet:-1, max-image-preview:large, max-video-preview:-1\" \/>\n<link rel=\"canonical\" href=\"https:\/\/vianala.com\/en\/tienda\/bolsas-bucket-bolso-saco-moda-cafe\/\" \/>\n<meta property=\"og:locale\" content=\"en_US\" \/>\n<meta property=\"og:type\" content=\"article\" \/>\n<meta property=\"og:title\" content=\"bolsas-bucket-bolso-saco-moda-cafe\" \/>\n<meta property=\"og:description\" content=\"Este bolso tipo bucket bag es el accesorio por excelencia de esta temporada. Deja que tubucket bag\u00a0complemente tu\u00a0look\u00a0 d\u00e1ndole un toque \u00fanico a tu outfit. Su sencillez es perfecta para lograr ese aire casual que predomina en el mundo de la moda. \u00dasalo en tu d\u00eda a d\u00eda y ver\u00e1s lo c\u00f3moda y segura que te sientes d\u00e1ndole siempre lugar a tu estilo.\" \/>\n<meta property=\"og:url\" content=\"https:\/\/vianala.com\/en\/tienda\/bolsas-bucket-bolso-saco-moda-cafe\/\" \/>\n<meta property=\"og:site_name\" content=\"Vianala\" \/>\n<meta property=\"article:publisher\" content=\"https:\/\/www.facebook.com\/vianalabolsas\" \/>\n<meta property=\"article:modified_time\" content=\"2026-04-27T22:10:04+00:00\" \/>\n<meta property=\"og:image\" content=\"https:\/\/vianala.com\/wp-content\/uploads\/2019\/03\/bolso-cafe-1.jpg\" \/>\n\t<meta property=\"og:image:width\" content=\"960\" \/>\n\t<meta property=\"og:image:height\" content=\"960\" \/>\n\t<meta property=\"og:image:type\" content=\"image\/jpeg\" \/>\n<meta name=\"twitter:card\" content=\"summary_large_image\" \/>\n<meta name=\"twitter:label1\" content=\"Est. reading time\" \/>\n\t<meta name=\"twitter:data1\" content=\"1 minute\" \/>\n<script type=\"application\/ld+json\" class=\"yoast-schema-graph\">{\"@context\":\"https:\/\/schema.org\",\"@graph\":[{\"@type\":\"WebPage\",\"@id\":\"https:\/\/vianala.com\/en\/tienda\/bolsas-bucket-bolso-saco-moda-cafe\/\",\"url\":\"https:\/\/vianala.com\/en\/tienda\/bolsas-bucket-bolso-saco-moda-cafe\/\",\"name\":\"bolsas-bucket-bolso-saco-moda-cafe\",\"isPartOf\":{\"@id\":\"https:\/\/vianala.com\/en\/#website\"},\"datePublished\":\"2019-03-14T02:07:21+00:00\",\"dateModified\":\"2026-04-27T22:10:04+00:00\",\"description\":\"Este bolso tipo bucket bag es el accesorio por excelencia de esta temporada. Deja que tubucket bag\u00a0complemente tu\u00a0look\u00a0 d\u00e1ndole un toque \u00fanico a tu outfit. Su sencillez es perfecta para lograr ese aire casual que predomina en el mundo de la moda. \u00dasalo en tu d\u00eda a d\u00eda y ver\u00e1s lo c\u00f3moda y segura que te sientes d\u00e1ndole siempre lugar a tu estilo.\",\"breadcrumb\":{\"@id\":\"https:\/\/vianala.com\/en\/tienda\/bolsas-bucket-bolso-saco-moda-cafe\/#breadcrumb\"},\"inLanguage\":\"en-US\",\"potentialAction\":[{\"@type\":\"ReadAction\",\"target\":[\"https:\/\/vianala.com\/en\/tienda\/bolsas-bucket-bolso-saco-moda-cafe\/\"]}]},{\"@type\":\"BreadcrumbList\",\"@id\":\"https:\/\/vianala.com\/en\/tienda\/bolsas-bucket-bolso-saco-moda-cafe\/#breadcrumb\",\"itemListElement\":[{\"@type\":\"ListItem\",\"position\":1,\"name\":\"\",\"item\":\"https:\/\/vianala.com\/en\/\"},{\"@type\":\"ListItem\",\"position\":2,\"name\":\"Portada\",\"item\":\"https:\/\/vianala.com\/en\/\"},{\"@type\":\"ListItem\",\"position\":3,\"name\":\"Shop\",\"item\":\"https:\/\/vianala.com\/en\/shop\/\"},{\"@type\":\"ListItem\",\"position\":4,\"name\":\"Bucket M\u00e9rida Avellana\"}]},{\"@type\":\"WebSite\",\"@id\":\"https:\/\/vianala.com\/en\/#website\",\"url\":\"https:\/\/vianala.com\/en\/\",\"name\":\"Bolsas de piel para dama Le\u00f3n Guanajuato Vianala. Bolsos de piel para mujer, Bolsas de piel para dama precio, bolsos piel mujer, bolsos de piel mujer, bolsas de piel negra, bolsas de piel de mayoreo.\",\"description\":\"Vianala\",\"publisher\":{\"@id\":\"https:\/\/vianala.com\/en\/#organization\"},\"alternateName\":\"Vianala\",\"potentialAction\":[{\"@type\":\"SearchAction\",\"target\":{\"@type\":\"EntryPoint\",\"urlTemplate\":\"https:\/\/vianala.com\/en\/?s={search_term_string}\"},\"query-input\":\"required name=search_term_string\"}],\"inLanguage\":\"en-US\"},{\"@type\":\"Organization\",\"@id\":\"https:\/\/vianala.com\/en\/#organization\",\"name\":\"Bolsas de piel para dama Le\u00f3n Guanajuato Vianala. Bolsos de piel para mujer, Bolsas de piel para dama precio, bolsos piel mujer, bolsos de piel mujer, bolsas de piel negra, bolsas de piel de mayoreo.\",\"url\":\"https:\/\/vianala.com\/en\/\",\"logo\":{\"@type\":\"ImageObject\",\"inLanguage\":\"en-US\",\"@id\":\"https:\/\/vianala.com\/en\/#\/schema\/logo\/image\/\",\"url\":\"https:\/\/vianala.com\/wp-content\/uploads\/2022\/02\/7.-Logo-Vianala.jpg\",\"contentUrl\":\"https:\/\/vianala.com\/wp-content\/uploads\/2022\/02\/7.-Logo-Vianala.jpg\",\"width\":2249,\"height\":2249,\"caption\":\"Bolsas de piel para dama Le\u00f3n Guanajuato Vianala. Bolsos de piel para mujer, Bolsas de piel para dama precio, bolsos piel mujer, bolsos de piel mujer, bolsas de piel negra, bolsas de piel de mayoreo.\"},\"image\":{\"@id\":\"https:\/\/vianala.com\/en\/#\/schema\/logo\/image\/\"},\"sameAs\":[\"https:\/\/www.facebook.com\/vianalabolsas\",\"https:\/\/www.instagram.com\/vianala_bolsas\/\",\"https:\/\/wa.me\/5214777133305\"]}]}<\/script>\n<!-- \/ Yoast SEO plugin. -->","yoast_head_json":{"title":"bolsas-bucket-bolso-saco-moda-cafe","description":"Este bolso tipo bucket bag es el accesorio por excelencia de esta temporada. Deja que tubucket bag\u00a0complemente tu\u00a0look\u00a0 d\u00e1ndole un toque \u00fanico a tu outfit. Su sencillez es perfecta para lograr ese aire casual que predomina en el mundo de la moda. \u00dasalo en tu d\u00eda a d\u00eda y ver\u00e1s lo c\u00f3moda y segura que te sientes d\u00e1ndole siempre lugar a tu estilo.","robots":{"index":"index","follow":"follow","max-snippet":"max-snippet:-1","max-image-preview":"max-image-preview:large","max-video-preview":"max-video-preview:-1"},"canonical":"https:\/\/vianala.com\/en\/tienda\/bolsas-bucket-bolso-saco-moda-cafe\/","og_locale":"en_US","og_type":"article","og_title":"bolsas-bucket-bolso-saco-moda-cafe","og_description":"Este bolso tipo bucket bag es el accesorio por excelencia de esta temporada. Deja que tubucket bag\u00a0complemente tu\u00a0look\u00a0 d\u00e1ndole un toque \u00fanico a tu outfit. Su sencillez es perfecta para lograr ese aire casual que predomina en el mundo de la moda. \u00dasalo en tu d\u00eda a d\u00eda y ver\u00e1s lo c\u00f3moda y segura que te sientes d\u00e1ndole siempre lugar a tu estilo.","og_url":"https:\/\/vianala.com\/en\/tienda\/bolsas-bucket-bolso-saco-moda-cafe\/","og_site_name":"Vianala","article_publisher":"https:\/\/www.facebook.com\/vianalabolsas","article_modified_time":"2026-04-27T22:10:04+00:00","og_image":[{"width":960,"height":960,"url":"https:\/\/vianala.com\/wp-content\/uploads\/2019\/03\/bolso-cafe-1.jpg","type":"image\/jpeg"}],"twitter_card":"summary_large_image","twitter_misc":{"Est. reading time":"1 minute"},"schema":{"@context":"https:\/\/schema.org","@graph":[{"@type":"WebPage","@id":"https:\/\/vianala.com\/en\/tienda\/bolsas-bucket-bolso-saco-moda-cafe\/","url":"https:\/\/vianala.com\/en\/tienda\/bolsas-bucket-bolso-saco-moda-cafe\/","name":"bolsas-bucket-bolso-saco-moda-cafe","isPartOf":{"@id":"https:\/\/vianala.com\/en\/#website"},"datePublished":"2019-03-14T02:07:21+00:00","dateModified":"2026-04-27T22:10:04+00:00","description":"Este bolso tipo bucket bag es el accesorio por excelencia de esta temporada. Deja que tubucket bag\u00a0complemente tu\u00a0look\u00a0 d\u00e1ndole un toque \u00fanico a tu outfit. Su sencillez es perfecta para lograr ese aire casual que predomina en el mundo de la moda. \u00dasalo en tu d\u00eda a d\u00eda y ver\u00e1s lo c\u00f3moda y segura que te sientes d\u00e1ndole siempre lugar a tu estilo.","breadcrumb":{"@id":"https:\/\/vianala.com\/en\/tienda\/bolsas-bucket-bolso-saco-moda-cafe\/#breadcrumb"},"inLanguage":"en-US","potentialAction":[{"@type":"ReadAction","target":["https:\/\/vianala.com\/en\/tienda\/bolsas-bucket-bolso-saco-moda-cafe\/"]}]},{"@type":"BreadcrumbList","@id":"https:\/\/vianala.com\/en\/tienda\/bolsas-bucket-bolso-saco-moda-cafe\/#breadcrumb","itemListElement":[{"@type":"ListItem","position":1,"name":"","item":"https:\/\/vianala.com\/en\/"},{"@type":"ListItem","position":2,"name":"Portada","item":"https:\/\/vianala.com\/en\/"},{"@type":"ListItem","position":3,"name":"Shop","item":"https:\/\/vianala.com\/en\/shop\/"},{"@type":"ListItem","position":4,"name":"Bucket M\u00e9rida Avellana"}]},{"@type":"WebSite","@id":"https:\/\/vianala.com\/en\/#website","url":"https:\/\/vianala.com\/en\/","name":"Bolsas de piel para dama Le\u00f3n Guanajuato Vianala. Bolsos de piel para mujer, Bolsas de piel para dama precio, bolsos piel mujer, bolsos de piel mujer, bolsas de piel negra, bolsas de piel de mayoreo.","description":"Vianala","publisher":{"@id":"https:\/\/vianala.com\/en\/#organization"},"alternateName":"Vianala","potentialAction":[{"@type":"SearchAction","target":{"@type":"EntryPoint","urlTemplate":"https:\/\/vianala.com\/en\/?s={search_term_string}"},"query-input":"required name=search_term_string"}],"inLanguage":"en-US"},{"@type":"Organization","@id":"https:\/\/vianala.com\/en\/#organization","name":"Bolsas de piel para dama Le\u00f3n Guanajuato Vianala. Bolsos de piel para mujer, Bolsas de piel para dama precio, bolsos piel mujer, bolsos de piel mujer, bolsas de piel negra, bolsas de piel de mayoreo.","url":"https:\/\/vianala.com\/en\/","logo":{"@type":"ImageObject","inLanguage":"en-US","@id":"https:\/\/vianala.com\/en\/#\/schema\/logo\/image\/","url":"https:\/\/vianala.com\/wp-content\/uploads\/2022\/02\/7.-Logo-Vianala.jpg","contentUrl":"https:\/\/vianala.com\/wp-content\/uploads\/2022\/02\/7.-Logo-Vianala.jpg","width":2249,"height":2249,"caption":"Bolsas de piel para dama Le\u00f3n Guanajuato Vianala. Bolsos de piel para mujer, Bolsas de piel para dama precio, bolsos piel mujer, bolsos de piel mujer, bolsas de piel negra, bolsas de piel de mayoreo."},"image":{"@id":"https:\/\/vianala.com\/en\/#\/schema\/logo\/image\/"},"sameAs":["https:\/\/www.facebook.com\/vianalabolsas","https:\/\/www.instagram.com\/vianala_bolsas\/","https:\/\/wa.me\/5214777133305"]}]}},"_links":{"self":[{"href":"https:\/\/vianala.com\/en\/wp-json\/wp\/v2\/product\/15649"}],"collection":[{"href":"https:\/\/vianala.com\/en\/wp-json\/wp\/v2\/product"}],"about":[{"href":"https:\/\/vianala.com\/en\/wp-json\/wp\/v2\/types\/product"}],"replies":[{"embeddable":true,"href":"https:\/\/vianala.com\/en\/wp-json\/wp\/v2\/comments?post=15649"}],"wp:featuredmedia":[{"embeddable":true,"href":"https:\/\/vianala.com\/en\/wp-json\/wp\/v2\/media\/23930"}],"wp:attachment":[{"href":"https:\/\/vianala.com\/en\/wp-json\/wp\/v2\/media?parent=15649"}],"wp:term":[{"taxonomy":"product_cat","embeddable":true,"href":"https:\/\/vianala.com\/en\/wp-json\/wp\/v2\/product_cat?post=15649"},{"taxonomy":"product_tag","embeddable":true,"href":"https:\/\/vianala.com\/en\/wp-json\/wp\/v2\/product_tag?post=15649"}],"curies":[{"name":"wp","href":"https:\/\/api.w.org\/{rel}","templated":true}]}}