{"id":16017,"date":"2019-05-09T08:35:22","date_gmt":"2019-05-09T13:35:22","guid":{"rendered":"https:\/\/vianala.com\/?post_type=product&#038;p=16017"},"modified":"2026-04-17T11:38:18","modified_gmt":"2026-04-17T16:38:18","slug":"bolsa-bucket-roja-730","status":"publish","type":"product","link":"https:\/\/vianala.com\/en\/tienda\/bolsa-bucket-roja-730\/","title":{"rendered":"Bucket M\u00e9rida Rojo"},"content":{"rendered":"<h2>Bucket M\u00e9rida Rojo<\/h2>\n<p style=\"text-align: right\">Bolsa bucket\u00a0 roja<\/p>\n<p>Lo \u00faltimo en tendencia es el bolso tipo <em>bucket<\/em>. Por ello, en Vianala te ofrecemos la mejor opci\u00f3n para estar a la moda y c\u00f3moda cada d\u00eda. Deja que este <em>bucket bag<\/em> complemente tu <em>look<\/em>\u00a0 d\u00e1ndole un toque \u00fanico a tu outfit pues a pesar de su sencillez, es el mejor accesorio para ti.<\/p>\n<p>Este <em>bucket bag<\/em> es perfecto para utilizarlo en tu d\u00eda a d\u00eda debido al amplio espacio con el que cuenta y la seguridad que su cierre de jareta te proporciona. Su doble asa corta te permite llevarla a todos lados de la forma m\u00e1s c\u00f3moda. Adem\u00e1s. cuenta con un bolsillo interno que te dejar\u00e1 tener tus art\u00edculos m\u00e1s importantes a la mano.<\/p>\n<p>Comun\u00edcate con nosotros <a href=\"https:\/\/www.vianala.com\/contacto\/\">aqu\u00ed<\/a><\/p>\n<h2 style=\"text-align: right\">Bucket M\u00e9rida Rojo<\/h2>\n","protected":false},"excerpt":{"rendered":"<p>Bucket M\u00e9rida Rojo Bolsa bucket\u00a0 roja Lo \u00faltimo en tendencia es el bolso tipo bucket. Por ello, en Vianala te ofrecemos la mejor opci\u00f3n para estar a la moda y c\u00f3moda cada d\u00eda. Deja que este bucket bag complemente tu look\u00a0 d\u00e1ndole un toque \u00fanico a tu outfit pues a pesar de su sencillez, es [&hellip;]<\/p>\n","protected":false},"featured_media":23937,"comment_status":"open","ping_status":"closed","template":"","meta":[],"product_cat":[16,300,313],"product_tag":[],"yoast_head":"<!-- This site is optimized with the Yoast SEO plugin v20.3 - https:\/\/yoast.com\/wordpress\/plugins\/seo\/ -->\n<title>Bolsa bucket bowling de piel roja<\/title>\n<meta name=\"description\" content=\"Lo \u00faltimo en tendencia es el bolso tipo bucket. Por ello, en Vianala te ofrecemos la mejor opci\u00f3n para estar a la moda y c\u00f3moda cada d\u00eda. Deja que este bucket bag complemente tu look\u00a0 d\u00e1ndole un toque \u00fanico a tu outfit pues a pesar de su sencillez, es el mejor accesorio para ti.\" \/>\n<meta name=\"robots\" content=\"index, follow, max-snippet:-1, max-image-preview:large, max-video-preview:-1\" \/>\n<link rel=\"canonical\" href=\"https:\/\/vianala.com\/en\/tienda\/bolsa-bucket-roja-730\/\" \/>\n<meta property=\"og:locale\" content=\"en_US\" \/>\n<meta property=\"og:type\" content=\"article\" \/>\n<meta property=\"og:title\" content=\"Bolsa bucket bowling de piel roja\" \/>\n<meta property=\"og:description\" content=\"Lo \u00faltimo en tendencia es el bolso tipo bucket. Por ello, en Vianala te ofrecemos la mejor opci\u00f3n para estar a la moda y c\u00f3moda cada d\u00eda. Deja que este bucket bag complemente tu look\u00a0 d\u00e1ndole un toque \u00fanico a tu outfit pues a pesar de su sencillez, es el mejor accesorio para ti.\" \/>\n<meta property=\"og:url\" content=\"https:\/\/vianala.com\/en\/tienda\/bolsa-bucket-roja-730\/\" \/>\n<meta property=\"og:site_name\" content=\"Vianala\" \/>\n<meta property=\"article:publisher\" content=\"https:\/\/www.facebook.com\/vianalabolsas\" \/>\n<meta property=\"article:modified_time\" content=\"2026-04-17T16:38:18+00:00\" \/>\n<meta property=\"og:image\" content=\"https:\/\/vianala.com\/wp-content\/uploads\/2019\/05\/ROSA_1.jpg\" \/>\n\t<meta property=\"og:image:width\" content=\"960\" \/>\n\t<meta property=\"og:image:height\" content=\"960\" \/>\n\t<meta property=\"og:image:type\" content=\"image\/jpeg\" \/>\n<meta name=\"twitter:card\" content=\"summary_large_image\" \/>\n<meta name=\"twitter:label1\" content=\"Est. reading time\" \/>\n\t<meta name=\"twitter:data1\" content=\"1 minute\" \/>\n<script type=\"application\/ld+json\" class=\"yoast-schema-graph\">{\"@context\":\"https:\/\/schema.org\",\"@graph\":[{\"@type\":\"WebPage\",\"@id\":\"https:\/\/vianala.com\/en\/tienda\/bolsa-bucket-roja-730\/\",\"url\":\"https:\/\/vianala.com\/en\/tienda\/bolsa-bucket-roja-730\/\",\"name\":\"Bolsa bucket bowling de piel roja\",\"isPartOf\":{\"@id\":\"https:\/\/vianala.com\/en\/#website\"},\"datePublished\":\"2019-05-09T13:35:22+00:00\",\"dateModified\":\"2026-04-17T16:38:18+00:00\",\"description\":\"Lo \u00faltimo en tendencia es el bolso tipo bucket. Por ello, en Vianala te ofrecemos la mejor opci\u00f3n para estar a la moda y c\u00f3moda cada d\u00eda. Deja que este bucket bag complemente tu look\u00a0 d\u00e1ndole un toque \u00fanico a tu outfit pues a pesar de su sencillez, es el mejor accesorio para ti.\",\"breadcrumb\":{\"@id\":\"https:\/\/vianala.com\/en\/tienda\/bolsa-bucket-roja-730\/#breadcrumb\"},\"inLanguage\":\"en-US\",\"potentialAction\":[{\"@type\":\"ReadAction\",\"target\":[\"https:\/\/vianala.com\/en\/tienda\/bolsa-bucket-roja-730\/\"]}]},{\"@type\":\"BreadcrumbList\",\"@id\":\"https:\/\/vianala.com\/en\/tienda\/bolsa-bucket-roja-730\/#breadcrumb\",\"itemListElement\":[{\"@type\":\"ListItem\",\"position\":1,\"name\":\"\",\"item\":\"https:\/\/vianala.com\/en\/\"},{\"@type\":\"ListItem\",\"position\":2,\"name\":\"Portada\",\"item\":\"https:\/\/vianala.com\/en\/\"},{\"@type\":\"ListItem\",\"position\":3,\"name\":\"Shop\",\"item\":\"https:\/\/vianala.com\/en\/shop\/\"},{\"@type\":\"ListItem\",\"position\":4,\"name\":\"Bucket M\u00e9rida Rojo\"}]},{\"@type\":\"WebSite\",\"@id\":\"https:\/\/vianala.com\/en\/#website\",\"url\":\"https:\/\/vianala.com\/en\/\",\"name\":\"Bolsas de piel para dama Le\u00f3n Guanajuato Vianala. Bolsos de piel para mujer, Bolsas de piel para dama precio, bolsos piel mujer, bolsos de piel mujer, bolsas de piel negra, bolsas de piel de mayoreo.\",\"description\":\"Vianala\",\"publisher\":{\"@id\":\"https:\/\/vianala.com\/en\/#organization\"},\"alternateName\":\"Vianala\",\"potentialAction\":[{\"@type\":\"SearchAction\",\"target\":{\"@type\":\"EntryPoint\",\"urlTemplate\":\"https:\/\/vianala.com\/en\/?s={search_term_string}\"},\"query-input\":\"required name=search_term_string\"}],\"inLanguage\":\"en-US\"},{\"@type\":\"Organization\",\"@id\":\"https:\/\/vianala.com\/en\/#organization\",\"name\":\"Bolsas de piel para dama Le\u00f3n Guanajuato Vianala. Bolsos de piel para mujer, Bolsas de piel para dama precio, bolsos piel mujer, bolsos de piel mujer, bolsas de piel negra, bolsas de piel de mayoreo.\",\"url\":\"https:\/\/vianala.com\/en\/\",\"logo\":{\"@type\":\"ImageObject\",\"inLanguage\":\"en-US\",\"@id\":\"https:\/\/vianala.com\/en\/#\/schema\/logo\/image\/\",\"url\":\"https:\/\/vianala.com\/wp-content\/uploads\/2022\/02\/7.-Logo-Vianala.jpg\",\"contentUrl\":\"https:\/\/vianala.com\/wp-content\/uploads\/2022\/02\/7.-Logo-Vianala.jpg\",\"width\":2249,\"height\":2249,\"caption\":\"Bolsas de piel para dama Le\u00f3n Guanajuato Vianala. Bolsos de piel para mujer, Bolsas de piel para dama precio, bolsos piel mujer, bolsos de piel mujer, bolsas de piel negra, bolsas de piel de mayoreo.\"},\"image\":{\"@id\":\"https:\/\/vianala.com\/en\/#\/schema\/logo\/image\/\"},\"sameAs\":[\"https:\/\/www.facebook.com\/vianalabolsas\",\"https:\/\/www.instagram.com\/vianala_bolsas\/\",\"https:\/\/wa.me\/5214777133305\"]}]}<\/script>\n<!-- \/ Yoast SEO plugin. -->","yoast_head_json":{"title":"Bolsa bucket bowling de piel roja","description":"Lo \u00faltimo en tendencia es el bolso tipo bucket. Por ello, en Vianala te ofrecemos la mejor opci\u00f3n para estar a la moda y c\u00f3moda cada d\u00eda. Deja que este bucket bag complemente tu look\u00a0 d\u00e1ndole un toque \u00fanico a tu outfit pues a pesar de su sencillez, es el mejor accesorio para ti.","robots":{"index":"index","follow":"follow","max-snippet":"max-snippet:-1","max-image-preview":"max-image-preview:large","max-video-preview":"max-video-preview:-1"},"canonical":"https:\/\/vianala.com\/en\/tienda\/bolsa-bucket-roja-730\/","og_locale":"en_US","og_type":"article","og_title":"Bolsa bucket bowling de piel roja","og_description":"Lo \u00faltimo en tendencia es el bolso tipo bucket. Por ello, en Vianala te ofrecemos la mejor opci\u00f3n para estar a la moda y c\u00f3moda cada d\u00eda. Deja que este bucket bag complemente tu look\u00a0 d\u00e1ndole un toque \u00fanico a tu outfit pues a pesar de su sencillez, es el mejor accesorio para ti.","og_url":"https:\/\/vianala.com\/en\/tienda\/bolsa-bucket-roja-730\/","og_site_name":"Vianala","article_publisher":"https:\/\/www.facebook.com\/vianalabolsas","article_modified_time":"2026-04-17T16:38:18+00:00","og_image":[{"width":960,"height":960,"url":"https:\/\/vianala.com\/wp-content\/uploads\/2019\/05\/ROSA_1.jpg","type":"image\/jpeg"}],"twitter_card":"summary_large_image","twitter_misc":{"Est. reading time":"1 minute"},"schema":{"@context":"https:\/\/schema.org","@graph":[{"@type":"WebPage","@id":"https:\/\/vianala.com\/en\/tienda\/bolsa-bucket-roja-730\/","url":"https:\/\/vianala.com\/en\/tienda\/bolsa-bucket-roja-730\/","name":"Bolsa bucket bowling de piel roja","isPartOf":{"@id":"https:\/\/vianala.com\/en\/#website"},"datePublished":"2019-05-09T13:35:22+00:00","dateModified":"2026-04-17T16:38:18+00:00","description":"Lo \u00faltimo en tendencia es el bolso tipo bucket. Por ello, en Vianala te ofrecemos la mejor opci\u00f3n para estar a la moda y c\u00f3moda cada d\u00eda. Deja que este bucket bag complemente tu look\u00a0 d\u00e1ndole un toque \u00fanico a tu outfit pues a pesar de su sencillez, es el mejor accesorio para ti.","breadcrumb":{"@id":"https:\/\/vianala.com\/en\/tienda\/bolsa-bucket-roja-730\/#breadcrumb"},"inLanguage":"en-US","potentialAction":[{"@type":"ReadAction","target":["https:\/\/vianala.com\/en\/tienda\/bolsa-bucket-roja-730\/"]}]},{"@type":"BreadcrumbList","@id":"https:\/\/vianala.com\/en\/tienda\/bolsa-bucket-roja-730\/#breadcrumb","itemListElement":[{"@type":"ListItem","position":1,"name":"","item":"https:\/\/vianala.com\/en\/"},{"@type":"ListItem","position":2,"name":"Portada","item":"https:\/\/vianala.com\/en\/"},{"@type":"ListItem","position":3,"name":"Shop","item":"https:\/\/vianala.com\/en\/shop\/"},{"@type":"ListItem","position":4,"name":"Bucket M\u00e9rida Rojo"}]},{"@type":"WebSite","@id":"https:\/\/vianala.com\/en\/#website","url":"https:\/\/vianala.com\/en\/","name":"Bolsas de piel para dama Le\u00f3n Guanajuato Vianala. Bolsos de piel para mujer, Bolsas de piel para dama precio, bolsos piel mujer, bolsos de piel mujer, bolsas de piel negra, bolsas de piel de mayoreo.","description":"Vianala","publisher":{"@id":"https:\/\/vianala.com\/en\/#organization"},"alternateName":"Vianala","potentialAction":[{"@type":"SearchAction","target":{"@type":"EntryPoint","urlTemplate":"https:\/\/vianala.com\/en\/?s={search_term_string}"},"query-input":"required name=search_term_string"}],"inLanguage":"en-US"},{"@type":"Organization","@id":"https:\/\/vianala.com\/en\/#organization","name":"Bolsas de piel para dama Le\u00f3n Guanajuato Vianala. Bolsos de piel para mujer, Bolsas de piel para dama precio, bolsos piel mujer, bolsos de piel mujer, bolsas de piel negra, bolsas de piel de mayoreo.","url":"https:\/\/vianala.com\/en\/","logo":{"@type":"ImageObject","inLanguage":"en-US","@id":"https:\/\/vianala.com\/en\/#\/schema\/logo\/image\/","url":"https:\/\/vianala.com\/wp-content\/uploads\/2022\/02\/7.-Logo-Vianala.jpg","contentUrl":"https:\/\/vianala.com\/wp-content\/uploads\/2022\/02\/7.-Logo-Vianala.jpg","width":2249,"height":2249,"caption":"Bolsas de piel para dama Le\u00f3n Guanajuato Vianala. Bolsos de piel para mujer, Bolsas de piel para dama precio, bolsos piel mujer, bolsos de piel mujer, bolsas de piel negra, bolsas de piel de mayoreo."},"image":{"@id":"https:\/\/vianala.com\/en\/#\/schema\/logo\/image\/"},"sameAs":["https:\/\/www.facebook.com\/vianalabolsas","https:\/\/www.instagram.com\/vianala_bolsas\/","https:\/\/wa.me\/5214777133305"]}]}},"_links":{"self":[{"href":"https:\/\/vianala.com\/en\/wp-json\/wp\/v2\/product\/16017"}],"collection":[{"href":"https:\/\/vianala.com\/en\/wp-json\/wp\/v2\/product"}],"about":[{"href":"https:\/\/vianala.com\/en\/wp-json\/wp\/v2\/types\/product"}],"replies":[{"embeddable":true,"href":"https:\/\/vianala.com\/en\/wp-json\/wp\/v2\/comments?post=16017"}],"wp:featuredmedia":[{"embeddable":true,"href":"https:\/\/vianala.com\/en\/wp-json\/wp\/v2\/media\/23937"}],"wp:attachment":[{"href":"https:\/\/vianala.com\/en\/wp-json\/wp\/v2\/media?parent=16017"}],"wp:term":[{"taxonomy":"product_cat","embeddable":true,"href":"https:\/\/vianala.com\/en\/wp-json\/wp\/v2\/product_cat?post=16017"},{"taxonomy":"product_tag","embeddable":true,"href":"https:\/\/vianala.com\/en\/wp-json\/wp\/v2\/product_tag?post=16017"}],"curies":[{"name":"wp","href":"https:\/\/api.w.org\/{rel}","templated":true}]}}