{"id":16264,"date":"2019-06-12T17:23:32","date_gmt":"2019-06-12T22:23:32","guid":{"rendered":"https:\/\/vianala.com\/?post_type=product&#038;p=16264"},"modified":"2025-03-10T08:50:24","modified_gmt":"2025-03-10T14:50:24","slug":"bolso-negro-bandolera-crossbody-negra-comprar-bolsos-online","status":"publish","type":"product","link":"https:\/\/vianala.com\/en\/tienda\/bolso-negro-bandolera-crossbody-negra-comprar-bolsos-online\/","title":{"rendered":"Bolso Magdalena V\u00edbora Negro"},"content":{"rendered":"<h2 style=\"text-align: right\">Crossbody Magdalena V\u00edbora Negra<\/h2>\n<p>Bolso negro bandolera crossbody negra comprar bolsos online<\/p>\n<p>Bolsa crossbody de piel, tama\u00f1o ideal para salidas. Tiene 3 compartimentos, uno con cierre y otros 2 a los extremos . Su asa larga tipo cintur\u00f3n puede ajustarse<\/p>\n<p>&nbsp;<\/p>\n<p>&nbsp;<\/p>\n","protected":false},"excerpt":{"rendered":"<p>Crossbody Magdalena V\u00edbora Negra Bolso negro bandolera crossbody negra comprar bolsos online Bolsa crossbody de piel, tama\u00f1o ideal para salidas. Tiene 3 compartimentos, uno con cierre y otros 2 a los extremos . Su asa larga tipo cintur\u00f3n puede ajustarse &nbsp; &nbsp;<\/p>\n","protected":false},"featured_media":23640,"comment_status":"open","ping_status":"closed","template":"","meta":[],"product_cat":[16,300,170,314],"product_tag":[],"yoast_head":"<!-- This site is optimized with the Yoast SEO plugin v20.3 - https:\/\/yoast.com\/wordpress\/plugins\/seo\/ -->\n<title>Bolsa crossbody bag de piel negro v\u00edbora VIANALA<\/title>\n<meta name=\"description\" content=\"Bolsa crossbody de piel, tama\u00f1o ideal para salidas. Tiene 3 compartimentos, uno con cierre y otros 2 a los extremos . Su asa larga tipo cintur\u00f3n puede ajustarse\" \/>\n<meta name=\"robots\" content=\"index, follow, max-snippet:-1, max-image-preview:large, max-video-preview:-1\" \/>\n<link rel=\"canonical\" href=\"https:\/\/vianala.com\/en\/tienda\/bolso-negro-bandolera-crossbody-negra-comprar-bolsos-online\/\" \/>\n<meta property=\"og:locale\" content=\"en_US\" \/>\n<meta property=\"og:type\" content=\"article\" \/>\n<meta property=\"og:title\" content=\"Bolsa crossbody bag de piel negro v\u00edbora VIANALA\" \/>\n<meta property=\"og:description\" content=\"Bolsa crossbody de piel, tama\u00f1o ideal para salidas. Tiene 3 compartimentos, uno con cierre y otros 2 a los extremos . Su asa larga tipo cintur\u00f3n puede ajustarse\" \/>\n<meta property=\"og:url\" content=\"https:\/\/vianala.com\/en\/tienda\/bolso-negro-bandolera-crossbody-negra-comprar-bolsos-online\/\" \/>\n<meta property=\"og:site_name\" content=\"Vianala\" \/>\n<meta property=\"article:publisher\" content=\"https:\/\/www.facebook.com\/vianalabolsas\" \/>\n<meta property=\"article:modified_time\" content=\"2025-03-10T14:50:24+00:00\" \/>\n<meta property=\"og:image\" content=\"https:\/\/vianala.com\/wp-content\/uploads\/2023\/03\/Bolso-negro-largo-1.1.jpg\" \/>\n\t<meta property=\"og:image:width\" content=\"960\" \/>\n\t<meta property=\"og:image:height\" content=\"960\" \/>\n\t<meta property=\"og:image:type\" content=\"image\/jpeg\" \/>\n<meta name=\"twitter:card\" content=\"summary_large_image\" \/>\n<meta name=\"twitter:label1\" content=\"Est. reading time\" \/>\n\t<meta name=\"twitter:data1\" content=\"1 minute\" \/>\n<script type=\"application\/ld+json\" class=\"yoast-schema-graph\">{\"@context\":\"https:\/\/schema.org\",\"@graph\":[{\"@type\":\"WebPage\",\"@id\":\"https:\/\/vianala.com\/en\/tienda\/bolso-negro-bandolera-crossbody-negra-comprar-bolsos-online\/\",\"url\":\"https:\/\/vianala.com\/en\/tienda\/bolso-negro-bandolera-crossbody-negra-comprar-bolsos-online\/\",\"name\":\"Bolsa crossbody bag de piel negro v\u00edbora VIANALA\",\"isPartOf\":{\"@id\":\"https:\/\/vianala.com\/en\/#website\"},\"datePublished\":\"2019-06-12T22:23:32+00:00\",\"dateModified\":\"2025-03-10T14:50:24+00:00\",\"description\":\"Bolsa crossbody de piel, tama\u00f1o ideal para salidas. Tiene 3 compartimentos, uno con cierre y otros 2 a los extremos . Su asa larga tipo cintur\u00f3n puede ajustarse\",\"breadcrumb\":{\"@id\":\"https:\/\/vianala.com\/en\/tienda\/bolso-negro-bandolera-crossbody-negra-comprar-bolsos-online\/#breadcrumb\"},\"inLanguage\":\"en-US\",\"potentialAction\":[{\"@type\":\"ReadAction\",\"target\":[\"https:\/\/vianala.com\/en\/tienda\/bolso-negro-bandolera-crossbody-negra-comprar-bolsos-online\/\"]}]},{\"@type\":\"BreadcrumbList\",\"@id\":\"https:\/\/vianala.com\/en\/tienda\/bolso-negro-bandolera-crossbody-negra-comprar-bolsos-online\/#breadcrumb\",\"itemListElement\":[{\"@type\":\"ListItem\",\"position\":1,\"name\":\"\",\"item\":\"https:\/\/vianala.com\/en\/\"},{\"@type\":\"ListItem\",\"position\":2,\"name\":\"Portada\",\"item\":\"https:\/\/vianala.com\/en\/\"},{\"@type\":\"ListItem\",\"position\":3,\"name\":\"Shop\",\"item\":\"https:\/\/vianala.com\/en\/shop\/\"},{\"@type\":\"ListItem\",\"position\":4,\"name\":\"Bolso Magdalena V\u00edbora Negro\"}]},{\"@type\":\"WebSite\",\"@id\":\"https:\/\/vianala.com\/en\/#website\",\"url\":\"https:\/\/vianala.com\/en\/\",\"name\":\"Bolsas de piel para dama Le\u00f3n Guanajuato Vianala. Bolsos de piel para mujer, Bolsas de piel para dama precio, bolsos piel mujer, bolsos de piel mujer, bolsas de piel negra, bolsas de piel de mayoreo.\",\"description\":\"Vianala\",\"publisher\":{\"@id\":\"https:\/\/vianala.com\/en\/#organization\"},\"alternateName\":\"Vianala\",\"potentialAction\":[{\"@type\":\"SearchAction\",\"target\":{\"@type\":\"EntryPoint\",\"urlTemplate\":\"https:\/\/vianala.com\/en\/?s={search_term_string}\"},\"query-input\":\"required name=search_term_string\"}],\"inLanguage\":\"en-US\"},{\"@type\":\"Organization\",\"@id\":\"https:\/\/vianala.com\/en\/#organization\",\"name\":\"Bolsas de piel para dama Le\u00f3n Guanajuato Vianala. Bolsos de piel para mujer, Bolsas de piel para dama precio, bolsos piel mujer, bolsos de piel mujer, bolsas de piel negra, bolsas de piel de mayoreo.\",\"url\":\"https:\/\/vianala.com\/en\/\",\"logo\":{\"@type\":\"ImageObject\",\"inLanguage\":\"en-US\",\"@id\":\"https:\/\/vianala.com\/en\/#\/schema\/logo\/image\/\",\"url\":\"https:\/\/vianala.com\/wp-content\/uploads\/2022\/02\/7.-Logo-Vianala.jpg\",\"contentUrl\":\"https:\/\/vianala.com\/wp-content\/uploads\/2022\/02\/7.-Logo-Vianala.jpg\",\"width\":2249,\"height\":2249,\"caption\":\"Bolsas de piel para dama Le\u00f3n Guanajuato Vianala. Bolsos de piel para mujer, Bolsas de piel para dama precio, bolsos piel mujer, bolsos de piel mujer, bolsas de piel negra, bolsas de piel de mayoreo.\"},\"image\":{\"@id\":\"https:\/\/vianala.com\/en\/#\/schema\/logo\/image\/\"},\"sameAs\":[\"https:\/\/www.facebook.com\/vianalabolsas\",\"https:\/\/www.instagram.com\/vianala_bolsas\/\",\"https:\/\/wa.me\/5214777133305\"]}]}<\/script>\n<!-- \/ Yoast SEO plugin. -->","yoast_head_json":{"title":"Bolsa crossbody bag de piel negro v\u00edbora VIANALA","description":"Bolsa crossbody de piel, tama\u00f1o ideal para salidas. Tiene 3 compartimentos, uno con cierre y otros 2 a los extremos . Su asa larga tipo cintur\u00f3n puede ajustarse","robots":{"index":"index","follow":"follow","max-snippet":"max-snippet:-1","max-image-preview":"max-image-preview:large","max-video-preview":"max-video-preview:-1"},"canonical":"https:\/\/vianala.com\/en\/tienda\/bolso-negro-bandolera-crossbody-negra-comprar-bolsos-online\/","og_locale":"en_US","og_type":"article","og_title":"Bolsa crossbody bag de piel negro v\u00edbora VIANALA","og_description":"Bolsa crossbody de piel, tama\u00f1o ideal para salidas. Tiene 3 compartimentos, uno con cierre y otros 2 a los extremos . Su asa larga tipo cintur\u00f3n puede ajustarse","og_url":"https:\/\/vianala.com\/en\/tienda\/bolso-negro-bandolera-crossbody-negra-comprar-bolsos-online\/","og_site_name":"Vianala","article_publisher":"https:\/\/www.facebook.com\/vianalabolsas","article_modified_time":"2025-03-10T14:50:24+00:00","og_image":[{"width":960,"height":960,"url":"https:\/\/vianala.com\/wp-content\/uploads\/2023\/03\/Bolso-negro-largo-1.1.jpg","type":"image\/jpeg"}],"twitter_card":"summary_large_image","twitter_misc":{"Est. reading time":"1 minute"},"schema":{"@context":"https:\/\/schema.org","@graph":[{"@type":"WebPage","@id":"https:\/\/vianala.com\/en\/tienda\/bolso-negro-bandolera-crossbody-negra-comprar-bolsos-online\/","url":"https:\/\/vianala.com\/en\/tienda\/bolso-negro-bandolera-crossbody-negra-comprar-bolsos-online\/","name":"Bolsa crossbody bag de piel negro v\u00edbora VIANALA","isPartOf":{"@id":"https:\/\/vianala.com\/en\/#website"},"datePublished":"2019-06-12T22:23:32+00:00","dateModified":"2025-03-10T14:50:24+00:00","description":"Bolsa crossbody de piel, tama\u00f1o ideal para salidas. Tiene 3 compartimentos, uno con cierre y otros 2 a los extremos . Su asa larga tipo cintur\u00f3n puede ajustarse","breadcrumb":{"@id":"https:\/\/vianala.com\/en\/tienda\/bolso-negro-bandolera-crossbody-negra-comprar-bolsos-online\/#breadcrumb"},"inLanguage":"en-US","potentialAction":[{"@type":"ReadAction","target":["https:\/\/vianala.com\/en\/tienda\/bolso-negro-bandolera-crossbody-negra-comprar-bolsos-online\/"]}]},{"@type":"BreadcrumbList","@id":"https:\/\/vianala.com\/en\/tienda\/bolso-negro-bandolera-crossbody-negra-comprar-bolsos-online\/#breadcrumb","itemListElement":[{"@type":"ListItem","position":1,"name":"","item":"https:\/\/vianala.com\/en\/"},{"@type":"ListItem","position":2,"name":"Portada","item":"https:\/\/vianala.com\/en\/"},{"@type":"ListItem","position":3,"name":"Shop","item":"https:\/\/vianala.com\/en\/shop\/"},{"@type":"ListItem","position":4,"name":"Bolso Magdalena V\u00edbora Negro"}]},{"@type":"WebSite","@id":"https:\/\/vianala.com\/en\/#website","url":"https:\/\/vianala.com\/en\/","name":"Bolsas de piel para dama Le\u00f3n Guanajuato Vianala. Bolsos de piel para mujer, Bolsas de piel para dama precio, bolsos piel mujer, bolsos de piel mujer, bolsas de piel negra, bolsas de piel de mayoreo.","description":"Vianala","publisher":{"@id":"https:\/\/vianala.com\/en\/#organization"},"alternateName":"Vianala","potentialAction":[{"@type":"SearchAction","target":{"@type":"EntryPoint","urlTemplate":"https:\/\/vianala.com\/en\/?s={search_term_string}"},"query-input":"required name=search_term_string"}],"inLanguage":"en-US"},{"@type":"Organization","@id":"https:\/\/vianala.com\/en\/#organization","name":"Bolsas de piel para dama Le\u00f3n Guanajuato Vianala. Bolsos de piel para mujer, Bolsas de piel para dama precio, bolsos piel mujer, bolsos de piel mujer, bolsas de piel negra, bolsas de piel de mayoreo.","url":"https:\/\/vianala.com\/en\/","logo":{"@type":"ImageObject","inLanguage":"en-US","@id":"https:\/\/vianala.com\/en\/#\/schema\/logo\/image\/","url":"https:\/\/vianala.com\/wp-content\/uploads\/2022\/02\/7.-Logo-Vianala.jpg","contentUrl":"https:\/\/vianala.com\/wp-content\/uploads\/2022\/02\/7.-Logo-Vianala.jpg","width":2249,"height":2249,"caption":"Bolsas de piel para dama Le\u00f3n Guanajuato Vianala. Bolsos de piel para mujer, Bolsas de piel para dama precio, bolsos piel mujer, bolsos de piel mujer, bolsas de piel negra, bolsas de piel de mayoreo."},"image":{"@id":"https:\/\/vianala.com\/en\/#\/schema\/logo\/image\/"},"sameAs":["https:\/\/www.facebook.com\/vianalabolsas","https:\/\/www.instagram.com\/vianala_bolsas\/","https:\/\/wa.me\/5214777133305"]}]}},"_links":{"self":[{"href":"https:\/\/vianala.com\/en\/wp-json\/wp\/v2\/product\/16264"}],"collection":[{"href":"https:\/\/vianala.com\/en\/wp-json\/wp\/v2\/product"}],"about":[{"href":"https:\/\/vianala.com\/en\/wp-json\/wp\/v2\/types\/product"}],"replies":[{"embeddable":true,"href":"https:\/\/vianala.com\/en\/wp-json\/wp\/v2\/comments?post=16264"}],"wp:featuredmedia":[{"embeddable":true,"href":"https:\/\/vianala.com\/en\/wp-json\/wp\/v2\/media\/23640"}],"wp:attachment":[{"href":"https:\/\/vianala.com\/en\/wp-json\/wp\/v2\/media?parent=16264"}],"wp:term":[{"taxonomy":"product_cat","embeddable":true,"href":"https:\/\/vianala.com\/en\/wp-json\/wp\/v2\/product_cat?post=16264"},{"taxonomy":"product_tag","embeddable":true,"href":"https:\/\/vianala.com\/en\/wp-json\/wp\/v2\/product_tag?post=16264"}],"curies":[{"name":"wp","href":"https:\/\/api.w.org\/{rel}","templated":true}]}}