{"id":16817,"date":"2019-10-15T09:50:27","date_gmt":"2019-10-15T14:50:27","guid":{"rendered":"https:\/\/vianala.com\/?post_type=product&#038;p=16817"},"modified":"2026-04-08T10:55:44","modified_gmt":"2026-04-08T15:55:44","slug":"bolsa-de-mano-mujer-con-doble-asa","status":"publish","type":"product","link":"https:\/\/vianala.com\/en\/tienda\/bolsa-de-mano-mujer-con-doble-asa\/","title":{"rendered":"Bolsa de mano Cadereyta Negro"},"content":{"rendered":"<h2>Bolsa de mano Cadereyta Negro<\/h2>\n<p style=\"text-align: right\">Bolsa de mano mujer con doble asa<\/p>\n<p style=\"text-align: left\">Tu compa\u00f1era perfecta para el d\u00eda a d\u00eda. Ideal para complementar tu outfit cl\u00e1sico de oficina, as\u00ed como para darle un toque elegante a tu atuendo casual. Sin importar si eres una persona de negocios, alguien con un trabajo art\u00edstico o dedicas tus d\u00edas a cuidar peque\u00f1os, esta bolsa te permitir\u00e1 realizar tus actividades sin perder el estilo.<\/p>\n<p>&nbsp;<\/p>\n<p style=\"text-align: left\">Tiene todos los elementos para ser tu fiel acompa\u00f1ante del diario. Cuenta con una doble asa para portarla a la altura de la mano o sobre el antebrazo, y con un asa larga que te da libertad de movimiento. Al interior tiene tres compartimentos, de los cuales uno lleva cierre para darte mayor seguridad.<\/p>\n<p>Conoce m\u00e1s modelos dando click <a href=\"https:\/\/www.vianala.com\/\">aqu\u00ed\u00a0<\/a><\/p>\n<h2 style=\"text-align: right\">Bolsa de mano Cadereyta Negro<\/h2>\n","protected":false},"excerpt":{"rendered":"<p>Bolsa de mano Cadereyta Negro Bolsa de mano mujer con doble asa Tu compa\u00f1era perfecta para el d\u00eda a d\u00eda. Ideal para complementar tu outfit cl\u00e1sico de oficina, as\u00ed como para darle un toque elegante a tu atuendo casual. Sin importar si eres una persona de negocios, alguien con un trabajo art\u00edstico o dedicas tus [&hellip;]<\/p>\n","protected":false},"featured_media":23630,"comment_status":"open","ping_status":"closed","template":"","meta":[],"product_cat":[300,305],"product_tag":[],"yoast_head":"<!-- This site is optimized with the Yoast SEO plugin v20.3 - https:\/\/yoast.com\/wordpress\/plugins\/seo\/ -->\n<title>Bolsa de mano de piel para mujer doble asa color negro VIANALA<\/title>\n<meta name=\"description\" content=\"Tu compa\u00f1era perfecta para el d\u00eda a d\u00eda. Ideal para complementar tu outfit cl\u00e1sico de oficina, as\u00ed como para darle un toque elegante a tu atuendo casual. Sin importar si eres una persona de negocios, alguien con un trabajo art\u00edstico o dedicas tus d\u00edas a cuidar peque\u00f1os, esta bolsa te permitir\u00e1 realizar tus actividades sin perder el estilo.\" \/>\n<meta name=\"robots\" content=\"index, follow, max-snippet:-1, max-image-preview:large, max-video-preview:-1\" \/>\n<link rel=\"canonical\" href=\"https:\/\/vianala.com\/en\/tienda\/bolsa-de-mano-mujer-con-doble-asa\/\" \/>\n<meta property=\"og:locale\" content=\"en_US\" \/>\n<meta property=\"og:type\" content=\"article\" \/>\n<meta property=\"og:title\" content=\"Bolsa de mano de piel para mujer doble asa color negro VIANALA\" \/>\n<meta property=\"og:description\" content=\"Tu compa\u00f1era perfecta para el d\u00eda a d\u00eda. Ideal para complementar tu outfit cl\u00e1sico de oficina, as\u00ed como para darle un toque elegante a tu atuendo casual. Sin importar si eres una persona de negocios, alguien con un trabajo art\u00edstico o dedicas tus d\u00edas a cuidar peque\u00f1os, esta bolsa te permitir\u00e1 realizar tus actividades sin perder el estilo.\" \/>\n<meta property=\"og:url\" content=\"https:\/\/vianala.com\/en\/tienda\/bolsa-de-mano-mujer-con-doble-asa\/\" \/>\n<meta property=\"og:site_name\" content=\"Vianala\" \/>\n<meta property=\"article:publisher\" content=\"https:\/\/www.facebook.com\/vianalabolsas\" \/>\n<meta property=\"article:modified_time\" content=\"2026-04-08T15:55:44+00:00\" \/>\n<meta property=\"og:image\" content=\"https:\/\/vianala.com\/wp-content\/uploads\/2019\/10\/743_NEGRO_1.jpg\" \/>\n\t<meta property=\"og:image:width\" content=\"960\" \/>\n\t<meta property=\"og:image:height\" content=\"960\" \/>\n\t<meta property=\"og:image:type\" content=\"image\/jpeg\" \/>\n<meta name=\"twitter:card\" content=\"summary_large_image\" \/>\n<meta name=\"twitter:label1\" content=\"Est. reading time\" \/>\n\t<meta name=\"twitter:data1\" content=\"1 minute\" \/>\n<script type=\"application\/ld+json\" class=\"yoast-schema-graph\">{\"@context\":\"https:\/\/schema.org\",\"@graph\":[{\"@type\":\"WebPage\",\"@id\":\"https:\/\/vianala.com\/en\/tienda\/bolsa-de-mano-mujer-con-doble-asa\/\",\"url\":\"https:\/\/vianala.com\/en\/tienda\/bolsa-de-mano-mujer-con-doble-asa\/\",\"name\":\"Bolsa de mano de piel para mujer doble asa color negro VIANALA\",\"isPartOf\":{\"@id\":\"https:\/\/vianala.com\/en\/#website\"},\"datePublished\":\"2019-10-15T14:50:27+00:00\",\"dateModified\":\"2026-04-08T15:55:44+00:00\",\"description\":\"Tu compa\u00f1era perfecta para el d\u00eda a d\u00eda. Ideal para complementar tu outfit cl\u00e1sico de oficina, as\u00ed como para darle un toque elegante a tu atuendo casual. Sin importar si eres una persona de negocios, alguien con un trabajo art\u00edstico o dedicas tus d\u00edas a cuidar peque\u00f1os, esta bolsa te permitir\u00e1 realizar tus actividades sin perder el estilo.\",\"breadcrumb\":{\"@id\":\"https:\/\/vianala.com\/en\/tienda\/bolsa-de-mano-mujer-con-doble-asa\/#breadcrumb\"},\"inLanguage\":\"en-US\",\"potentialAction\":[{\"@type\":\"ReadAction\",\"target\":[\"https:\/\/vianala.com\/en\/tienda\/bolsa-de-mano-mujer-con-doble-asa\/\"]}]},{\"@type\":\"BreadcrumbList\",\"@id\":\"https:\/\/vianala.com\/en\/tienda\/bolsa-de-mano-mujer-con-doble-asa\/#breadcrumb\",\"itemListElement\":[{\"@type\":\"ListItem\",\"position\":1,\"name\":\"\",\"item\":\"https:\/\/vianala.com\/en\/\"},{\"@type\":\"ListItem\",\"position\":2,\"name\":\"Portada\",\"item\":\"https:\/\/vianala.com\/en\/\"},{\"@type\":\"ListItem\",\"position\":3,\"name\":\"Shop\",\"item\":\"https:\/\/vianala.com\/en\/shop\/\"},{\"@type\":\"ListItem\",\"position\":4,\"name\":\"Bolsa de mano Cadereyta Negro\"}]},{\"@type\":\"WebSite\",\"@id\":\"https:\/\/vianala.com\/en\/#website\",\"url\":\"https:\/\/vianala.com\/en\/\",\"name\":\"Bolsas de piel para dama Le\u00f3n Guanajuato Vianala. Bolsos de piel para mujer, Bolsas de piel para dama precio, bolsos piel mujer, bolsos de piel mujer, bolsas de piel negra, bolsas de piel de mayoreo.\",\"description\":\"Vianala\",\"publisher\":{\"@id\":\"https:\/\/vianala.com\/en\/#organization\"},\"alternateName\":\"Vianala\",\"potentialAction\":[{\"@type\":\"SearchAction\",\"target\":{\"@type\":\"EntryPoint\",\"urlTemplate\":\"https:\/\/vianala.com\/en\/?s={search_term_string}\"},\"query-input\":\"required name=search_term_string\"}],\"inLanguage\":\"en-US\"},{\"@type\":\"Organization\",\"@id\":\"https:\/\/vianala.com\/en\/#organization\",\"name\":\"Bolsas de piel para dama Le\u00f3n Guanajuato Vianala. Bolsos de piel para mujer, Bolsas de piel para dama precio, bolsos piel mujer, bolsos de piel mujer, bolsas de piel negra, bolsas de piel de mayoreo.\",\"url\":\"https:\/\/vianala.com\/en\/\",\"logo\":{\"@type\":\"ImageObject\",\"inLanguage\":\"en-US\",\"@id\":\"https:\/\/vianala.com\/en\/#\/schema\/logo\/image\/\",\"url\":\"https:\/\/vianala.com\/wp-content\/uploads\/2022\/02\/7.-Logo-Vianala.jpg\",\"contentUrl\":\"https:\/\/vianala.com\/wp-content\/uploads\/2022\/02\/7.-Logo-Vianala.jpg\",\"width\":2249,\"height\":2249,\"caption\":\"Bolsas de piel para dama Le\u00f3n Guanajuato Vianala. Bolsos de piel para mujer, Bolsas de piel para dama precio, bolsos piel mujer, bolsos de piel mujer, bolsas de piel negra, bolsas de piel de mayoreo.\"},\"image\":{\"@id\":\"https:\/\/vianala.com\/en\/#\/schema\/logo\/image\/\"},\"sameAs\":[\"https:\/\/www.facebook.com\/vianalabolsas\",\"https:\/\/www.instagram.com\/vianala_bolsas\/\",\"https:\/\/wa.me\/5214777133305\"]}]}<\/script>\n<!-- \/ Yoast SEO plugin. -->","yoast_head_json":{"title":"Bolsa de mano de piel para mujer doble asa color negro VIANALA","description":"Tu compa\u00f1era perfecta para el d\u00eda a d\u00eda. Ideal para complementar tu outfit cl\u00e1sico de oficina, as\u00ed como para darle un toque elegante a tu atuendo casual. Sin importar si eres una persona de negocios, alguien con un trabajo art\u00edstico o dedicas tus d\u00edas a cuidar peque\u00f1os, esta bolsa te permitir\u00e1 realizar tus actividades sin perder el estilo.","robots":{"index":"index","follow":"follow","max-snippet":"max-snippet:-1","max-image-preview":"max-image-preview:large","max-video-preview":"max-video-preview:-1"},"canonical":"https:\/\/vianala.com\/en\/tienda\/bolsa-de-mano-mujer-con-doble-asa\/","og_locale":"en_US","og_type":"article","og_title":"Bolsa de mano de piel para mujer doble asa color negro VIANALA","og_description":"Tu compa\u00f1era perfecta para el d\u00eda a d\u00eda. Ideal para complementar tu outfit cl\u00e1sico de oficina, as\u00ed como para darle un toque elegante a tu atuendo casual. Sin importar si eres una persona de negocios, alguien con un trabajo art\u00edstico o dedicas tus d\u00edas a cuidar peque\u00f1os, esta bolsa te permitir\u00e1 realizar tus actividades sin perder el estilo.","og_url":"https:\/\/vianala.com\/en\/tienda\/bolsa-de-mano-mujer-con-doble-asa\/","og_site_name":"Vianala","article_publisher":"https:\/\/www.facebook.com\/vianalabolsas","article_modified_time":"2026-04-08T15:55:44+00:00","og_image":[{"width":960,"height":960,"url":"https:\/\/vianala.com\/wp-content\/uploads\/2019\/10\/743_NEGRO_1.jpg","type":"image\/jpeg"}],"twitter_card":"summary_large_image","twitter_misc":{"Est. reading time":"1 minute"},"schema":{"@context":"https:\/\/schema.org","@graph":[{"@type":"WebPage","@id":"https:\/\/vianala.com\/en\/tienda\/bolsa-de-mano-mujer-con-doble-asa\/","url":"https:\/\/vianala.com\/en\/tienda\/bolsa-de-mano-mujer-con-doble-asa\/","name":"Bolsa de mano de piel para mujer doble asa color negro VIANALA","isPartOf":{"@id":"https:\/\/vianala.com\/en\/#website"},"datePublished":"2019-10-15T14:50:27+00:00","dateModified":"2026-04-08T15:55:44+00:00","description":"Tu compa\u00f1era perfecta para el d\u00eda a d\u00eda. Ideal para complementar tu outfit cl\u00e1sico de oficina, as\u00ed como para darle un toque elegante a tu atuendo casual. Sin importar si eres una persona de negocios, alguien con un trabajo art\u00edstico o dedicas tus d\u00edas a cuidar peque\u00f1os, esta bolsa te permitir\u00e1 realizar tus actividades sin perder el estilo.","breadcrumb":{"@id":"https:\/\/vianala.com\/en\/tienda\/bolsa-de-mano-mujer-con-doble-asa\/#breadcrumb"},"inLanguage":"en-US","potentialAction":[{"@type":"ReadAction","target":["https:\/\/vianala.com\/en\/tienda\/bolsa-de-mano-mujer-con-doble-asa\/"]}]},{"@type":"BreadcrumbList","@id":"https:\/\/vianala.com\/en\/tienda\/bolsa-de-mano-mujer-con-doble-asa\/#breadcrumb","itemListElement":[{"@type":"ListItem","position":1,"name":"","item":"https:\/\/vianala.com\/en\/"},{"@type":"ListItem","position":2,"name":"Portada","item":"https:\/\/vianala.com\/en\/"},{"@type":"ListItem","position":3,"name":"Shop","item":"https:\/\/vianala.com\/en\/shop\/"},{"@type":"ListItem","position":4,"name":"Bolsa de mano Cadereyta Negro"}]},{"@type":"WebSite","@id":"https:\/\/vianala.com\/en\/#website","url":"https:\/\/vianala.com\/en\/","name":"Bolsas de piel para dama Le\u00f3n Guanajuato Vianala. Bolsos de piel para mujer, Bolsas de piel para dama precio, bolsos piel mujer, bolsos de piel mujer, bolsas de piel negra, bolsas de piel de mayoreo.","description":"Vianala","publisher":{"@id":"https:\/\/vianala.com\/en\/#organization"},"alternateName":"Vianala","potentialAction":[{"@type":"SearchAction","target":{"@type":"EntryPoint","urlTemplate":"https:\/\/vianala.com\/en\/?s={search_term_string}"},"query-input":"required name=search_term_string"}],"inLanguage":"en-US"},{"@type":"Organization","@id":"https:\/\/vianala.com\/en\/#organization","name":"Bolsas de piel para dama Le\u00f3n Guanajuato Vianala. Bolsos de piel para mujer, Bolsas de piel para dama precio, bolsos piel mujer, bolsos de piel mujer, bolsas de piel negra, bolsas de piel de mayoreo.","url":"https:\/\/vianala.com\/en\/","logo":{"@type":"ImageObject","inLanguage":"en-US","@id":"https:\/\/vianala.com\/en\/#\/schema\/logo\/image\/","url":"https:\/\/vianala.com\/wp-content\/uploads\/2022\/02\/7.-Logo-Vianala.jpg","contentUrl":"https:\/\/vianala.com\/wp-content\/uploads\/2022\/02\/7.-Logo-Vianala.jpg","width":2249,"height":2249,"caption":"Bolsas de piel para dama Le\u00f3n Guanajuato Vianala. Bolsos de piel para mujer, Bolsas de piel para dama precio, bolsos piel mujer, bolsos de piel mujer, bolsas de piel negra, bolsas de piel de mayoreo."},"image":{"@id":"https:\/\/vianala.com\/en\/#\/schema\/logo\/image\/"},"sameAs":["https:\/\/www.facebook.com\/vianalabolsas","https:\/\/www.instagram.com\/vianala_bolsas\/","https:\/\/wa.me\/5214777133305"]}]}},"_links":{"self":[{"href":"https:\/\/vianala.com\/en\/wp-json\/wp\/v2\/product\/16817"}],"collection":[{"href":"https:\/\/vianala.com\/en\/wp-json\/wp\/v2\/product"}],"about":[{"href":"https:\/\/vianala.com\/en\/wp-json\/wp\/v2\/types\/product"}],"replies":[{"embeddable":true,"href":"https:\/\/vianala.com\/en\/wp-json\/wp\/v2\/comments?post=16817"}],"wp:featuredmedia":[{"embeddable":true,"href":"https:\/\/vianala.com\/en\/wp-json\/wp\/v2\/media\/23630"}],"wp:attachment":[{"href":"https:\/\/vianala.com\/en\/wp-json\/wp\/v2\/media?parent=16817"}],"wp:term":[{"taxonomy":"product_cat","embeddable":true,"href":"https:\/\/vianala.com\/en\/wp-json\/wp\/v2\/product_cat?post=16817"},{"taxonomy":"product_tag","embeddable":true,"href":"https:\/\/vianala.com\/en\/wp-json\/wp\/v2\/product_tag?post=16817"}],"curies":[{"name":"wp","href":"https:\/\/api.w.org\/{rel}","templated":true}]}}