{"id":17659,"date":"2020-03-03T16:51:11","date_gmt":"2020-03-03T22:51:11","guid":{"rendered":"https:\/\/vianala.com\/?post_type=product&#038;p=17659"},"modified":"2026-04-17T17:54:46","modified_gmt":"2026-04-17T22:54:46","slug":"bolsa-de-piel-tote-cafe","status":"publish","type":"product","link":"https:\/\/vianala.com\/en\/tienda\/bolsa-de-piel-tote-cafe\/","title":{"rendered":"Tote Mazunte Avellana"},"content":{"rendered":"<h2 style=\"text-align: left\" align=\"right\">Tote Mazunte Avellana<\/h2>\n<p>Los modelos tote, como la bolsa Mazunte caf\u00e9 se caracterizan por ser los m\u00e1s conocidos y tradicionales en la moda de las bolsas, adem\u00e1s de asegurarte un estilo \u00fanico para cualquier outfit que decidas usar en tu d\u00eda. Es la compa\u00f1era perfecta para un d\u00eda en el que no regresar\u00e1s pronto a casa, pues en \u00e9l cabe todo lo necesario para la batalla del d\u00eda a d\u00eda.<\/p>\n<p>La bolsa tote est\u00e1 dise\u00f1ada para adaptarse a ti. Puedes usar sus dos asas cortas, o montar y ajustar el asa larga que incluye para que la lleves al hombro, o la conviertas en una crossbody. En el interior tiene espacio m\u00e1s que suficiente para lo que necesites, y cuenta con una bolsa con cierre que te dar\u00e1 mayor seguridad.<\/p>\n<h2 style=\"text-align: right\" align=\"right\">Tote Mazunte Avellana<\/h2>\n<p>Ver todas nuestras Tote <a href=\"https:\/\/www.vianala.com\/catalogo\/bolsas\/comprar-bolsos-por-internet\/\">aqu\u00ed<\/a><\/p>\n","protected":false},"excerpt":{"rendered":"<p>Tote Mazunte Avellana Los modelos tote, como la bolsa Mazunte caf\u00e9 se caracterizan por ser los m\u00e1s conocidos y tradicionales en la moda de las bolsas, adem\u00e1s de asegurarte un estilo \u00fanico para cualquier outfit que decidas usar en tu d\u00eda. Es la compa\u00f1era perfecta para un d\u00eda en el que no regresar\u00e1s pronto a [&hellip;]<\/p>\n","protected":false},"featured_media":23848,"comment_status":"open","ping_status":"closed","template":"","meta":[],"product_cat":[300,387,302],"product_tag":[],"yoast_head":"<!-- This site is optimized with the Yoast SEO plugin v20.3 - https:\/\/yoast.com\/wordpress\/plugins\/seo\/ -->\n<title>Tote Mazunte Avellana - Vianala<\/title>\n<meta name=\"description\" content=\"Los modelos tote, como la bolsa Mazunte caf\u00e9 se caracterizan por ser los m\u00e1s conocidos y tradicionales en la moda de las bolsas, adem\u00e1s de asegurarte un estilo \u00fanico para cualquier outfit que decidas usar en tu d\u00eda. Es la compa\u00f1era perfecta para un d\u00eda en el que no regresar\u00e1s pronto a casa, pues en \u00e9l cabe todo lo necesario para la batalla del d\u00eda a d\u00eda.\" \/>\n<meta name=\"robots\" content=\"index, follow, max-snippet:-1, max-image-preview:large, max-video-preview:-1\" \/>\n<link rel=\"canonical\" href=\"https:\/\/vianala.com\/en\/tienda\/bolsa-de-piel-tote-cafe\/\" \/>\n<meta property=\"og:locale\" content=\"en_US\" \/>\n<meta property=\"og:type\" content=\"article\" \/>\n<meta property=\"og:title\" content=\"Tote Mazunte Avellana - Vianala\" \/>\n<meta property=\"og:description\" content=\"Los modelos tote, como la bolsa Mazunte caf\u00e9 se caracterizan por ser los m\u00e1s conocidos y tradicionales en la moda de las bolsas, adem\u00e1s de asegurarte un estilo \u00fanico para cualquier outfit que decidas usar en tu d\u00eda. Es la compa\u00f1era perfecta para un d\u00eda en el que no regresar\u00e1s pronto a casa, pues en \u00e9l cabe todo lo necesario para la batalla del d\u00eda a d\u00eda.\" \/>\n<meta property=\"og:url\" content=\"https:\/\/vianala.com\/en\/tienda\/bolsa-de-piel-tote-cafe\/\" \/>\n<meta property=\"og:site_name\" content=\"Vianala\" \/>\n<meta property=\"article:publisher\" content=\"https:\/\/www.facebook.com\/vianalabolsas\" \/>\n<meta property=\"article:modified_time\" content=\"2026-04-17T22:54:46+00:00\" \/>\n<meta property=\"og:image\" content=\"https:\/\/vianala.com\/wp-content\/uploads\/2020\/03\/BOLSA_CAFE-MATE_ABR20_1.jpg\" \/>\n\t<meta property=\"og:image:width\" content=\"960\" \/>\n\t<meta property=\"og:image:height\" content=\"960\" \/>\n\t<meta property=\"og:image:type\" content=\"image\/jpeg\" \/>\n<meta name=\"twitter:card\" content=\"summary_large_image\" \/>\n<meta name=\"twitter:label1\" content=\"Est. reading time\" \/>\n\t<meta name=\"twitter:data1\" content=\"1 minute\" \/>\n<script type=\"application\/ld+json\" class=\"yoast-schema-graph\">{\"@context\":\"https:\/\/schema.org\",\"@graph\":[{\"@type\":\"WebPage\",\"@id\":\"https:\/\/vianala.com\/en\/tienda\/bolsa-de-piel-tote-cafe\/\",\"url\":\"https:\/\/vianala.com\/en\/tienda\/bolsa-de-piel-tote-cafe\/\",\"name\":\"Tote Mazunte Avellana - Vianala\",\"isPartOf\":{\"@id\":\"https:\/\/vianala.com\/en\/#website\"},\"datePublished\":\"2020-03-03T22:51:11+00:00\",\"dateModified\":\"2026-04-17T22:54:46+00:00\",\"description\":\"Los modelos tote, como la bolsa Mazunte caf\u00e9 se caracterizan por ser los m\u00e1s conocidos y tradicionales en la moda de las bolsas, adem\u00e1s de asegurarte un estilo \u00fanico para cualquier outfit que decidas usar en tu d\u00eda. Es la compa\u00f1era perfecta para un d\u00eda en el que no regresar\u00e1s pronto a casa, pues en \u00e9l cabe todo lo necesario para la batalla del d\u00eda a d\u00eda.\",\"breadcrumb\":{\"@id\":\"https:\/\/vianala.com\/en\/tienda\/bolsa-de-piel-tote-cafe\/#breadcrumb\"},\"inLanguage\":\"en-US\",\"potentialAction\":[{\"@type\":\"ReadAction\",\"target\":[\"https:\/\/vianala.com\/en\/tienda\/bolsa-de-piel-tote-cafe\/\"]}]},{\"@type\":\"BreadcrumbList\",\"@id\":\"https:\/\/vianala.com\/en\/tienda\/bolsa-de-piel-tote-cafe\/#breadcrumb\",\"itemListElement\":[{\"@type\":\"ListItem\",\"position\":1,\"name\":\"\",\"item\":\"https:\/\/vianala.com\/en\/\"},{\"@type\":\"ListItem\",\"position\":2,\"name\":\"Portada\",\"item\":\"https:\/\/vianala.com\/en\/\"},{\"@type\":\"ListItem\",\"position\":3,\"name\":\"Shop\",\"item\":\"https:\/\/vianala.com\/en\/shop\/\"},{\"@type\":\"ListItem\",\"position\":4,\"name\":\"Tote Mazunte Avellana\"}]},{\"@type\":\"WebSite\",\"@id\":\"https:\/\/vianala.com\/en\/#website\",\"url\":\"https:\/\/vianala.com\/en\/\",\"name\":\"Bolsas de piel para dama Le\u00f3n Guanajuato Vianala. Bolsos de piel para mujer, Bolsas de piel para dama precio, bolsos piel mujer, bolsos de piel mujer, bolsas de piel negra, bolsas de piel de mayoreo.\",\"description\":\"Vianala\",\"publisher\":{\"@id\":\"https:\/\/vianala.com\/en\/#organization\"},\"alternateName\":\"Vianala\",\"potentialAction\":[{\"@type\":\"SearchAction\",\"target\":{\"@type\":\"EntryPoint\",\"urlTemplate\":\"https:\/\/vianala.com\/en\/?s={search_term_string}\"},\"query-input\":\"required name=search_term_string\"}],\"inLanguage\":\"en-US\"},{\"@type\":\"Organization\",\"@id\":\"https:\/\/vianala.com\/en\/#organization\",\"name\":\"Bolsas de piel para dama Le\u00f3n Guanajuato Vianala. Bolsos de piel para mujer, Bolsas de piel para dama precio, bolsos piel mujer, bolsos de piel mujer, bolsas de piel negra, bolsas de piel de mayoreo.\",\"url\":\"https:\/\/vianala.com\/en\/\",\"logo\":{\"@type\":\"ImageObject\",\"inLanguage\":\"en-US\",\"@id\":\"https:\/\/vianala.com\/en\/#\/schema\/logo\/image\/\",\"url\":\"https:\/\/vianala.com\/wp-content\/uploads\/2022\/02\/7.-Logo-Vianala.jpg\",\"contentUrl\":\"https:\/\/vianala.com\/wp-content\/uploads\/2022\/02\/7.-Logo-Vianala.jpg\",\"width\":2249,\"height\":2249,\"caption\":\"Bolsas de piel para dama Le\u00f3n Guanajuato Vianala. Bolsos de piel para mujer, Bolsas de piel para dama precio, bolsos piel mujer, bolsos de piel mujer, bolsas de piel negra, bolsas de piel de mayoreo.\"},\"image\":{\"@id\":\"https:\/\/vianala.com\/en\/#\/schema\/logo\/image\/\"},\"sameAs\":[\"https:\/\/www.facebook.com\/vianalabolsas\",\"https:\/\/www.instagram.com\/vianala_bolsas\/\",\"https:\/\/wa.me\/5214777133305\"]}]}<\/script>\n<!-- \/ Yoast SEO plugin. -->","yoast_head_json":{"title":"Tote Mazunte Avellana - Vianala","description":"Los modelos tote, como la bolsa Mazunte caf\u00e9 se caracterizan por ser los m\u00e1s conocidos y tradicionales en la moda de las bolsas, adem\u00e1s de asegurarte un estilo \u00fanico para cualquier outfit que decidas usar en tu d\u00eda. Es la compa\u00f1era perfecta para un d\u00eda en el que no regresar\u00e1s pronto a casa, pues en \u00e9l cabe todo lo necesario para la batalla del d\u00eda a d\u00eda.","robots":{"index":"index","follow":"follow","max-snippet":"max-snippet:-1","max-image-preview":"max-image-preview:large","max-video-preview":"max-video-preview:-1"},"canonical":"https:\/\/vianala.com\/en\/tienda\/bolsa-de-piel-tote-cafe\/","og_locale":"en_US","og_type":"article","og_title":"Tote Mazunte Avellana - Vianala","og_description":"Los modelos tote, como la bolsa Mazunte caf\u00e9 se caracterizan por ser los m\u00e1s conocidos y tradicionales en la moda de las bolsas, adem\u00e1s de asegurarte un estilo \u00fanico para cualquier outfit que decidas usar en tu d\u00eda. Es la compa\u00f1era perfecta para un d\u00eda en el que no regresar\u00e1s pronto a casa, pues en \u00e9l cabe todo lo necesario para la batalla del d\u00eda a d\u00eda.","og_url":"https:\/\/vianala.com\/en\/tienda\/bolsa-de-piel-tote-cafe\/","og_site_name":"Vianala","article_publisher":"https:\/\/www.facebook.com\/vianalabolsas","article_modified_time":"2026-04-17T22:54:46+00:00","og_image":[{"width":960,"height":960,"url":"https:\/\/vianala.com\/wp-content\/uploads\/2020\/03\/BOLSA_CAFE-MATE_ABR20_1.jpg","type":"image\/jpeg"}],"twitter_card":"summary_large_image","twitter_misc":{"Est. reading time":"1 minute"},"schema":{"@context":"https:\/\/schema.org","@graph":[{"@type":"WebPage","@id":"https:\/\/vianala.com\/en\/tienda\/bolsa-de-piel-tote-cafe\/","url":"https:\/\/vianala.com\/en\/tienda\/bolsa-de-piel-tote-cafe\/","name":"Tote Mazunte Avellana - Vianala","isPartOf":{"@id":"https:\/\/vianala.com\/en\/#website"},"datePublished":"2020-03-03T22:51:11+00:00","dateModified":"2026-04-17T22:54:46+00:00","description":"Los modelos tote, como la bolsa Mazunte caf\u00e9 se caracterizan por ser los m\u00e1s conocidos y tradicionales en la moda de las bolsas, adem\u00e1s de asegurarte un estilo \u00fanico para cualquier outfit que decidas usar en tu d\u00eda. Es la compa\u00f1era perfecta para un d\u00eda en el que no regresar\u00e1s pronto a casa, pues en \u00e9l cabe todo lo necesario para la batalla del d\u00eda a d\u00eda.","breadcrumb":{"@id":"https:\/\/vianala.com\/en\/tienda\/bolsa-de-piel-tote-cafe\/#breadcrumb"},"inLanguage":"en-US","potentialAction":[{"@type":"ReadAction","target":["https:\/\/vianala.com\/en\/tienda\/bolsa-de-piel-tote-cafe\/"]}]},{"@type":"BreadcrumbList","@id":"https:\/\/vianala.com\/en\/tienda\/bolsa-de-piel-tote-cafe\/#breadcrumb","itemListElement":[{"@type":"ListItem","position":1,"name":"","item":"https:\/\/vianala.com\/en\/"},{"@type":"ListItem","position":2,"name":"Portada","item":"https:\/\/vianala.com\/en\/"},{"@type":"ListItem","position":3,"name":"Shop","item":"https:\/\/vianala.com\/en\/shop\/"},{"@type":"ListItem","position":4,"name":"Tote Mazunte Avellana"}]},{"@type":"WebSite","@id":"https:\/\/vianala.com\/en\/#website","url":"https:\/\/vianala.com\/en\/","name":"Bolsas de piel para dama Le\u00f3n Guanajuato Vianala. Bolsos de piel para mujer, Bolsas de piel para dama precio, bolsos piel mujer, bolsos de piel mujer, bolsas de piel negra, bolsas de piel de mayoreo.","description":"Vianala","publisher":{"@id":"https:\/\/vianala.com\/en\/#organization"},"alternateName":"Vianala","potentialAction":[{"@type":"SearchAction","target":{"@type":"EntryPoint","urlTemplate":"https:\/\/vianala.com\/en\/?s={search_term_string}"},"query-input":"required name=search_term_string"}],"inLanguage":"en-US"},{"@type":"Organization","@id":"https:\/\/vianala.com\/en\/#organization","name":"Bolsas de piel para dama Le\u00f3n Guanajuato Vianala. Bolsos de piel para mujer, Bolsas de piel para dama precio, bolsos piel mujer, bolsos de piel mujer, bolsas de piel negra, bolsas de piel de mayoreo.","url":"https:\/\/vianala.com\/en\/","logo":{"@type":"ImageObject","inLanguage":"en-US","@id":"https:\/\/vianala.com\/en\/#\/schema\/logo\/image\/","url":"https:\/\/vianala.com\/wp-content\/uploads\/2022\/02\/7.-Logo-Vianala.jpg","contentUrl":"https:\/\/vianala.com\/wp-content\/uploads\/2022\/02\/7.-Logo-Vianala.jpg","width":2249,"height":2249,"caption":"Bolsas de piel para dama Le\u00f3n Guanajuato Vianala. Bolsos de piel para mujer, Bolsas de piel para dama precio, bolsos piel mujer, bolsos de piel mujer, bolsas de piel negra, bolsas de piel de mayoreo."},"image":{"@id":"https:\/\/vianala.com\/en\/#\/schema\/logo\/image\/"},"sameAs":["https:\/\/www.facebook.com\/vianalabolsas","https:\/\/www.instagram.com\/vianala_bolsas\/","https:\/\/wa.me\/5214777133305"]}]}},"_links":{"self":[{"href":"https:\/\/vianala.com\/en\/wp-json\/wp\/v2\/product\/17659"}],"collection":[{"href":"https:\/\/vianala.com\/en\/wp-json\/wp\/v2\/product"}],"about":[{"href":"https:\/\/vianala.com\/en\/wp-json\/wp\/v2\/types\/product"}],"replies":[{"embeddable":true,"href":"https:\/\/vianala.com\/en\/wp-json\/wp\/v2\/comments?post=17659"}],"wp:featuredmedia":[{"embeddable":true,"href":"https:\/\/vianala.com\/en\/wp-json\/wp\/v2\/media\/23848"}],"wp:attachment":[{"href":"https:\/\/vianala.com\/en\/wp-json\/wp\/v2\/media?parent=17659"}],"wp:term":[{"taxonomy":"product_cat","embeddable":true,"href":"https:\/\/vianala.com\/en\/wp-json\/wp\/v2\/product_cat?post=17659"},{"taxonomy":"product_tag","embeddable":true,"href":"https:\/\/vianala.com\/en\/wp-json\/wp\/v2\/product_tag?post=17659"}],"curies":[{"name":"wp","href":"https:\/\/api.w.org\/{rel}","templated":true}]}}