{"id":17660,"date":"2020-04-20T15:46:16","date_gmt":"2020-04-20T20:46:16","guid":{"rendered":"https:\/\/vianala.com\/?post_type=product&#038;p=17660"},"modified":"2026-04-22T14:11:46","modified_gmt":"2026-04-22T19:11:46","slug":"bolsa-roja-de-piel-para-mujer","status":"publish","type":"product","link":"https:\/\/vianala.com\/en\/tienda\/bolsa-roja-de-piel-para-mujer\/","title":{"rendered":"Tote Mazunte Roja"},"content":{"rendered":"<h2 style=\"text-align: left\" align=\"right\">Tote Mazunte Roja<\/h2>\n<p>Los modelos de bolsa tote se caracterizan por ser los m\u00e1s conocidos y tradicionales en la moda de las bolsas, adem\u00e1s de asegurarte un estilo \u00fanico para cualquier outfit que decidas usar en tu d\u00eda. Es la compa\u00f1era perfecta para un d\u00eda en el que no regresar\u00e1s pronto a casa, pues en \u00e9l cabe todo lo necesario para la batalla del d\u00eda a d\u00eda.<\/p>\n<p>Nuestra tote de colecci\u00f3n cuenta con dos asas cortas y una asa larga ajustable y desmontable para mayor comodidad. Al interior la caracteriza su amplio espacio para guardar lo m\u00e1s importante, y cuenta con una separaci\u00f3n con cierre para que guardes lo que necesites est\u00e9 m\u00e1s seguro.<\/p>\n<h2 style=\"text-align: right\" align=\"right\">Tote Mazunte Roja<\/h2>\n<p>Regresa a nuestra p\u00e1gina de inicio dando click <a href=\"https:\/\/www.vianala.com\/\">aqu\u00ed<\/a><\/p>\n","protected":false},"excerpt":{"rendered":"<p>Tote Mazunte Roja Los modelos de bolsa tote se caracterizan por ser los m\u00e1s conocidos y tradicionales en la moda de las bolsas, adem\u00e1s de asegurarte un estilo \u00fanico para cualquier outfit que decidas usar en tu d\u00eda. Es la compa\u00f1era perfecta para un d\u00eda en el que no regresar\u00e1s pronto a casa, pues en [&hellip;]<\/p>\n","protected":false},"featured_media":23868,"comment_status":"open","ping_status":"closed","template":"","meta":[],"product_cat":[300,302],"product_tag":[],"yoast_head":"<!-- This site is optimized with the Yoast SEO plugin v20.3 - https:\/\/yoast.com\/wordpress\/plugins\/seo\/ -->\n<title>Bolsa roja de piel VIANALA<\/title>\n<meta name=\"description\" content=\"Nuestra tote de colecci\u00f3n cuenta con dos asas cortas y una asa larga ajustable y desmontable para mayor comodidad. Al interior la caracteriza su amplio espacio para guardar lo m\u00e1s importante, y cuenta con una separaci\u00f3n con cierre para que guardes lo que necesites est\u00e9 m\u00e1s seguro.\" \/>\n<meta name=\"robots\" content=\"index, follow, max-snippet:-1, max-image-preview:large, max-video-preview:-1\" \/>\n<link rel=\"canonical\" href=\"https:\/\/vianala.com\/en\/tienda\/bolsa-roja-de-piel-para-mujer\/\" \/>\n<meta property=\"og:locale\" content=\"en_US\" \/>\n<meta property=\"og:type\" content=\"article\" \/>\n<meta property=\"og:title\" content=\"Bolsa roja de piel VIANALA\" \/>\n<meta property=\"og:description\" content=\"Nuestra tote de colecci\u00f3n cuenta con dos asas cortas y una asa larga ajustable y desmontable para mayor comodidad. Al interior la caracteriza su amplio espacio para guardar lo m\u00e1s importante, y cuenta con una separaci\u00f3n con cierre para que guardes lo que necesites est\u00e9 m\u00e1s seguro.\" \/>\n<meta property=\"og:url\" content=\"https:\/\/vianala.com\/en\/tienda\/bolsa-roja-de-piel-para-mujer\/\" \/>\n<meta property=\"og:site_name\" content=\"Vianala\" \/>\n<meta property=\"article:publisher\" content=\"https:\/\/www.facebook.com\/vianalabolsas\" \/>\n<meta property=\"article:modified_time\" content=\"2026-04-22T19:11:46+00:00\" \/>\n<meta property=\"og:image\" content=\"https:\/\/vianala.com\/wp-content\/uploads\/2020\/04\/BOLSA_ROJO_ABR20_1.jpg\" \/>\n\t<meta property=\"og:image:width\" content=\"960\" \/>\n\t<meta property=\"og:image:height\" content=\"960\" \/>\n\t<meta property=\"og:image:type\" content=\"image\/jpeg\" \/>\n<meta name=\"twitter:card\" content=\"summary_large_image\" \/>\n<meta name=\"twitter:label1\" content=\"Est. reading time\" \/>\n\t<meta name=\"twitter:data1\" content=\"1 minute\" \/>\n<script type=\"application\/ld+json\" class=\"yoast-schema-graph\">{\"@context\":\"https:\/\/schema.org\",\"@graph\":[{\"@type\":\"WebPage\",\"@id\":\"https:\/\/vianala.com\/en\/tienda\/bolsa-roja-de-piel-para-mujer\/\",\"url\":\"https:\/\/vianala.com\/en\/tienda\/bolsa-roja-de-piel-para-mujer\/\",\"name\":\"Bolsa roja de piel VIANALA\",\"isPartOf\":{\"@id\":\"https:\/\/vianala.com\/en\/#website\"},\"datePublished\":\"2020-04-20T20:46:16+00:00\",\"dateModified\":\"2026-04-22T19:11:46+00:00\",\"description\":\"Nuestra tote de colecci\u00f3n cuenta con dos asas cortas y una asa larga ajustable y desmontable para mayor comodidad. Al interior la caracteriza su amplio espacio para guardar lo m\u00e1s importante, y cuenta con una separaci\u00f3n con cierre para que guardes lo que necesites est\u00e9 m\u00e1s seguro.\",\"breadcrumb\":{\"@id\":\"https:\/\/vianala.com\/en\/tienda\/bolsa-roja-de-piel-para-mujer\/#breadcrumb\"},\"inLanguage\":\"en-US\",\"potentialAction\":[{\"@type\":\"ReadAction\",\"target\":[\"https:\/\/vianala.com\/en\/tienda\/bolsa-roja-de-piel-para-mujer\/\"]}]},{\"@type\":\"BreadcrumbList\",\"@id\":\"https:\/\/vianala.com\/en\/tienda\/bolsa-roja-de-piel-para-mujer\/#breadcrumb\",\"itemListElement\":[{\"@type\":\"ListItem\",\"position\":1,\"name\":\"\",\"item\":\"https:\/\/vianala.com\/en\/\"},{\"@type\":\"ListItem\",\"position\":2,\"name\":\"Portada\",\"item\":\"https:\/\/vianala.com\/en\/\"},{\"@type\":\"ListItem\",\"position\":3,\"name\":\"Shop\",\"item\":\"https:\/\/vianala.com\/en\/shop\/\"},{\"@type\":\"ListItem\",\"position\":4,\"name\":\"Tote Mazunte Roja\"}]},{\"@type\":\"WebSite\",\"@id\":\"https:\/\/vianala.com\/en\/#website\",\"url\":\"https:\/\/vianala.com\/en\/\",\"name\":\"Bolsas de piel para dama Le\u00f3n Guanajuato Vianala. Bolsos de piel para mujer, Bolsas de piel para dama precio, bolsos piel mujer, bolsos de piel mujer, bolsas de piel negra, bolsas de piel de mayoreo.\",\"description\":\"Vianala\",\"publisher\":{\"@id\":\"https:\/\/vianala.com\/en\/#organization\"},\"alternateName\":\"Vianala\",\"potentialAction\":[{\"@type\":\"SearchAction\",\"target\":{\"@type\":\"EntryPoint\",\"urlTemplate\":\"https:\/\/vianala.com\/en\/?s={search_term_string}\"},\"query-input\":\"required name=search_term_string\"}],\"inLanguage\":\"en-US\"},{\"@type\":\"Organization\",\"@id\":\"https:\/\/vianala.com\/en\/#organization\",\"name\":\"Bolsas de piel para dama Le\u00f3n Guanajuato Vianala. Bolsos de piel para mujer, Bolsas de piel para dama precio, bolsos piel mujer, bolsos de piel mujer, bolsas de piel negra, bolsas de piel de mayoreo.\",\"url\":\"https:\/\/vianala.com\/en\/\",\"logo\":{\"@type\":\"ImageObject\",\"inLanguage\":\"en-US\",\"@id\":\"https:\/\/vianala.com\/en\/#\/schema\/logo\/image\/\",\"url\":\"https:\/\/vianala.com\/wp-content\/uploads\/2022\/02\/7.-Logo-Vianala.jpg\",\"contentUrl\":\"https:\/\/vianala.com\/wp-content\/uploads\/2022\/02\/7.-Logo-Vianala.jpg\",\"width\":2249,\"height\":2249,\"caption\":\"Bolsas de piel para dama Le\u00f3n Guanajuato Vianala. Bolsos de piel para mujer, Bolsas de piel para dama precio, bolsos piel mujer, bolsos de piel mujer, bolsas de piel negra, bolsas de piel de mayoreo.\"},\"image\":{\"@id\":\"https:\/\/vianala.com\/en\/#\/schema\/logo\/image\/\"},\"sameAs\":[\"https:\/\/www.facebook.com\/vianalabolsas\",\"https:\/\/www.instagram.com\/vianala_bolsas\/\",\"https:\/\/wa.me\/5214777133305\"]}]}<\/script>\n<!-- \/ Yoast SEO plugin. -->","yoast_head_json":{"title":"Bolsa roja de piel VIANALA","description":"Nuestra tote de colecci\u00f3n cuenta con dos asas cortas y una asa larga ajustable y desmontable para mayor comodidad. Al interior la caracteriza su amplio espacio para guardar lo m\u00e1s importante, y cuenta con una separaci\u00f3n con cierre para que guardes lo que necesites est\u00e9 m\u00e1s seguro.","robots":{"index":"index","follow":"follow","max-snippet":"max-snippet:-1","max-image-preview":"max-image-preview:large","max-video-preview":"max-video-preview:-1"},"canonical":"https:\/\/vianala.com\/en\/tienda\/bolsa-roja-de-piel-para-mujer\/","og_locale":"en_US","og_type":"article","og_title":"Bolsa roja de piel VIANALA","og_description":"Nuestra tote de colecci\u00f3n cuenta con dos asas cortas y una asa larga ajustable y desmontable para mayor comodidad. Al interior la caracteriza su amplio espacio para guardar lo m\u00e1s importante, y cuenta con una separaci\u00f3n con cierre para que guardes lo que necesites est\u00e9 m\u00e1s seguro.","og_url":"https:\/\/vianala.com\/en\/tienda\/bolsa-roja-de-piel-para-mujer\/","og_site_name":"Vianala","article_publisher":"https:\/\/www.facebook.com\/vianalabolsas","article_modified_time":"2026-04-22T19:11:46+00:00","og_image":[{"width":960,"height":960,"url":"https:\/\/vianala.com\/wp-content\/uploads\/2020\/04\/BOLSA_ROJO_ABR20_1.jpg","type":"image\/jpeg"}],"twitter_card":"summary_large_image","twitter_misc":{"Est. reading time":"1 minute"},"schema":{"@context":"https:\/\/schema.org","@graph":[{"@type":"WebPage","@id":"https:\/\/vianala.com\/en\/tienda\/bolsa-roja-de-piel-para-mujer\/","url":"https:\/\/vianala.com\/en\/tienda\/bolsa-roja-de-piel-para-mujer\/","name":"Bolsa roja de piel VIANALA","isPartOf":{"@id":"https:\/\/vianala.com\/en\/#website"},"datePublished":"2020-04-20T20:46:16+00:00","dateModified":"2026-04-22T19:11:46+00:00","description":"Nuestra tote de colecci\u00f3n cuenta con dos asas cortas y una asa larga ajustable y desmontable para mayor comodidad. Al interior la caracteriza su amplio espacio para guardar lo m\u00e1s importante, y cuenta con una separaci\u00f3n con cierre para que guardes lo que necesites est\u00e9 m\u00e1s seguro.","breadcrumb":{"@id":"https:\/\/vianala.com\/en\/tienda\/bolsa-roja-de-piel-para-mujer\/#breadcrumb"},"inLanguage":"en-US","potentialAction":[{"@type":"ReadAction","target":["https:\/\/vianala.com\/en\/tienda\/bolsa-roja-de-piel-para-mujer\/"]}]},{"@type":"BreadcrumbList","@id":"https:\/\/vianala.com\/en\/tienda\/bolsa-roja-de-piel-para-mujer\/#breadcrumb","itemListElement":[{"@type":"ListItem","position":1,"name":"","item":"https:\/\/vianala.com\/en\/"},{"@type":"ListItem","position":2,"name":"Portada","item":"https:\/\/vianala.com\/en\/"},{"@type":"ListItem","position":3,"name":"Shop","item":"https:\/\/vianala.com\/en\/shop\/"},{"@type":"ListItem","position":4,"name":"Tote Mazunte Roja"}]},{"@type":"WebSite","@id":"https:\/\/vianala.com\/en\/#website","url":"https:\/\/vianala.com\/en\/","name":"Bolsas de piel para dama Le\u00f3n Guanajuato Vianala. Bolsos de piel para mujer, Bolsas de piel para dama precio, bolsos piel mujer, bolsos de piel mujer, bolsas de piel negra, bolsas de piel de mayoreo.","description":"Vianala","publisher":{"@id":"https:\/\/vianala.com\/en\/#organization"},"alternateName":"Vianala","potentialAction":[{"@type":"SearchAction","target":{"@type":"EntryPoint","urlTemplate":"https:\/\/vianala.com\/en\/?s={search_term_string}"},"query-input":"required name=search_term_string"}],"inLanguage":"en-US"},{"@type":"Organization","@id":"https:\/\/vianala.com\/en\/#organization","name":"Bolsas de piel para dama Le\u00f3n Guanajuato Vianala. Bolsos de piel para mujer, Bolsas de piel para dama precio, bolsos piel mujer, bolsos de piel mujer, bolsas de piel negra, bolsas de piel de mayoreo.","url":"https:\/\/vianala.com\/en\/","logo":{"@type":"ImageObject","inLanguage":"en-US","@id":"https:\/\/vianala.com\/en\/#\/schema\/logo\/image\/","url":"https:\/\/vianala.com\/wp-content\/uploads\/2022\/02\/7.-Logo-Vianala.jpg","contentUrl":"https:\/\/vianala.com\/wp-content\/uploads\/2022\/02\/7.-Logo-Vianala.jpg","width":2249,"height":2249,"caption":"Bolsas de piel para dama Le\u00f3n Guanajuato Vianala. Bolsos de piel para mujer, Bolsas de piel para dama precio, bolsos piel mujer, bolsos de piel mujer, bolsas de piel negra, bolsas de piel de mayoreo."},"image":{"@id":"https:\/\/vianala.com\/en\/#\/schema\/logo\/image\/"},"sameAs":["https:\/\/www.facebook.com\/vianalabolsas","https:\/\/www.instagram.com\/vianala_bolsas\/","https:\/\/wa.me\/5214777133305"]}]}},"_links":{"self":[{"href":"https:\/\/vianala.com\/en\/wp-json\/wp\/v2\/product\/17660"}],"collection":[{"href":"https:\/\/vianala.com\/en\/wp-json\/wp\/v2\/product"}],"about":[{"href":"https:\/\/vianala.com\/en\/wp-json\/wp\/v2\/types\/product"}],"replies":[{"embeddable":true,"href":"https:\/\/vianala.com\/en\/wp-json\/wp\/v2\/comments?post=17660"}],"wp:featuredmedia":[{"embeddable":true,"href":"https:\/\/vianala.com\/en\/wp-json\/wp\/v2\/media\/23868"}],"wp:attachment":[{"href":"https:\/\/vianala.com\/en\/wp-json\/wp\/v2\/media?parent=17660"}],"wp:term":[{"taxonomy":"product_cat","embeddable":true,"href":"https:\/\/vianala.com\/en\/wp-json\/wp\/v2\/product_cat?post=17660"},{"taxonomy":"product_tag","embeddable":true,"href":"https:\/\/vianala.com\/en\/wp-json\/wp\/v2\/product_tag?post=17660"}],"curies":[{"name":"wp","href":"https:\/\/api.w.org\/{rel}","templated":true}]}}