{"id":19855,"date":"2021-07-15T11:35:35","date_gmt":"2021-07-15T16:35:35","guid":{"rendered":"https:\/\/vianala.com\/?post_type=product&#038;p=19855"},"modified":"2026-05-08T12:26:45","modified_gmt":"2026-05-08T17:26:45","slug":"bolsa-de-piel-cafe","status":"publish","type":"product","link":"https:\/\/vianala.com\/en\/tienda\/bolsa-de-piel-cafe\/","title":{"rendered":"Tote Balandra Avellana"},"content":{"rendered":"<h2 style=\"text-align: right\">Tote Balandra Avellana<\/h2>\n<p>Bolsa tote avellana. Bolsa tipo tote. Bolsa tote de piel. Tote bag.<\/p>\n<p>Una bolsa tote avellana como esta es el complemento perfecto para tus looks de d\u00eda a d\u00eda. Esta bolsa tote avellana de la nueva colecci\u00f3n Vianala es justo lo que necesitas para encontrar estilo, versatilidad y funcionalidad en un mismo accesorio. Su dise\u00f1o la hace ideal para llevar en ella todos los art\u00edculos necesarios para tu vida, ya sea tu laptop, libros y libretas para la escuela; o laptop y documentos para la oficina. Cuenta tambi\u00e9n con dos compartimentos internos y dos externos que te permitir\u00e1n tener siempre a la mano tu cartera, llaves, cubre bocas y otros productos de la cotidianeidad. Adem\u00e1s, sus dos asas son tan c\u00f3modas que podr\u00e1s llevarla en el hombro desde que sales de casa, hasta que regresas.<\/p>\n<p style=\"text-align: right\">Conoce todas las bolsas tote dando click <a href=\"https:\/\/www.vianala.com\/catalogo\/bolsas\/comprar-bolsos-por-internet\/\">aqu\u00ed<\/a><\/p>\n<h2 style=\"text-align: right\">Tote Balandra Avellana<\/h2>\n<p>&nbsp;<\/p>\n","protected":false},"excerpt":{"rendered":"<p>Tote Balandra Avellana Bolsa tote avellana. Bolsa tipo tote. Bolsa tote de piel. Tote bag. Una bolsa tote avellana como esta es el complemento perfecto para tus looks de d\u00eda a d\u00eda. Esta bolsa tote avellana de la nueva colecci\u00f3n Vianala es justo lo que necesitas para encontrar estilo, versatilidad y funcionalidad en un mismo [&hellip;]<\/p>\n","protected":false},"featured_media":23813,"comment_status":"open","ping_status":"closed","template":"","meta":[],"product_cat":[300,302],"product_tag":[],"yoast_head":"<!-- This site is optimized with the Yoast SEO plugin v20.3 - https:\/\/yoast.com\/wordpress\/plugins\/seo\/ -->\n<title>Bolsa tote shopper de piel caf\u00e9 VIANALA<\/title>\n<meta name=\"description\" content=\"Una bolsa tote avellana como esta es el complemento perfecto para tus looks de d\u00eda a d\u00eda. Esta bolsa tote avellana de la nueva colecci\u00f3n Vianala es justo lo que necesitas para encontrar estilo, versatilidad y funcionalidad en un mismo accesorio.\" \/>\n<meta name=\"robots\" content=\"index, follow, max-snippet:-1, max-image-preview:large, max-video-preview:-1\" \/>\n<link rel=\"canonical\" href=\"https:\/\/vianala.com\/en\/tienda\/bolsa-de-piel-cafe\/\" \/>\n<meta property=\"og:locale\" content=\"en_US\" \/>\n<meta property=\"og:type\" content=\"article\" \/>\n<meta property=\"og:title\" content=\"Bolsa tote shopper de piel caf\u00e9 VIANALA\" \/>\n<meta property=\"og:description\" content=\"Una bolsa tote avellana como esta es el complemento perfecto para tus looks de d\u00eda a d\u00eda. Esta bolsa tote avellana de la nueva colecci\u00f3n Vianala es justo lo que necesitas para encontrar estilo, versatilidad y funcionalidad en un mismo accesorio.\" \/>\n<meta property=\"og:url\" content=\"https:\/\/vianala.com\/en\/tienda\/bolsa-de-piel-cafe\/\" \/>\n<meta property=\"og:site_name\" content=\"Vianala\" \/>\n<meta property=\"article:publisher\" content=\"https:\/\/www.facebook.com\/vianalabolsas\" \/>\n<meta property=\"article:modified_time\" content=\"2026-05-08T17:26:45+00:00\" \/>\n<meta property=\"og:image\" content=\"https:\/\/vianala.com\/wp-content\/uploads\/2021\/07\/MG_1100-copia.jpg\" \/>\n\t<meta property=\"og:image:width\" content=\"960\" \/>\n\t<meta property=\"og:image:height\" content=\"960\" \/>\n\t<meta property=\"og:image:type\" content=\"image\/jpeg\" \/>\n<meta name=\"twitter:card\" content=\"summary_large_image\" \/>\n<meta name=\"twitter:label1\" content=\"Est. reading time\" \/>\n\t<meta name=\"twitter:data1\" content=\"1 minute\" \/>\n<script type=\"application\/ld+json\" class=\"yoast-schema-graph\">{\"@context\":\"https:\/\/schema.org\",\"@graph\":[{\"@type\":\"WebPage\",\"@id\":\"https:\/\/vianala.com\/en\/tienda\/bolsa-de-piel-cafe\/\",\"url\":\"https:\/\/vianala.com\/en\/tienda\/bolsa-de-piel-cafe\/\",\"name\":\"Bolsa tote shopper de piel caf\u00e9 VIANALA\",\"isPartOf\":{\"@id\":\"https:\/\/vianala.com\/en\/#website\"},\"datePublished\":\"2021-07-15T16:35:35+00:00\",\"dateModified\":\"2026-05-08T17:26:45+00:00\",\"description\":\"Una bolsa tote avellana como esta es el complemento perfecto para tus looks de d\u00eda a d\u00eda. Esta bolsa tote avellana de la nueva colecci\u00f3n Vianala es justo lo que necesitas para encontrar estilo, versatilidad y funcionalidad en un mismo accesorio.\",\"breadcrumb\":{\"@id\":\"https:\/\/vianala.com\/en\/tienda\/bolsa-de-piel-cafe\/#breadcrumb\"},\"inLanguage\":\"en-US\",\"potentialAction\":[{\"@type\":\"ReadAction\",\"target\":[\"https:\/\/vianala.com\/en\/tienda\/bolsa-de-piel-cafe\/\"]}]},{\"@type\":\"BreadcrumbList\",\"@id\":\"https:\/\/vianala.com\/en\/tienda\/bolsa-de-piel-cafe\/#breadcrumb\",\"itemListElement\":[{\"@type\":\"ListItem\",\"position\":1,\"name\":\"\",\"item\":\"https:\/\/vianala.com\/en\/\"},{\"@type\":\"ListItem\",\"position\":2,\"name\":\"Portada\",\"item\":\"https:\/\/vianala.com\/en\/\"},{\"@type\":\"ListItem\",\"position\":3,\"name\":\"Shop\",\"item\":\"https:\/\/vianala.com\/en\/shop\/\"},{\"@type\":\"ListItem\",\"position\":4,\"name\":\"Tote Balandra Avellana\"}]},{\"@type\":\"WebSite\",\"@id\":\"https:\/\/vianala.com\/en\/#website\",\"url\":\"https:\/\/vianala.com\/en\/\",\"name\":\"Bolsas de piel para dama Le\u00f3n Guanajuato Vianala. Bolsos de piel para mujer, Bolsas de piel para dama precio, bolsos piel mujer, bolsos de piel mujer, bolsas de piel negra, bolsas de piel de mayoreo.\",\"description\":\"Vianala\",\"publisher\":{\"@id\":\"https:\/\/vianala.com\/en\/#organization\"},\"alternateName\":\"Vianala\",\"potentialAction\":[{\"@type\":\"SearchAction\",\"target\":{\"@type\":\"EntryPoint\",\"urlTemplate\":\"https:\/\/vianala.com\/en\/?s={search_term_string}\"},\"query-input\":\"required name=search_term_string\"}],\"inLanguage\":\"en-US\"},{\"@type\":\"Organization\",\"@id\":\"https:\/\/vianala.com\/en\/#organization\",\"name\":\"Bolsas de piel para dama Le\u00f3n Guanajuato Vianala. Bolsos de piel para mujer, Bolsas de piel para dama precio, bolsos piel mujer, bolsos de piel mujer, bolsas de piel negra, bolsas de piel de mayoreo.\",\"url\":\"https:\/\/vianala.com\/en\/\",\"logo\":{\"@type\":\"ImageObject\",\"inLanguage\":\"en-US\",\"@id\":\"https:\/\/vianala.com\/en\/#\/schema\/logo\/image\/\",\"url\":\"https:\/\/vianala.com\/wp-content\/uploads\/2022\/02\/7.-Logo-Vianala.jpg\",\"contentUrl\":\"https:\/\/vianala.com\/wp-content\/uploads\/2022\/02\/7.-Logo-Vianala.jpg\",\"width\":2249,\"height\":2249,\"caption\":\"Bolsas de piel para dama Le\u00f3n Guanajuato Vianala. Bolsos de piel para mujer, Bolsas de piel para dama precio, bolsos piel mujer, bolsos de piel mujer, bolsas de piel negra, bolsas de piel de mayoreo.\"},\"image\":{\"@id\":\"https:\/\/vianala.com\/en\/#\/schema\/logo\/image\/\"},\"sameAs\":[\"https:\/\/www.facebook.com\/vianalabolsas\",\"https:\/\/www.instagram.com\/vianala_bolsas\/\",\"https:\/\/wa.me\/5214777133305\"]}]}<\/script>\n<!-- \/ Yoast SEO plugin. -->","yoast_head_json":{"title":"Bolsa tote shopper de piel caf\u00e9 VIANALA","description":"Una bolsa tote avellana como esta es el complemento perfecto para tus looks de d\u00eda a d\u00eda. Esta bolsa tote avellana de la nueva colecci\u00f3n Vianala es justo lo que necesitas para encontrar estilo, versatilidad y funcionalidad en un mismo accesorio.","robots":{"index":"index","follow":"follow","max-snippet":"max-snippet:-1","max-image-preview":"max-image-preview:large","max-video-preview":"max-video-preview:-1"},"canonical":"https:\/\/vianala.com\/en\/tienda\/bolsa-de-piel-cafe\/","og_locale":"en_US","og_type":"article","og_title":"Bolsa tote shopper de piel caf\u00e9 VIANALA","og_description":"Una bolsa tote avellana como esta es el complemento perfecto para tus looks de d\u00eda a d\u00eda. Esta bolsa tote avellana de la nueva colecci\u00f3n Vianala es justo lo que necesitas para encontrar estilo, versatilidad y funcionalidad en un mismo accesorio.","og_url":"https:\/\/vianala.com\/en\/tienda\/bolsa-de-piel-cafe\/","og_site_name":"Vianala","article_publisher":"https:\/\/www.facebook.com\/vianalabolsas","article_modified_time":"2026-05-08T17:26:45+00:00","og_image":[{"width":960,"height":960,"url":"https:\/\/vianala.com\/wp-content\/uploads\/2021\/07\/MG_1100-copia.jpg","type":"image\/jpeg"}],"twitter_card":"summary_large_image","twitter_misc":{"Est. reading time":"1 minute"},"schema":{"@context":"https:\/\/schema.org","@graph":[{"@type":"WebPage","@id":"https:\/\/vianala.com\/en\/tienda\/bolsa-de-piel-cafe\/","url":"https:\/\/vianala.com\/en\/tienda\/bolsa-de-piel-cafe\/","name":"Bolsa tote shopper de piel caf\u00e9 VIANALA","isPartOf":{"@id":"https:\/\/vianala.com\/en\/#website"},"datePublished":"2021-07-15T16:35:35+00:00","dateModified":"2026-05-08T17:26:45+00:00","description":"Una bolsa tote avellana como esta es el complemento perfecto para tus looks de d\u00eda a d\u00eda. Esta bolsa tote avellana de la nueva colecci\u00f3n Vianala es justo lo que necesitas para encontrar estilo, versatilidad y funcionalidad en un mismo accesorio.","breadcrumb":{"@id":"https:\/\/vianala.com\/en\/tienda\/bolsa-de-piel-cafe\/#breadcrumb"},"inLanguage":"en-US","potentialAction":[{"@type":"ReadAction","target":["https:\/\/vianala.com\/en\/tienda\/bolsa-de-piel-cafe\/"]}]},{"@type":"BreadcrumbList","@id":"https:\/\/vianala.com\/en\/tienda\/bolsa-de-piel-cafe\/#breadcrumb","itemListElement":[{"@type":"ListItem","position":1,"name":"","item":"https:\/\/vianala.com\/en\/"},{"@type":"ListItem","position":2,"name":"Portada","item":"https:\/\/vianala.com\/en\/"},{"@type":"ListItem","position":3,"name":"Shop","item":"https:\/\/vianala.com\/en\/shop\/"},{"@type":"ListItem","position":4,"name":"Tote Balandra Avellana"}]},{"@type":"WebSite","@id":"https:\/\/vianala.com\/en\/#website","url":"https:\/\/vianala.com\/en\/","name":"Bolsas de piel para dama Le\u00f3n Guanajuato Vianala. Bolsos de piel para mujer, Bolsas de piel para dama precio, bolsos piel mujer, bolsos de piel mujer, bolsas de piel negra, bolsas de piel de mayoreo.","description":"Vianala","publisher":{"@id":"https:\/\/vianala.com\/en\/#organization"},"alternateName":"Vianala","potentialAction":[{"@type":"SearchAction","target":{"@type":"EntryPoint","urlTemplate":"https:\/\/vianala.com\/en\/?s={search_term_string}"},"query-input":"required name=search_term_string"}],"inLanguage":"en-US"},{"@type":"Organization","@id":"https:\/\/vianala.com\/en\/#organization","name":"Bolsas de piel para dama Le\u00f3n Guanajuato Vianala. Bolsos de piel para mujer, Bolsas de piel para dama precio, bolsos piel mujer, bolsos de piel mujer, bolsas de piel negra, bolsas de piel de mayoreo.","url":"https:\/\/vianala.com\/en\/","logo":{"@type":"ImageObject","inLanguage":"en-US","@id":"https:\/\/vianala.com\/en\/#\/schema\/logo\/image\/","url":"https:\/\/vianala.com\/wp-content\/uploads\/2022\/02\/7.-Logo-Vianala.jpg","contentUrl":"https:\/\/vianala.com\/wp-content\/uploads\/2022\/02\/7.-Logo-Vianala.jpg","width":2249,"height":2249,"caption":"Bolsas de piel para dama Le\u00f3n Guanajuato Vianala. Bolsos de piel para mujer, Bolsas de piel para dama precio, bolsos piel mujer, bolsos de piel mujer, bolsas de piel negra, bolsas de piel de mayoreo."},"image":{"@id":"https:\/\/vianala.com\/en\/#\/schema\/logo\/image\/"},"sameAs":["https:\/\/www.facebook.com\/vianalabolsas","https:\/\/www.instagram.com\/vianala_bolsas\/","https:\/\/wa.me\/5214777133305"]}]}},"_links":{"self":[{"href":"https:\/\/vianala.com\/en\/wp-json\/wp\/v2\/product\/19855"}],"collection":[{"href":"https:\/\/vianala.com\/en\/wp-json\/wp\/v2\/product"}],"about":[{"href":"https:\/\/vianala.com\/en\/wp-json\/wp\/v2\/types\/product"}],"replies":[{"embeddable":true,"href":"https:\/\/vianala.com\/en\/wp-json\/wp\/v2\/comments?post=19855"}],"wp:featuredmedia":[{"embeddable":true,"href":"https:\/\/vianala.com\/en\/wp-json\/wp\/v2\/media\/23813"}],"wp:attachment":[{"href":"https:\/\/vianala.com\/en\/wp-json\/wp\/v2\/media?parent=19855"}],"wp:term":[{"taxonomy":"product_cat","embeddable":true,"href":"https:\/\/vianala.com\/en\/wp-json\/wp\/v2\/product_cat?post=19855"},{"taxonomy":"product_tag","embeddable":true,"href":"https:\/\/vianala.com\/en\/wp-json\/wp\/v2\/product_tag?post=19855"}],"curies":[{"name":"wp","href":"https:\/\/api.w.org\/{rel}","templated":true}]}}