{"id":19919,"date":"2021-08-04T09:37:33","date_gmt":"2021-08-04T14:37:33","guid":{"rendered":"https:\/\/vianala.com\/?post_type=product&#038;p=19919"},"modified":"2026-04-27T17:02:31","modified_gmt":"2026-04-27T22:02:31","slug":"funda-para-ipad-en-forma-bolsa-de-mujer","status":"publish","type":"product","link":"https:\/\/vianala.com\/en\/tienda\/funda-para-ipad-en-forma-bolsa-de-mujer\/","title":{"rendered":"Marieta Verde Crossbody"},"content":{"rendered":"<p>Crossbody &amp; funda ipad# 758 verde<\/p>\n<p>VIA-758G-VB<\/p>\n<p>Crossbody &amp; funda ipad. Crossbody de piel. Funda para ipad.<\/p>\n<p>Esta bolsa crossbody &amp; funda para ipad verde combina lo mejor de dos mundos. Ser\u00e1 tu mejor amiga para un d\u00eda de trabajo y de cena social con amigas, familia o pareja. Su dise\u00f1o te permite llevar tu tablet y otras herramientas de trabajo sin sacrificar el estilo, pues es el complemento perfecto para tu outfit.<\/p>\n<p>Est\u00e1 hecha a mano y es 100% de piel, con una correa ajustable al hombro para mayor comodidad, y un seguro de im\u00e1n para cerrarla y proteger lo que lleves dentro. En su compartimento principal tienes espacio para tu ipad o tablet, tu agenda y los b\u00e1sicos del d\u00eda a d\u00eda; y en su bolsa interior podr\u00e1s llevar las llaves o lo que necesites tener siempre a la mano.<\/p>\n<p>Medidas: 32 x 21 cm<\/p>\n<p>Piel: G-VB verde botella<\/p>\n<p style=\"text-align: right\">Conoce los colores que tenemos de esta crossbody para ti dando click <a href=\"https:\/\/www.vianala.com\/?s=758&amp;post_type=product\">aqu\u00ed<\/a><\/p>\n<p style=\"text-align: right\"><strong>Crossbody &amp; funda ipad<\/strong><\/p>\n<p>&nbsp;<\/p>\n<p>&nbsp;<\/p>\n","protected":false},"excerpt":{"rendered":"<p>Crossbody &amp; funda ipad# 758 verde VIA-758G-VB Crossbody &amp; funda ipad. Crossbody de piel. Funda para ipad. Esta bolsa crossbody &amp; funda para ipad verde combina lo mejor de dos mundos. Ser\u00e1 tu mejor amiga para un d\u00eda de trabajo y de cena social con amigas, familia o pareja. Su dise\u00f1o te permite llevar tu [&hellip;]<\/p>\n","protected":false},"featured_media":24618,"comment_status":"open","ping_status":"closed","template":"","meta":[],"product_cat":[16,170],"product_tag":[],"yoast_head":"<!-- This site is optimized with the Yoast SEO plugin v20.3 - https:\/\/yoast.com\/wordpress\/plugins\/seo\/ -->\n<title>Marieta Verde Crossbody - Vianala<\/title>\n<meta name=\"robots\" content=\"index, follow, max-snippet:-1, max-image-preview:large, max-video-preview:-1\" \/>\n<link rel=\"canonical\" href=\"https:\/\/vianala.com\/en\/tienda\/funda-para-ipad-en-forma-bolsa-de-mujer\/\" \/>\n<meta property=\"og:locale\" content=\"en_US\" \/>\n<meta property=\"og:type\" content=\"article\" \/>\n<meta property=\"og:title\" content=\"Marieta Verde Crossbody - Vianala\" \/>\n<meta property=\"og:description\" content=\"Crossbody &amp; funda ipad# 758 verde VIA-758G-VB Crossbody &amp; funda ipad. Crossbody de piel. Funda para ipad. Esta bolsa crossbody &amp; funda para ipad verde combina lo mejor de dos mundos. Ser\u00e1 tu mejor amiga para un d\u00eda de trabajo y de cena social con amigas, familia o pareja. Su dise\u00f1o te permite llevar tu [&hellip;]\" \/>\n<meta property=\"og:url\" content=\"https:\/\/vianala.com\/en\/tienda\/funda-para-ipad-en-forma-bolsa-de-mujer\/\" \/>\n<meta property=\"og:site_name\" content=\"Vianala\" \/>\n<meta property=\"article:publisher\" content=\"https:\/\/www.facebook.com\/vianalabolsas\" \/>\n<meta property=\"article:modified_time\" content=\"2026-04-27T22:02:31+00:00\" \/>\n<meta property=\"og:image\" content=\"https:\/\/vianala.com\/wp-content\/uploads\/2021\/08\/MG_1085-copia.jpg\" \/>\n\t<meta property=\"og:image:width\" content=\"960\" \/>\n\t<meta property=\"og:image:height\" content=\"960\" \/>\n\t<meta property=\"og:image:type\" content=\"image\/jpeg\" \/>\n<meta name=\"twitter:card\" content=\"summary_large_image\" \/>\n<meta name=\"twitter:label1\" content=\"Est. reading time\" \/>\n\t<meta name=\"twitter:data1\" content=\"1 minute\" \/>\n<script type=\"application\/ld+json\" class=\"yoast-schema-graph\">{\"@context\":\"https:\/\/schema.org\",\"@graph\":[{\"@type\":\"WebPage\",\"@id\":\"https:\/\/vianala.com\/en\/tienda\/funda-para-ipad-en-forma-bolsa-de-mujer\/\",\"url\":\"https:\/\/vianala.com\/en\/tienda\/funda-para-ipad-en-forma-bolsa-de-mujer\/\",\"name\":\"Marieta Verde Crossbody - Vianala\",\"isPartOf\":{\"@id\":\"https:\/\/vianala.com\/en\/#website\"},\"datePublished\":\"2021-08-04T14:37:33+00:00\",\"dateModified\":\"2026-04-27T22:02:31+00:00\",\"breadcrumb\":{\"@id\":\"https:\/\/vianala.com\/en\/tienda\/funda-para-ipad-en-forma-bolsa-de-mujer\/#breadcrumb\"},\"inLanguage\":\"en-US\",\"potentialAction\":[{\"@type\":\"ReadAction\",\"target\":[\"https:\/\/vianala.com\/en\/tienda\/funda-para-ipad-en-forma-bolsa-de-mujer\/\"]}]},{\"@type\":\"BreadcrumbList\",\"@id\":\"https:\/\/vianala.com\/en\/tienda\/funda-para-ipad-en-forma-bolsa-de-mujer\/#breadcrumb\",\"itemListElement\":[{\"@type\":\"ListItem\",\"position\":1,\"name\":\"\",\"item\":\"https:\/\/vianala.com\/en\/\"},{\"@type\":\"ListItem\",\"position\":2,\"name\":\"Portada\",\"item\":\"https:\/\/vianala.com\/en\/\"},{\"@type\":\"ListItem\",\"position\":3,\"name\":\"Shop\",\"item\":\"https:\/\/vianala.com\/en\/shop\/\"},{\"@type\":\"ListItem\",\"position\":4,\"name\":\"Marieta Verde Crossbody\"}]},{\"@type\":\"WebSite\",\"@id\":\"https:\/\/vianala.com\/en\/#website\",\"url\":\"https:\/\/vianala.com\/en\/\",\"name\":\"Bolsas de piel para dama Le\u00f3n Guanajuato Vianala. Bolsos de piel para mujer, Bolsas de piel para dama precio, bolsos piel mujer, bolsos de piel mujer, bolsas de piel negra, bolsas de piel de mayoreo.\",\"description\":\"Vianala\",\"publisher\":{\"@id\":\"https:\/\/vianala.com\/en\/#organization\"},\"alternateName\":\"Vianala\",\"potentialAction\":[{\"@type\":\"SearchAction\",\"target\":{\"@type\":\"EntryPoint\",\"urlTemplate\":\"https:\/\/vianala.com\/en\/?s={search_term_string}\"},\"query-input\":\"required name=search_term_string\"}],\"inLanguage\":\"en-US\"},{\"@type\":\"Organization\",\"@id\":\"https:\/\/vianala.com\/en\/#organization\",\"name\":\"Bolsas de piel para dama Le\u00f3n Guanajuato Vianala. Bolsos de piel para mujer, Bolsas de piel para dama precio, bolsos piel mujer, bolsos de piel mujer, bolsas de piel negra, bolsas de piel de mayoreo.\",\"url\":\"https:\/\/vianala.com\/en\/\",\"logo\":{\"@type\":\"ImageObject\",\"inLanguage\":\"en-US\",\"@id\":\"https:\/\/vianala.com\/en\/#\/schema\/logo\/image\/\",\"url\":\"https:\/\/vianala.com\/wp-content\/uploads\/2022\/02\/7.-Logo-Vianala.jpg\",\"contentUrl\":\"https:\/\/vianala.com\/wp-content\/uploads\/2022\/02\/7.-Logo-Vianala.jpg\",\"width\":2249,\"height\":2249,\"caption\":\"Bolsas de piel para dama Le\u00f3n Guanajuato Vianala. Bolsos de piel para mujer, Bolsas de piel para dama precio, bolsos piel mujer, bolsos de piel mujer, bolsas de piel negra, bolsas de piel de mayoreo.\"},\"image\":{\"@id\":\"https:\/\/vianala.com\/en\/#\/schema\/logo\/image\/\"},\"sameAs\":[\"https:\/\/www.facebook.com\/vianalabolsas\",\"https:\/\/www.instagram.com\/vianala_bolsas\/\",\"https:\/\/wa.me\/5214777133305\"]}]}<\/script>\n<!-- \/ Yoast SEO plugin. -->","yoast_head_json":{"title":"Marieta Verde Crossbody - Vianala","robots":{"index":"index","follow":"follow","max-snippet":"max-snippet:-1","max-image-preview":"max-image-preview:large","max-video-preview":"max-video-preview:-1"},"canonical":"https:\/\/vianala.com\/en\/tienda\/funda-para-ipad-en-forma-bolsa-de-mujer\/","og_locale":"en_US","og_type":"article","og_title":"Marieta Verde Crossbody - Vianala","og_description":"Crossbody &amp; funda ipad# 758 verde VIA-758G-VB Crossbody &amp; funda ipad. Crossbody de piel. Funda para ipad. Esta bolsa crossbody &amp; funda para ipad verde combina lo mejor de dos mundos. Ser\u00e1 tu mejor amiga para un d\u00eda de trabajo y de cena social con amigas, familia o pareja. Su dise\u00f1o te permite llevar tu [&hellip;]","og_url":"https:\/\/vianala.com\/en\/tienda\/funda-para-ipad-en-forma-bolsa-de-mujer\/","og_site_name":"Vianala","article_publisher":"https:\/\/www.facebook.com\/vianalabolsas","article_modified_time":"2026-04-27T22:02:31+00:00","og_image":[{"width":960,"height":960,"url":"https:\/\/vianala.com\/wp-content\/uploads\/2021\/08\/MG_1085-copia.jpg","type":"image\/jpeg"}],"twitter_card":"summary_large_image","twitter_misc":{"Est. reading time":"1 minute"},"schema":{"@context":"https:\/\/schema.org","@graph":[{"@type":"WebPage","@id":"https:\/\/vianala.com\/en\/tienda\/funda-para-ipad-en-forma-bolsa-de-mujer\/","url":"https:\/\/vianala.com\/en\/tienda\/funda-para-ipad-en-forma-bolsa-de-mujer\/","name":"Marieta Verde Crossbody - Vianala","isPartOf":{"@id":"https:\/\/vianala.com\/en\/#website"},"datePublished":"2021-08-04T14:37:33+00:00","dateModified":"2026-04-27T22:02:31+00:00","breadcrumb":{"@id":"https:\/\/vianala.com\/en\/tienda\/funda-para-ipad-en-forma-bolsa-de-mujer\/#breadcrumb"},"inLanguage":"en-US","potentialAction":[{"@type":"ReadAction","target":["https:\/\/vianala.com\/en\/tienda\/funda-para-ipad-en-forma-bolsa-de-mujer\/"]}]},{"@type":"BreadcrumbList","@id":"https:\/\/vianala.com\/en\/tienda\/funda-para-ipad-en-forma-bolsa-de-mujer\/#breadcrumb","itemListElement":[{"@type":"ListItem","position":1,"name":"","item":"https:\/\/vianala.com\/en\/"},{"@type":"ListItem","position":2,"name":"Portada","item":"https:\/\/vianala.com\/en\/"},{"@type":"ListItem","position":3,"name":"Shop","item":"https:\/\/vianala.com\/en\/shop\/"},{"@type":"ListItem","position":4,"name":"Marieta Verde Crossbody"}]},{"@type":"WebSite","@id":"https:\/\/vianala.com\/en\/#website","url":"https:\/\/vianala.com\/en\/","name":"Bolsas de piel para dama Le\u00f3n Guanajuato Vianala. Bolsos de piel para mujer, Bolsas de piel para dama precio, bolsos piel mujer, bolsos de piel mujer, bolsas de piel negra, bolsas de piel de mayoreo.","description":"Vianala","publisher":{"@id":"https:\/\/vianala.com\/en\/#organization"},"alternateName":"Vianala","potentialAction":[{"@type":"SearchAction","target":{"@type":"EntryPoint","urlTemplate":"https:\/\/vianala.com\/en\/?s={search_term_string}"},"query-input":"required name=search_term_string"}],"inLanguage":"en-US"},{"@type":"Organization","@id":"https:\/\/vianala.com\/en\/#organization","name":"Bolsas de piel para dama Le\u00f3n Guanajuato Vianala. Bolsos de piel para mujer, Bolsas de piel para dama precio, bolsos piel mujer, bolsos de piel mujer, bolsas de piel negra, bolsas de piel de mayoreo.","url":"https:\/\/vianala.com\/en\/","logo":{"@type":"ImageObject","inLanguage":"en-US","@id":"https:\/\/vianala.com\/en\/#\/schema\/logo\/image\/","url":"https:\/\/vianala.com\/wp-content\/uploads\/2022\/02\/7.-Logo-Vianala.jpg","contentUrl":"https:\/\/vianala.com\/wp-content\/uploads\/2022\/02\/7.-Logo-Vianala.jpg","width":2249,"height":2249,"caption":"Bolsas de piel para dama Le\u00f3n Guanajuato Vianala. Bolsos de piel para mujer, Bolsas de piel para dama precio, bolsos piel mujer, bolsos de piel mujer, bolsas de piel negra, bolsas de piel de mayoreo."},"image":{"@id":"https:\/\/vianala.com\/en\/#\/schema\/logo\/image\/"},"sameAs":["https:\/\/www.facebook.com\/vianalabolsas","https:\/\/www.instagram.com\/vianala_bolsas\/","https:\/\/wa.me\/5214777133305"]}]}},"_links":{"self":[{"href":"https:\/\/vianala.com\/en\/wp-json\/wp\/v2\/product\/19919"}],"collection":[{"href":"https:\/\/vianala.com\/en\/wp-json\/wp\/v2\/product"}],"about":[{"href":"https:\/\/vianala.com\/en\/wp-json\/wp\/v2\/types\/product"}],"replies":[{"embeddable":true,"href":"https:\/\/vianala.com\/en\/wp-json\/wp\/v2\/comments?post=19919"}],"wp:featuredmedia":[{"embeddable":true,"href":"https:\/\/vianala.com\/en\/wp-json\/wp\/v2\/media\/24618"}],"wp:attachment":[{"href":"https:\/\/vianala.com\/en\/wp-json\/wp\/v2\/media?parent=19919"}],"wp:term":[{"taxonomy":"product_cat","embeddable":true,"href":"https:\/\/vianala.com\/en\/wp-json\/wp\/v2\/product_cat?post=19919"},{"taxonomy":"product_tag","embeddable":true,"href":"https:\/\/vianala.com\/en\/wp-json\/wp\/v2\/product_tag?post=19919"}],"curies":[{"name":"wp","href":"https:\/\/api.w.org\/{rel}","templated":true}]}}