{"id":21795,"date":"2022-04-26T09:48:39","date_gmt":"2022-04-26T14:48:39","guid":{"rendered":"https:\/\/vianala.com\/?post_type=product&#038;p=21795"},"modified":"2026-04-08T10:57:56","modified_gmt":"2026-04-08T15:57:56","slug":"bolsa-de-mano-croco-negro-743","status":"publish","type":"product","link":"https:\/\/vianala.com\/en\/tienda\/bolsa-de-mano-croco-negro-743\/","title":{"rendered":"Bolsa de Mano Cadereyta Croco Negro"},"content":{"rendered":"<h2>Bolsa de Mano Cadereyta Croco Negro<\/h2>\n<p>La compa\u00f1era perfecta para el d\u00eda a d\u00eda. Ideal para complementar tu atuendo cl\u00e1sico de oficina, o darle un toque elegante a tu\u00a0<em>outfit<\/em>\u00a0casual. No importa si eres una mujer de negocios, alguien con un trabajo art\u00edstico o dedicas tus d\u00edas a cuidar peque\u00f1os, esta bolsa te permitir\u00e1 realizar tus actividades sin perder el estilo.<\/p>\n<p>Esta bolsa es un modelo tipo frame cuenta con todos los elementos para brindarte comodidad, seguridad y estilo. Tiene doble asa para mayor elegancia, y un asa larga desmontable de 63 cm de alto para mayor comodidad. Se divide en tres compartimentos interiores de los cuales uno cuenta con <em>zipper<\/em>\u00a0para m\u00e1s seguridad.<\/p>\n","protected":false},"excerpt":{"rendered":"<p>Bolsa de Mano Cadereyta Croco Negro La compa\u00f1era perfecta para el d\u00eda a d\u00eda. Ideal para complementar tu atuendo cl\u00e1sico de oficina, o darle un toque elegante a tu\u00a0outfit\u00a0casual. No importa si eres una mujer de negocios, alguien con un trabajo art\u00edstico o dedicas tus d\u00edas a cuidar peque\u00f1os, esta bolsa te permitir\u00e1 realizar tus [&hellip;]<\/p>\n","protected":false},"featured_media":23897,"comment_status":"open","ping_status":"closed","template":"","meta":[],"product_cat":[300,305],"product_tag":[],"yoast_head":"<!-- This site is optimized with the Yoast SEO plugin v20.3 - https:\/\/yoast.com\/wordpress\/plugins\/seo\/ -->\n<title>Bolsa de mano de piel para mujer croco negro VIANALA<\/title>\n<meta name=\"description\" content=\"Esta bolsa es un modelo tipo frame cuenta con todos los elementos para brindarte comodidad, seguridad y estilo. Tiene doble asa para mayor elegancia, y un asa larga desmontable para mayor comodidad. Se divide en tres compartimentos interiores de los cuales uno cuenta con\u00a0zipper\u00a0para m\u00e1s seguridad.\" \/>\n<meta name=\"robots\" content=\"index, follow, max-snippet:-1, max-image-preview:large, max-video-preview:-1\" \/>\n<link rel=\"canonical\" href=\"https:\/\/vianala.com\/en\/tienda\/bolsa-de-mano-croco-negro-743\/\" \/>\n<meta property=\"og:locale\" content=\"en_US\" \/>\n<meta property=\"og:type\" content=\"article\" \/>\n<meta property=\"og:title\" content=\"Bolsa de mano de piel para mujer croco negro VIANALA\" \/>\n<meta property=\"og:description\" content=\"Esta bolsa es un modelo tipo frame cuenta con todos los elementos para brindarte comodidad, seguridad y estilo. Tiene doble asa para mayor elegancia, y un asa larga desmontable para mayor comodidad. Se divide en tres compartimentos interiores de los cuales uno cuenta con\u00a0zipper\u00a0para m\u00e1s seguridad.\" \/>\n<meta property=\"og:url\" content=\"https:\/\/vianala.com\/en\/tienda\/bolsa-de-mano-croco-negro-743\/\" \/>\n<meta property=\"og:site_name\" content=\"Vianala\" \/>\n<meta property=\"article:publisher\" content=\"https:\/\/www.facebook.com\/vianalabolsas\" \/>\n<meta property=\"article:modified_time\" content=\"2026-04-08T15:57:56+00:00\" \/>\n<meta property=\"og:image\" content=\"https:\/\/vianala.com\/wp-content\/uploads\/2022\/04\/BOLSA_NEGRA_743_1.jpg\" \/>\n\t<meta property=\"og:image:width\" content=\"960\" \/>\n\t<meta property=\"og:image:height\" content=\"960\" \/>\n\t<meta property=\"og:image:type\" content=\"image\/jpeg\" \/>\n<meta name=\"twitter:card\" content=\"summary_large_image\" \/>\n<meta name=\"twitter:label1\" content=\"Est. reading time\" \/>\n\t<meta name=\"twitter:data1\" content=\"1 minute\" \/>\n<script type=\"application\/ld+json\" class=\"yoast-schema-graph\">{\"@context\":\"https:\/\/schema.org\",\"@graph\":[{\"@type\":\"WebPage\",\"@id\":\"https:\/\/vianala.com\/en\/tienda\/bolsa-de-mano-croco-negro-743\/\",\"url\":\"https:\/\/vianala.com\/en\/tienda\/bolsa-de-mano-croco-negro-743\/\",\"name\":\"Bolsa de mano de piel para mujer croco negro VIANALA\",\"isPartOf\":{\"@id\":\"https:\/\/vianala.com\/en\/#website\"},\"datePublished\":\"2022-04-26T14:48:39+00:00\",\"dateModified\":\"2026-04-08T15:57:56+00:00\",\"description\":\"Esta bolsa es un modelo tipo frame cuenta con todos los elementos para brindarte comodidad, seguridad y estilo. Tiene doble asa para mayor elegancia, y un asa larga desmontable para mayor comodidad. Se divide en tres compartimentos interiores de los cuales uno cuenta con\u00a0zipper\u00a0para m\u00e1s seguridad.\",\"breadcrumb\":{\"@id\":\"https:\/\/vianala.com\/en\/tienda\/bolsa-de-mano-croco-negro-743\/#breadcrumb\"},\"inLanguage\":\"en-US\",\"potentialAction\":[{\"@type\":\"ReadAction\",\"target\":[\"https:\/\/vianala.com\/en\/tienda\/bolsa-de-mano-croco-negro-743\/\"]}]},{\"@type\":\"BreadcrumbList\",\"@id\":\"https:\/\/vianala.com\/en\/tienda\/bolsa-de-mano-croco-negro-743\/#breadcrumb\",\"itemListElement\":[{\"@type\":\"ListItem\",\"position\":1,\"name\":\"\",\"item\":\"https:\/\/vianala.com\/en\/\"},{\"@type\":\"ListItem\",\"position\":2,\"name\":\"Portada\",\"item\":\"https:\/\/vianala.com\/en\/\"},{\"@type\":\"ListItem\",\"position\":3,\"name\":\"Shop\",\"item\":\"https:\/\/vianala.com\/en\/shop\/\"},{\"@type\":\"ListItem\",\"position\":4,\"name\":\"Bolsa de Mano Cadereyta Croco Negro\"}]},{\"@type\":\"WebSite\",\"@id\":\"https:\/\/vianala.com\/en\/#website\",\"url\":\"https:\/\/vianala.com\/en\/\",\"name\":\"Bolsas de piel para dama Le\u00f3n Guanajuato Vianala. Bolsos de piel para mujer, Bolsas de piel para dama precio, bolsos piel mujer, bolsos de piel mujer, bolsas de piel negra, bolsas de piel de mayoreo.\",\"description\":\"Vianala\",\"publisher\":{\"@id\":\"https:\/\/vianala.com\/en\/#organization\"},\"alternateName\":\"Vianala\",\"potentialAction\":[{\"@type\":\"SearchAction\",\"target\":{\"@type\":\"EntryPoint\",\"urlTemplate\":\"https:\/\/vianala.com\/en\/?s={search_term_string}\"},\"query-input\":\"required name=search_term_string\"}],\"inLanguage\":\"en-US\"},{\"@type\":\"Organization\",\"@id\":\"https:\/\/vianala.com\/en\/#organization\",\"name\":\"Bolsas de piel para dama Le\u00f3n Guanajuato Vianala. Bolsos de piel para mujer, Bolsas de piel para dama precio, bolsos piel mujer, bolsos de piel mujer, bolsas de piel negra, bolsas de piel de mayoreo.\",\"url\":\"https:\/\/vianala.com\/en\/\",\"logo\":{\"@type\":\"ImageObject\",\"inLanguage\":\"en-US\",\"@id\":\"https:\/\/vianala.com\/en\/#\/schema\/logo\/image\/\",\"url\":\"https:\/\/vianala.com\/wp-content\/uploads\/2022\/02\/7.-Logo-Vianala.jpg\",\"contentUrl\":\"https:\/\/vianala.com\/wp-content\/uploads\/2022\/02\/7.-Logo-Vianala.jpg\",\"width\":2249,\"height\":2249,\"caption\":\"Bolsas de piel para dama Le\u00f3n Guanajuato Vianala. Bolsos de piel para mujer, Bolsas de piel para dama precio, bolsos piel mujer, bolsos de piel mujer, bolsas de piel negra, bolsas de piel de mayoreo.\"},\"image\":{\"@id\":\"https:\/\/vianala.com\/en\/#\/schema\/logo\/image\/\"},\"sameAs\":[\"https:\/\/www.facebook.com\/vianalabolsas\",\"https:\/\/www.instagram.com\/vianala_bolsas\/\",\"https:\/\/wa.me\/5214777133305\"]}]}<\/script>\n<!-- \/ Yoast SEO plugin. -->","yoast_head_json":{"title":"Bolsa de mano de piel para mujer croco negro VIANALA","description":"Esta bolsa es un modelo tipo frame cuenta con todos los elementos para brindarte comodidad, seguridad y estilo. Tiene doble asa para mayor elegancia, y un asa larga desmontable para mayor comodidad. Se divide en tres compartimentos interiores de los cuales uno cuenta con\u00a0zipper\u00a0para m\u00e1s seguridad.","robots":{"index":"index","follow":"follow","max-snippet":"max-snippet:-1","max-image-preview":"max-image-preview:large","max-video-preview":"max-video-preview:-1"},"canonical":"https:\/\/vianala.com\/en\/tienda\/bolsa-de-mano-croco-negro-743\/","og_locale":"en_US","og_type":"article","og_title":"Bolsa de mano de piel para mujer croco negro VIANALA","og_description":"Esta bolsa es un modelo tipo frame cuenta con todos los elementos para brindarte comodidad, seguridad y estilo. Tiene doble asa para mayor elegancia, y un asa larga desmontable para mayor comodidad. Se divide en tres compartimentos interiores de los cuales uno cuenta con\u00a0zipper\u00a0para m\u00e1s seguridad.","og_url":"https:\/\/vianala.com\/en\/tienda\/bolsa-de-mano-croco-negro-743\/","og_site_name":"Vianala","article_publisher":"https:\/\/www.facebook.com\/vianalabolsas","article_modified_time":"2026-04-08T15:57:56+00:00","og_image":[{"width":960,"height":960,"url":"https:\/\/vianala.com\/wp-content\/uploads\/2022\/04\/BOLSA_NEGRA_743_1.jpg","type":"image\/jpeg"}],"twitter_card":"summary_large_image","twitter_misc":{"Est. reading time":"1 minute"},"schema":{"@context":"https:\/\/schema.org","@graph":[{"@type":"WebPage","@id":"https:\/\/vianala.com\/en\/tienda\/bolsa-de-mano-croco-negro-743\/","url":"https:\/\/vianala.com\/en\/tienda\/bolsa-de-mano-croco-negro-743\/","name":"Bolsa de mano de piel para mujer croco negro VIANALA","isPartOf":{"@id":"https:\/\/vianala.com\/en\/#website"},"datePublished":"2022-04-26T14:48:39+00:00","dateModified":"2026-04-08T15:57:56+00:00","description":"Esta bolsa es un modelo tipo frame cuenta con todos los elementos para brindarte comodidad, seguridad y estilo. Tiene doble asa para mayor elegancia, y un asa larga desmontable para mayor comodidad. Se divide en tres compartimentos interiores de los cuales uno cuenta con\u00a0zipper\u00a0para m\u00e1s seguridad.","breadcrumb":{"@id":"https:\/\/vianala.com\/en\/tienda\/bolsa-de-mano-croco-negro-743\/#breadcrumb"},"inLanguage":"en-US","potentialAction":[{"@type":"ReadAction","target":["https:\/\/vianala.com\/en\/tienda\/bolsa-de-mano-croco-negro-743\/"]}]},{"@type":"BreadcrumbList","@id":"https:\/\/vianala.com\/en\/tienda\/bolsa-de-mano-croco-negro-743\/#breadcrumb","itemListElement":[{"@type":"ListItem","position":1,"name":"","item":"https:\/\/vianala.com\/en\/"},{"@type":"ListItem","position":2,"name":"Portada","item":"https:\/\/vianala.com\/en\/"},{"@type":"ListItem","position":3,"name":"Shop","item":"https:\/\/vianala.com\/en\/shop\/"},{"@type":"ListItem","position":4,"name":"Bolsa de Mano Cadereyta Croco Negro"}]},{"@type":"WebSite","@id":"https:\/\/vianala.com\/en\/#website","url":"https:\/\/vianala.com\/en\/","name":"Bolsas de piel para dama Le\u00f3n Guanajuato Vianala. Bolsos de piel para mujer, Bolsas de piel para dama precio, bolsos piel mujer, bolsos de piel mujer, bolsas de piel negra, bolsas de piel de mayoreo.","description":"Vianala","publisher":{"@id":"https:\/\/vianala.com\/en\/#organization"},"alternateName":"Vianala","potentialAction":[{"@type":"SearchAction","target":{"@type":"EntryPoint","urlTemplate":"https:\/\/vianala.com\/en\/?s={search_term_string}"},"query-input":"required name=search_term_string"}],"inLanguage":"en-US"},{"@type":"Organization","@id":"https:\/\/vianala.com\/en\/#organization","name":"Bolsas de piel para dama Le\u00f3n Guanajuato Vianala. Bolsos de piel para mujer, Bolsas de piel para dama precio, bolsos piel mujer, bolsos de piel mujer, bolsas de piel negra, bolsas de piel de mayoreo.","url":"https:\/\/vianala.com\/en\/","logo":{"@type":"ImageObject","inLanguage":"en-US","@id":"https:\/\/vianala.com\/en\/#\/schema\/logo\/image\/","url":"https:\/\/vianala.com\/wp-content\/uploads\/2022\/02\/7.-Logo-Vianala.jpg","contentUrl":"https:\/\/vianala.com\/wp-content\/uploads\/2022\/02\/7.-Logo-Vianala.jpg","width":2249,"height":2249,"caption":"Bolsas de piel para dama Le\u00f3n Guanajuato Vianala. Bolsos de piel para mujer, Bolsas de piel para dama precio, bolsos piel mujer, bolsos de piel mujer, bolsas de piel negra, bolsas de piel de mayoreo."},"image":{"@id":"https:\/\/vianala.com\/en\/#\/schema\/logo\/image\/"},"sameAs":["https:\/\/www.facebook.com\/vianalabolsas","https:\/\/www.instagram.com\/vianala_bolsas\/","https:\/\/wa.me\/5214777133305"]}]}},"_links":{"self":[{"href":"https:\/\/vianala.com\/en\/wp-json\/wp\/v2\/product\/21795"}],"collection":[{"href":"https:\/\/vianala.com\/en\/wp-json\/wp\/v2\/product"}],"about":[{"href":"https:\/\/vianala.com\/en\/wp-json\/wp\/v2\/types\/product"}],"replies":[{"embeddable":true,"href":"https:\/\/vianala.com\/en\/wp-json\/wp\/v2\/comments?post=21795"}],"wp:featuredmedia":[{"embeddable":true,"href":"https:\/\/vianala.com\/en\/wp-json\/wp\/v2\/media\/23897"}],"wp:attachment":[{"href":"https:\/\/vianala.com\/en\/wp-json\/wp\/v2\/media?parent=21795"}],"wp:term":[{"taxonomy":"product_cat","embeddable":true,"href":"https:\/\/vianala.com\/en\/wp-json\/wp\/v2\/product_cat?post=21795"},{"taxonomy":"product_tag","embeddable":true,"href":"https:\/\/vianala.com\/en\/wp-json\/wp\/v2\/product_tag?post=21795"}],"curies":[{"name":"wp","href":"https:\/\/api.w.org\/{rel}","templated":true}]}}