{"id":22300,"date":"2022-07-19T16:52:27","date_gmt":"2022-07-19T21:52:27","guid":{"rendered":"https:\/\/vianala.com\/?post_type=product&#038;p=22300"},"modified":"2025-05-13T17:44:37","modified_gmt":"2025-05-13T22:44:37","slug":"monedero-piel-dama-vibora-miel-736","status":"publish","type":"product","link":"https:\/\/vianala.com\/en\/tienda\/monedero-piel-dama-vibora-miel-736\/","title":{"rendered":"Monedero Tula V\u00edbora Miel"},"content":{"rendered":"<h2 style=\"text-align: right\">Tula Monedero de piel v\u00edbora miel<\/h2>\n<p>&nbsp;<\/p>\n<p>Peque\u00f1o monedero de piel con cierre M\u00e1s accesorios VIANALA\u00a0<a href=\"https:\/\/vianala.com\/categoria-producto\/lapicera-de-piel-cosmetiqueras-de-piel-lapicera-piel\/\">aqu\u00ed\u00a0<\/a>\u00a0Descubre nuestra l\u00ednea de art\u00edculos de piel para hombre en\u00a0<a href=\"https:\/\/www.omine.com.mx\/\">OMINE<\/a><\/p>\n<h2><\/h2>\n<h2 style=\"text-align: left\">Tula Monedero de piel v\u00edbora miel<\/h2>\n<p>&nbsp;<\/p>\n","protected":false},"excerpt":{"rendered":"<p>Tula Monedero de piel v\u00edbora miel &nbsp; Peque\u00f1o monedero de piel con cierre M\u00e1s accesorios VIANALA\u00a0aqu\u00ed\u00a0\u00a0Descubre nuestra l\u00ednea de art\u00edculos de piel para hombre en\u00a0OMINE Tula Monedero de piel v\u00edbora miel &nbsp;<\/p>\n","protected":false},"featured_media":24583,"comment_status":"open","ping_status":"closed","template":"","meta":[],"product_cat":[307],"product_tag":[],"yoast_head":"<!-- This site is optimized with the Yoast SEO plugin v20.3 - https:\/\/yoast.com\/wordpress\/plugins\/seo\/ -->\n<title>Monedero para dama de piel vibora miel VIANALA<\/title>\n<meta name=\"description\" content=\"Monedero para dama de piel v\u00edbora miel. Compra online monederos de piel para mujer.. Compra en nuestra tienda en l\u00ednea VIANALA\" \/>\n<meta name=\"robots\" content=\"index, follow, max-snippet:-1, max-image-preview:large, max-video-preview:-1\" \/>\n<link rel=\"canonical\" href=\"https:\/\/vianala.com\/en\/tienda\/monedero-piel-dama-vibora-miel-736\/\" \/>\n<meta property=\"og:locale\" content=\"en_US\" \/>\n<meta property=\"og:type\" content=\"article\" \/>\n<meta property=\"og:title\" content=\"Monedero para dama de piel vibora miel VIANALA\" \/>\n<meta property=\"og:description\" content=\"Monedero para dama de piel v\u00edbora miel. Compra online monederos de piel para mujer.. Compra en nuestra tienda en l\u00ednea VIANALA\" \/>\n<meta property=\"og:url\" content=\"https:\/\/vianala.com\/en\/tienda\/monedero-piel-dama-vibora-miel-736\/\" \/>\n<meta property=\"og:site_name\" content=\"Vianala\" \/>\n<meta property=\"article:publisher\" content=\"https:\/\/www.facebook.com\/vianalabolsas\" \/>\n<meta property=\"article:modified_time\" content=\"2025-05-13T22:44:37+00:00\" \/>\n<meta property=\"og:image\" content=\"https:\/\/vianala.com\/wp-content\/uploads\/2022\/07\/IMG_3853-Editar.jpg\" \/>\n\t<meta property=\"og:image:width\" content=\"960\" \/>\n\t<meta property=\"og:image:height\" content=\"960\" \/>\n\t<meta property=\"og:image:type\" content=\"image\/jpeg\" \/>\n<meta name=\"twitter:card\" content=\"summary_large_image\" \/>\n<meta name=\"twitter:label1\" content=\"Est. reading time\" \/>\n\t<meta name=\"twitter:data1\" content=\"1 minute\" \/>\n<script type=\"application\/ld+json\" class=\"yoast-schema-graph\">{\"@context\":\"https:\/\/schema.org\",\"@graph\":[{\"@type\":\"WebPage\",\"@id\":\"https:\/\/vianala.com\/en\/tienda\/monedero-piel-dama-vibora-miel-736\/\",\"url\":\"https:\/\/vianala.com\/en\/tienda\/monedero-piel-dama-vibora-miel-736\/\",\"name\":\"Monedero para dama de piel vibora miel VIANALA\",\"isPartOf\":{\"@id\":\"https:\/\/vianala.com\/en\/#website\"},\"datePublished\":\"2022-07-19T21:52:27+00:00\",\"dateModified\":\"2025-05-13T22:44:37+00:00\",\"description\":\"Monedero para dama de piel v\u00edbora miel. Compra online monederos de piel para mujer.. Compra en nuestra tienda en l\u00ednea VIANALA\",\"breadcrumb\":{\"@id\":\"https:\/\/vianala.com\/en\/tienda\/monedero-piel-dama-vibora-miel-736\/#breadcrumb\"},\"inLanguage\":\"en-US\",\"potentialAction\":[{\"@type\":\"ReadAction\",\"target\":[\"https:\/\/vianala.com\/en\/tienda\/monedero-piel-dama-vibora-miel-736\/\"]}]},{\"@type\":\"BreadcrumbList\",\"@id\":\"https:\/\/vianala.com\/en\/tienda\/monedero-piel-dama-vibora-miel-736\/#breadcrumb\",\"itemListElement\":[{\"@type\":\"ListItem\",\"position\":1,\"name\":\"\",\"item\":\"https:\/\/vianala.com\/en\/\"},{\"@type\":\"ListItem\",\"position\":2,\"name\":\"Portada\",\"item\":\"https:\/\/vianala.com\/en\/\"},{\"@type\":\"ListItem\",\"position\":3,\"name\":\"Shop\",\"item\":\"https:\/\/vianala.com\/en\/shop\/\"},{\"@type\":\"ListItem\",\"position\":4,\"name\":\"Monedero Tula V\u00edbora Miel\"}]},{\"@type\":\"WebSite\",\"@id\":\"https:\/\/vianala.com\/en\/#website\",\"url\":\"https:\/\/vianala.com\/en\/\",\"name\":\"Bolsas de piel para dama Le\u00f3n Guanajuato Vianala. Bolsos de piel para mujer, Bolsas de piel para dama precio, bolsos piel mujer, bolsos de piel mujer, bolsas de piel negra, bolsas de piel de mayoreo.\",\"description\":\"Vianala\",\"publisher\":{\"@id\":\"https:\/\/vianala.com\/en\/#organization\"},\"alternateName\":\"Vianala\",\"potentialAction\":[{\"@type\":\"SearchAction\",\"target\":{\"@type\":\"EntryPoint\",\"urlTemplate\":\"https:\/\/vianala.com\/en\/?s={search_term_string}\"},\"query-input\":\"required name=search_term_string\"}],\"inLanguage\":\"en-US\"},{\"@type\":\"Organization\",\"@id\":\"https:\/\/vianala.com\/en\/#organization\",\"name\":\"Bolsas de piel para dama Le\u00f3n Guanajuato Vianala. Bolsos de piel para mujer, Bolsas de piel para dama precio, bolsos piel mujer, bolsos de piel mujer, bolsas de piel negra, bolsas de piel de mayoreo.\",\"url\":\"https:\/\/vianala.com\/en\/\",\"logo\":{\"@type\":\"ImageObject\",\"inLanguage\":\"en-US\",\"@id\":\"https:\/\/vianala.com\/en\/#\/schema\/logo\/image\/\",\"url\":\"https:\/\/vianala.com\/wp-content\/uploads\/2022\/02\/7.-Logo-Vianala.jpg\",\"contentUrl\":\"https:\/\/vianala.com\/wp-content\/uploads\/2022\/02\/7.-Logo-Vianala.jpg\",\"width\":2249,\"height\":2249,\"caption\":\"Bolsas de piel para dama Le\u00f3n Guanajuato Vianala. Bolsos de piel para mujer, Bolsas de piel para dama precio, bolsos piel mujer, bolsos de piel mujer, bolsas de piel negra, bolsas de piel de mayoreo.\"},\"image\":{\"@id\":\"https:\/\/vianala.com\/en\/#\/schema\/logo\/image\/\"},\"sameAs\":[\"https:\/\/www.facebook.com\/vianalabolsas\",\"https:\/\/www.instagram.com\/vianala_bolsas\/\",\"https:\/\/wa.me\/5214777133305\"]}]}<\/script>\n<!-- \/ Yoast SEO plugin. -->","yoast_head_json":{"title":"Monedero para dama de piel vibora miel VIANALA","description":"Monedero para dama de piel v\u00edbora miel. Compra online monederos de piel para mujer.. Compra en nuestra tienda en l\u00ednea VIANALA","robots":{"index":"index","follow":"follow","max-snippet":"max-snippet:-1","max-image-preview":"max-image-preview:large","max-video-preview":"max-video-preview:-1"},"canonical":"https:\/\/vianala.com\/en\/tienda\/monedero-piel-dama-vibora-miel-736\/","og_locale":"en_US","og_type":"article","og_title":"Monedero para dama de piel vibora miel VIANALA","og_description":"Monedero para dama de piel v\u00edbora miel. Compra online monederos de piel para mujer.. Compra en nuestra tienda en l\u00ednea VIANALA","og_url":"https:\/\/vianala.com\/en\/tienda\/monedero-piel-dama-vibora-miel-736\/","og_site_name":"Vianala","article_publisher":"https:\/\/www.facebook.com\/vianalabolsas","article_modified_time":"2025-05-13T22:44:37+00:00","og_image":[{"width":960,"height":960,"url":"https:\/\/vianala.com\/wp-content\/uploads\/2022\/07\/IMG_3853-Editar.jpg","type":"image\/jpeg"}],"twitter_card":"summary_large_image","twitter_misc":{"Est. reading time":"1 minute"},"schema":{"@context":"https:\/\/schema.org","@graph":[{"@type":"WebPage","@id":"https:\/\/vianala.com\/en\/tienda\/monedero-piel-dama-vibora-miel-736\/","url":"https:\/\/vianala.com\/en\/tienda\/monedero-piel-dama-vibora-miel-736\/","name":"Monedero para dama de piel vibora miel VIANALA","isPartOf":{"@id":"https:\/\/vianala.com\/en\/#website"},"datePublished":"2022-07-19T21:52:27+00:00","dateModified":"2025-05-13T22:44:37+00:00","description":"Monedero para dama de piel v\u00edbora miel. Compra online monederos de piel para mujer.. Compra en nuestra tienda en l\u00ednea VIANALA","breadcrumb":{"@id":"https:\/\/vianala.com\/en\/tienda\/monedero-piel-dama-vibora-miel-736\/#breadcrumb"},"inLanguage":"en-US","potentialAction":[{"@type":"ReadAction","target":["https:\/\/vianala.com\/en\/tienda\/monedero-piel-dama-vibora-miel-736\/"]}]},{"@type":"BreadcrumbList","@id":"https:\/\/vianala.com\/en\/tienda\/monedero-piel-dama-vibora-miel-736\/#breadcrumb","itemListElement":[{"@type":"ListItem","position":1,"name":"","item":"https:\/\/vianala.com\/en\/"},{"@type":"ListItem","position":2,"name":"Portada","item":"https:\/\/vianala.com\/en\/"},{"@type":"ListItem","position":3,"name":"Shop","item":"https:\/\/vianala.com\/en\/shop\/"},{"@type":"ListItem","position":4,"name":"Monedero Tula V\u00edbora Miel"}]},{"@type":"WebSite","@id":"https:\/\/vianala.com\/en\/#website","url":"https:\/\/vianala.com\/en\/","name":"Bolsas de piel para dama Le\u00f3n Guanajuato Vianala. Bolsos de piel para mujer, Bolsas de piel para dama precio, bolsos piel mujer, bolsos de piel mujer, bolsas de piel negra, bolsas de piel de mayoreo.","description":"Vianala","publisher":{"@id":"https:\/\/vianala.com\/en\/#organization"},"alternateName":"Vianala","potentialAction":[{"@type":"SearchAction","target":{"@type":"EntryPoint","urlTemplate":"https:\/\/vianala.com\/en\/?s={search_term_string}"},"query-input":"required name=search_term_string"}],"inLanguage":"en-US"},{"@type":"Organization","@id":"https:\/\/vianala.com\/en\/#organization","name":"Bolsas de piel para dama Le\u00f3n Guanajuato Vianala. Bolsos de piel para mujer, Bolsas de piel para dama precio, bolsos piel mujer, bolsos de piel mujer, bolsas de piel negra, bolsas de piel de mayoreo.","url":"https:\/\/vianala.com\/en\/","logo":{"@type":"ImageObject","inLanguage":"en-US","@id":"https:\/\/vianala.com\/en\/#\/schema\/logo\/image\/","url":"https:\/\/vianala.com\/wp-content\/uploads\/2022\/02\/7.-Logo-Vianala.jpg","contentUrl":"https:\/\/vianala.com\/wp-content\/uploads\/2022\/02\/7.-Logo-Vianala.jpg","width":2249,"height":2249,"caption":"Bolsas de piel para dama Le\u00f3n Guanajuato Vianala. Bolsos de piel para mujer, Bolsas de piel para dama precio, bolsos piel mujer, bolsos de piel mujer, bolsas de piel negra, bolsas de piel de mayoreo."},"image":{"@id":"https:\/\/vianala.com\/en\/#\/schema\/logo\/image\/"},"sameAs":["https:\/\/www.facebook.com\/vianalabolsas","https:\/\/www.instagram.com\/vianala_bolsas\/","https:\/\/wa.me\/5214777133305"]}]}},"_links":{"self":[{"href":"https:\/\/vianala.com\/en\/wp-json\/wp\/v2\/product\/22300"}],"collection":[{"href":"https:\/\/vianala.com\/en\/wp-json\/wp\/v2\/product"}],"about":[{"href":"https:\/\/vianala.com\/en\/wp-json\/wp\/v2\/types\/product"}],"replies":[{"embeddable":true,"href":"https:\/\/vianala.com\/en\/wp-json\/wp\/v2\/comments?post=22300"}],"wp:featuredmedia":[{"embeddable":true,"href":"https:\/\/vianala.com\/en\/wp-json\/wp\/v2\/media\/24583"}],"wp:attachment":[{"href":"https:\/\/vianala.com\/en\/wp-json\/wp\/v2\/media?parent=22300"}],"wp:term":[{"taxonomy":"product_cat","embeddable":true,"href":"https:\/\/vianala.com\/en\/wp-json\/wp\/v2\/product_cat?post=22300"},{"taxonomy":"product_tag","embeddable":true,"href":"https:\/\/vianala.com\/en\/wp-json\/wp\/v2\/product_tag?post=22300"}],"curies":[{"name":"wp","href":"https:\/\/api.w.org\/{rel}","templated":true}]}}