{"id":22674,"date":"2022-10-13T11:30:29","date_gmt":"2022-10-13T16:30:29","guid":{"rendered":"https:\/\/vianala.com\/?post_type=product&#038;p=22674"},"modified":"2026-03-26T12:54:54","modified_gmt":"2026-03-26T18:54:54","slug":"bolsas-personalizadas-de-piel-iniciales-negra","status":"publish","type":"product","link":"https:\/\/vianala.com\/en\/tienda\/bolsas-personalizadas-de-piel-iniciales-negra\/","title":{"rendered":"Balandra Negra con Iniciales"},"content":{"rendered":"<h2>Elige el color de tus iniciales: Doradas o Plateadas<\/h2>\n<p style=\"text-align: right\">Bolsas personalizadas de piel iniciales negra<\/p>\n<p>\u00a1Hazla \u00fanica personaliz\u00e1ndola online!<\/p>\n<p>Bolsa tote negra. Bolsa tipo tote. Bolsa tote de piel. Tote bag.<\/p>\n<p>Una bolsa tote negra como esta es el complemento perfecto para tus looks de d\u00eda a d\u00eda. Esta bolsa tote negra de la nueva colecci\u00f3n Vianala es justo lo que necesitas para encontrar estilo, versatilidad y funcionalidad en un mismo accesorio.<\/p>\n<p>Su dise\u00f1o (caracter\u00edstico de las bolsas tote) la hace ideal para llevar en ella todos los art\u00edculos necesarios para tu vida, ya sea tu laptop, libros y libretas para la escuela; o laptop y documentos para la oficina. Cuenta tambi\u00e9n con dos compartimentos internos y dos externos que te permitir\u00e1n tener siempre a la mano tu cartera, llaves, cubre bocas y otros productos de la cotidianeidad. Adem\u00e1s, sus dos asas son tan c\u00f3modas que podr\u00e1s llevarla en el hombro desde que sales de casa, hasta que regresas.<\/p>\n<p>Consulta pol\u00edticas de env\u00edo <a href=\"https:\/\/www.vianala.com\/politicasenvio\/\">aqu\u00ed<\/a><\/p>\n<h2>Bolsas personalizadas de piel iniciales negra<\/h2>\n<p>Checa nuestros accesorios de piel personalizados para hombre marca <a href=\"http:\/\/www.omine.com.mx\" target=\"_blank\" rel=\"noopener\">OMINE<\/a><\/p>\n","protected":false},"excerpt":{"rendered":"<p>Elige el color de tus iniciales: Doradas o Plateadas Bolsas personalizadas de piel iniciales negra \u00a1Hazla \u00fanica personaliz\u00e1ndola online! Bolsa tote negra. Bolsa tipo tote. Bolsa tote de piel. Tote bag. Una bolsa tote negra como esta es el complemento perfecto para tus looks de d\u00eda a d\u00eda. Esta bolsa tote negra de la nueva [&hellip;]<\/p>\n","protected":false},"featured_media":24229,"comment_status":"open","ping_status":"closed","template":"","meta":[],"product_cat":[300,222,302,303],"product_tag":[224,226,225],"yoast_head":"<!-- This site is optimized with the Yoast SEO plugin v20.3 - https:\/\/yoast.com\/wordpress\/plugins\/seo\/ -->\n<title>Bolsas personalizadas de piel iniciales negra Vianala. Tienda online de bolsas personalizadas de piel iniciales, bolsos personalizados piel iniciales, bolso piel personalizado iniciales<\/title>\n<meta name=\"description\" content=\"Bolsas personalizadas de piel iniciales negra \u00a1Personaliza tu bolsa online y hazla \u00fanica! Gratis env\u00edo. Bolsas personalizadas de piel iniciales tienda en l\u00ednea. Bolsos personalizados piel iniciales, bolso piel personalizado iniciales.\" \/>\n<meta name=\"robots\" content=\"index, follow, max-snippet:-1, max-image-preview:large, max-video-preview:-1\" \/>\n<link rel=\"canonical\" href=\"https:\/\/vianala.com\/en\/tienda\/bolsas-personalizadas-de-piel-iniciales-negra\/\" \/>\n<meta property=\"og:locale\" content=\"en_US\" \/>\n<meta property=\"og:type\" content=\"article\" \/>\n<meta property=\"og:title\" content=\"Bolsas personalizadas de piel iniciales negra Vianala. Tienda online de bolsas personalizadas de piel iniciales, bolsos personalizados piel iniciales, bolso piel personalizado iniciales\" \/>\n<meta property=\"og:description\" content=\"Bolsas personalizadas de piel iniciales negra \u00a1Personaliza tu bolsa online y hazla \u00fanica! Gratis env\u00edo. Bolsas personalizadas de piel iniciales tienda en l\u00ednea. Bolsos personalizados piel iniciales, bolso piel personalizado iniciales.\" \/>\n<meta property=\"og:url\" content=\"https:\/\/vianala.com\/en\/tienda\/bolsas-personalizadas-de-piel-iniciales-negra\/\" \/>\n<meta property=\"og:site_name\" content=\"Vianala\" \/>\n<meta property=\"article:publisher\" content=\"https:\/\/www.facebook.com\/vianalabolsas\" \/>\n<meta property=\"article:modified_time\" content=\"2026-03-26T18:54:54+00:00\" \/>\n<meta property=\"og:image\" content=\"https:\/\/vianala.com\/wp-content\/uploads\/2022\/10\/Tote-Balandra-Negro.png\" \/>\n\t<meta property=\"og:image:width\" content=\"2475\" \/>\n\t<meta property=\"og:image:height\" content=\"2493\" \/>\n\t<meta property=\"og:image:type\" content=\"image\/png\" \/>\n<meta name=\"twitter:card\" content=\"summary_large_image\" \/>\n<meta name=\"twitter:label1\" content=\"Est. reading time\" \/>\n\t<meta name=\"twitter:data1\" content=\"1 minute\" \/>\n<script type=\"application\/ld+json\" class=\"yoast-schema-graph\">{\"@context\":\"https:\/\/schema.org\",\"@graph\":[{\"@type\":\"WebPage\",\"@id\":\"https:\/\/vianala.com\/en\/tienda\/bolsas-personalizadas-de-piel-iniciales-negra\/\",\"url\":\"https:\/\/vianala.com\/en\/tienda\/bolsas-personalizadas-de-piel-iniciales-negra\/\",\"name\":\"Bolsas personalizadas de piel iniciales negra Vianala. Tienda online de bolsas personalizadas de piel iniciales, bolsos personalizados piel iniciales, bolso piel personalizado iniciales\",\"isPartOf\":{\"@id\":\"https:\/\/vianala.com\/en\/#website\"},\"datePublished\":\"2022-10-13T16:30:29+00:00\",\"dateModified\":\"2026-03-26T18:54:54+00:00\",\"description\":\"Bolsas personalizadas de piel iniciales negra \u00a1Personaliza tu bolsa online y hazla \u00fanica! Gratis env\u00edo. Bolsas personalizadas de piel iniciales tienda en l\u00ednea. Bolsos personalizados piel iniciales, bolso piel personalizado iniciales.\",\"breadcrumb\":{\"@id\":\"https:\/\/vianala.com\/en\/tienda\/bolsas-personalizadas-de-piel-iniciales-negra\/#breadcrumb\"},\"inLanguage\":\"en-US\",\"potentialAction\":[{\"@type\":\"ReadAction\",\"target\":[\"https:\/\/vianala.com\/en\/tienda\/bolsas-personalizadas-de-piel-iniciales-negra\/\"]}]},{\"@type\":\"BreadcrumbList\",\"@id\":\"https:\/\/vianala.com\/en\/tienda\/bolsas-personalizadas-de-piel-iniciales-negra\/#breadcrumb\",\"itemListElement\":[{\"@type\":\"ListItem\",\"position\":1,\"name\":\"\",\"item\":\"https:\/\/vianala.com\/en\/\"},{\"@type\":\"ListItem\",\"position\":2,\"name\":\"Portada\",\"item\":\"https:\/\/vianala.com\/en\/\"},{\"@type\":\"ListItem\",\"position\":3,\"name\":\"Shop\",\"item\":\"https:\/\/vianala.com\/en\/shop\/\"},{\"@type\":\"ListItem\",\"position\":4,\"name\":\"Balandra Negra con Iniciales\"}]},{\"@type\":\"WebSite\",\"@id\":\"https:\/\/vianala.com\/en\/#website\",\"url\":\"https:\/\/vianala.com\/en\/\",\"name\":\"Bolsas de piel para dama Le\u00f3n Guanajuato Vianala. Bolsos de piel para mujer, Bolsas de piel para dama precio, bolsos piel mujer, bolsos de piel mujer, bolsas de piel negra, bolsas de piel de mayoreo.\",\"description\":\"Vianala\",\"publisher\":{\"@id\":\"https:\/\/vianala.com\/en\/#organization\"},\"alternateName\":\"Vianala\",\"potentialAction\":[{\"@type\":\"SearchAction\",\"target\":{\"@type\":\"EntryPoint\",\"urlTemplate\":\"https:\/\/vianala.com\/en\/?s={search_term_string}\"},\"query-input\":\"required name=search_term_string\"}],\"inLanguage\":\"en-US\"},{\"@type\":\"Organization\",\"@id\":\"https:\/\/vianala.com\/en\/#organization\",\"name\":\"Bolsas de piel para dama Le\u00f3n Guanajuato Vianala. Bolsos de piel para mujer, Bolsas de piel para dama precio, bolsos piel mujer, bolsos de piel mujer, bolsas de piel negra, bolsas de piel de mayoreo.\",\"url\":\"https:\/\/vianala.com\/en\/\",\"logo\":{\"@type\":\"ImageObject\",\"inLanguage\":\"en-US\",\"@id\":\"https:\/\/vianala.com\/en\/#\/schema\/logo\/image\/\",\"url\":\"https:\/\/vianala.com\/wp-content\/uploads\/2022\/02\/7.-Logo-Vianala.jpg\",\"contentUrl\":\"https:\/\/vianala.com\/wp-content\/uploads\/2022\/02\/7.-Logo-Vianala.jpg\",\"width\":2249,\"height\":2249,\"caption\":\"Bolsas de piel para dama Le\u00f3n Guanajuato Vianala. Bolsos de piel para mujer, Bolsas de piel para dama precio, bolsos piel mujer, bolsos de piel mujer, bolsas de piel negra, bolsas de piel de mayoreo.\"},\"image\":{\"@id\":\"https:\/\/vianala.com\/en\/#\/schema\/logo\/image\/\"},\"sameAs\":[\"https:\/\/www.facebook.com\/vianalabolsas\",\"https:\/\/www.instagram.com\/vianala_bolsas\/\",\"https:\/\/wa.me\/5214777133305\"]}]}<\/script>\n<!-- \/ Yoast SEO plugin. -->","yoast_head_json":{"title":"Bolsas personalizadas de piel iniciales negra Vianala. Tienda online de bolsas personalizadas de piel iniciales, bolsos personalizados piel iniciales, bolso piel personalizado iniciales","description":"Bolsas personalizadas de piel iniciales negra \u00a1Personaliza tu bolsa online y hazla \u00fanica! Gratis env\u00edo. Bolsas personalizadas de piel iniciales tienda en l\u00ednea. Bolsos personalizados piel iniciales, bolso piel personalizado iniciales.","robots":{"index":"index","follow":"follow","max-snippet":"max-snippet:-1","max-image-preview":"max-image-preview:large","max-video-preview":"max-video-preview:-1"},"canonical":"https:\/\/vianala.com\/en\/tienda\/bolsas-personalizadas-de-piel-iniciales-negra\/","og_locale":"en_US","og_type":"article","og_title":"Bolsas personalizadas de piel iniciales negra Vianala. Tienda online de bolsas personalizadas de piel iniciales, bolsos personalizados piel iniciales, bolso piel personalizado iniciales","og_description":"Bolsas personalizadas de piel iniciales negra \u00a1Personaliza tu bolsa online y hazla \u00fanica! Gratis env\u00edo. Bolsas personalizadas de piel iniciales tienda en l\u00ednea. Bolsos personalizados piel iniciales, bolso piel personalizado iniciales.","og_url":"https:\/\/vianala.com\/en\/tienda\/bolsas-personalizadas-de-piel-iniciales-negra\/","og_site_name":"Vianala","article_publisher":"https:\/\/www.facebook.com\/vianalabolsas","article_modified_time":"2026-03-26T18:54:54+00:00","og_image":[{"width":2475,"height":2493,"url":"https:\/\/vianala.com\/wp-content\/uploads\/2022\/10\/Tote-Balandra-Negro.png","type":"image\/png"}],"twitter_card":"summary_large_image","twitter_misc":{"Est. reading time":"1 minute"},"schema":{"@context":"https:\/\/schema.org","@graph":[{"@type":"WebPage","@id":"https:\/\/vianala.com\/en\/tienda\/bolsas-personalizadas-de-piel-iniciales-negra\/","url":"https:\/\/vianala.com\/en\/tienda\/bolsas-personalizadas-de-piel-iniciales-negra\/","name":"Bolsas personalizadas de piel iniciales negra Vianala. Tienda online de bolsas personalizadas de piel iniciales, bolsos personalizados piel iniciales, bolso piel personalizado iniciales","isPartOf":{"@id":"https:\/\/vianala.com\/en\/#website"},"datePublished":"2022-10-13T16:30:29+00:00","dateModified":"2026-03-26T18:54:54+00:00","description":"Bolsas personalizadas de piel iniciales negra \u00a1Personaliza tu bolsa online y hazla \u00fanica! Gratis env\u00edo. Bolsas personalizadas de piel iniciales tienda en l\u00ednea. Bolsos personalizados piel iniciales, bolso piel personalizado iniciales.","breadcrumb":{"@id":"https:\/\/vianala.com\/en\/tienda\/bolsas-personalizadas-de-piel-iniciales-negra\/#breadcrumb"},"inLanguage":"en-US","potentialAction":[{"@type":"ReadAction","target":["https:\/\/vianala.com\/en\/tienda\/bolsas-personalizadas-de-piel-iniciales-negra\/"]}]},{"@type":"BreadcrumbList","@id":"https:\/\/vianala.com\/en\/tienda\/bolsas-personalizadas-de-piel-iniciales-negra\/#breadcrumb","itemListElement":[{"@type":"ListItem","position":1,"name":"","item":"https:\/\/vianala.com\/en\/"},{"@type":"ListItem","position":2,"name":"Portada","item":"https:\/\/vianala.com\/en\/"},{"@type":"ListItem","position":3,"name":"Shop","item":"https:\/\/vianala.com\/en\/shop\/"},{"@type":"ListItem","position":4,"name":"Balandra Negra con Iniciales"}]},{"@type":"WebSite","@id":"https:\/\/vianala.com\/en\/#website","url":"https:\/\/vianala.com\/en\/","name":"Bolsas de piel para dama Le\u00f3n Guanajuato Vianala. Bolsos de piel para mujer, Bolsas de piel para dama precio, bolsos piel mujer, bolsos de piel mujer, bolsas de piel negra, bolsas de piel de mayoreo.","description":"Vianala","publisher":{"@id":"https:\/\/vianala.com\/en\/#organization"},"alternateName":"Vianala","potentialAction":[{"@type":"SearchAction","target":{"@type":"EntryPoint","urlTemplate":"https:\/\/vianala.com\/en\/?s={search_term_string}"},"query-input":"required name=search_term_string"}],"inLanguage":"en-US"},{"@type":"Organization","@id":"https:\/\/vianala.com\/en\/#organization","name":"Bolsas de piel para dama Le\u00f3n Guanajuato Vianala. Bolsos de piel para mujer, Bolsas de piel para dama precio, bolsos piel mujer, bolsos de piel mujer, bolsas de piel negra, bolsas de piel de mayoreo.","url":"https:\/\/vianala.com\/en\/","logo":{"@type":"ImageObject","inLanguage":"en-US","@id":"https:\/\/vianala.com\/en\/#\/schema\/logo\/image\/","url":"https:\/\/vianala.com\/wp-content\/uploads\/2022\/02\/7.-Logo-Vianala.jpg","contentUrl":"https:\/\/vianala.com\/wp-content\/uploads\/2022\/02\/7.-Logo-Vianala.jpg","width":2249,"height":2249,"caption":"Bolsas de piel para dama Le\u00f3n Guanajuato Vianala. Bolsos de piel para mujer, Bolsas de piel para dama precio, bolsos piel mujer, bolsos de piel mujer, bolsas de piel negra, bolsas de piel de mayoreo."},"image":{"@id":"https:\/\/vianala.com\/en\/#\/schema\/logo\/image\/"},"sameAs":["https:\/\/www.facebook.com\/vianalabolsas","https:\/\/www.instagram.com\/vianala_bolsas\/","https:\/\/wa.me\/5214777133305"]}]}},"_links":{"self":[{"href":"https:\/\/vianala.com\/en\/wp-json\/wp\/v2\/product\/22674"}],"collection":[{"href":"https:\/\/vianala.com\/en\/wp-json\/wp\/v2\/product"}],"about":[{"href":"https:\/\/vianala.com\/en\/wp-json\/wp\/v2\/types\/product"}],"replies":[{"embeddable":true,"href":"https:\/\/vianala.com\/en\/wp-json\/wp\/v2\/comments?post=22674"}],"wp:featuredmedia":[{"embeddable":true,"href":"https:\/\/vianala.com\/en\/wp-json\/wp\/v2\/media\/24229"}],"wp:attachment":[{"href":"https:\/\/vianala.com\/en\/wp-json\/wp\/v2\/media?parent=22674"}],"wp:term":[{"taxonomy":"product_cat","embeddable":true,"href":"https:\/\/vianala.com\/en\/wp-json\/wp\/v2\/product_cat?post=22674"},{"taxonomy":"product_tag","embeddable":true,"href":"https:\/\/vianala.com\/en\/wp-json\/wp\/v2\/product_tag?post=22674"}],"curies":[{"name":"wp","href":"https:\/\/api.w.org\/{rel}","templated":true}]}}