{"id":23095,"date":"2023-01-03T11:53:05","date_gmt":"2023-01-03T17:53:05","guid":{"rendered":"https:\/\/vianala.com\/?post_type=product&#038;p=23095"},"modified":"2026-05-06T22:11:02","modified_gmt":"2026-05-07T03:11:02","slug":"lapiceras-personalizadas-con-nombre-cosmetiquera-de-piel-personalizada","status":"publish","type":"product","link":"https:\/\/vianala.com\/en\/tienda\/lapiceras-personalizadas-con-nombre-cosmetiquera-de-piel-personalizada\/","title":{"rendered":"Bacalar Roja con Iniciales"},"content":{"rendered":"<h2>Elige el color de tus iniciales: Doradas o Plateadas<\/h2>\n<p style=\"text-align: right\">Lapiceras personalizadas con iniciales Cosmetiquera de piel personalizada<\/p>\n<p>\u00a0\u00a1Hazla \u00fanica personaliz\u00e1ndola online!<br \/>\nElige el color de tus iniciales: Doradas o Plateadas<\/p>\n<p>&nbsp;<\/p>\n<p>Este art\u00edculo Vianala, la cosmetiquera roja, como su nombre lo dice, es la compa\u00f1era ideal para mantener ordenados, cuidar y transportar tu maquillaje del d\u00eda a d\u00eda. Cuenta con el espacio suficiente para llevar ah\u00ed tu base, corrector, polvo,\u00a0<em>blush<\/em>,\u00a0<em>highlighter<\/em>, r\u00edmel, labial y tus brochas o esponjas. Si bien parece delgada, la longitud de la misma hace que la amplitud de \u00e9sta crezca como no te imaginas. Al exterior tiene un dise\u00f1o simple, liso y un cierre de corredera que va de lado a lado para permitirte encontrar lo que buscas con mayor facilidad y sin que tengas que sacar todo de tu cosmetiquera roja. Adem\u00e1s, la simplicidad y practicidad de este art\u00edculo, hace que sea sumamente vers\u00e1til y que, de desearlo as\u00ed, la puedas usar tambi\u00e9n como lapicera a la moda para que te acompa\u00f1e al trabajo o a la escuela sin perder el estilo.<\/p>\n<p>La piel con la que est\u00e1 fabricada esta cosmetiquera roja es piel genuina de corte vacuno en acabado grueso. En Vianala nos aseguramos que nuestros materiales sean de la mejor calidad para que t\u00fa no te preocupes de la resistencia y s\u00f3lo te dediques a disfrutar de tu art\u00edculo pr\u00e1ctico y a la moda.<\/p>\n<p>Medidas en cent\u00edmetros:<\/p>\n<ul>\n<li>Base: 23 cm<\/li>\n<li>Profundidad: 6 cm<\/li>\n<li>Altura: 6 cm<\/li>\n<\/ul>\n<p>&nbsp;<\/p>\n<p>Consulta pol\u00edticas de env\u00edo <a href=\"https:\/\/www.vianala.com\/politicasenvio\/\">aqu\u00ed<\/a><\/p>\n<h2>Lapiceras personalizadas con iniciales Cosmetiquera de piel personalizada<\/h2>\n<h2><\/h2>\n<p>Checa nuestros accesorios de piel personalizados para hombre marca <a href=\"http:\/\/www.omine.com.mx\" target=\"_blank\" rel=\"noopener\">OMINE<\/a><\/p>\n","protected":false},"excerpt":{"rendered":"<p>Elige el color de tus iniciales: Doradas o Plateadas Lapiceras personalizadas con iniciales Cosmetiquera de piel personalizada \u00a0\u00a1Hazla \u00fanica personaliz\u00e1ndola online! Elige el color de tus iniciales: Doradas o Plateadas &nbsp; Este art\u00edculo Vianala, la cosmetiquera roja, como su nombre lo dice, es la compa\u00f1era ideal para mantener ordenados, cuidar y transportar tu maquillaje del [&hellip;]<\/p>\n","protected":false},"featured_media":24114,"comment_status":"open","ping_status":"closed","template":"","meta":[],"product_cat":[309,310,318],"product_tag":[238,239,240],"yoast_head":"<!-- This site is optimized with the Yoast SEO plugin v20.3 - https:\/\/yoast.com\/wordpress\/plugins\/seo\/ -->\n<title>Bacalar Roja con Iniciales - Vianala<\/title>\n<meta name=\"robots\" content=\"index, follow, max-snippet:-1, max-image-preview:large, max-video-preview:-1\" \/>\n<link rel=\"canonical\" href=\"https:\/\/vianala.com\/en\/tienda\/lapiceras-personalizadas-con-nombre-cosmetiquera-de-piel-personalizada\/\" \/>\n<meta property=\"og:locale\" content=\"en_US\" \/>\n<meta property=\"og:type\" content=\"article\" \/>\n<meta property=\"og:title\" content=\"Bacalar Roja con Iniciales - Vianala\" \/>\n<meta property=\"og:description\" content=\"Elige el color de tus iniciales: Doradas o Plateadas Lapiceras personalizadas con iniciales Cosmetiquera de piel personalizada \u00a0\u00a1Hazla \u00fanica personaliz\u00e1ndola online! Elige el color de tus iniciales: Doradas o Plateadas &nbsp; Este art\u00edculo Vianala, la cosmetiquera roja, como su nombre lo dice, es la compa\u00f1era ideal para mantener ordenados, cuidar y transportar tu maquillaje del [&hellip;]\" \/>\n<meta property=\"og:url\" content=\"https:\/\/vianala.com\/en\/tienda\/lapiceras-personalizadas-con-nombre-cosmetiquera-de-piel-personalizada\/\" \/>\n<meta property=\"og:site_name\" content=\"Vianala\" \/>\n<meta property=\"article:publisher\" content=\"https:\/\/www.facebook.com\/vianalabolsas\" \/>\n<meta property=\"article:modified_time\" content=\"2026-05-07T03:11:02+00:00\" \/>\n<meta property=\"og:image\" content=\"https:\/\/vianala.com\/wp-content\/uploads\/2023\/03\/Diapositiva15.jpg\" \/>\n\t<meta property=\"og:image:width\" content=\"960\" \/>\n\t<meta property=\"og:image:height\" content=\"960\" \/>\n\t<meta property=\"og:image:type\" content=\"image\/jpeg\" \/>\n<meta name=\"twitter:card\" content=\"summary_large_image\" \/>\n<meta name=\"twitter:label1\" content=\"Est. reading time\" \/>\n\t<meta name=\"twitter:data1\" content=\"2 minutes\" \/>\n<script type=\"application\/ld+json\" class=\"yoast-schema-graph\">{\"@context\":\"https:\/\/schema.org\",\"@graph\":[{\"@type\":\"WebPage\",\"@id\":\"https:\/\/vianala.com\/en\/tienda\/lapiceras-personalizadas-con-nombre-cosmetiquera-de-piel-personalizada\/\",\"url\":\"https:\/\/vianala.com\/en\/tienda\/lapiceras-personalizadas-con-nombre-cosmetiquera-de-piel-personalizada\/\",\"name\":\"Bacalar Roja con Iniciales - Vianala\",\"isPartOf\":{\"@id\":\"https:\/\/vianala.com\/en\/#website\"},\"datePublished\":\"2023-01-03T17:53:05+00:00\",\"dateModified\":\"2026-05-07T03:11:02+00:00\",\"breadcrumb\":{\"@id\":\"https:\/\/vianala.com\/en\/tienda\/lapiceras-personalizadas-con-nombre-cosmetiquera-de-piel-personalizada\/#breadcrumb\"},\"inLanguage\":\"en-US\",\"potentialAction\":[{\"@type\":\"ReadAction\",\"target\":[\"https:\/\/vianala.com\/en\/tienda\/lapiceras-personalizadas-con-nombre-cosmetiquera-de-piel-personalizada\/\"]}]},{\"@type\":\"BreadcrumbList\",\"@id\":\"https:\/\/vianala.com\/en\/tienda\/lapiceras-personalizadas-con-nombre-cosmetiquera-de-piel-personalizada\/#breadcrumb\",\"itemListElement\":[{\"@type\":\"ListItem\",\"position\":1,\"name\":\"\",\"item\":\"https:\/\/vianala.com\/en\/\"},{\"@type\":\"ListItem\",\"position\":2,\"name\":\"Portada\",\"item\":\"https:\/\/vianala.com\/en\/\"},{\"@type\":\"ListItem\",\"position\":3,\"name\":\"Shop\",\"item\":\"https:\/\/vianala.com\/en\/shop\/\"},{\"@type\":\"ListItem\",\"position\":4,\"name\":\"Bacalar Roja con Iniciales\"}]},{\"@type\":\"WebSite\",\"@id\":\"https:\/\/vianala.com\/en\/#website\",\"url\":\"https:\/\/vianala.com\/en\/\",\"name\":\"Bolsas de piel para dama Le\u00f3n Guanajuato Vianala. Bolsos de piel para mujer, Bolsas de piel para dama precio, bolsos piel mujer, bolsos de piel mujer, bolsas de piel negra, bolsas de piel de mayoreo.\",\"description\":\"Vianala\",\"publisher\":{\"@id\":\"https:\/\/vianala.com\/en\/#organization\"},\"alternateName\":\"Vianala\",\"potentialAction\":[{\"@type\":\"SearchAction\",\"target\":{\"@type\":\"EntryPoint\",\"urlTemplate\":\"https:\/\/vianala.com\/en\/?s={search_term_string}\"},\"query-input\":\"required name=search_term_string\"}],\"inLanguage\":\"en-US\"},{\"@type\":\"Organization\",\"@id\":\"https:\/\/vianala.com\/en\/#organization\",\"name\":\"Bolsas de piel para dama Le\u00f3n Guanajuato Vianala. Bolsos de piel para mujer, Bolsas de piel para dama precio, bolsos piel mujer, bolsos de piel mujer, bolsas de piel negra, bolsas de piel de mayoreo.\",\"url\":\"https:\/\/vianala.com\/en\/\",\"logo\":{\"@type\":\"ImageObject\",\"inLanguage\":\"en-US\",\"@id\":\"https:\/\/vianala.com\/en\/#\/schema\/logo\/image\/\",\"url\":\"https:\/\/vianala.com\/wp-content\/uploads\/2022\/02\/7.-Logo-Vianala.jpg\",\"contentUrl\":\"https:\/\/vianala.com\/wp-content\/uploads\/2022\/02\/7.-Logo-Vianala.jpg\",\"width\":2249,\"height\":2249,\"caption\":\"Bolsas de piel para dama Le\u00f3n Guanajuato Vianala. Bolsos de piel para mujer, Bolsas de piel para dama precio, bolsos piel mujer, bolsos de piel mujer, bolsas de piel negra, bolsas de piel de mayoreo.\"},\"image\":{\"@id\":\"https:\/\/vianala.com\/en\/#\/schema\/logo\/image\/\"},\"sameAs\":[\"https:\/\/www.facebook.com\/vianalabolsas\",\"https:\/\/www.instagram.com\/vianala_bolsas\/\",\"https:\/\/wa.me\/5214777133305\"]}]}<\/script>\n<!-- \/ Yoast SEO plugin. -->","yoast_head_json":{"title":"Bacalar Roja con Iniciales - Vianala","robots":{"index":"index","follow":"follow","max-snippet":"max-snippet:-1","max-image-preview":"max-image-preview:large","max-video-preview":"max-video-preview:-1"},"canonical":"https:\/\/vianala.com\/en\/tienda\/lapiceras-personalizadas-con-nombre-cosmetiquera-de-piel-personalizada\/","og_locale":"en_US","og_type":"article","og_title":"Bacalar Roja con Iniciales - Vianala","og_description":"Elige el color de tus iniciales: Doradas o Plateadas Lapiceras personalizadas con iniciales Cosmetiquera de piel personalizada \u00a0\u00a1Hazla \u00fanica personaliz\u00e1ndola online! Elige el color de tus iniciales: Doradas o Plateadas &nbsp; Este art\u00edculo Vianala, la cosmetiquera roja, como su nombre lo dice, es la compa\u00f1era ideal para mantener ordenados, cuidar y transportar tu maquillaje del [&hellip;]","og_url":"https:\/\/vianala.com\/en\/tienda\/lapiceras-personalizadas-con-nombre-cosmetiquera-de-piel-personalizada\/","og_site_name":"Vianala","article_publisher":"https:\/\/www.facebook.com\/vianalabolsas","article_modified_time":"2026-05-07T03:11:02+00:00","og_image":[{"width":960,"height":960,"url":"https:\/\/vianala.com\/wp-content\/uploads\/2023\/03\/Diapositiva15.jpg","type":"image\/jpeg"}],"twitter_card":"summary_large_image","twitter_misc":{"Est. reading time":"2 minutes"},"schema":{"@context":"https:\/\/schema.org","@graph":[{"@type":"WebPage","@id":"https:\/\/vianala.com\/en\/tienda\/lapiceras-personalizadas-con-nombre-cosmetiquera-de-piel-personalizada\/","url":"https:\/\/vianala.com\/en\/tienda\/lapiceras-personalizadas-con-nombre-cosmetiquera-de-piel-personalizada\/","name":"Bacalar Roja con Iniciales - Vianala","isPartOf":{"@id":"https:\/\/vianala.com\/en\/#website"},"datePublished":"2023-01-03T17:53:05+00:00","dateModified":"2026-05-07T03:11:02+00:00","breadcrumb":{"@id":"https:\/\/vianala.com\/en\/tienda\/lapiceras-personalizadas-con-nombre-cosmetiquera-de-piel-personalizada\/#breadcrumb"},"inLanguage":"en-US","potentialAction":[{"@type":"ReadAction","target":["https:\/\/vianala.com\/en\/tienda\/lapiceras-personalizadas-con-nombre-cosmetiquera-de-piel-personalizada\/"]}]},{"@type":"BreadcrumbList","@id":"https:\/\/vianala.com\/en\/tienda\/lapiceras-personalizadas-con-nombre-cosmetiquera-de-piel-personalizada\/#breadcrumb","itemListElement":[{"@type":"ListItem","position":1,"name":"","item":"https:\/\/vianala.com\/en\/"},{"@type":"ListItem","position":2,"name":"Portada","item":"https:\/\/vianala.com\/en\/"},{"@type":"ListItem","position":3,"name":"Shop","item":"https:\/\/vianala.com\/en\/shop\/"},{"@type":"ListItem","position":4,"name":"Bacalar Roja con Iniciales"}]},{"@type":"WebSite","@id":"https:\/\/vianala.com\/en\/#website","url":"https:\/\/vianala.com\/en\/","name":"Bolsas de piel para dama Le\u00f3n Guanajuato Vianala. Bolsos de piel para mujer, Bolsas de piel para dama precio, bolsos piel mujer, bolsos de piel mujer, bolsas de piel negra, bolsas de piel de mayoreo.","description":"Vianala","publisher":{"@id":"https:\/\/vianala.com\/en\/#organization"},"alternateName":"Vianala","potentialAction":[{"@type":"SearchAction","target":{"@type":"EntryPoint","urlTemplate":"https:\/\/vianala.com\/en\/?s={search_term_string}"},"query-input":"required name=search_term_string"}],"inLanguage":"en-US"},{"@type":"Organization","@id":"https:\/\/vianala.com\/en\/#organization","name":"Bolsas de piel para dama Le\u00f3n Guanajuato Vianala. Bolsos de piel para mujer, Bolsas de piel para dama precio, bolsos piel mujer, bolsos de piel mujer, bolsas de piel negra, bolsas de piel de mayoreo.","url":"https:\/\/vianala.com\/en\/","logo":{"@type":"ImageObject","inLanguage":"en-US","@id":"https:\/\/vianala.com\/en\/#\/schema\/logo\/image\/","url":"https:\/\/vianala.com\/wp-content\/uploads\/2022\/02\/7.-Logo-Vianala.jpg","contentUrl":"https:\/\/vianala.com\/wp-content\/uploads\/2022\/02\/7.-Logo-Vianala.jpg","width":2249,"height":2249,"caption":"Bolsas de piel para dama Le\u00f3n Guanajuato Vianala. Bolsos de piel para mujer, Bolsas de piel para dama precio, bolsos piel mujer, bolsos de piel mujer, bolsas de piel negra, bolsas de piel de mayoreo."},"image":{"@id":"https:\/\/vianala.com\/en\/#\/schema\/logo\/image\/"},"sameAs":["https:\/\/www.facebook.com\/vianalabolsas","https:\/\/www.instagram.com\/vianala_bolsas\/","https:\/\/wa.me\/5214777133305"]}]}},"_links":{"self":[{"href":"https:\/\/vianala.com\/en\/wp-json\/wp\/v2\/product\/23095"}],"collection":[{"href":"https:\/\/vianala.com\/en\/wp-json\/wp\/v2\/product"}],"about":[{"href":"https:\/\/vianala.com\/en\/wp-json\/wp\/v2\/types\/product"}],"replies":[{"embeddable":true,"href":"https:\/\/vianala.com\/en\/wp-json\/wp\/v2\/comments?post=23095"}],"wp:featuredmedia":[{"embeddable":true,"href":"https:\/\/vianala.com\/en\/wp-json\/wp\/v2\/media\/24114"}],"wp:attachment":[{"href":"https:\/\/vianala.com\/en\/wp-json\/wp\/v2\/media?parent=23095"}],"wp:term":[{"taxonomy":"product_cat","embeddable":true,"href":"https:\/\/vianala.com\/en\/wp-json\/wp\/v2\/product_cat?post=23095"},{"taxonomy":"product_tag","embeddable":true,"href":"https:\/\/vianala.com\/en\/wp-json\/wp\/v2\/product_tag?post=23095"}],"curies":[{"name":"wp","href":"https:\/\/api.w.org\/{rel}","templated":true}]}}