{"id":23099,"date":"2023-01-03T12:24:33","date_gmt":"2023-01-03T18:24:33","guid":{"rendered":"https:\/\/vianala.com\/?post_type=product&#038;p=23099"},"modified":"2026-03-19T13:57:48","modified_gmt":"2026-03-19T19:57:48","slug":"cosmetiquera-personalizada-de-piel-lapiceras-personalizadas-con-nombre","status":"publish","type":"product","link":"https:\/\/vianala.com\/en\/tienda\/cosmetiquera-personalizada-de-piel-lapiceras-personalizadas-con-nombre\/","title":{"rendered":"Bacalar Verde con Iniciales"},"content":{"rendered":"<h2>Elige el color de tus iniciales: Doradas o Plateadas<\/h2>\n<p style=\"text-align: right\">Cosmetiquera personalizada de piel<\/p>\n<p>Este art\u00edculo Vianala como su nombre lo dice, es la compa\u00f1era ideal para mantener ordenados, cuidar y transportar tu maquillaje del d\u00eda a d\u00eda. Cuenta con el espacio suficiente para llevar ah\u00ed tu base, corrector, polvo,\u00a0<em>blush<\/em>,\u00a0<em>highlighter<\/em>, r\u00edmel, labial y tus brochas o esponjas. Si bien parece delgada, la longitud de la misma hace que la amplitud de \u00e9sta crezca como no te imaginas. Al exterior tiene un dise\u00f1o simple, liso y un cierre de corredera que va de lado a lado para permitirte encontrar lo que buscas con mayor facilidad y sin que tengas que sacar todo de tu cosmetiquera v\u00edbora uva. Adem\u00e1s, la simplicidad y practicidad de este art\u00edculo, hace que sea sumamente vers\u00e1til y que, de desearlo as\u00ed, la puedas usar tambi\u00e9n como lapicera a la moda para que te acompa\u00f1e al trabajo o a la escuela sin perder el estilo.<\/p>\n<p>Ver m\u00e1s productos personalizables <a href=\"https:\/\/vianala.com\/categoria-producto\/bolsos-de-piel-personalizados-iniciales-bolsas-personalizadas-de-piel-iniciales-tote-bag-personalizada-bolsos-personalizados-piel\/\">aqu\u00ed<\/a><\/p>\n<h2>Cosmetiquera personalizada de piel<\/h2>\n<p>Checa nuestros accesorios de piel personalizados para hombre marca <a href=\"http:\/\/www.omine.com.mx\" target=\"_blank\" rel=\"noopener\">OMINE<\/a><\/p>\n","protected":false},"excerpt":{"rendered":"<p>Elige el color de tus iniciales: Doradas o Plateadas Cosmetiquera personalizada de piel Este art\u00edculo Vianala como su nombre lo dice, es la compa\u00f1era ideal para mantener ordenados, cuidar y transportar tu maquillaje del d\u00eda a d\u00eda. Cuenta con el espacio suficiente para llevar ah\u00ed tu base, corrector, polvo,\u00a0blush,\u00a0highlighter, r\u00edmel, labial y tus brochas o [&hellip;]<\/p>\n","protected":false},"featured_media":24118,"comment_status":"open","ping_status":"closed","template":"","meta":[],"product_cat":[309,310,317,318],"product_tag":[238,239,240],"yoast_head":"<!-- This site is optimized with the Yoast SEO plugin v20.3 - https:\/\/yoast.com\/wordpress\/plugins\/seo\/ -->\n<title>Cosmetiquera personalizada de piel Vianala. Tienda Online de lapiceras personalizadas con nombre. Lapicera con nombre grabado, Cosmetiquera de piel personalizada<\/title>\n<meta name=\"description\" content=\"Cosmetiquera personalizada de piel \u00a1Hazla \u00fanica con iniciales! Personal\u00edzala en l\u00ednea con letras doradas o plateadas. Shop online lapiceras personalizadas con nombre. Lapicera con nombre grabado, Cosmetiquera de piel personalizada\" \/>\n<meta name=\"robots\" content=\"index, follow, max-snippet:-1, max-image-preview:large, max-video-preview:-1\" \/>\n<link rel=\"canonical\" href=\"https:\/\/vianala.com\/en\/tienda\/cosmetiquera-personalizada-de-piel-lapiceras-personalizadas-con-nombre\/\" \/>\n<meta property=\"og:locale\" content=\"en_US\" \/>\n<meta property=\"og:type\" content=\"article\" \/>\n<meta property=\"og:title\" content=\"Cosmetiquera personalizada de piel Vianala. Tienda Online de lapiceras personalizadas con nombre. Lapicera con nombre grabado, Cosmetiquera de piel personalizada\" \/>\n<meta property=\"og:description\" content=\"Cosmetiquera personalizada de piel \u00a1Hazla \u00fanica con iniciales! Personal\u00edzala en l\u00ednea con letras doradas o plateadas. Shop online lapiceras personalizadas con nombre. Lapicera con nombre grabado, Cosmetiquera de piel personalizada\" \/>\n<meta property=\"og:url\" content=\"https:\/\/vianala.com\/en\/tienda\/cosmetiquera-personalizada-de-piel-lapiceras-personalizadas-con-nombre\/\" \/>\n<meta property=\"og:site_name\" content=\"Vianala\" \/>\n<meta property=\"article:publisher\" content=\"https:\/\/www.facebook.com\/vianalabolsas\" \/>\n<meta property=\"article:modified_time\" content=\"2026-03-19T19:57:48+00:00\" \/>\n<meta property=\"og:image\" content=\"https:\/\/vianala.com\/wp-content\/uploads\/2023\/03\/Diapositiva17.jpg\" \/>\n\t<meta property=\"og:image:width\" content=\"960\" \/>\n\t<meta property=\"og:image:height\" content=\"960\" \/>\n\t<meta property=\"og:image:type\" content=\"image\/jpeg\" \/>\n<meta name=\"twitter:card\" content=\"summary_large_image\" \/>\n<meta name=\"twitter:label1\" content=\"Est. reading time\" \/>\n\t<meta name=\"twitter:data1\" content=\"1 minute\" \/>\n<script type=\"application\/ld+json\" class=\"yoast-schema-graph\">{\"@context\":\"https:\/\/schema.org\",\"@graph\":[{\"@type\":\"WebPage\",\"@id\":\"https:\/\/vianala.com\/en\/tienda\/cosmetiquera-personalizada-de-piel-lapiceras-personalizadas-con-nombre\/\",\"url\":\"https:\/\/vianala.com\/en\/tienda\/cosmetiquera-personalizada-de-piel-lapiceras-personalizadas-con-nombre\/\",\"name\":\"Cosmetiquera personalizada de piel Vianala. Tienda Online de lapiceras personalizadas con nombre. Lapicera con nombre grabado, Cosmetiquera de piel personalizada\",\"isPartOf\":{\"@id\":\"https:\/\/vianala.com\/en\/#website\"},\"datePublished\":\"2023-01-03T18:24:33+00:00\",\"dateModified\":\"2026-03-19T19:57:48+00:00\",\"description\":\"Cosmetiquera personalizada de piel \u00a1Hazla \u00fanica con iniciales! Personal\u00edzala en l\u00ednea con letras doradas o plateadas. Shop online lapiceras personalizadas con nombre. Lapicera con nombre grabado, Cosmetiquera de piel personalizada\",\"breadcrumb\":{\"@id\":\"https:\/\/vianala.com\/en\/tienda\/cosmetiquera-personalizada-de-piel-lapiceras-personalizadas-con-nombre\/#breadcrumb\"},\"inLanguage\":\"en-US\",\"potentialAction\":[{\"@type\":\"ReadAction\",\"target\":[\"https:\/\/vianala.com\/en\/tienda\/cosmetiquera-personalizada-de-piel-lapiceras-personalizadas-con-nombre\/\"]}]},{\"@type\":\"BreadcrumbList\",\"@id\":\"https:\/\/vianala.com\/en\/tienda\/cosmetiquera-personalizada-de-piel-lapiceras-personalizadas-con-nombre\/#breadcrumb\",\"itemListElement\":[{\"@type\":\"ListItem\",\"position\":1,\"name\":\"\",\"item\":\"https:\/\/vianala.com\/en\/\"},{\"@type\":\"ListItem\",\"position\":2,\"name\":\"Portada\",\"item\":\"https:\/\/vianala.com\/en\/\"},{\"@type\":\"ListItem\",\"position\":3,\"name\":\"Shop\",\"item\":\"https:\/\/vianala.com\/en\/shop\/\"},{\"@type\":\"ListItem\",\"position\":4,\"name\":\"Bacalar Verde con Iniciales\"}]},{\"@type\":\"WebSite\",\"@id\":\"https:\/\/vianala.com\/en\/#website\",\"url\":\"https:\/\/vianala.com\/en\/\",\"name\":\"Bolsas de piel para dama Le\u00f3n Guanajuato Vianala. Bolsos de piel para mujer, Bolsas de piel para dama precio, bolsos piel mujer, bolsos de piel mujer, bolsas de piel negra, bolsas de piel de mayoreo.\",\"description\":\"Vianala\",\"publisher\":{\"@id\":\"https:\/\/vianala.com\/en\/#organization\"},\"alternateName\":\"Vianala\",\"potentialAction\":[{\"@type\":\"SearchAction\",\"target\":{\"@type\":\"EntryPoint\",\"urlTemplate\":\"https:\/\/vianala.com\/en\/?s={search_term_string}\"},\"query-input\":\"required name=search_term_string\"}],\"inLanguage\":\"en-US\"},{\"@type\":\"Organization\",\"@id\":\"https:\/\/vianala.com\/en\/#organization\",\"name\":\"Bolsas de piel para dama Le\u00f3n Guanajuato Vianala. Bolsos de piel para mujer, Bolsas de piel para dama precio, bolsos piel mujer, bolsos de piel mujer, bolsas de piel negra, bolsas de piel de mayoreo.\",\"url\":\"https:\/\/vianala.com\/en\/\",\"logo\":{\"@type\":\"ImageObject\",\"inLanguage\":\"en-US\",\"@id\":\"https:\/\/vianala.com\/en\/#\/schema\/logo\/image\/\",\"url\":\"https:\/\/vianala.com\/wp-content\/uploads\/2022\/02\/7.-Logo-Vianala.jpg\",\"contentUrl\":\"https:\/\/vianala.com\/wp-content\/uploads\/2022\/02\/7.-Logo-Vianala.jpg\",\"width\":2249,\"height\":2249,\"caption\":\"Bolsas de piel para dama Le\u00f3n Guanajuato Vianala. Bolsos de piel para mujer, Bolsas de piel para dama precio, bolsos piel mujer, bolsos de piel mujer, bolsas de piel negra, bolsas de piel de mayoreo.\"},\"image\":{\"@id\":\"https:\/\/vianala.com\/en\/#\/schema\/logo\/image\/\"},\"sameAs\":[\"https:\/\/www.facebook.com\/vianalabolsas\",\"https:\/\/www.instagram.com\/vianala_bolsas\/\",\"https:\/\/wa.me\/5214777133305\"]}]}<\/script>\n<!-- \/ Yoast SEO plugin. -->","yoast_head_json":{"title":"Cosmetiquera personalizada de piel Vianala. Tienda Online de lapiceras personalizadas con nombre. Lapicera con nombre grabado, Cosmetiquera de piel personalizada","description":"Cosmetiquera personalizada de piel \u00a1Hazla \u00fanica con iniciales! Personal\u00edzala en l\u00ednea con letras doradas o plateadas. Shop online lapiceras personalizadas con nombre. Lapicera con nombre grabado, Cosmetiquera de piel personalizada","robots":{"index":"index","follow":"follow","max-snippet":"max-snippet:-1","max-image-preview":"max-image-preview:large","max-video-preview":"max-video-preview:-1"},"canonical":"https:\/\/vianala.com\/en\/tienda\/cosmetiquera-personalizada-de-piel-lapiceras-personalizadas-con-nombre\/","og_locale":"en_US","og_type":"article","og_title":"Cosmetiquera personalizada de piel Vianala. Tienda Online de lapiceras personalizadas con nombre. Lapicera con nombre grabado, Cosmetiquera de piel personalizada","og_description":"Cosmetiquera personalizada de piel \u00a1Hazla \u00fanica con iniciales! Personal\u00edzala en l\u00ednea con letras doradas o plateadas. Shop online lapiceras personalizadas con nombre. Lapicera con nombre grabado, Cosmetiquera de piel personalizada","og_url":"https:\/\/vianala.com\/en\/tienda\/cosmetiquera-personalizada-de-piel-lapiceras-personalizadas-con-nombre\/","og_site_name":"Vianala","article_publisher":"https:\/\/www.facebook.com\/vianalabolsas","article_modified_time":"2026-03-19T19:57:48+00:00","og_image":[{"width":960,"height":960,"url":"https:\/\/vianala.com\/wp-content\/uploads\/2023\/03\/Diapositiva17.jpg","type":"image\/jpeg"}],"twitter_card":"summary_large_image","twitter_misc":{"Est. reading time":"1 minute"},"schema":{"@context":"https:\/\/schema.org","@graph":[{"@type":"WebPage","@id":"https:\/\/vianala.com\/en\/tienda\/cosmetiquera-personalizada-de-piel-lapiceras-personalizadas-con-nombre\/","url":"https:\/\/vianala.com\/en\/tienda\/cosmetiquera-personalizada-de-piel-lapiceras-personalizadas-con-nombre\/","name":"Cosmetiquera personalizada de piel Vianala. Tienda Online de lapiceras personalizadas con nombre. Lapicera con nombre grabado, Cosmetiquera de piel personalizada","isPartOf":{"@id":"https:\/\/vianala.com\/en\/#website"},"datePublished":"2023-01-03T18:24:33+00:00","dateModified":"2026-03-19T19:57:48+00:00","description":"Cosmetiquera personalizada de piel \u00a1Hazla \u00fanica con iniciales! Personal\u00edzala en l\u00ednea con letras doradas o plateadas. Shop online lapiceras personalizadas con nombre. Lapicera con nombre grabado, Cosmetiquera de piel personalizada","breadcrumb":{"@id":"https:\/\/vianala.com\/en\/tienda\/cosmetiquera-personalizada-de-piel-lapiceras-personalizadas-con-nombre\/#breadcrumb"},"inLanguage":"en-US","potentialAction":[{"@type":"ReadAction","target":["https:\/\/vianala.com\/en\/tienda\/cosmetiquera-personalizada-de-piel-lapiceras-personalizadas-con-nombre\/"]}]},{"@type":"BreadcrumbList","@id":"https:\/\/vianala.com\/en\/tienda\/cosmetiquera-personalizada-de-piel-lapiceras-personalizadas-con-nombre\/#breadcrumb","itemListElement":[{"@type":"ListItem","position":1,"name":"","item":"https:\/\/vianala.com\/en\/"},{"@type":"ListItem","position":2,"name":"Portada","item":"https:\/\/vianala.com\/en\/"},{"@type":"ListItem","position":3,"name":"Shop","item":"https:\/\/vianala.com\/en\/shop\/"},{"@type":"ListItem","position":4,"name":"Bacalar Verde con Iniciales"}]},{"@type":"WebSite","@id":"https:\/\/vianala.com\/en\/#website","url":"https:\/\/vianala.com\/en\/","name":"Bolsas de piel para dama Le\u00f3n Guanajuato Vianala. Bolsos de piel para mujer, Bolsas de piel para dama precio, bolsos piel mujer, bolsos de piel mujer, bolsas de piel negra, bolsas de piel de mayoreo.","description":"Vianala","publisher":{"@id":"https:\/\/vianala.com\/en\/#organization"},"alternateName":"Vianala","potentialAction":[{"@type":"SearchAction","target":{"@type":"EntryPoint","urlTemplate":"https:\/\/vianala.com\/en\/?s={search_term_string}"},"query-input":"required name=search_term_string"}],"inLanguage":"en-US"},{"@type":"Organization","@id":"https:\/\/vianala.com\/en\/#organization","name":"Bolsas de piel para dama Le\u00f3n Guanajuato Vianala. Bolsos de piel para mujer, Bolsas de piel para dama precio, bolsos piel mujer, bolsos de piel mujer, bolsas de piel negra, bolsas de piel de mayoreo.","url":"https:\/\/vianala.com\/en\/","logo":{"@type":"ImageObject","inLanguage":"en-US","@id":"https:\/\/vianala.com\/en\/#\/schema\/logo\/image\/","url":"https:\/\/vianala.com\/wp-content\/uploads\/2022\/02\/7.-Logo-Vianala.jpg","contentUrl":"https:\/\/vianala.com\/wp-content\/uploads\/2022\/02\/7.-Logo-Vianala.jpg","width":2249,"height":2249,"caption":"Bolsas de piel para dama Le\u00f3n Guanajuato Vianala. Bolsos de piel para mujer, Bolsas de piel para dama precio, bolsos piel mujer, bolsos de piel mujer, bolsas de piel negra, bolsas de piel de mayoreo."},"image":{"@id":"https:\/\/vianala.com\/en\/#\/schema\/logo\/image\/"},"sameAs":["https:\/\/www.facebook.com\/vianalabolsas","https:\/\/www.instagram.com\/vianala_bolsas\/","https:\/\/wa.me\/5214777133305"]}]}},"_links":{"self":[{"href":"https:\/\/vianala.com\/en\/wp-json\/wp\/v2\/product\/23099"}],"collection":[{"href":"https:\/\/vianala.com\/en\/wp-json\/wp\/v2\/product"}],"about":[{"href":"https:\/\/vianala.com\/en\/wp-json\/wp\/v2\/types\/product"}],"replies":[{"embeddable":true,"href":"https:\/\/vianala.com\/en\/wp-json\/wp\/v2\/comments?post=23099"}],"wp:featuredmedia":[{"embeddable":true,"href":"https:\/\/vianala.com\/en\/wp-json\/wp\/v2\/media\/24118"}],"wp:attachment":[{"href":"https:\/\/vianala.com\/en\/wp-json\/wp\/v2\/media?parent=23099"}],"wp:term":[{"taxonomy":"product_cat","embeddable":true,"href":"https:\/\/vianala.com\/en\/wp-json\/wp\/v2\/product_cat?post=23099"},{"taxonomy":"product_tag","embeddable":true,"href":"https:\/\/vianala.com\/en\/wp-json\/wp\/v2\/product_tag?post=23099"}],"curies":[{"name":"wp","href":"https:\/\/api.w.org\/{rel}","templated":true}]}}