{"id":23105,"date":"2023-01-03T13:54:45","date_gmt":"2023-01-03T19:54:45","guid":{"rendered":"https:\/\/vianala.com\/?post_type=product&#038;p=23105"},"modified":"2026-04-08T12:46:17","modified_gmt":"2026-04-08T17:46:17","slug":"cosmetiquera-de-piel-personalizada-lapiceras-personalizadas-con-nombre-grabado","status":"publish","type":"product","link":"https:\/\/vianala.com\/en\/tienda\/cosmetiquera-de-piel-personalizada-lapiceras-personalizadas-con-nombre-grabado\/","title":{"rendered":"Bacalar V\u00edbora Negro con Iniciales"},"content":{"rendered":"<h2>Elige el color de tus iniciales: Doradas o Plateadas<\/h2>\n<p style=\"text-align: right\">Cosmetiquera de piel personalizada v\u00edbora negra<\/p>\n<p>&nbsp;<\/p>\n<p>\u00a1Hazla \u00fanica personaliz\u00e1ndola online!<br \/>\nElige el color de tus iniciales: Doradas o Plateadas<\/p>\n<p>&nbsp;<\/p>\n<p>Este art\u00edculo Vianala como su nombre lo dice, es la compa\u00f1era ideal para mantener ordenados, cuidar y transportar tu maquillaje del d\u00eda a d\u00eda. Cuenta con el espacio suficiente para llevar ah\u00ed tu base, corrector, polvo,\u00a0<em>blush<\/em>,\u00a0<em>highlighter<\/em>, r\u00edmel, labial y tus brochas o esponjas. Si bien parece delgada, la longitud de la misma hace que la amplitud de \u00e9sta crezca como no te imaginas. Al exterior tiene un dise\u00f1o simple, liso y un cierre de corredera que va de lado a lado para permitirte encontrar lo que buscas con mayor facilidad y sin que tengas que sacar todo de tu cosmetiquera v\u00edbora uva. Adem\u00e1s, la simplicidad y practicidad de este art\u00edculo, hace que sea sumamente vers\u00e1til y que, de desearlo as\u00ed, la puedas usar tambi\u00e9n como lapicera a la moda para que te acompa\u00f1e al trabajo o a la escuela sin perder el estilo.<\/p>\n<p>Piel: GP-NE Grabado V\u00edbora Negro<\/p>\n<p>Medidas en cent\u00edmetros:<\/p>\n<ul>\n<li>Base: 23 cm<\/li>\n<li>Profundidad: 6 cm<\/li>\n<li>Altura: 6 cm<\/li>\n<\/ul>\n<p>Consulta pol\u00edticas de env\u00edo <a href=\"https:\/\/www.vianala.com\/politicasenvio\/\">aqu\u00ed<\/a><\/p>\n<h2>Cosmetiquera de piel personalizada v\u00edbora negra<\/h2>\n<p>Checa nuestros accesorios de piel personalizados para hombre marca <a href=\"http:\/\/www.omine.com.mx\" target=\"_blank\" rel=\"noopener\">OMINE<\/a><\/p>\n","protected":false},"excerpt":{"rendered":"<p>Elige el color de tus iniciales: Doradas o Plateadas Cosmetiquera de piel personalizada v\u00edbora negra &nbsp; \u00a1Hazla \u00fanica personaliz\u00e1ndola online! Elige el color de tus iniciales: Doradas o Plateadas &nbsp; Este art\u00edculo Vianala como su nombre lo dice, es la compa\u00f1era ideal para mantener ordenados, cuidar y transportar tu maquillaje del d\u00eda a d\u00eda. Cuenta [&hellip;]<\/p>\n","protected":false},"featured_media":24122,"comment_status":"open","ping_status":"closed","template":"","meta":[],"product_cat":[306,310,317,318],"product_tag":[238,239,240],"yoast_head":"<!-- This site is optimized with the Yoast SEO plugin v20.3 - https:\/\/yoast.com\/wordpress\/plugins\/seo\/ -->\n<title>Bacalar V\u00edbora Negro con Iniciales - Vianala<\/title>\n<meta name=\"robots\" content=\"index, follow, max-snippet:-1, max-image-preview:large, max-video-preview:-1\" \/>\n<link rel=\"canonical\" href=\"https:\/\/vianala.com\/en\/tienda\/cosmetiquera-de-piel-personalizada-lapiceras-personalizadas-con-nombre-grabado\/\" \/>\n<meta property=\"og:locale\" content=\"en_US\" \/>\n<meta property=\"og:type\" content=\"article\" \/>\n<meta property=\"og:title\" content=\"Bacalar V\u00edbora Negro con Iniciales - Vianala\" \/>\n<meta property=\"og:description\" content=\"Elige el color de tus iniciales: Doradas o Plateadas Cosmetiquera de piel personalizada v\u00edbora negra &nbsp; \u00a1Hazla \u00fanica personaliz\u00e1ndola online! Elige el color de tus iniciales: Doradas o Plateadas &nbsp; Este art\u00edculo Vianala como su nombre lo dice, es la compa\u00f1era ideal para mantener ordenados, cuidar y transportar tu maquillaje del d\u00eda a d\u00eda. Cuenta [&hellip;]\" \/>\n<meta property=\"og:url\" content=\"https:\/\/vianala.com\/en\/tienda\/cosmetiquera-de-piel-personalizada-lapiceras-personalizadas-con-nombre-grabado\/\" \/>\n<meta property=\"og:site_name\" content=\"Vianala\" \/>\n<meta property=\"article:publisher\" content=\"https:\/\/www.facebook.com\/vianalabolsas\" \/>\n<meta property=\"article:modified_time\" content=\"2026-04-08T17:46:17+00:00\" \/>\n<meta property=\"og:image\" content=\"https:\/\/vianala.com\/wp-content\/uploads\/2023\/03\/Diapositiva19.jpg\" \/>\n\t<meta property=\"og:image:width\" content=\"960\" \/>\n\t<meta property=\"og:image:height\" content=\"960\" \/>\n\t<meta property=\"og:image:type\" content=\"image\/jpeg\" \/>\n<meta name=\"twitter:card\" content=\"summary_large_image\" \/>\n<meta name=\"twitter:label1\" content=\"Est. reading time\" \/>\n\t<meta name=\"twitter:data1\" content=\"1 minute\" \/>\n<script type=\"application\/ld+json\" class=\"yoast-schema-graph\">{\"@context\":\"https:\/\/schema.org\",\"@graph\":[{\"@type\":\"WebPage\",\"@id\":\"https:\/\/vianala.com\/en\/tienda\/cosmetiquera-de-piel-personalizada-lapiceras-personalizadas-con-nombre-grabado\/\",\"url\":\"https:\/\/vianala.com\/en\/tienda\/cosmetiquera-de-piel-personalizada-lapiceras-personalizadas-con-nombre-grabado\/\",\"name\":\"Bacalar V\u00edbora Negro con Iniciales - Vianala\",\"isPartOf\":{\"@id\":\"https:\/\/vianala.com\/en\/#website\"},\"datePublished\":\"2023-01-03T19:54:45+00:00\",\"dateModified\":\"2026-04-08T17:46:17+00:00\",\"breadcrumb\":{\"@id\":\"https:\/\/vianala.com\/en\/tienda\/cosmetiquera-de-piel-personalizada-lapiceras-personalizadas-con-nombre-grabado\/#breadcrumb\"},\"inLanguage\":\"en-US\",\"potentialAction\":[{\"@type\":\"ReadAction\",\"target\":[\"https:\/\/vianala.com\/en\/tienda\/cosmetiquera-de-piel-personalizada-lapiceras-personalizadas-con-nombre-grabado\/\"]}]},{\"@type\":\"BreadcrumbList\",\"@id\":\"https:\/\/vianala.com\/en\/tienda\/cosmetiquera-de-piel-personalizada-lapiceras-personalizadas-con-nombre-grabado\/#breadcrumb\",\"itemListElement\":[{\"@type\":\"ListItem\",\"position\":1,\"name\":\"\",\"item\":\"https:\/\/vianala.com\/en\/\"},{\"@type\":\"ListItem\",\"position\":2,\"name\":\"Portada\",\"item\":\"https:\/\/vianala.com\/en\/\"},{\"@type\":\"ListItem\",\"position\":3,\"name\":\"Shop\",\"item\":\"https:\/\/vianala.com\/en\/shop\/\"},{\"@type\":\"ListItem\",\"position\":4,\"name\":\"Bacalar V\u00edbora Negro con Iniciales\"}]},{\"@type\":\"WebSite\",\"@id\":\"https:\/\/vianala.com\/en\/#website\",\"url\":\"https:\/\/vianala.com\/en\/\",\"name\":\"Bolsas de piel para dama Le\u00f3n Guanajuato Vianala. Bolsos de piel para mujer, Bolsas de piel para dama precio, bolsos piel mujer, bolsos de piel mujer, bolsas de piel negra, bolsas de piel de mayoreo.\",\"description\":\"Vianala\",\"publisher\":{\"@id\":\"https:\/\/vianala.com\/en\/#organization\"},\"alternateName\":\"Vianala\",\"potentialAction\":[{\"@type\":\"SearchAction\",\"target\":{\"@type\":\"EntryPoint\",\"urlTemplate\":\"https:\/\/vianala.com\/en\/?s={search_term_string}\"},\"query-input\":\"required name=search_term_string\"}],\"inLanguage\":\"en-US\"},{\"@type\":\"Organization\",\"@id\":\"https:\/\/vianala.com\/en\/#organization\",\"name\":\"Bolsas de piel para dama Le\u00f3n Guanajuato Vianala. Bolsos de piel para mujer, Bolsas de piel para dama precio, bolsos piel mujer, bolsos de piel mujer, bolsas de piel negra, bolsas de piel de mayoreo.\",\"url\":\"https:\/\/vianala.com\/en\/\",\"logo\":{\"@type\":\"ImageObject\",\"inLanguage\":\"en-US\",\"@id\":\"https:\/\/vianala.com\/en\/#\/schema\/logo\/image\/\",\"url\":\"https:\/\/vianala.com\/wp-content\/uploads\/2022\/02\/7.-Logo-Vianala.jpg\",\"contentUrl\":\"https:\/\/vianala.com\/wp-content\/uploads\/2022\/02\/7.-Logo-Vianala.jpg\",\"width\":2249,\"height\":2249,\"caption\":\"Bolsas de piel para dama Le\u00f3n Guanajuato Vianala. Bolsos de piel para mujer, Bolsas de piel para dama precio, bolsos piel mujer, bolsos de piel mujer, bolsas de piel negra, bolsas de piel de mayoreo.\"},\"image\":{\"@id\":\"https:\/\/vianala.com\/en\/#\/schema\/logo\/image\/\"},\"sameAs\":[\"https:\/\/www.facebook.com\/vianalabolsas\",\"https:\/\/www.instagram.com\/vianala_bolsas\/\",\"https:\/\/wa.me\/5214777133305\"]}]}<\/script>\n<!-- \/ Yoast SEO plugin. -->","yoast_head_json":{"title":"Bacalar V\u00edbora Negro con Iniciales - Vianala","robots":{"index":"index","follow":"follow","max-snippet":"max-snippet:-1","max-image-preview":"max-image-preview:large","max-video-preview":"max-video-preview:-1"},"canonical":"https:\/\/vianala.com\/en\/tienda\/cosmetiquera-de-piel-personalizada-lapiceras-personalizadas-con-nombre-grabado\/","og_locale":"en_US","og_type":"article","og_title":"Bacalar V\u00edbora Negro con Iniciales - Vianala","og_description":"Elige el color de tus iniciales: Doradas o Plateadas Cosmetiquera de piel personalizada v\u00edbora negra &nbsp; \u00a1Hazla \u00fanica personaliz\u00e1ndola online! Elige el color de tus iniciales: Doradas o Plateadas &nbsp; Este art\u00edculo Vianala como su nombre lo dice, es la compa\u00f1era ideal para mantener ordenados, cuidar y transportar tu maquillaje del d\u00eda a d\u00eda. Cuenta [&hellip;]","og_url":"https:\/\/vianala.com\/en\/tienda\/cosmetiquera-de-piel-personalizada-lapiceras-personalizadas-con-nombre-grabado\/","og_site_name":"Vianala","article_publisher":"https:\/\/www.facebook.com\/vianalabolsas","article_modified_time":"2026-04-08T17:46:17+00:00","og_image":[{"width":960,"height":960,"url":"https:\/\/vianala.com\/wp-content\/uploads\/2023\/03\/Diapositiva19.jpg","type":"image\/jpeg"}],"twitter_card":"summary_large_image","twitter_misc":{"Est. reading time":"1 minute"},"schema":{"@context":"https:\/\/schema.org","@graph":[{"@type":"WebPage","@id":"https:\/\/vianala.com\/en\/tienda\/cosmetiquera-de-piel-personalizada-lapiceras-personalizadas-con-nombre-grabado\/","url":"https:\/\/vianala.com\/en\/tienda\/cosmetiquera-de-piel-personalizada-lapiceras-personalizadas-con-nombre-grabado\/","name":"Bacalar V\u00edbora Negro con Iniciales - Vianala","isPartOf":{"@id":"https:\/\/vianala.com\/en\/#website"},"datePublished":"2023-01-03T19:54:45+00:00","dateModified":"2026-04-08T17:46:17+00:00","breadcrumb":{"@id":"https:\/\/vianala.com\/en\/tienda\/cosmetiquera-de-piel-personalizada-lapiceras-personalizadas-con-nombre-grabado\/#breadcrumb"},"inLanguage":"en-US","potentialAction":[{"@type":"ReadAction","target":["https:\/\/vianala.com\/en\/tienda\/cosmetiquera-de-piel-personalizada-lapiceras-personalizadas-con-nombre-grabado\/"]}]},{"@type":"BreadcrumbList","@id":"https:\/\/vianala.com\/en\/tienda\/cosmetiquera-de-piel-personalizada-lapiceras-personalizadas-con-nombre-grabado\/#breadcrumb","itemListElement":[{"@type":"ListItem","position":1,"name":"","item":"https:\/\/vianala.com\/en\/"},{"@type":"ListItem","position":2,"name":"Portada","item":"https:\/\/vianala.com\/en\/"},{"@type":"ListItem","position":3,"name":"Shop","item":"https:\/\/vianala.com\/en\/shop\/"},{"@type":"ListItem","position":4,"name":"Bacalar V\u00edbora Negro con Iniciales"}]},{"@type":"WebSite","@id":"https:\/\/vianala.com\/en\/#website","url":"https:\/\/vianala.com\/en\/","name":"Bolsas de piel para dama Le\u00f3n Guanajuato Vianala. Bolsos de piel para mujer, Bolsas de piel para dama precio, bolsos piel mujer, bolsos de piel mujer, bolsas de piel negra, bolsas de piel de mayoreo.","description":"Vianala","publisher":{"@id":"https:\/\/vianala.com\/en\/#organization"},"alternateName":"Vianala","potentialAction":[{"@type":"SearchAction","target":{"@type":"EntryPoint","urlTemplate":"https:\/\/vianala.com\/en\/?s={search_term_string}"},"query-input":"required name=search_term_string"}],"inLanguage":"en-US"},{"@type":"Organization","@id":"https:\/\/vianala.com\/en\/#organization","name":"Bolsas de piel para dama Le\u00f3n Guanajuato Vianala. Bolsos de piel para mujer, Bolsas de piel para dama precio, bolsos piel mujer, bolsos de piel mujer, bolsas de piel negra, bolsas de piel de mayoreo.","url":"https:\/\/vianala.com\/en\/","logo":{"@type":"ImageObject","inLanguage":"en-US","@id":"https:\/\/vianala.com\/en\/#\/schema\/logo\/image\/","url":"https:\/\/vianala.com\/wp-content\/uploads\/2022\/02\/7.-Logo-Vianala.jpg","contentUrl":"https:\/\/vianala.com\/wp-content\/uploads\/2022\/02\/7.-Logo-Vianala.jpg","width":2249,"height":2249,"caption":"Bolsas de piel para dama Le\u00f3n Guanajuato Vianala. Bolsos de piel para mujer, Bolsas de piel para dama precio, bolsos piel mujer, bolsos de piel mujer, bolsas de piel negra, bolsas de piel de mayoreo."},"image":{"@id":"https:\/\/vianala.com\/en\/#\/schema\/logo\/image\/"},"sameAs":["https:\/\/www.facebook.com\/vianalabolsas","https:\/\/www.instagram.com\/vianala_bolsas\/","https:\/\/wa.me\/5214777133305"]}]}},"_links":{"self":[{"href":"https:\/\/vianala.com\/en\/wp-json\/wp\/v2\/product\/23105"}],"collection":[{"href":"https:\/\/vianala.com\/en\/wp-json\/wp\/v2\/product"}],"about":[{"href":"https:\/\/vianala.com\/en\/wp-json\/wp\/v2\/types\/product"}],"replies":[{"embeddable":true,"href":"https:\/\/vianala.com\/en\/wp-json\/wp\/v2\/comments?post=23105"}],"wp:featuredmedia":[{"embeddable":true,"href":"https:\/\/vianala.com\/en\/wp-json\/wp\/v2\/media\/24122"}],"wp:attachment":[{"href":"https:\/\/vianala.com\/en\/wp-json\/wp\/v2\/media?parent=23105"}],"wp:term":[{"taxonomy":"product_cat","embeddable":true,"href":"https:\/\/vianala.com\/en\/wp-json\/wp\/v2\/product_cat?post=23105"},{"taxonomy":"product_tag","embeddable":true,"href":"https:\/\/vianala.com\/en\/wp-json\/wp\/v2\/product_tag?post=23105"}],"curies":[{"name":"wp","href":"https:\/\/api.w.org\/{rel}","templated":true}]}}