{"id":23120,"date":"2023-01-04T16:29:15","date_gmt":"2023-01-04T22:29:15","guid":{"rendered":"https:\/\/vianala.com\/?post_type=product&#038;p=23120"},"modified":"2026-05-08T12:17:44","modified_gmt":"2026-05-08T17:17:44","slug":"carteras-para-dama-de-piel-cincelada-personalizada-cafe-carteras-de-piel-personalizada-iniciales","status":"publish","type":"product","link":"https:\/\/vianala.com\/en\/tienda\/carteras-para-dama-de-piel-cincelada-personalizada-cafe-carteras-de-piel-personalizada-iniciales\/","title":{"rendered":"Xalapa Caf\u00e9 con iniciales"},"content":{"rendered":"<h2>Elige el color de tus iniciales: Doradas o Plateadas<\/h2>\n<p style=\"text-align: right\">Carteras para dama de piel cincelada personalizada cafe<\/p>\n<p>\u00a1Hazla \u00fanica personaliz\u00e1ndola online!<br \/>\nElige el color de tus iniciales: Doradas o Plateadas<\/p>\n<p>Cartera de piel artesanal cincelada sumamente pr\u00e1ctica y a la moda, porque quien dijo que lo que est\u00e1 de moda no da comodidad, se equivoc\u00f3 con este accesorio. Tiene un dise\u00f1o sumamente simple que se cierra de lado a lado con un sistema de cierre-corredera, y \u00e9sta en espec\u00edfico est\u00e1 hecha a mano con una piel grabada que simula la textura de cocodrilo. Por dentro cuenta con una bolsa con cierre para colocar ah\u00ed las monedas y no perder tu \u2018cambio\u2019 o \u2018vuelto\u2019. Tiene tres compartimentos m\u00e1s en los que puedes colocar billetes y tickets o recibos, dos compartimentos un poco m\u00e1s oculto con espacio para m\u00e1s dinero, y cuatro compartimentos para tarjetas que son amplios y permite que coloques dos o m\u00e1s en cada uno.<\/p>\n<p>Medidas: 10 x 20 x 2.5 cm<\/p>\n<p>Consulta pol\u00edticas de env\u00edo <a href=\"https:\/\/www.vianala.com\/politicasenvio\/\">aqu\u00ed<\/a><\/p>\n<h2>Carteras para dama de piel cincelada personalizada caf\u00e9<\/h2>\n<p>Checa nuestros accesorios de piel personalizados para hombre marca <a href=\"http:\/\/www.omine.com.mx\" target=\"_blank\" rel=\"noopener\">OMINE<\/a><\/p>\n","protected":false},"excerpt":{"rendered":"<p>Elige el color de tus iniciales: Doradas o Plateadas Carteras para dama de piel cincelada personalizada cafe \u00a1Hazla \u00fanica personaliz\u00e1ndola online! Elige el color de tus iniciales: Doradas o Plateadas Cartera de piel artesanal cincelada sumamente pr\u00e1ctica y a la moda, porque quien dijo que lo que est\u00e1 de moda no da comodidad, se equivoc\u00f3 [&hellip;]<\/p>\n","protected":false},"featured_media":24126,"comment_status":"open","ping_status":"closed","template":"","meta":[],"product_cat":[306,319],"product_tag":[241,242,243,244,245],"yoast_head":"<!-- This site is optimized with the Yoast SEO plugin v20.3 - https:\/\/yoast.com\/wordpress\/plugins\/seo\/ -->\n<title>Carteras para dama de piel cincelada personalizada cafe Vianala. Tienda online de carteras de piel personalizada iniciales carteras para mujer de piel cartera personalizada de piel para mujer<\/title>\n<meta name=\"description\" content=\"Carteras para dama de piel cincelada personalizada cafe \u00a1Hazla \u00fanica con tus iniciales! Personal\u00edzala en l\u00ednea con letras doradas o plateadas. Compra online carteras de piel personalizada iniciales carteras para mujer de piel cartera personalizada de piel para mujer\" \/>\n<meta name=\"robots\" content=\"index, follow, max-snippet:-1, max-image-preview:large, max-video-preview:-1\" \/>\n<link rel=\"canonical\" href=\"https:\/\/vianala.com\/en\/tienda\/carteras-para-dama-de-piel-cincelada-personalizada-cafe-carteras-de-piel-personalizada-iniciales\/\" \/>\n<meta property=\"og:locale\" content=\"en_US\" \/>\n<meta property=\"og:type\" content=\"article\" \/>\n<meta property=\"og:title\" content=\"Carteras para dama de piel cincelada personalizada cafe Vianala. Tienda online de carteras de piel personalizada iniciales carteras para mujer de piel cartera personalizada de piel para mujer\" \/>\n<meta property=\"og:description\" content=\"Carteras para dama de piel cincelada personalizada cafe \u00a1Hazla \u00fanica con tus iniciales! Personal\u00edzala en l\u00ednea con letras doradas o plateadas. Compra online carteras de piel personalizada iniciales carteras para mujer de piel cartera personalizada de piel para mujer\" \/>\n<meta property=\"og:url\" content=\"https:\/\/vianala.com\/en\/tienda\/carteras-para-dama-de-piel-cincelada-personalizada-cafe-carteras-de-piel-personalizada-iniciales\/\" \/>\n<meta property=\"og:site_name\" content=\"Vianala\" \/>\n<meta property=\"article:publisher\" content=\"https:\/\/www.facebook.com\/vianalabolsas\" \/>\n<meta property=\"article:modified_time\" content=\"2026-05-08T17:17:44+00:00\" \/>\n<meta property=\"og:image\" content=\"https:\/\/vianala.com\/wp-content\/uploads\/2023\/03\/Diapositiva21.jpg\" \/>\n\t<meta property=\"og:image:width\" content=\"960\" \/>\n\t<meta property=\"og:image:height\" content=\"960\" \/>\n\t<meta property=\"og:image:type\" content=\"image\/jpeg\" \/>\n<meta name=\"twitter:card\" content=\"summary_large_image\" \/>\n<meta name=\"twitter:label1\" content=\"Est. reading time\" \/>\n\t<meta name=\"twitter:data1\" content=\"1 minute\" \/>\n<script type=\"application\/ld+json\" class=\"yoast-schema-graph\">{\"@context\":\"https:\/\/schema.org\",\"@graph\":[{\"@type\":\"WebPage\",\"@id\":\"https:\/\/vianala.com\/en\/tienda\/carteras-para-dama-de-piel-cincelada-personalizada-cafe-carteras-de-piel-personalizada-iniciales\/\",\"url\":\"https:\/\/vianala.com\/en\/tienda\/carteras-para-dama-de-piel-cincelada-personalizada-cafe-carteras-de-piel-personalizada-iniciales\/\",\"name\":\"Carteras para dama de piel cincelada personalizada cafe Vianala. Tienda online de carteras de piel personalizada iniciales carteras para mujer de piel cartera personalizada de piel para mujer\",\"isPartOf\":{\"@id\":\"https:\/\/vianala.com\/en\/#website\"},\"datePublished\":\"2023-01-04T22:29:15+00:00\",\"dateModified\":\"2026-05-08T17:17:44+00:00\",\"description\":\"Carteras para dama de piel cincelada personalizada cafe \u00a1Hazla \u00fanica con tus iniciales! Personal\u00edzala en l\u00ednea con letras doradas o plateadas. Compra online carteras de piel personalizada iniciales carteras para mujer de piel cartera personalizada de piel para mujer\",\"breadcrumb\":{\"@id\":\"https:\/\/vianala.com\/en\/tienda\/carteras-para-dama-de-piel-cincelada-personalizada-cafe-carteras-de-piel-personalizada-iniciales\/#breadcrumb\"},\"inLanguage\":\"en-US\",\"potentialAction\":[{\"@type\":\"ReadAction\",\"target\":[\"https:\/\/vianala.com\/en\/tienda\/carteras-para-dama-de-piel-cincelada-personalizada-cafe-carteras-de-piel-personalizada-iniciales\/\"]}]},{\"@type\":\"BreadcrumbList\",\"@id\":\"https:\/\/vianala.com\/en\/tienda\/carteras-para-dama-de-piel-cincelada-personalizada-cafe-carteras-de-piel-personalizada-iniciales\/#breadcrumb\",\"itemListElement\":[{\"@type\":\"ListItem\",\"position\":1,\"name\":\"\",\"item\":\"https:\/\/vianala.com\/en\/\"},{\"@type\":\"ListItem\",\"position\":2,\"name\":\"Portada\",\"item\":\"https:\/\/vianala.com\/en\/\"},{\"@type\":\"ListItem\",\"position\":3,\"name\":\"Shop\",\"item\":\"https:\/\/vianala.com\/en\/shop\/\"},{\"@type\":\"ListItem\",\"position\":4,\"name\":\"Xalapa Caf\u00e9 con iniciales\"}]},{\"@type\":\"WebSite\",\"@id\":\"https:\/\/vianala.com\/en\/#website\",\"url\":\"https:\/\/vianala.com\/en\/\",\"name\":\"Bolsas de piel para dama Le\u00f3n Guanajuato Vianala. Bolsos de piel para mujer, Bolsas de piel para dama precio, bolsos piel mujer, bolsos de piel mujer, bolsas de piel negra, bolsas de piel de mayoreo.\",\"description\":\"Vianala\",\"publisher\":{\"@id\":\"https:\/\/vianala.com\/en\/#organization\"},\"alternateName\":\"Vianala\",\"potentialAction\":[{\"@type\":\"SearchAction\",\"target\":{\"@type\":\"EntryPoint\",\"urlTemplate\":\"https:\/\/vianala.com\/en\/?s={search_term_string}\"},\"query-input\":\"required name=search_term_string\"}],\"inLanguage\":\"en-US\"},{\"@type\":\"Organization\",\"@id\":\"https:\/\/vianala.com\/en\/#organization\",\"name\":\"Bolsas de piel para dama Le\u00f3n Guanajuato Vianala. Bolsos de piel para mujer, Bolsas de piel para dama precio, bolsos piel mujer, bolsos de piel mujer, bolsas de piel negra, bolsas de piel de mayoreo.\",\"url\":\"https:\/\/vianala.com\/en\/\",\"logo\":{\"@type\":\"ImageObject\",\"inLanguage\":\"en-US\",\"@id\":\"https:\/\/vianala.com\/en\/#\/schema\/logo\/image\/\",\"url\":\"https:\/\/vianala.com\/wp-content\/uploads\/2022\/02\/7.-Logo-Vianala.jpg\",\"contentUrl\":\"https:\/\/vianala.com\/wp-content\/uploads\/2022\/02\/7.-Logo-Vianala.jpg\",\"width\":2249,\"height\":2249,\"caption\":\"Bolsas de piel para dama Le\u00f3n Guanajuato Vianala. Bolsos de piel para mujer, Bolsas de piel para dama precio, bolsos piel mujer, bolsos de piel mujer, bolsas de piel negra, bolsas de piel de mayoreo.\"},\"image\":{\"@id\":\"https:\/\/vianala.com\/en\/#\/schema\/logo\/image\/\"},\"sameAs\":[\"https:\/\/www.facebook.com\/vianalabolsas\",\"https:\/\/www.instagram.com\/vianala_bolsas\/\",\"https:\/\/wa.me\/5214777133305\"]}]}<\/script>\n<!-- \/ Yoast SEO plugin. -->","yoast_head_json":{"title":"Carteras para dama de piel cincelada personalizada cafe Vianala. Tienda online de carteras de piel personalizada iniciales carteras para mujer de piel cartera personalizada de piel para mujer","description":"Carteras para dama de piel cincelada personalizada cafe \u00a1Hazla \u00fanica con tus iniciales! Personal\u00edzala en l\u00ednea con letras doradas o plateadas. Compra online carteras de piel personalizada iniciales carteras para mujer de piel cartera personalizada de piel para mujer","robots":{"index":"index","follow":"follow","max-snippet":"max-snippet:-1","max-image-preview":"max-image-preview:large","max-video-preview":"max-video-preview:-1"},"canonical":"https:\/\/vianala.com\/en\/tienda\/carteras-para-dama-de-piel-cincelada-personalizada-cafe-carteras-de-piel-personalizada-iniciales\/","og_locale":"en_US","og_type":"article","og_title":"Carteras para dama de piel cincelada personalizada cafe Vianala. Tienda online de carteras de piel personalizada iniciales carteras para mujer de piel cartera personalizada de piel para mujer","og_description":"Carteras para dama de piel cincelada personalizada cafe \u00a1Hazla \u00fanica con tus iniciales! Personal\u00edzala en l\u00ednea con letras doradas o plateadas. Compra online carteras de piel personalizada iniciales carteras para mujer de piel cartera personalizada de piel para mujer","og_url":"https:\/\/vianala.com\/en\/tienda\/carteras-para-dama-de-piel-cincelada-personalizada-cafe-carteras-de-piel-personalizada-iniciales\/","og_site_name":"Vianala","article_publisher":"https:\/\/www.facebook.com\/vianalabolsas","article_modified_time":"2026-05-08T17:17:44+00:00","og_image":[{"width":960,"height":960,"url":"https:\/\/vianala.com\/wp-content\/uploads\/2023\/03\/Diapositiva21.jpg","type":"image\/jpeg"}],"twitter_card":"summary_large_image","twitter_misc":{"Est. reading time":"1 minute"},"schema":{"@context":"https:\/\/schema.org","@graph":[{"@type":"WebPage","@id":"https:\/\/vianala.com\/en\/tienda\/carteras-para-dama-de-piel-cincelada-personalizada-cafe-carteras-de-piel-personalizada-iniciales\/","url":"https:\/\/vianala.com\/en\/tienda\/carteras-para-dama-de-piel-cincelada-personalizada-cafe-carteras-de-piel-personalizada-iniciales\/","name":"Carteras para dama de piel cincelada personalizada cafe Vianala. Tienda online de carteras de piel personalizada iniciales carteras para mujer de piel cartera personalizada de piel para mujer","isPartOf":{"@id":"https:\/\/vianala.com\/en\/#website"},"datePublished":"2023-01-04T22:29:15+00:00","dateModified":"2026-05-08T17:17:44+00:00","description":"Carteras para dama de piel cincelada personalizada cafe \u00a1Hazla \u00fanica con tus iniciales! Personal\u00edzala en l\u00ednea con letras doradas o plateadas. Compra online carteras de piel personalizada iniciales carteras para mujer de piel cartera personalizada de piel para mujer","breadcrumb":{"@id":"https:\/\/vianala.com\/en\/tienda\/carteras-para-dama-de-piel-cincelada-personalizada-cafe-carteras-de-piel-personalizada-iniciales\/#breadcrumb"},"inLanguage":"en-US","potentialAction":[{"@type":"ReadAction","target":["https:\/\/vianala.com\/en\/tienda\/carteras-para-dama-de-piel-cincelada-personalizada-cafe-carteras-de-piel-personalizada-iniciales\/"]}]},{"@type":"BreadcrumbList","@id":"https:\/\/vianala.com\/en\/tienda\/carteras-para-dama-de-piel-cincelada-personalizada-cafe-carteras-de-piel-personalizada-iniciales\/#breadcrumb","itemListElement":[{"@type":"ListItem","position":1,"name":"","item":"https:\/\/vianala.com\/en\/"},{"@type":"ListItem","position":2,"name":"Portada","item":"https:\/\/vianala.com\/en\/"},{"@type":"ListItem","position":3,"name":"Shop","item":"https:\/\/vianala.com\/en\/shop\/"},{"@type":"ListItem","position":4,"name":"Xalapa Caf\u00e9 con iniciales"}]},{"@type":"WebSite","@id":"https:\/\/vianala.com\/en\/#website","url":"https:\/\/vianala.com\/en\/","name":"Bolsas de piel para dama Le\u00f3n Guanajuato Vianala. Bolsos de piel para mujer, Bolsas de piel para dama precio, bolsos piel mujer, bolsos de piel mujer, bolsas de piel negra, bolsas de piel de mayoreo.","description":"Vianala","publisher":{"@id":"https:\/\/vianala.com\/en\/#organization"},"alternateName":"Vianala","potentialAction":[{"@type":"SearchAction","target":{"@type":"EntryPoint","urlTemplate":"https:\/\/vianala.com\/en\/?s={search_term_string}"},"query-input":"required name=search_term_string"}],"inLanguage":"en-US"},{"@type":"Organization","@id":"https:\/\/vianala.com\/en\/#organization","name":"Bolsas de piel para dama Le\u00f3n Guanajuato Vianala. Bolsos de piel para mujer, Bolsas de piel para dama precio, bolsos piel mujer, bolsos de piel mujer, bolsas de piel negra, bolsas de piel de mayoreo.","url":"https:\/\/vianala.com\/en\/","logo":{"@type":"ImageObject","inLanguage":"en-US","@id":"https:\/\/vianala.com\/en\/#\/schema\/logo\/image\/","url":"https:\/\/vianala.com\/wp-content\/uploads\/2022\/02\/7.-Logo-Vianala.jpg","contentUrl":"https:\/\/vianala.com\/wp-content\/uploads\/2022\/02\/7.-Logo-Vianala.jpg","width":2249,"height":2249,"caption":"Bolsas de piel para dama Le\u00f3n Guanajuato Vianala. Bolsos de piel para mujer, Bolsas de piel para dama precio, bolsos piel mujer, bolsos de piel mujer, bolsas de piel negra, bolsas de piel de mayoreo."},"image":{"@id":"https:\/\/vianala.com\/en\/#\/schema\/logo\/image\/"},"sameAs":["https:\/\/www.facebook.com\/vianalabolsas","https:\/\/www.instagram.com\/vianala_bolsas\/","https:\/\/wa.me\/5214777133305"]}]}},"_links":{"self":[{"href":"https:\/\/vianala.com\/en\/wp-json\/wp\/v2\/product\/23120"}],"collection":[{"href":"https:\/\/vianala.com\/en\/wp-json\/wp\/v2\/product"}],"about":[{"href":"https:\/\/vianala.com\/en\/wp-json\/wp\/v2\/types\/product"}],"replies":[{"embeddable":true,"href":"https:\/\/vianala.com\/en\/wp-json\/wp\/v2\/comments?post=23120"}],"wp:featuredmedia":[{"embeddable":true,"href":"https:\/\/vianala.com\/en\/wp-json\/wp\/v2\/media\/24126"}],"wp:attachment":[{"href":"https:\/\/vianala.com\/en\/wp-json\/wp\/v2\/media?parent=23120"}],"wp:term":[{"taxonomy":"product_cat","embeddable":true,"href":"https:\/\/vianala.com\/en\/wp-json\/wp\/v2\/product_cat?post=23120"},{"taxonomy":"product_tag","embeddable":true,"href":"https:\/\/vianala.com\/en\/wp-json\/wp\/v2\/product_tag?post=23120"}],"curies":[{"name":"wp","href":"https:\/\/api.w.org\/{rel}","templated":true}]}}