{"id":23226,"date":"2023-01-13T11:01:40","date_gmt":"2023-01-13T17:01:40","guid":{"rendered":"https:\/\/vianala.com\/?post_type=product&#038;p=23226"},"modified":"2026-03-19T13:54:39","modified_gmt":"2026-03-19T19:54:39","slug":"monederos-de-piel-personalizados-iniciales-monedero-para-dama-de-piel-personalizado","status":"publish","type":"product","link":"https:\/\/vianala.com\/en\/tienda\/monederos-de-piel-personalizados-iniciales-monedero-para-dama-de-piel-personalizado\/","title":{"rendered":"Tula Negro con Iniciales"},"content":{"rendered":"<h2>Elige el color de tus iniciales: Doradas o Plateadas<\/h2>\n<p style=\"text-align: right\">Monederos de piel personalizados iniciales negro<\/p>\n<p>\u00a1Hazla \u00fanica personaliz\u00e1ndola online!<br \/>\nElige el color de tus iniciales: Doradas o Plateadas<\/p>\n<p>Consulta pol\u00edticas de env\u00edo\u00a0<a href=\"https:\/\/www.vianala.com\/politicasenvio\/\">aqu\u00ed<\/a><\/p>\n<h2>Monederos de piel personalizados iniciales negro<\/h2>\n<p>Checa nuestros accesorios de piel personalizados para hombre marca\u00a0<a href=\"http:\/\/www.omine.com.mx\/\" target=\"_blank\" rel=\"noopener\">OMINE<\/a><\/p>\n","protected":false},"excerpt":{"rendered":"<p>Elige el color de tus iniciales: Doradas o Plateadas Monederos de piel personalizados iniciales negro \u00a1Hazla \u00fanica personaliz\u00e1ndola online! Elige el color de tus iniciales: Doradas o Plateadas Consulta pol\u00edticas de env\u00edo\u00a0aqu\u00ed Monederos de piel personalizados iniciales negro Checa nuestros accesorios de piel personalizados para hombre marca\u00a0OMINE<\/p>\n","protected":false},"featured_media":26435,"comment_status":"open","ping_status":"closed","template":"","meta":[],"product_cat":[307,320],"product_tag":[246,247,248,249],"yoast_head":"<!-- This site is optimized with the Yoast SEO plugin v20.3 - https:\/\/yoast.com\/wordpress\/plugins\/seo\/ -->\n<title>Monederos de piel personalizados iniciales negro Vianala. Tienda online de monedero para dama de piel personalizado monedero para mujer de piel monedero personalizado de piel para mujer<\/title>\n<meta name=\"description\" content=\"Monederos de piel personalizados iniciales negro \u00a1Hazlo \u00fanico con tus iniciales! Personal\u00edzalo en l\u00ednea con letras doradas o plateadas. Compra online monedero para dama de piel personalizado monedero para mujer de piel monedero personalizado de piel para mujer\" \/>\n<meta name=\"robots\" content=\"index, follow, max-snippet:-1, max-image-preview:large, max-video-preview:-1\" \/>\n<link rel=\"canonical\" href=\"https:\/\/vianala.com\/en\/tienda\/monederos-de-piel-personalizados-iniciales-monedero-para-dama-de-piel-personalizado\/\" \/>\n<meta property=\"og:locale\" content=\"en_US\" \/>\n<meta property=\"og:type\" content=\"article\" \/>\n<meta property=\"og:title\" content=\"Monederos de piel personalizados iniciales negro Vianala. Tienda online de monedero para dama de piel personalizado monedero para mujer de piel monedero personalizado de piel para mujer\" \/>\n<meta property=\"og:description\" content=\"Monederos de piel personalizados iniciales negro \u00a1Hazlo \u00fanico con tus iniciales! Personal\u00edzalo en l\u00ednea con letras doradas o plateadas. Compra online monedero para dama de piel personalizado monedero para mujer de piel monedero personalizado de piel para mujer\" \/>\n<meta property=\"og:url\" content=\"https:\/\/vianala.com\/en\/tienda\/monederos-de-piel-personalizados-iniciales-monedero-para-dama-de-piel-personalizado\/\" \/>\n<meta property=\"og:site_name\" content=\"Vianala\" \/>\n<meta property=\"article:publisher\" content=\"https:\/\/www.facebook.com\/vianalabolsas\" \/>\n<meta property=\"article:modified_time\" content=\"2026-03-19T19:54:39+00:00\" \/>\n<meta property=\"og:image\" content=\"https:\/\/vianala.com\/wp-content\/uploads\/2023\/01\/tula-vibora-negro-personalizado-1024x1024.png\" \/>\n\t<meta property=\"og:image:width\" content=\"1024\" \/>\n\t<meta property=\"og:image:height\" content=\"1024\" \/>\n\t<meta property=\"og:image:type\" content=\"image\/png\" \/>\n<meta name=\"twitter:card\" content=\"summary_large_image\" \/>\n<meta name=\"twitter:label1\" content=\"Est. reading time\" \/>\n\t<meta name=\"twitter:data1\" content=\"1 minute\" \/>\n<script type=\"application\/ld+json\" class=\"yoast-schema-graph\">{\"@context\":\"https:\/\/schema.org\",\"@graph\":[{\"@type\":\"WebPage\",\"@id\":\"https:\/\/vianala.com\/en\/tienda\/monederos-de-piel-personalizados-iniciales-monedero-para-dama-de-piel-personalizado\/\",\"url\":\"https:\/\/vianala.com\/en\/tienda\/monederos-de-piel-personalizados-iniciales-monedero-para-dama-de-piel-personalizado\/\",\"name\":\"Monederos de piel personalizados iniciales negro Vianala. Tienda online de monedero para dama de piel personalizado monedero para mujer de piel monedero personalizado de piel para mujer\",\"isPartOf\":{\"@id\":\"https:\/\/vianala.com\/en\/#website\"},\"datePublished\":\"2023-01-13T17:01:40+00:00\",\"dateModified\":\"2026-03-19T19:54:39+00:00\",\"description\":\"Monederos de piel personalizados iniciales negro \u00a1Hazlo \u00fanico con tus iniciales! Personal\u00edzalo en l\u00ednea con letras doradas o plateadas. Compra online monedero para dama de piel personalizado monedero para mujer de piel monedero personalizado de piel para mujer\",\"breadcrumb\":{\"@id\":\"https:\/\/vianala.com\/en\/tienda\/monederos-de-piel-personalizados-iniciales-monedero-para-dama-de-piel-personalizado\/#breadcrumb\"},\"inLanguage\":\"en-US\",\"potentialAction\":[{\"@type\":\"ReadAction\",\"target\":[\"https:\/\/vianala.com\/en\/tienda\/monederos-de-piel-personalizados-iniciales-monedero-para-dama-de-piel-personalizado\/\"]}]},{\"@type\":\"BreadcrumbList\",\"@id\":\"https:\/\/vianala.com\/en\/tienda\/monederos-de-piel-personalizados-iniciales-monedero-para-dama-de-piel-personalizado\/#breadcrumb\",\"itemListElement\":[{\"@type\":\"ListItem\",\"position\":1,\"name\":\"\",\"item\":\"https:\/\/vianala.com\/en\/\"},{\"@type\":\"ListItem\",\"position\":2,\"name\":\"Portada\",\"item\":\"https:\/\/vianala.com\/en\/\"},{\"@type\":\"ListItem\",\"position\":3,\"name\":\"Shop\",\"item\":\"https:\/\/vianala.com\/en\/shop\/\"},{\"@type\":\"ListItem\",\"position\":4,\"name\":\"Tula Negro con Iniciales\"}]},{\"@type\":\"WebSite\",\"@id\":\"https:\/\/vianala.com\/en\/#website\",\"url\":\"https:\/\/vianala.com\/en\/\",\"name\":\"Bolsas de piel para dama Le\u00f3n Guanajuato Vianala. Bolsos de piel para mujer, Bolsas de piel para dama precio, bolsos piel mujer, bolsos de piel mujer, bolsas de piel negra, bolsas de piel de mayoreo.\",\"description\":\"Vianala\",\"publisher\":{\"@id\":\"https:\/\/vianala.com\/en\/#organization\"},\"alternateName\":\"Vianala\",\"potentialAction\":[{\"@type\":\"SearchAction\",\"target\":{\"@type\":\"EntryPoint\",\"urlTemplate\":\"https:\/\/vianala.com\/en\/?s={search_term_string}\"},\"query-input\":\"required name=search_term_string\"}],\"inLanguage\":\"en-US\"},{\"@type\":\"Organization\",\"@id\":\"https:\/\/vianala.com\/en\/#organization\",\"name\":\"Bolsas de piel para dama Le\u00f3n Guanajuato Vianala. Bolsos de piel para mujer, Bolsas de piel para dama precio, bolsos piel mujer, bolsos de piel mujer, bolsas de piel negra, bolsas de piel de mayoreo.\",\"url\":\"https:\/\/vianala.com\/en\/\",\"logo\":{\"@type\":\"ImageObject\",\"inLanguage\":\"en-US\",\"@id\":\"https:\/\/vianala.com\/en\/#\/schema\/logo\/image\/\",\"url\":\"https:\/\/vianala.com\/wp-content\/uploads\/2022\/02\/7.-Logo-Vianala.jpg\",\"contentUrl\":\"https:\/\/vianala.com\/wp-content\/uploads\/2022\/02\/7.-Logo-Vianala.jpg\",\"width\":2249,\"height\":2249,\"caption\":\"Bolsas de piel para dama Le\u00f3n Guanajuato Vianala. Bolsos de piel para mujer, Bolsas de piel para dama precio, bolsos piel mujer, bolsos de piel mujer, bolsas de piel negra, bolsas de piel de mayoreo.\"},\"image\":{\"@id\":\"https:\/\/vianala.com\/en\/#\/schema\/logo\/image\/\"},\"sameAs\":[\"https:\/\/www.facebook.com\/vianalabolsas\",\"https:\/\/www.instagram.com\/vianala_bolsas\/\",\"https:\/\/wa.me\/5214777133305\"]}]}<\/script>\n<!-- \/ Yoast SEO plugin. -->","yoast_head_json":{"title":"Monederos de piel personalizados iniciales negro Vianala. Tienda online de monedero para dama de piel personalizado monedero para mujer de piel monedero personalizado de piel para mujer","description":"Monederos de piel personalizados iniciales negro \u00a1Hazlo \u00fanico con tus iniciales! Personal\u00edzalo en l\u00ednea con letras doradas o plateadas. Compra online monedero para dama de piel personalizado monedero para mujer de piel monedero personalizado de piel para mujer","robots":{"index":"index","follow":"follow","max-snippet":"max-snippet:-1","max-image-preview":"max-image-preview:large","max-video-preview":"max-video-preview:-1"},"canonical":"https:\/\/vianala.com\/en\/tienda\/monederos-de-piel-personalizados-iniciales-monedero-para-dama-de-piel-personalizado\/","og_locale":"en_US","og_type":"article","og_title":"Monederos de piel personalizados iniciales negro Vianala. Tienda online de monedero para dama de piel personalizado monedero para mujer de piel monedero personalizado de piel para mujer","og_description":"Monederos de piel personalizados iniciales negro \u00a1Hazlo \u00fanico con tus iniciales! Personal\u00edzalo en l\u00ednea con letras doradas o plateadas. Compra online monedero para dama de piel personalizado monedero para mujer de piel monedero personalizado de piel para mujer","og_url":"https:\/\/vianala.com\/en\/tienda\/monederos-de-piel-personalizados-iniciales-monedero-para-dama-de-piel-personalizado\/","og_site_name":"Vianala","article_publisher":"https:\/\/www.facebook.com\/vianalabolsas","article_modified_time":"2026-03-19T19:54:39+00:00","og_image":[{"width":1024,"height":1024,"url":"https:\/\/vianala.com\/wp-content\/uploads\/2023\/01\/tula-vibora-negro-personalizado-1024x1024.png","type":"image\/png"}],"twitter_card":"summary_large_image","twitter_misc":{"Est. reading time":"1 minute"},"schema":{"@context":"https:\/\/schema.org","@graph":[{"@type":"WebPage","@id":"https:\/\/vianala.com\/en\/tienda\/monederos-de-piel-personalizados-iniciales-monedero-para-dama-de-piel-personalizado\/","url":"https:\/\/vianala.com\/en\/tienda\/monederos-de-piel-personalizados-iniciales-monedero-para-dama-de-piel-personalizado\/","name":"Monederos de piel personalizados iniciales negro Vianala. Tienda online de monedero para dama de piel personalizado monedero para mujer de piel monedero personalizado de piel para mujer","isPartOf":{"@id":"https:\/\/vianala.com\/en\/#website"},"datePublished":"2023-01-13T17:01:40+00:00","dateModified":"2026-03-19T19:54:39+00:00","description":"Monederos de piel personalizados iniciales negro \u00a1Hazlo \u00fanico con tus iniciales! Personal\u00edzalo en l\u00ednea con letras doradas o plateadas. Compra online monedero para dama de piel personalizado monedero para mujer de piel monedero personalizado de piel para mujer","breadcrumb":{"@id":"https:\/\/vianala.com\/en\/tienda\/monederos-de-piel-personalizados-iniciales-monedero-para-dama-de-piel-personalizado\/#breadcrumb"},"inLanguage":"en-US","potentialAction":[{"@type":"ReadAction","target":["https:\/\/vianala.com\/en\/tienda\/monederos-de-piel-personalizados-iniciales-monedero-para-dama-de-piel-personalizado\/"]}]},{"@type":"BreadcrumbList","@id":"https:\/\/vianala.com\/en\/tienda\/monederos-de-piel-personalizados-iniciales-monedero-para-dama-de-piel-personalizado\/#breadcrumb","itemListElement":[{"@type":"ListItem","position":1,"name":"","item":"https:\/\/vianala.com\/en\/"},{"@type":"ListItem","position":2,"name":"Portada","item":"https:\/\/vianala.com\/en\/"},{"@type":"ListItem","position":3,"name":"Shop","item":"https:\/\/vianala.com\/en\/shop\/"},{"@type":"ListItem","position":4,"name":"Tula Negro con Iniciales"}]},{"@type":"WebSite","@id":"https:\/\/vianala.com\/en\/#website","url":"https:\/\/vianala.com\/en\/","name":"Bolsas de piel para dama Le\u00f3n Guanajuato Vianala. Bolsos de piel para mujer, Bolsas de piel para dama precio, bolsos piel mujer, bolsos de piel mujer, bolsas de piel negra, bolsas de piel de mayoreo.","description":"Vianala","publisher":{"@id":"https:\/\/vianala.com\/en\/#organization"},"alternateName":"Vianala","potentialAction":[{"@type":"SearchAction","target":{"@type":"EntryPoint","urlTemplate":"https:\/\/vianala.com\/en\/?s={search_term_string}"},"query-input":"required name=search_term_string"}],"inLanguage":"en-US"},{"@type":"Organization","@id":"https:\/\/vianala.com\/en\/#organization","name":"Bolsas de piel para dama Le\u00f3n Guanajuato Vianala. Bolsos de piel para mujer, Bolsas de piel para dama precio, bolsos piel mujer, bolsos de piel mujer, bolsas de piel negra, bolsas de piel de mayoreo.","url":"https:\/\/vianala.com\/en\/","logo":{"@type":"ImageObject","inLanguage":"en-US","@id":"https:\/\/vianala.com\/en\/#\/schema\/logo\/image\/","url":"https:\/\/vianala.com\/wp-content\/uploads\/2022\/02\/7.-Logo-Vianala.jpg","contentUrl":"https:\/\/vianala.com\/wp-content\/uploads\/2022\/02\/7.-Logo-Vianala.jpg","width":2249,"height":2249,"caption":"Bolsas de piel para dama Le\u00f3n Guanajuato Vianala. Bolsos de piel para mujer, Bolsas de piel para dama precio, bolsos piel mujer, bolsos de piel mujer, bolsas de piel negra, bolsas de piel de mayoreo."},"image":{"@id":"https:\/\/vianala.com\/en\/#\/schema\/logo\/image\/"},"sameAs":["https:\/\/www.facebook.com\/vianalabolsas","https:\/\/www.instagram.com\/vianala_bolsas\/","https:\/\/wa.me\/5214777133305"]}]}},"_links":{"self":[{"href":"https:\/\/vianala.com\/en\/wp-json\/wp\/v2\/product\/23226"}],"collection":[{"href":"https:\/\/vianala.com\/en\/wp-json\/wp\/v2\/product"}],"about":[{"href":"https:\/\/vianala.com\/en\/wp-json\/wp\/v2\/types\/product"}],"replies":[{"embeddable":true,"href":"https:\/\/vianala.com\/en\/wp-json\/wp\/v2\/comments?post=23226"}],"wp:featuredmedia":[{"embeddable":true,"href":"https:\/\/vianala.com\/en\/wp-json\/wp\/v2\/media\/26435"}],"wp:attachment":[{"href":"https:\/\/vianala.com\/en\/wp-json\/wp\/v2\/media?parent=23226"}],"wp:term":[{"taxonomy":"product_cat","embeddable":true,"href":"https:\/\/vianala.com\/en\/wp-json\/wp\/v2\/product_cat?post=23226"},{"taxonomy":"product_tag","embeddable":true,"href":"https:\/\/vianala.com\/en\/wp-json\/wp\/v2\/product_tag?post=23226"}],"curies":[{"name":"wp","href":"https:\/\/api.w.org\/{rel}","templated":true}]}}