{"id":23380,"date":"2023-03-06T09:57:43","date_gmt":"2023-03-06T15:57:43","guid":{"rendered":"https:\/\/vianala.com\/?post_type=product&#038;p=23380"},"modified":"2026-05-03T08:28:56","modified_gmt":"2026-05-03T13:28:56","slug":"bolsos-de-piel-personalizados-iniciales-negro-bolsas-personalizadas-de-piel-iniciales","status":"publish","type":"product","link":"https:\/\/vianala.com\/en\/tienda\/bolsos-de-piel-personalizados-iniciales-negro-bolsas-personalizadas-de-piel-iniciales\/","title":{"rendered":"Victoria V\u00edbora Negro con Iniciales"},"content":{"rendered":"<h4>Elige el color de tus iniciales: Doradas o Plateadas<\/h4>\n<p style=\"text-align: right\">Bolsos de piel personalizados iniciales negro<\/p>\n<p>\u00a1Hazla \u00fanica personaliz\u00e1ndola online!<br \/>\nElige el color de tus iniciales: Doradas o Plateadas<\/p>\n<p>Esta bolsa de piel es una Bolsa tote, lo que hace referencia al dise\u00f1o de moda, el cual se caracteriza por\u00a0ser\u00a0uno de los modelos m\u00e1s conocidos y tradicionales de las bolsas. El dise\u00f1o es sencillo, con un cuerpo generalmente cuadrado o rectangular y asas dobles a los lados. El tama\u00f1o de la bolsa es ideal para usarla como bolsa de diario, pues su estilo casual y al mismo tiempo elegante, permite que la utilices en todo tipo de ocasiones y siempre tengas a la mano los art\u00edculos indispensables para pasar el d\u00eda como una botella de agua, alg\u00fan\u00a0<em>snack<\/em>, agenda, tablet, celular, pinturas, plumas, libros, etc.<\/p>\n<p>Consulta pol\u00edticas de env\u00edo <a href=\"https:\/\/www.vianala.com\/politicasenvio\/\">aqu\u00ed<\/a><\/p>\n<h2>Bolsos de piel personalizados iniciales negro<\/h2>\n<p>Checa nuestros accesorios de piel personalizados para hombre marca <a href=\"http:\/\/www.omine.com.mx\" target=\"_blank\" rel=\"noopener\">OMINE<\/a><\/p>\n","protected":false},"excerpt":{"rendered":"<p>Elige el color de tus iniciales: Doradas o Plateadas Bolsos de piel personalizados iniciales negro \u00a1Hazla \u00fanica personaliz\u00e1ndola online! Elige el color de tus iniciales: Doradas o Plateadas Esta bolsa de piel es una Bolsa tote, lo que hace referencia al dise\u00f1o de moda, el cual se caracteriza por\u00a0ser\u00a0uno de los modelos m\u00e1s conocidos y [&hellip;]<\/p>\n","protected":false},"featured_media":24162,"comment_status":"open","ping_status":"closed","template":"","meta":[],"product_cat":[300,222,302,303],"product_tag":[223,224,226,225],"yoast_head":"<!-- This site is optimized with the Yoast SEO plugin v20.3 - https:\/\/yoast.com\/wordpress\/plugins\/seo\/ -->\n<title>Bolsos de piel personalizados iniciales negro Vianala. Tienda Online de bolsas personalizadas de piel iniciales, bolsos personalizados piel iniciales, bolso piel personalizado iniciales<\/title>\n<meta name=\"description\" content=\"Bolsos de piel personalizados iniciales negro \u00a1H\u00e1zlo \u00fanica personaliz\u00e1ndolo online! Entra ya. Gratis env\u00edo a todo M\u00e9xico. Checa tu Bolsa personalizada y compra online bolsas personalizadas de piel iniciales, bolsos personalizados piel iniciales, bolso piel personalizado iniciales\" \/>\n<meta name=\"robots\" content=\"index, follow, max-snippet:-1, max-image-preview:large, max-video-preview:-1\" \/>\n<link rel=\"canonical\" href=\"https:\/\/vianala.com\/en\/tienda\/bolsos-de-piel-personalizados-iniciales-negro-bolsas-personalizadas-de-piel-iniciales\/\" \/>\n<meta property=\"og:locale\" content=\"en_US\" \/>\n<meta property=\"og:type\" content=\"article\" \/>\n<meta property=\"og:title\" content=\"Bolsos de piel personalizados iniciales negro Vianala. Tienda Online de bolsas personalizadas de piel iniciales, bolsos personalizados piel iniciales, bolso piel personalizado iniciales\" \/>\n<meta property=\"og:description\" content=\"Bolsos de piel personalizados iniciales negro \u00a1H\u00e1zlo \u00fanica personaliz\u00e1ndolo online! Entra ya. Gratis env\u00edo a todo M\u00e9xico. Checa tu Bolsa personalizada y compra online bolsas personalizadas de piel iniciales, bolsos personalizados piel iniciales, bolso piel personalizado iniciales\" \/>\n<meta property=\"og:url\" content=\"https:\/\/vianala.com\/en\/tienda\/bolsos-de-piel-personalizados-iniciales-negro-bolsas-personalizadas-de-piel-iniciales\/\" \/>\n<meta property=\"og:site_name\" content=\"Vianala\" \/>\n<meta property=\"article:publisher\" content=\"https:\/\/www.facebook.com\/vianalabolsas\" \/>\n<meta property=\"article:modified_time\" content=\"2026-05-03T13:28:56+00:00\" \/>\n<meta property=\"og:image\" content=\"https:\/\/vianala.com\/wp-content\/uploads\/2023\/03\/Diapositiva39-1.jpg\" \/>\n\t<meta property=\"og:image:width\" content=\"960\" \/>\n\t<meta property=\"og:image:height\" content=\"960\" \/>\n\t<meta property=\"og:image:type\" content=\"image\/jpeg\" \/>\n<meta name=\"twitter:card\" content=\"summary_large_image\" \/>\n<meta name=\"twitter:label1\" content=\"Est. reading time\" \/>\n\t<meta name=\"twitter:data1\" content=\"1 minute\" \/>\n<script type=\"application\/ld+json\" class=\"yoast-schema-graph\">{\"@context\":\"https:\/\/schema.org\",\"@graph\":[{\"@type\":\"WebPage\",\"@id\":\"https:\/\/vianala.com\/en\/tienda\/bolsos-de-piel-personalizados-iniciales-negro-bolsas-personalizadas-de-piel-iniciales\/\",\"url\":\"https:\/\/vianala.com\/en\/tienda\/bolsos-de-piel-personalizados-iniciales-negro-bolsas-personalizadas-de-piel-iniciales\/\",\"name\":\"Bolsos de piel personalizados iniciales negro Vianala. Tienda Online de bolsas personalizadas de piel iniciales, bolsos personalizados piel iniciales, bolso piel personalizado iniciales\",\"isPartOf\":{\"@id\":\"https:\/\/vianala.com\/en\/#website\"},\"datePublished\":\"2023-03-06T15:57:43+00:00\",\"dateModified\":\"2026-05-03T13:28:56+00:00\",\"description\":\"Bolsos de piel personalizados iniciales negro \u00a1H\u00e1zlo \u00fanica personaliz\u00e1ndolo online! Entra ya. Gratis env\u00edo a todo M\u00e9xico. Checa tu Bolsa personalizada y compra online bolsas personalizadas de piel iniciales, bolsos personalizados piel iniciales, bolso piel personalizado iniciales\",\"breadcrumb\":{\"@id\":\"https:\/\/vianala.com\/en\/tienda\/bolsos-de-piel-personalizados-iniciales-negro-bolsas-personalizadas-de-piel-iniciales\/#breadcrumb\"},\"inLanguage\":\"en-US\",\"potentialAction\":[{\"@type\":\"ReadAction\",\"target\":[\"https:\/\/vianala.com\/en\/tienda\/bolsos-de-piel-personalizados-iniciales-negro-bolsas-personalizadas-de-piel-iniciales\/\"]}]},{\"@type\":\"BreadcrumbList\",\"@id\":\"https:\/\/vianala.com\/en\/tienda\/bolsos-de-piel-personalizados-iniciales-negro-bolsas-personalizadas-de-piel-iniciales\/#breadcrumb\",\"itemListElement\":[{\"@type\":\"ListItem\",\"position\":1,\"name\":\"\",\"item\":\"https:\/\/vianala.com\/en\/\"},{\"@type\":\"ListItem\",\"position\":2,\"name\":\"Portada\",\"item\":\"https:\/\/vianala.com\/en\/\"},{\"@type\":\"ListItem\",\"position\":3,\"name\":\"Shop\",\"item\":\"https:\/\/vianala.com\/en\/shop\/\"},{\"@type\":\"ListItem\",\"position\":4,\"name\":\"Victoria V\u00edbora Negro con Iniciales\"}]},{\"@type\":\"WebSite\",\"@id\":\"https:\/\/vianala.com\/en\/#website\",\"url\":\"https:\/\/vianala.com\/en\/\",\"name\":\"Bolsas de piel para dama Le\u00f3n Guanajuato Vianala. Bolsos de piel para mujer, Bolsas de piel para dama precio, bolsos piel mujer, bolsos de piel mujer, bolsas de piel negra, bolsas de piel de mayoreo.\",\"description\":\"Vianala\",\"publisher\":{\"@id\":\"https:\/\/vianala.com\/en\/#organization\"},\"alternateName\":\"Vianala\",\"potentialAction\":[{\"@type\":\"SearchAction\",\"target\":{\"@type\":\"EntryPoint\",\"urlTemplate\":\"https:\/\/vianala.com\/en\/?s={search_term_string}\"},\"query-input\":\"required name=search_term_string\"}],\"inLanguage\":\"en-US\"},{\"@type\":\"Organization\",\"@id\":\"https:\/\/vianala.com\/en\/#organization\",\"name\":\"Bolsas de piel para dama Le\u00f3n Guanajuato Vianala. Bolsos de piel para mujer, Bolsas de piel para dama precio, bolsos piel mujer, bolsos de piel mujer, bolsas de piel negra, bolsas de piel de mayoreo.\",\"url\":\"https:\/\/vianala.com\/en\/\",\"logo\":{\"@type\":\"ImageObject\",\"inLanguage\":\"en-US\",\"@id\":\"https:\/\/vianala.com\/en\/#\/schema\/logo\/image\/\",\"url\":\"https:\/\/vianala.com\/wp-content\/uploads\/2022\/02\/7.-Logo-Vianala.jpg\",\"contentUrl\":\"https:\/\/vianala.com\/wp-content\/uploads\/2022\/02\/7.-Logo-Vianala.jpg\",\"width\":2249,\"height\":2249,\"caption\":\"Bolsas de piel para dama Le\u00f3n Guanajuato Vianala. Bolsos de piel para mujer, Bolsas de piel para dama precio, bolsos piel mujer, bolsos de piel mujer, bolsas de piel negra, bolsas de piel de mayoreo.\"},\"image\":{\"@id\":\"https:\/\/vianala.com\/en\/#\/schema\/logo\/image\/\"},\"sameAs\":[\"https:\/\/www.facebook.com\/vianalabolsas\",\"https:\/\/www.instagram.com\/vianala_bolsas\/\",\"https:\/\/wa.me\/5214777133305\"]}]}<\/script>\n<!-- \/ Yoast SEO plugin. -->","yoast_head_json":{"title":"Bolsos de piel personalizados iniciales negro Vianala. Tienda Online de bolsas personalizadas de piel iniciales, bolsos personalizados piel iniciales, bolso piel personalizado iniciales","description":"Bolsos de piel personalizados iniciales negro \u00a1H\u00e1zlo \u00fanica personaliz\u00e1ndolo online! Entra ya. Gratis env\u00edo a todo M\u00e9xico. Checa tu Bolsa personalizada y compra online bolsas personalizadas de piel iniciales, bolsos personalizados piel iniciales, bolso piel personalizado iniciales","robots":{"index":"index","follow":"follow","max-snippet":"max-snippet:-1","max-image-preview":"max-image-preview:large","max-video-preview":"max-video-preview:-1"},"canonical":"https:\/\/vianala.com\/en\/tienda\/bolsos-de-piel-personalizados-iniciales-negro-bolsas-personalizadas-de-piel-iniciales\/","og_locale":"en_US","og_type":"article","og_title":"Bolsos de piel personalizados iniciales negro Vianala. Tienda Online de bolsas personalizadas de piel iniciales, bolsos personalizados piel iniciales, bolso piel personalizado iniciales","og_description":"Bolsos de piel personalizados iniciales negro \u00a1H\u00e1zlo \u00fanica personaliz\u00e1ndolo online! Entra ya. Gratis env\u00edo a todo M\u00e9xico. Checa tu Bolsa personalizada y compra online bolsas personalizadas de piel iniciales, bolsos personalizados piel iniciales, bolso piel personalizado iniciales","og_url":"https:\/\/vianala.com\/en\/tienda\/bolsos-de-piel-personalizados-iniciales-negro-bolsas-personalizadas-de-piel-iniciales\/","og_site_name":"Vianala","article_publisher":"https:\/\/www.facebook.com\/vianalabolsas","article_modified_time":"2026-05-03T13:28:56+00:00","og_image":[{"width":960,"height":960,"url":"https:\/\/vianala.com\/wp-content\/uploads\/2023\/03\/Diapositiva39-1.jpg","type":"image\/jpeg"}],"twitter_card":"summary_large_image","twitter_misc":{"Est. reading time":"1 minute"},"schema":{"@context":"https:\/\/schema.org","@graph":[{"@type":"WebPage","@id":"https:\/\/vianala.com\/en\/tienda\/bolsos-de-piel-personalizados-iniciales-negro-bolsas-personalizadas-de-piel-iniciales\/","url":"https:\/\/vianala.com\/en\/tienda\/bolsos-de-piel-personalizados-iniciales-negro-bolsas-personalizadas-de-piel-iniciales\/","name":"Bolsos de piel personalizados iniciales negro Vianala. Tienda Online de bolsas personalizadas de piel iniciales, bolsos personalizados piel iniciales, bolso piel personalizado iniciales","isPartOf":{"@id":"https:\/\/vianala.com\/en\/#website"},"datePublished":"2023-03-06T15:57:43+00:00","dateModified":"2026-05-03T13:28:56+00:00","description":"Bolsos de piel personalizados iniciales negro \u00a1H\u00e1zlo \u00fanica personaliz\u00e1ndolo online! Entra ya. Gratis env\u00edo a todo M\u00e9xico. Checa tu Bolsa personalizada y compra online bolsas personalizadas de piel iniciales, bolsos personalizados piel iniciales, bolso piel personalizado iniciales","breadcrumb":{"@id":"https:\/\/vianala.com\/en\/tienda\/bolsos-de-piel-personalizados-iniciales-negro-bolsas-personalizadas-de-piel-iniciales\/#breadcrumb"},"inLanguage":"en-US","potentialAction":[{"@type":"ReadAction","target":["https:\/\/vianala.com\/en\/tienda\/bolsos-de-piel-personalizados-iniciales-negro-bolsas-personalizadas-de-piel-iniciales\/"]}]},{"@type":"BreadcrumbList","@id":"https:\/\/vianala.com\/en\/tienda\/bolsos-de-piel-personalizados-iniciales-negro-bolsas-personalizadas-de-piel-iniciales\/#breadcrumb","itemListElement":[{"@type":"ListItem","position":1,"name":"","item":"https:\/\/vianala.com\/en\/"},{"@type":"ListItem","position":2,"name":"Portada","item":"https:\/\/vianala.com\/en\/"},{"@type":"ListItem","position":3,"name":"Shop","item":"https:\/\/vianala.com\/en\/shop\/"},{"@type":"ListItem","position":4,"name":"Victoria V\u00edbora Negro con Iniciales"}]},{"@type":"WebSite","@id":"https:\/\/vianala.com\/en\/#website","url":"https:\/\/vianala.com\/en\/","name":"Bolsas de piel para dama Le\u00f3n Guanajuato Vianala. Bolsos de piel para mujer, Bolsas de piel para dama precio, bolsos piel mujer, bolsos de piel mujer, bolsas de piel negra, bolsas de piel de mayoreo.","description":"Vianala","publisher":{"@id":"https:\/\/vianala.com\/en\/#organization"},"alternateName":"Vianala","potentialAction":[{"@type":"SearchAction","target":{"@type":"EntryPoint","urlTemplate":"https:\/\/vianala.com\/en\/?s={search_term_string}"},"query-input":"required name=search_term_string"}],"inLanguage":"en-US"},{"@type":"Organization","@id":"https:\/\/vianala.com\/en\/#organization","name":"Bolsas de piel para dama Le\u00f3n Guanajuato Vianala. Bolsos de piel para mujer, Bolsas de piel para dama precio, bolsos piel mujer, bolsos de piel mujer, bolsas de piel negra, bolsas de piel de mayoreo.","url":"https:\/\/vianala.com\/en\/","logo":{"@type":"ImageObject","inLanguage":"en-US","@id":"https:\/\/vianala.com\/en\/#\/schema\/logo\/image\/","url":"https:\/\/vianala.com\/wp-content\/uploads\/2022\/02\/7.-Logo-Vianala.jpg","contentUrl":"https:\/\/vianala.com\/wp-content\/uploads\/2022\/02\/7.-Logo-Vianala.jpg","width":2249,"height":2249,"caption":"Bolsas de piel para dama Le\u00f3n Guanajuato Vianala. Bolsos de piel para mujer, Bolsas de piel para dama precio, bolsos piel mujer, bolsos de piel mujer, bolsas de piel negra, bolsas de piel de mayoreo."},"image":{"@id":"https:\/\/vianala.com\/en\/#\/schema\/logo\/image\/"},"sameAs":["https:\/\/www.facebook.com\/vianalabolsas","https:\/\/www.instagram.com\/vianala_bolsas\/","https:\/\/wa.me\/5214777133305"]}]}},"_links":{"self":[{"href":"https:\/\/vianala.com\/en\/wp-json\/wp\/v2\/product\/23380"}],"collection":[{"href":"https:\/\/vianala.com\/en\/wp-json\/wp\/v2\/product"}],"about":[{"href":"https:\/\/vianala.com\/en\/wp-json\/wp\/v2\/types\/product"}],"replies":[{"embeddable":true,"href":"https:\/\/vianala.com\/en\/wp-json\/wp\/v2\/comments?post=23380"}],"wp:featuredmedia":[{"embeddable":true,"href":"https:\/\/vianala.com\/en\/wp-json\/wp\/v2\/media\/24162"}],"wp:attachment":[{"href":"https:\/\/vianala.com\/en\/wp-json\/wp\/v2\/media?parent=23380"}],"wp:term":[{"taxonomy":"product_cat","embeddable":true,"href":"https:\/\/vianala.com\/en\/wp-json\/wp\/v2\/product_cat?post=23380"},{"taxonomy":"product_tag","embeddable":true,"href":"https:\/\/vianala.com\/en\/wp-json\/wp\/v2\/product_tag?post=23380"}],"curies":[{"name":"wp","href":"https:\/\/api.w.org\/{rel}","templated":true}]}}