{"id":24412,"date":"2023-04-17T12:09:21","date_gmt":"2023-04-17T17:09:21","guid":{"rendered":"https:\/\/vianala.com\/?post_type=product&#038;p=24412"},"modified":"2026-04-13T16:01:27","modified_gmt":"2026-04-13T21:01:27","slug":"porta-pasaporte-mujer-personalizado-verde-porta-pasaporte-piel-personalizado-iniciales-porta-pasaportes-de-piel-mexico","status":"publish","type":"product","link":"https:\/\/vianala.com\/en\/tienda\/porta-pasaporte-mujer-personalizado-verde-porta-pasaporte-piel-personalizado-iniciales-porta-pasaportes-de-piel-mexico\/","title":{"rendered":"Akumal Verde con Iniciales"},"content":{"rendered":"<h2>Elige el color de tus iniciales: Doradas o Plateadas<\/h2>\n<p>Porta pasaporte mujer personalizado Verde<\/p>\n<p>\u00a1Hazlo \u00fanico personaliz\u00e1ndolo online! Elige el color de tus iniciales: Doradas o Plateadas Porta Pasaporte y Visa ideal para mantener seguro este documento tan importante. El material con el que est\u00e1 hecho permite mayor resistencia del pasaporte. Adem\u00e1s contiene otros compartimentos para alguna identificaci\u00f3n o tarjeta. Medidas: 14\u00d710 (cerrado) Piel: Grain Leather Negro Consulta pol\u00edticas de env\u00edo\u00a0<a href=\"https:\/\/www.vianala.com\/politicasenvio\/\">aqu\u00ed<\/a><\/p>\n<h2>Porta pasaporte mujer personalizado Verde<\/h2>\n<p>Checa nuestros accesorios de piel personalizados para hombre marca\u00a0<a href=\"http:\/\/www.omine.com.mx\/\" target=\"_blank\" rel=\"noopener\">OMINE<\/a><\/p>\n","protected":false},"excerpt":{"rendered":"<p>Elige el color de tus iniciales: Doradas o Plateadas Porta pasaporte mujer personalizado Verde \u00a1Hazlo \u00fanico personaliz\u00e1ndolo online! Elige el color de tus iniciales: Doradas o Plateadas Porta Pasaporte y Visa ideal para mantener seguro este documento tan importante. El material con el que est\u00e1 hecho permite mayor resistencia del pasaporte. Adem\u00e1s contiene otros compartimentos [&hellip;]<\/p>\n","protected":false},"featured_media":24190,"comment_status":"open","ping_status":"closed","template":"","meta":[],"product_cat":[312,137,218,311],"product_tag":[263,264,265,266,267],"yoast_head":"<!-- This site is optimized with the Yoast SEO plugin v20.3 - https:\/\/yoast.com\/wordpress\/plugins\/seo\/ -->\n<title>Porta pasaporte mujer personalizado verde Vianala. Tienda online de porta pasaporte piel personalizado, porta pasaporte mujer iniciales piel, porta pasaportes de piel, porta pasaporte personalizado mexico instagram, portapasaporte personalizado iniciales, porta pasaporte familiar personalizado, portapasaportes de piel personalizados<\/title>\n<meta name=\"description\" content=\"Porta pasaporte mujer personalizado verde \u00a1Hazlo \u00fanico con tus iniciales! Personal\u00edzalo en l\u00ednea. Gratis env\u00edo a todo M\u00e9xico. Entra ya y checa tu porta pasaporte piel personalizado, porta pasaporte mujer iniciales piel, porta pasaportes de piel, porta pasaporte personalizado mexico instagram, portapasaporte personalizado iniciales, porta pasaporte familiar personalizado, portapasaportes de piel personalizados\" \/>\n<meta name=\"robots\" content=\"index, follow, max-snippet:-1, max-image-preview:large, max-video-preview:-1\" \/>\n<link rel=\"canonical\" href=\"https:\/\/vianala.com\/en\/tienda\/porta-pasaporte-mujer-personalizado-verde-porta-pasaporte-piel-personalizado-iniciales-porta-pasaportes-de-piel-mexico\/\" \/>\n<meta property=\"og:locale\" content=\"en_US\" \/>\n<meta property=\"og:type\" content=\"article\" \/>\n<meta property=\"og:title\" content=\"Porta pasaporte mujer personalizado verde Vianala. Tienda online de porta pasaporte piel personalizado, porta pasaporte mujer iniciales piel, porta pasaportes de piel, porta pasaporte personalizado mexico instagram, portapasaporte personalizado iniciales, porta pasaporte familiar personalizado, portapasaportes de piel personalizados\" \/>\n<meta property=\"og:description\" content=\"Porta pasaporte mujer personalizado verde \u00a1Hazlo \u00fanico con tus iniciales! Personal\u00edzalo en l\u00ednea. Gratis env\u00edo a todo M\u00e9xico. Entra ya y checa tu porta pasaporte piel personalizado, porta pasaporte mujer iniciales piel, porta pasaportes de piel, porta pasaporte personalizado mexico instagram, portapasaporte personalizado iniciales, porta pasaporte familiar personalizado, portapasaportes de piel personalizados\" \/>\n<meta property=\"og:url\" content=\"https:\/\/vianala.com\/en\/tienda\/porta-pasaporte-mujer-personalizado-verde-porta-pasaporte-piel-personalizado-iniciales-porta-pasaportes-de-piel-mexico\/\" \/>\n<meta property=\"og:site_name\" content=\"Vianala\" \/>\n<meta property=\"article:publisher\" content=\"https:\/\/www.facebook.com\/vianalabolsas\" \/>\n<meta property=\"article:modified_time\" content=\"2026-04-13T21:01:27+00:00\" \/>\n<meta property=\"og:image\" content=\"https:\/\/vianala.com\/wp-content\/uploads\/2023\/03\/Diapositiva53.jpg\" \/>\n\t<meta property=\"og:image:width\" content=\"960\" \/>\n\t<meta property=\"og:image:height\" content=\"960\" \/>\n\t<meta property=\"og:image:type\" content=\"image\/jpeg\" \/>\n<meta name=\"twitter:card\" content=\"summary_large_image\" \/>\n<meta name=\"twitter:label1\" content=\"Est. reading time\" \/>\n\t<meta name=\"twitter:data1\" content=\"1 minute\" \/>\n<script type=\"application\/ld+json\" class=\"yoast-schema-graph\">{\"@context\":\"https:\/\/schema.org\",\"@graph\":[{\"@type\":\"WebPage\",\"@id\":\"https:\/\/vianala.com\/en\/tienda\/porta-pasaporte-mujer-personalizado-verde-porta-pasaporte-piel-personalizado-iniciales-porta-pasaportes-de-piel-mexico\/\",\"url\":\"https:\/\/vianala.com\/en\/tienda\/porta-pasaporte-mujer-personalizado-verde-porta-pasaporte-piel-personalizado-iniciales-porta-pasaportes-de-piel-mexico\/\",\"name\":\"Porta pasaporte mujer personalizado verde Vianala. Tienda online de porta pasaporte piel personalizado, porta pasaporte mujer iniciales piel, porta pasaportes de piel, porta pasaporte personalizado mexico instagram, portapasaporte personalizado iniciales, porta pasaporte familiar personalizado, portapasaportes de piel personalizados\",\"isPartOf\":{\"@id\":\"https:\/\/vianala.com\/en\/#website\"},\"datePublished\":\"2023-04-17T17:09:21+00:00\",\"dateModified\":\"2026-04-13T21:01:27+00:00\",\"description\":\"Porta pasaporte mujer personalizado verde \u00a1Hazlo \u00fanico con tus iniciales! Personal\u00edzalo en l\u00ednea. Gratis env\u00edo a todo M\u00e9xico. Entra ya y checa tu porta pasaporte piel personalizado, porta pasaporte mujer iniciales piel, porta pasaportes de piel, porta pasaporte personalizado mexico instagram, portapasaporte personalizado iniciales, porta pasaporte familiar personalizado, portapasaportes de piel personalizados\",\"breadcrumb\":{\"@id\":\"https:\/\/vianala.com\/en\/tienda\/porta-pasaporte-mujer-personalizado-verde-porta-pasaporte-piel-personalizado-iniciales-porta-pasaportes-de-piel-mexico\/#breadcrumb\"},\"inLanguage\":\"en-US\",\"potentialAction\":[{\"@type\":\"ReadAction\",\"target\":[\"https:\/\/vianala.com\/en\/tienda\/porta-pasaporte-mujer-personalizado-verde-porta-pasaporte-piel-personalizado-iniciales-porta-pasaportes-de-piel-mexico\/\"]}]},{\"@type\":\"BreadcrumbList\",\"@id\":\"https:\/\/vianala.com\/en\/tienda\/porta-pasaporte-mujer-personalizado-verde-porta-pasaporte-piel-personalizado-iniciales-porta-pasaportes-de-piel-mexico\/#breadcrumb\",\"itemListElement\":[{\"@type\":\"ListItem\",\"position\":1,\"name\":\"\",\"item\":\"https:\/\/vianala.com\/en\/\"},{\"@type\":\"ListItem\",\"position\":2,\"name\":\"Portada\",\"item\":\"https:\/\/vianala.com\/en\/\"},{\"@type\":\"ListItem\",\"position\":3,\"name\":\"Shop\",\"item\":\"https:\/\/vianala.com\/en\/shop\/\"},{\"@type\":\"ListItem\",\"position\":4,\"name\":\"Akumal Verde con Iniciales\"}]},{\"@type\":\"WebSite\",\"@id\":\"https:\/\/vianala.com\/en\/#website\",\"url\":\"https:\/\/vianala.com\/en\/\",\"name\":\"Bolsas de piel para dama Le\u00f3n Guanajuato Vianala. Bolsos de piel para mujer, Bolsas de piel para dama precio, bolsos piel mujer, bolsos de piel mujer, bolsas de piel negra, bolsas de piel de mayoreo.\",\"description\":\"Vianala\",\"publisher\":{\"@id\":\"https:\/\/vianala.com\/en\/#organization\"},\"alternateName\":\"Vianala\",\"potentialAction\":[{\"@type\":\"SearchAction\",\"target\":{\"@type\":\"EntryPoint\",\"urlTemplate\":\"https:\/\/vianala.com\/en\/?s={search_term_string}\"},\"query-input\":\"required name=search_term_string\"}],\"inLanguage\":\"en-US\"},{\"@type\":\"Organization\",\"@id\":\"https:\/\/vianala.com\/en\/#organization\",\"name\":\"Bolsas de piel para dama Le\u00f3n Guanajuato Vianala. Bolsos de piel para mujer, Bolsas de piel para dama precio, bolsos piel mujer, bolsos de piel mujer, bolsas de piel negra, bolsas de piel de mayoreo.\",\"url\":\"https:\/\/vianala.com\/en\/\",\"logo\":{\"@type\":\"ImageObject\",\"inLanguage\":\"en-US\",\"@id\":\"https:\/\/vianala.com\/en\/#\/schema\/logo\/image\/\",\"url\":\"https:\/\/vianala.com\/wp-content\/uploads\/2022\/02\/7.-Logo-Vianala.jpg\",\"contentUrl\":\"https:\/\/vianala.com\/wp-content\/uploads\/2022\/02\/7.-Logo-Vianala.jpg\",\"width\":2249,\"height\":2249,\"caption\":\"Bolsas de piel para dama Le\u00f3n Guanajuato Vianala. Bolsos de piel para mujer, Bolsas de piel para dama precio, bolsos piel mujer, bolsos de piel mujer, bolsas de piel negra, bolsas de piel de mayoreo.\"},\"image\":{\"@id\":\"https:\/\/vianala.com\/en\/#\/schema\/logo\/image\/\"},\"sameAs\":[\"https:\/\/www.facebook.com\/vianalabolsas\",\"https:\/\/www.instagram.com\/vianala_bolsas\/\",\"https:\/\/wa.me\/5214777133305\"]}]}<\/script>\n<!-- \/ Yoast SEO plugin. -->","yoast_head_json":{"title":"Porta pasaporte mujer personalizado verde Vianala. Tienda online de porta pasaporte piel personalizado, porta pasaporte mujer iniciales piel, porta pasaportes de piel, porta pasaporte personalizado mexico instagram, portapasaporte personalizado iniciales, porta pasaporte familiar personalizado, portapasaportes de piel personalizados","description":"Porta pasaporte mujer personalizado verde \u00a1Hazlo \u00fanico con tus iniciales! Personal\u00edzalo en l\u00ednea. Gratis env\u00edo a todo M\u00e9xico. Entra ya y checa tu porta pasaporte piel personalizado, porta pasaporte mujer iniciales piel, porta pasaportes de piel, porta pasaporte personalizado mexico instagram, portapasaporte personalizado iniciales, porta pasaporte familiar personalizado, portapasaportes de piel personalizados","robots":{"index":"index","follow":"follow","max-snippet":"max-snippet:-1","max-image-preview":"max-image-preview:large","max-video-preview":"max-video-preview:-1"},"canonical":"https:\/\/vianala.com\/en\/tienda\/porta-pasaporte-mujer-personalizado-verde-porta-pasaporte-piel-personalizado-iniciales-porta-pasaportes-de-piel-mexico\/","og_locale":"en_US","og_type":"article","og_title":"Porta pasaporte mujer personalizado verde Vianala. Tienda online de porta pasaporte piel personalizado, porta pasaporte mujer iniciales piel, porta pasaportes de piel, porta pasaporte personalizado mexico instagram, portapasaporte personalizado iniciales, porta pasaporte familiar personalizado, portapasaportes de piel personalizados","og_description":"Porta pasaporte mujer personalizado verde \u00a1Hazlo \u00fanico con tus iniciales! Personal\u00edzalo en l\u00ednea. Gratis env\u00edo a todo M\u00e9xico. Entra ya y checa tu porta pasaporte piel personalizado, porta pasaporte mujer iniciales piel, porta pasaportes de piel, porta pasaporte personalizado mexico instagram, portapasaporte personalizado iniciales, porta pasaporte familiar personalizado, portapasaportes de piel personalizados","og_url":"https:\/\/vianala.com\/en\/tienda\/porta-pasaporte-mujer-personalizado-verde-porta-pasaporte-piel-personalizado-iniciales-porta-pasaportes-de-piel-mexico\/","og_site_name":"Vianala","article_publisher":"https:\/\/www.facebook.com\/vianalabolsas","article_modified_time":"2026-04-13T21:01:27+00:00","og_image":[{"width":960,"height":960,"url":"https:\/\/vianala.com\/wp-content\/uploads\/2023\/03\/Diapositiva53.jpg","type":"image\/jpeg"}],"twitter_card":"summary_large_image","twitter_misc":{"Est. reading time":"1 minute"},"schema":{"@context":"https:\/\/schema.org","@graph":[{"@type":"WebPage","@id":"https:\/\/vianala.com\/en\/tienda\/porta-pasaporte-mujer-personalizado-verde-porta-pasaporte-piel-personalizado-iniciales-porta-pasaportes-de-piel-mexico\/","url":"https:\/\/vianala.com\/en\/tienda\/porta-pasaporte-mujer-personalizado-verde-porta-pasaporte-piel-personalizado-iniciales-porta-pasaportes-de-piel-mexico\/","name":"Porta pasaporte mujer personalizado verde Vianala. Tienda online de porta pasaporte piel personalizado, porta pasaporte mujer iniciales piel, porta pasaportes de piel, porta pasaporte personalizado mexico instagram, portapasaporte personalizado iniciales, porta pasaporte familiar personalizado, portapasaportes de piel personalizados","isPartOf":{"@id":"https:\/\/vianala.com\/en\/#website"},"datePublished":"2023-04-17T17:09:21+00:00","dateModified":"2026-04-13T21:01:27+00:00","description":"Porta pasaporte mujer personalizado verde \u00a1Hazlo \u00fanico con tus iniciales! Personal\u00edzalo en l\u00ednea. Gratis env\u00edo a todo M\u00e9xico. Entra ya y checa tu porta pasaporte piel personalizado, porta pasaporte mujer iniciales piel, porta pasaportes de piel, porta pasaporte personalizado mexico instagram, portapasaporte personalizado iniciales, porta pasaporte familiar personalizado, portapasaportes de piel personalizados","breadcrumb":{"@id":"https:\/\/vianala.com\/en\/tienda\/porta-pasaporte-mujer-personalizado-verde-porta-pasaporte-piel-personalizado-iniciales-porta-pasaportes-de-piel-mexico\/#breadcrumb"},"inLanguage":"en-US","potentialAction":[{"@type":"ReadAction","target":["https:\/\/vianala.com\/en\/tienda\/porta-pasaporte-mujer-personalizado-verde-porta-pasaporte-piel-personalizado-iniciales-porta-pasaportes-de-piel-mexico\/"]}]},{"@type":"BreadcrumbList","@id":"https:\/\/vianala.com\/en\/tienda\/porta-pasaporte-mujer-personalizado-verde-porta-pasaporte-piel-personalizado-iniciales-porta-pasaportes-de-piel-mexico\/#breadcrumb","itemListElement":[{"@type":"ListItem","position":1,"name":"","item":"https:\/\/vianala.com\/en\/"},{"@type":"ListItem","position":2,"name":"Portada","item":"https:\/\/vianala.com\/en\/"},{"@type":"ListItem","position":3,"name":"Shop","item":"https:\/\/vianala.com\/en\/shop\/"},{"@type":"ListItem","position":4,"name":"Akumal Verde con Iniciales"}]},{"@type":"WebSite","@id":"https:\/\/vianala.com\/en\/#website","url":"https:\/\/vianala.com\/en\/","name":"Bolsas de piel para dama Le\u00f3n Guanajuato Vianala. Bolsos de piel para mujer, Bolsas de piel para dama precio, bolsos piel mujer, bolsos de piel mujer, bolsas de piel negra, bolsas de piel de mayoreo.","description":"Vianala","publisher":{"@id":"https:\/\/vianala.com\/en\/#organization"},"alternateName":"Vianala","potentialAction":[{"@type":"SearchAction","target":{"@type":"EntryPoint","urlTemplate":"https:\/\/vianala.com\/en\/?s={search_term_string}"},"query-input":"required name=search_term_string"}],"inLanguage":"en-US"},{"@type":"Organization","@id":"https:\/\/vianala.com\/en\/#organization","name":"Bolsas de piel para dama Le\u00f3n Guanajuato Vianala. Bolsos de piel para mujer, Bolsas de piel para dama precio, bolsos piel mujer, bolsos de piel mujer, bolsas de piel negra, bolsas de piel de mayoreo.","url":"https:\/\/vianala.com\/en\/","logo":{"@type":"ImageObject","inLanguage":"en-US","@id":"https:\/\/vianala.com\/en\/#\/schema\/logo\/image\/","url":"https:\/\/vianala.com\/wp-content\/uploads\/2022\/02\/7.-Logo-Vianala.jpg","contentUrl":"https:\/\/vianala.com\/wp-content\/uploads\/2022\/02\/7.-Logo-Vianala.jpg","width":2249,"height":2249,"caption":"Bolsas de piel para dama Le\u00f3n Guanajuato Vianala. Bolsos de piel para mujer, Bolsas de piel para dama precio, bolsos piel mujer, bolsos de piel mujer, bolsas de piel negra, bolsas de piel de mayoreo."},"image":{"@id":"https:\/\/vianala.com\/en\/#\/schema\/logo\/image\/"},"sameAs":["https:\/\/www.facebook.com\/vianalabolsas","https:\/\/www.instagram.com\/vianala_bolsas\/","https:\/\/wa.me\/5214777133305"]}]}},"_links":{"self":[{"href":"https:\/\/vianala.com\/en\/wp-json\/wp\/v2\/product\/24412"}],"collection":[{"href":"https:\/\/vianala.com\/en\/wp-json\/wp\/v2\/product"}],"about":[{"href":"https:\/\/vianala.com\/en\/wp-json\/wp\/v2\/types\/product"}],"replies":[{"embeddable":true,"href":"https:\/\/vianala.com\/en\/wp-json\/wp\/v2\/comments?post=24412"}],"wp:featuredmedia":[{"embeddable":true,"href":"https:\/\/vianala.com\/en\/wp-json\/wp\/v2\/media\/24190"}],"wp:attachment":[{"href":"https:\/\/vianala.com\/en\/wp-json\/wp\/v2\/media?parent=24412"}],"wp:term":[{"taxonomy":"product_cat","embeddable":true,"href":"https:\/\/vianala.com\/en\/wp-json\/wp\/v2\/product_cat?post=24412"},{"taxonomy":"product_tag","embeddable":true,"href":"https:\/\/vianala.com\/en\/wp-json\/wp\/v2\/product_tag?post=24412"}],"curies":[{"name":"wp","href":"https:\/\/api.w.org\/{rel}","templated":true}]}}