{"id":25137,"date":"2023-05-17T12:30:15","date_gmt":"2023-05-17T17:30:15","guid":{"rendered":"https:\/\/vianala.com\/?post_type=product&#038;p=25137"},"modified":"2026-04-17T11:47:05","modified_gmt":"2026-04-17T16:47:05","slug":"mochila-piel-mujer-cafe-personalizada-mochilas-para-mujer-de-piel-iniciales-mochilas-personalizadas-2","status":"publish","type":"product","link":"https:\/\/vianala.com\/en\/tienda\/mochila-piel-mujer-cafe-personalizada-mochilas-para-mujer-de-piel-iniciales-mochilas-personalizadas-2\/","title":{"rendered":"Backpack Caf\u00e9 con Iniciales"},"content":{"rendered":"<h2 style=\"text-align: right\">Mochila caf\u00e9 piel mujer personalizada<\/h2>\n<p>Mochila con dos asas tipo cintur\u00f3n para que se pueda adecuar su longitud brindando m\u00e1s comodidad al usarla. \u00a0En la parte exterior cuenta con dos\u00a0 bolsas para ubicar con mayor facilidad objetos de uso constante y detalles con barbas que la hacen original. En el interior cuenta con una bolsa para celular adem\u00e1s de un gran espacio para cargar todo lo necesario. Detalles de la piel: Corte Vacuno Grabado v\u00edbora uva Piel genuina con grosor considerable para resistir el uso diario. Ideal para acompa\u00f1ar a realizar cualquier actividad fuera de casa.<\/p>\n<h2 style=\"text-align: left\">Mochila caf\u00e9 piel mujer personalizada<\/h2>\n","protected":false},"excerpt":{"rendered":"<p>Mochila caf\u00e9 piel mujer personalizada Mochila con dos asas tipo cintur\u00f3n para que se pueda adecuar su longitud brindando m\u00e1s comodidad al usarla. \u00a0En la parte exterior cuenta con dos\u00a0 bolsas para ubicar con mayor facilidad objetos de uso constante y detalles con barbas que la hacen original. En el interior cuenta con una bolsa [&hellip;]<\/p>\n","protected":false},"featured_media":25270,"comment_status":"open","ping_status":"closed","template":"","meta":[],"product_cat":[304,322,300,222],"product_tag":[253,254,255,256,257],"yoast_head":"<!-- This site is optimized with the Yoast SEO plugin v20.3 - https:\/\/yoast.com\/wordpress\/plugins\/seo\/ -->\n<title>Mochila piel mujer caf\u00e9 personalizada Vianala. Tienda online de mochilas para mujer de piel iniciales, mochilas de piel para dama, mochila de mujer de piel, mochilas de piel para mujer, mochilas de piel personalizadas<\/title>\n<meta name=\"description\" content=\"Mochila piel mujer caf\u00e9 personalizada \u00a1Hazla \u00fanica con tus iniciales! Personal\u00edzala en l\u00ednea. Gratis env\u00edo a todo M\u00e9xico. Entra ya y checa las mochilas para mujer de piel iniciales, mochilas de piel para dama, mochila de mujer de piel, mochilas de piel para mujer, mochilas de piel personalizadas\" \/>\n<meta name=\"robots\" content=\"index, follow, max-snippet:-1, max-image-preview:large, max-video-preview:-1\" \/>\n<link rel=\"canonical\" href=\"https:\/\/vianala.com\/en\/tienda\/mochila-piel-mujer-cafe-personalizada-mochilas-para-mujer-de-piel-iniciales-mochilas-personalizadas-2\/\" \/>\n<meta property=\"og:locale\" content=\"en_US\" \/>\n<meta property=\"og:type\" content=\"article\" \/>\n<meta property=\"og:title\" content=\"Mochila piel mujer caf\u00e9 personalizada Vianala. Tienda online de mochilas para mujer de piel iniciales, mochilas de piel para dama, mochila de mujer de piel, mochilas de piel para mujer, mochilas de piel personalizadas\" \/>\n<meta property=\"og:description\" content=\"Mochila piel mujer caf\u00e9 personalizada \u00a1Hazla \u00fanica con tus iniciales! Personal\u00edzala en l\u00ednea. Gratis env\u00edo a todo M\u00e9xico. Entra ya y checa las mochilas para mujer de piel iniciales, mochilas de piel para dama, mochila de mujer de piel, mochilas de piel para mujer, mochilas de piel personalizadas\" \/>\n<meta property=\"og:url\" content=\"https:\/\/vianala.com\/en\/tienda\/mochila-piel-mujer-cafe-personalizada-mochilas-para-mujer-de-piel-iniciales-mochilas-personalizadas-2\/\" \/>\n<meta property=\"og:site_name\" content=\"Vianala\" \/>\n<meta property=\"article:publisher\" content=\"https:\/\/www.facebook.com\/vianalabolsas\" \/>\n<meta property=\"article:modified_time\" content=\"2026-04-17T16:47:05+00:00\" \/>\n<meta property=\"og:image\" content=\"https:\/\/vianala.com\/wp-content\/uploads\/2023\/05\/PV-VIA-708G-AV-1-1024x1024.png\" \/>\n\t<meta property=\"og:image:width\" content=\"1024\" \/>\n\t<meta property=\"og:image:height\" content=\"1024\" \/>\n\t<meta property=\"og:image:type\" content=\"image\/png\" \/>\n<meta name=\"twitter:card\" content=\"summary_large_image\" \/>\n<meta name=\"twitter:label1\" content=\"Est. reading time\" \/>\n\t<meta name=\"twitter:data1\" content=\"1 minute\" \/>\n<script type=\"application\/ld+json\" class=\"yoast-schema-graph\">{\"@context\":\"https:\/\/schema.org\",\"@graph\":[{\"@type\":\"WebPage\",\"@id\":\"https:\/\/vianala.com\/en\/tienda\/mochila-piel-mujer-cafe-personalizada-mochilas-para-mujer-de-piel-iniciales-mochilas-personalizadas-2\/\",\"url\":\"https:\/\/vianala.com\/en\/tienda\/mochila-piel-mujer-cafe-personalizada-mochilas-para-mujer-de-piel-iniciales-mochilas-personalizadas-2\/\",\"name\":\"Mochila piel mujer caf\u00e9 personalizada Vianala. Tienda online de mochilas para mujer de piel iniciales, mochilas de piel para dama, mochila de mujer de piel, mochilas de piel para mujer, mochilas de piel personalizadas\",\"isPartOf\":{\"@id\":\"https:\/\/vianala.com\/en\/#website\"},\"datePublished\":\"2023-05-17T17:30:15+00:00\",\"dateModified\":\"2026-04-17T16:47:05+00:00\",\"description\":\"Mochila piel mujer caf\u00e9 personalizada \u00a1Hazla \u00fanica con tus iniciales! Personal\u00edzala en l\u00ednea. Gratis env\u00edo a todo M\u00e9xico. Entra ya y checa las mochilas para mujer de piel iniciales, mochilas de piel para dama, mochila de mujer de piel, mochilas de piel para mujer, mochilas de piel personalizadas\",\"breadcrumb\":{\"@id\":\"https:\/\/vianala.com\/en\/tienda\/mochila-piel-mujer-cafe-personalizada-mochilas-para-mujer-de-piel-iniciales-mochilas-personalizadas-2\/#breadcrumb\"},\"inLanguage\":\"en-US\",\"potentialAction\":[{\"@type\":\"ReadAction\",\"target\":[\"https:\/\/vianala.com\/en\/tienda\/mochila-piel-mujer-cafe-personalizada-mochilas-para-mujer-de-piel-iniciales-mochilas-personalizadas-2\/\"]}]},{\"@type\":\"BreadcrumbList\",\"@id\":\"https:\/\/vianala.com\/en\/tienda\/mochila-piel-mujer-cafe-personalizada-mochilas-para-mujer-de-piel-iniciales-mochilas-personalizadas-2\/#breadcrumb\",\"itemListElement\":[{\"@type\":\"ListItem\",\"position\":1,\"name\":\"\",\"item\":\"https:\/\/vianala.com\/en\/\"},{\"@type\":\"ListItem\",\"position\":2,\"name\":\"Portada\",\"item\":\"https:\/\/vianala.com\/en\/\"},{\"@type\":\"ListItem\",\"position\":3,\"name\":\"Shop\",\"item\":\"https:\/\/vianala.com\/en\/shop\/\"},{\"@type\":\"ListItem\",\"position\":4,\"name\":\"Backpack Caf\u00e9 con Iniciales\"}]},{\"@type\":\"WebSite\",\"@id\":\"https:\/\/vianala.com\/en\/#website\",\"url\":\"https:\/\/vianala.com\/en\/\",\"name\":\"Bolsas de piel para dama Le\u00f3n Guanajuato Vianala. Bolsos de piel para mujer, Bolsas de piel para dama precio, bolsos piel mujer, bolsos de piel mujer, bolsas de piel negra, bolsas de piel de mayoreo.\",\"description\":\"Vianala\",\"publisher\":{\"@id\":\"https:\/\/vianala.com\/en\/#organization\"},\"alternateName\":\"Vianala\",\"potentialAction\":[{\"@type\":\"SearchAction\",\"target\":{\"@type\":\"EntryPoint\",\"urlTemplate\":\"https:\/\/vianala.com\/en\/?s={search_term_string}\"},\"query-input\":\"required name=search_term_string\"}],\"inLanguage\":\"en-US\"},{\"@type\":\"Organization\",\"@id\":\"https:\/\/vianala.com\/en\/#organization\",\"name\":\"Bolsas de piel para dama Le\u00f3n Guanajuato Vianala. Bolsos de piel para mujer, Bolsas de piel para dama precio, bolsos piel mujer, bolsos de piel mujer, bolsas de piel negra, bolsas de piel de mayoreo.\",\"url\":\"https:\/\/vianala.com\/en\/\",\"logo\":{\"@type\":\"ImageObject\",\"inLanguage\":\"en-US\",\"@id\":\"https:\/\/vianala.com\/en\/#\/schema\/logo\/image\/\",\"url\":\"https:\/\/vianala.com\/wp-content\/uploads\/2022\/02\/7.-Logo-Vianala.jpg\",\"contentUrl\":\"https:\/\/vianala.com\/wp-content\/uploads\/2022\/02\/7.-Logo-Vianala.jpg\",\"width\":2249,\"height\":2249,\"caption\":\"Bolsas de piel para dama Le\u00f3n Guanajuato Vianala. Bolsos de piel para mujer, Bolsas de piel para dama precio, bolsos piel mujer, bolsos de piel mujer, bolsas de piel negra, bolsas de piel de mayoreo.\"},\"image\":{\"@id\":\"https:\/\/vianala.com\/en\/#\/schema\/logo\/image\/\"},\"sameAs\":[\"https:\/\/www.facebook.com\/vianalabolsas\",\"https:\/\/www.instagram.com\/vianala_bolsas\/\",\"https:\/\/wa.me\/5214777133305\"]}]}<\/script>\n<!-- \/ Yoast SEO plugin. -->","yoast_head_json":{"title":"Mochila piel mujer caf\u00e9 personalizada Vianala. Tienda online de mochilas para mujer de piel iniciales, mochilas de piel para dama, mochila de mujer de piel, mochilas de piel para mujer, mochilas de piel personalizadas","description":"Mochila piel mujer caf\u00e9 personalizada \u00a1Hazla \u00fanica con tus iniciales! Personal\u00edzala en l\u00ednea. Gratis env\u00edo a todo M\u00e9xico. Entra ya y checa las mochilas para mujer de piel iniciales, mochilas de piel para dama, mochila de mujer de piel, mochilas de piel para mujer, mochilas de piel personalizadas","robots":{"index":"index","follow":"follow","max-snippet":"max-snippet:-1","max-image-preview":"max-image-preview:large","max-video-preview":"max-video-preview:-1"},"canonical":"https:\/\/vianala.com\/en\/tienda\/mochila-piel-mujer-cafe-personalizada-mochilas-para-mujer-de-piel-iniciales-mochilas-personalizadas-2\/","og_locale":"en_US","og_type":"article","og_title":"Mochila piel mujer caf\u00e9 personalizada Vianala. Tienda online de mochilas para mujer de piel iniciales, mochilas de piel para dama, mochila de mujer de piel, mochilas de piel para mujer, mochilas de piel personalizadas","og_description":"Mochila piel mujer caf\u00e9 personalizada \u00a1Hazla \u00fanica con tus iniciales! Personal\u00edzala en l\u00ednea. Gratis env\u00edo a todo M\u00e9xico. Entra ya y checa las mochilas para mujer de piel iniciales, mochilas de piel para dama, mochila de mujer de piel, mochilas de piel para mujer, mochilas de piel personalizadas","og_url":"https:\/\/vianala.com\/en\/tienda\/mochila-piel-mujer-cafe-personalizada-mochilas-para-mujer-de-piel-iniciales-mochilas-personalizadas-2\/","og_site_name":"Vianala","article_publisher":"https:\/\/www.facebook.com\/vianalabolsas","article_modified_time":"2026-04-17T16:47:05+00:00","og_image":[{"width":1024,"height":1024,"url":"https:\/\/vianala.com\/wp-content\/uploads\/2023\/05\/PV-VIA-708G-AV-1-1024x1024.png","type":"image\/png"}],"twitter_card":"summary_large_image","twitter_misc":{"Est. reading time":"1 minute"},"schema":{"@context":"https:\/\/schema.org","@graph":[{"@type":"WebPage","@id":"https:\/\/vianala.com\/en\/tienda\/mochila-piel-mujer-cafe-personalizada-mochilas-para-mujer-de-piel-iniciales-mochilas-personalizadas-2\/","url":"https:\/\/vianala.com\/en\/tienda\/mochila-piel-mujer-cafe-personalizada-mochilas-para-mujer-de-piel-iniciales-mochilas-personalizadas-2\/","name":"Mochila piel mujer caf\u00e9 personalizada Vianala. Tienda online de mochilas para mujer de piel iniciales, mochilas de piel para dama, mochila de mujer de piel, mochilas de piel para mujer, mochilas de piel personalizadas","isPartOf":{"@id":"https:\/\/vianala.com\/en\/#website"},"datePublished":"2023-05-17T17:30:15+00:00","dateModified":"2026-04-17T16:47:05+00:00","description":"Mochila piel mujer caf\u00e9 personalizada \u00a1Hazla \u00fanica con tus iniciales! Personal\u00edzala en l\u00ednea. Gratis env\u00edo a todo M\u00e9xico. Entra ya y checa las mochilas para mujer de piel iniciales, mochilas de piel para dama, mochila de mujer de piel, mochilas de piel para mujer, mochilas de piel personalizadas","breadcrumb":{"@id":"https:\/\/vianala.com\/en\/tienda\/mochila-piel-mujer-cafe-personalizada-mochilas-para-mujer-de-piel-iniciales-mochilas-personalizadas-2\/#breadcrumb"},"inLanguage":"en-US","potentialAction":[{"@type":"ReadAction","target":["https:\/\/vianala.com\/en\/tienda\/mochila-piel-mujer-cafe-personalizada-mochilas-para-mujer-de-piel-iniciales-mochilas-personalizadas-2\/"]}]},{"@type":"BreadcrumbList","@id":"https:\/\/vianala.com\/en\/tienda\/mochila-piel-mujer-cafe-personalizada-mochilas-para-mujer-de-piel-iniciales-mochilas-personalizadas-2\/#breadcrumb","itemListElement":[{"@type":"ListItem","position":1,"name":"","item":"https:\/\/vianala.com\/en\/"},{"@type":"ListItem","position":2,"name":"Portada","item":"https:\/\/vianala.com\/en\/"},{"@type":"ListItem","position":3,"name":"Shop","item":"https:\/\/vianala.com\/en\/shop\/"},{"@type":"ListItem","position":4,"name":"Backpack Caf\u00e9 con Iniciales"}]},{"@type":"WebSite","@id":"https:\/\/vianala.com\/en\/#website","url":"https:\/\/vianala.com\/en\/","name":"Bolsas de piel para dama Le\u00f3n Guanajuato Vianala. Bolsos de piel para mujer, Bolsas de piel para dama precio, bolsos piel mujer, bolsos de piel mujer, bolsas de piel negra, bolsas de piel de mayoreo.","description":"Vianala","publisher":{"@id":"https:\/\/vianala.com\/en\/#organization"},"alternateName":"Vianala","potentialAction":[{"@type":"SearchAction","target":{"@type":"EntryPoint","urlTemplate":"https:\/\/vianala.com\/en\/?s={search_term_string}"},"query-input":"required name=search_term_string"}],"inLanguage":"en-US"},{"@type":"Organization","@id":"https:\/\/vianala.com\/en\/#organization","name":"Bolsas de piel para dama Le\u00f3n Guanajuato Vianala. Bolsos de piel para mujer, Bolsas de piel para dama precio, bolsos piel mujer, bolsos de piel mujer, bolsas de piel negra, bolsas de piel de mayoreo.","url":"https:\/\/vianala.com\/en\/","logo":{"@type":"ImageObject","inLanguage":"en-US","@id":"https:\/\/vianala.com\/en\/#\/schema\/logo\/image\/","url":"https:\/\/vianala.com\/wp-content\/uploads\/2022\/02\/7.-Logo-Vianala.jpg","contentUrl":"https:\/\/vianala.com\/wp-content\/uploads\/2022\/02\/7.-Logo-Vianala.jpg","width":2249,"height":2249,"caption":"Bolsas de piel para dama Le\u00f3n Guanajuato Vianala. Bolsos de piel para mujer, Bolsas de piel para dama precio, bolsos piel mujer, bolsos de piel mujer, bolsas de piel negra, bolsas de piel de mayoreo."},"image":{"@id":"https:\/\/vianala.com\/en\/#\/schema\/logo\/image\/"},"sameAs":["https:\/\/www.facebook.com\/vianalabolsas","https:\/\/www.instagram.com\/vianala_bolsas\/","https:\/\/wa.me\/5214777133305"]}]}},"_links":{"self":[{"href":"https:\/\/vianala.com\/en\/wp-json\/wp\/v2\/product\/25137"}],"collection":[{"href":"https:\/\/vianala.com\/en\/wp-json\/wp\/v2\/product"}],"about":[{"href":"https:\/\/vianala.com\/en\/wp-json\/wp\/v2\/types\/product"}],"replies":[{"embeddable":true,"href":"https:\/\/vianala.com\/en\/wp-json\/wp\/v2\/comments?post=25137"}],"wp:featuredmedia":[{"embeddable":true,"href":"https:\/\/vianala.com\/en\/wp-json\/wp\/v2\/media\/25270"}],"wp:attachment":[{"href":"https:\/\/vianala.com\/en\/wp-json\/wp\/v2\/media?parent=25137"}],"wp:term":[{"taxonomy":"product_cat","embeddable":true,"href":"https:\/\/vianala.com\/en\/wp-json\/wp\/v2\/product_cat?post=25137"},{"taxonomy":"product_tag","embeddable":true,"href":"https:\/\/vianala.com\/en\/wp-json\/wp\/v2\/product_tag?post=25137"}],"curies":[{"name":"wp","href":"https:\/\/api.w.org\/{rel}","templated":true}]}}