{"id":25184,"date":"2023-05-20T06:54:55","date_gmt":"2023-05-20T11:54:55","guid":{"rendered":"https:\/\/vianala.com\/?post_type=product&#038;p=25184"},"modified":"2026-05-08T12:13:26","modified_gmt":"2026-05-08T17:13:26","slug":"lapicera-grabada-con-iniciales-cosmetiquera-de-piel-personalizada-con-nombre","status":"publish","type":"product","link":"https:\/\/vianala.com\/en\/tienda\/lapicera-grabada-con-iniciales-cosmetiquera-de-piel-personalizada-con-nombre\/","title":{"rendered":"Cosmetiquera personalizada caf\u00e9"},"content":{"rendered":"<h2>Elige el color de tus iniciales: Doradas o Plateadas<\/h2>\n<p style=\"text-align: right\">Lapicera grabada con iniciales Cosmetiquera de piel personalizada<\/p>\n<p>\u00a0 \u00a1Hazla \u00fanica personaliz\u00e1ndola online! Elige el color de tus iniciales: Doradas o Plateadas Este art\u00edculo Vianala como su nombre lo dice, es la compa\u00f1era ideal para mantener ordenados, cuidar y transportar tu maquillaje del d\u00eda a d\u00eda. Cuenta con el espacio suficiente para llevar ah\u00ed tu base, corrector, polvo,\u00a0<em>blush<\/em>,\u00a0<em>highlighter<\/em>, r\u00edmel, labial y tus brochas o esponjas. Si bien parece delgada, la longitud de la misma hace que la amplitud de \u00e9sta crezca como no te imaginas. Al exterior tiene un dise\u00f1o simple, liso y un cierre de corredera que va de lado a lado para permitirte encontrar lo que buscas con mayor facilidad y sin que tengas que sacar todo de tu cosmetiquera.<\/p>\n<h2>Lapicera grabada con iniciales Cosmetiquera de piel personalizada<\/h2>\n","protected":false},"excerpt":{"rendered":"<p>Elige el color de tus iniciales: Doradas o Plateadas Lapicera grabada con iniciales Cosmetiquera de piel personalizada \u00a0 \u00a1Hazla \u00fanica personaliz\u00e1ndola online! Elige el color de tus iniciales: Doradas o Plateadas Este art\u00edculo Vianala como su nombre lo dice, es la compa\u00f1era ideal para mantener ordenados, cuidar y transportar tu maquillaje del d\u00eda a d\u00eda. [&hellip;]<\/p>\n","protected":false},"featured_media":26430,"comment_status":"open","ping_status":"closed","template":"","meta":[],"product_cat":[309,310,317,318],"product_tag":[238,239,240],"yoast_head":"<!-- This site is optimized with the Yoast SEO plugin v20.3 - https:\/\/yoast.com\/wordpress\/plugins\/seo\/ -->\n<title>Lapicera grabada con iniciales Vianala. Tienda online de Cosmetiquera de piel cafe personalizada, Lapiceras personalizadas con nombre, Lapicera con nombre grabado, Cosmetiquera de piel<\/title>\n<meta name=\"description\" content=\"Lapicera grabada con iniciales \u00a1Hazla \u00fanica con iniciales! Tu Cosmetiquera de piel personalizada con letras doradas o plateadas, Lapiceras personalizadas con nombre, Lapicera con nombre grabado, Cosmetiquera de piel\" \/>\n<meta name=\"robots\" content=\"index, follow, max-snippet:-1, max-image-preview:large, max-video-preview:-1\" \/>\n<link rel=\"canonical\" href=\"https:\/\/vianala.com\/en\/tienda\/lapicera-grabada-con-iniciales-cosmetiquera-de-piel-personalizada-con-nombre\/\" \/>\n<meta property=\"og:locale\" content=\"en_US\" \/>\n<meta property=\"og:type\" content=\"article\" \/>\n<meta property=\"og:title\" content=\"Lapicera grabada con iniciales Vianala. Tienda online de Cosmetiquera de piel cafe personalizada, Lapiceras personalizadas con nombre, Lapicera con nombre grabado, Cosmetiquera de piel\" \/>\n<meta property=\"og:description\" content=\"Lapicera grabada con iniciales \u00a1Hazla \u00fanica con iniciales! Tu Cosmetiquera de piel personalizada con letras doradas o plateadas, Lapiceras personalizadas con nombre, Lapicera con nombre grabado, Cosmetiquera de piel\" \/>\n<meta property=\"og:url\" content=\"https:\/\/vianala.com\/en\/tienda\/lapicera-grabada-con-iniciales-cosmetiquera-de-piel-personalizada-con-nombre\/\" \/>\n<meta property=\"og:site_name\" content=\"Vianala\" \/>\n<meta property=\"article:publisher\" content=\"https:\/\/www.facebook.com\/vianalabolsas\" \/>\n<meta property=\"article:modified_time\" content=\"2026-05-08T17:13:26+00:00\" \/>\n<meta property=\"og:image\" content=\"https:\/\/vianala.com\/wp-content\/uploads\/2023\/05\/cosmetiquera-lapicera-avellana-1024x1024.png\" \/>\n\t<meta property=\"og:image:width\" content=\"1024\" \/>\n\t<meta property=\"og:image:height\" content=\"1024\" \/>\n\t<meta property=\"og:image:type\" content=\"image\/png\" \/>\n<meta name=\"twitter:card\" content=\"summary_large_image\" \/>\n<meta name=\"twitter:label1\" content=\"Est. reading time\" \/>\n\t<meta name=\"twitter:data1\" content=\"1 minute\" \/>\n<script type=\"application\/ld+json\" class=\"yoast-schema-graph\">{\"@context\":\"https:\/\/schema.org\",\"@graph\":[{\"@type\":\"WebPage\",\"@id\":\"https:\/\/vianala.com\/en\/tienda\/lapicera-grabada-con-iniciales-cosmetiquera-de-piel-personalizada-con-nombre\/\",\"url\":\"https:\/\/vianala.com\/en\/tienda\/lapicera-grabada-con-iniciales-cosmetiquera-de-piel-personalizada-con-nombre\/\",\"name\":\"Lapicera grabada con iniciales Vianala. Tienda online de Cosmetiquera de piel cafe personalizada, Lapiceras personalizadas con nombre, Lapicera con nombre grabado, Cosmetiquera de piel\",\"isPartOf\":{\"@id\":\"https:\/\/vianala.com\/en\/#website\"},\"datePublished\":\"2023-05-20T11:54:55+00:00\",\"dateModified\":\"2026-05-08T17:13:26+00:00\",\"description\":\"Lapicera grabada con iniciales \u00a1Hazla \u00fanica con iniciales! Tu Cosmetiquera de piel personalizada con letras doradas o plateadas, Lapiceras personalizadas con nombre, Lapicera con nombre grabado, Cosmetiquera de piel\",\"breadcrumb\":{\"@id\":\"https:\/\/vianala.com\/en\/tienda\/lapicera-grabada-con-iniciales-cosmetiquera-de-piel-personalizada-con-nombre\/#breadcrumb\"},\"inLanguage\":\"en-US\",\"potentialAction\":[{\"@type\":\"ReadAction\",\"target\":[\"https:\/\/vianala.com\/en\/tienda\/lapicera-grabada-con-iniciales-cosmetiquera-de-piel-personalizada-con-nombre\/\"]}]},{\"@type\":\"BreadcrumbList\",\"@id\":\"https:\/\/vianala.com\/en\/tienda\/lapicera-grabada-con-iniciales-cosmetiquera-de-piel-personalizada-con-nombre\/#breadcrumb\",\"itemListElement\":[{\"@type\":\"ListItem\",\"position\":1,\"name\":\"\",\"item\":\"https:\/\/vianala.com\/en\/\"},{\"@type\":\"ListItem\",\"position\":2,\"name\":\"Portada\",\"item\":\"https:\/\/vianala.com\/en\/\"},{\"@type\":\"ListItem\",\"position\":3,\"name\":\"Shop\",\"item\":\"https:\/\/vianala.com\/en\/shop\/\"},{\"@type\":\"ListItem\",\"position\":4,\"name\":\"Cosmetiquera personalizada caf\u00e9\"}]},{\"@type\":\"WebSite\",\"@id\":\"https:\/\/vianala.com\/en\/#website\",\"url\":\"https:\/\/vianala.com\/en\/\",\"name\":\"Bolsas de piel para dama Le\u00f3n Guanajuato Vianala. Bolsos de piel para mujer, Bolsas de piel para dama precio, bolsos piel mujer, bolsos de piel mujer, bolsas de piel negra, bolsas de piel de mayoreo.\",\"description\":\"Vianala\",\"publisher\":{\"@id\":\"https:\/\/vianala.com\/en\/#organization\"},\"alternateName\":\"Vianala\",\"potentialAction\":[{\"@type\":\"SearchAction\",\"target\":{\"@type\":\"EntryPoint\",\"urlTemplate\":\"https:\/\/vianala.com\/en\/?s={search_term_string}\"},\"query-input\":\"required name=search_term_string\"}],\"inLanguage\":\"en-US\"},{\"@type\":\"Organization\",\"@id\":\"https:\/\/vianala.com\/en\/#organization\",\"name\":\"Bolsas de piel para dama Le\u00f3n Guanajuato Vianala. Bolsos de piel para mujer, Bolsas de piel para dama precio, bolsos piel mujer, bolsos de piel mujer, bolsas de piel negra, bolsas de piel de mayoreo.\",\"url\":\"https:\/\/vianala.com\/en\/\",\"logo\":{\"@type\":\"ImageObject\",\"inLanguage\":\"en-US\",\"@id\":\"https:\/\/vianala.com\/en\/#\/schema\/logo\/image\/\",\"url\":\"https:\/\/vianala.com\/wp-content\/uploads\/2022\/02\/7.-Logo-Vianala.jpg\",\"contentUrl\":\"https:\/\/vianala.com\/wp-content\/uploads\/2022\/02\/7.-Logo-Vianala.jpg\",\"width\":2249,\"height\":2249,\"caption\":\"Bolsas de piel para dama Le\u00f3n Guanajuato Vianala. Bolsos de piel para mujer, Bolsas de piel para dama precio, bolsos piel mujer, bolsos de piel mujer, bolsas de piel negra, bolsas de piel de mayoreo.\"},\"image\":{\"@id\":\"https:\/\/vianala.com\/en\/#\/schema\/logo\/image\/\"},\"sameAs\":[\"https:\/\/www.facebook.com\/vianalabolsas\",\"https:\/\/www.instagram.com\/vianala_bolsas\/\",\"https:\/\/wa.me\/5214777133305\"]}]}<\/script>\n<!-- \/ Yoast SEO plugin. -->","yoast_head_json":{"title":"Lapicera grabada con iniciales Vianala. Tienda online de Cosmetiquera de piel cafe personalizada, Lapiceras personalizadas con nombre, Lapicera con nombre grabado, Cosmetiquera de piel","description":"Lapicera grabada con iniciales \u00a1Hazla \u00fanica con iniciales! Tu Cosmetiquera de piel personalizada con letras doradas o plateadas, Lapiceras personalizadas con nombre, Lapicera con nombre grabado, Cosmetiquera de piel","robots":{"index":"index","follow":"follow","max-snippet":"max-snippet:-1","max-image-preview":"max-image-preview:large","max-video-preview":"max-video-preview:-1"},"canonical":"https:\/\/vianala.com\/en\/tienda\/lapicera-grabada-con-iniciales-cosmetiquera-de-piel-personalizada-con-nombre\/","og_locale":"en_US","og_type":"article","og_title":"Lapicera grabada con iniciales Vianala. Tienda online de Cosmetiquera de piel cafe personalizada, Lapiceras personalizadas con nombre, Lapicera con nombre grabado, Cosmetiquera de piel","og_description":"Lapicera grabada con iniciales \u00a1Hazla \u00fanica con iniciales! Tu Cosmetiquera de piel personalizada con letras doradas o plateadas, Lapiceras personalizadas con nombre, Lapicera con nombre grabado, Cosmetiquera de piel","og_url":"https:\/\/vianala.com\/en\/tienda\/lapicera-grabada-con-iniciales-cosmetiquera-de-piel-personalizada-con-nombre\/","og_site_name":"Vianala","article_publisher":"https:\/\/www.facebook.com\/vianalabolsas","article_modified_time":"2026-05-08T17:13:26+00:00","og_image":[{"width":1024,"height":1024,"url":"https:\/\/vianala.com\/wp-content\/uploads\/2023\/05\/cosmetiquera-lapicera-avellana-1024x1024.png","type":"image\/png"}],"twitter_card":"summary_large_image","twitter_misc":{"Est. reading time":"1 minute"},"schema":{"@context":"https:\/\/schema.org","@graph":[{"@type":"WebPage","@id":"https:\/\/vianala.com\/en\/tienda\/lapicera-grabada-con-iniciales-cosmetiquera-de-piel-personalizada-con-nombre\/","url":"https:\/\/vianala.com\/en\/tienda\/lapicera-grabada-con-iniciales-cosmetiquera-de-piel-personalizada-con-nombre\/","name":"Lapicera grabada con iniciales Vianala. Tienda online de Cosmetiquera de piel cafe personalizada, Lapiceras personalizadas con nombre, Lapicera con nombre grabado, Cosmetiquera de piel","isPartOf":{"@id":"https:\/\/vianala.com\/en\/#website"},"datePublished":"2023-05-20T11:54:55+00:00","dateModified":"2026-05-08T17:13:26+00:00","description":"Lapicera grabada con iniciales \u00a1Hazla \u00fanica con iniciales! Tu Cosmetiquera de piel personalizada con letras doradas o plateadas, Lapiceras personalizadas con nombre, Lapicera con nombre grabado, Cosmetiquera de piel","breadcrumb":{"@id":"https:\/\/vianala.com\/en\/tienda\/lapicera-grabada-con-iniciales-cosmetiquera-de-piel-personalizada-con-nombre\/#breadcrumb"},"inLanguage":"en-US","potentialAction":[{"@type":"ReadAction","target":["https:\/\/vianala.com\/en\/tienda\/lapicera-grabada-con-iniciales-cosmetiquera-de-piel-personalizada-con-nombre\/"]}]},{"@type":"BreadcrumbList","@id":"https:\/\/vianala.com\/en\/tienda\/lapicera-grabada-con-iniciales-cosmetiquera-de-piel-personalizada-con-nombre\/#breadcrumb","itemListElement":[{"@type":"ListItem","position":1,"name":"","item":"https:\/\/vianala.com\/en\/"},{"@type":"ListItem","position":2,"name":"Portada","item":"https:\/\/vianala.com\/en\/"},{"@type":"ListItem","position":3,"name":"Shop","item":"https:\/\/vianala.com\/en\/shop\/"},{"@type":"ListItem","position":4,"name":"Cosmetiquera personalizada caf\u00e9"}]},{"@type":"WebSite","@id":"https:\/\/vianala.com\/en\/#website","url":"https:\/\/vianala.com\/en\/","name":"Bolsas de piel para dama Le\u00f3n Guanajuato Vianala. Bolsos de piel para mujer, Bolsas de piel para dama precio, bolsos piel mujer, bolsos de piel mujer, bolsas de piel negra, bolsas de piel de mayoreo.","description":"Vianala","publisher":{"@id":"https:\/\/vianala.com\/en\/#organization"},"alternateName":"Vianala","potentialAction":[{"@type":"SearchAction","target":{"@type":"EntryPoint","urlTemplate":"https:\/\/vianala.com\/en\/?s={search_term_string}"},"query-input":"required name=search_term_string"}],"inLanguage":"en-US"},{"@type":"Organization","@id":"https:\/\/vianala.com\/en\/#organization","name":"Bolsas de piel para dama Le\u00f3n Guanajuato Vianala. Bolsos de piel para mujer, Bolsas de piel para dama precio, bolsos piel mujer, bolsos de piel mujer, bolsas de piel negra, bolsas de piel de mayoreo.","url":"https:\/\/vianala.com\/en\/","logo":{"@type":"ImageObject","inLanguage":"en-US","@id":"https:\/\/vianala.com\/en\/#\/schema\/logo\/image\/","url":"https:\/\/vianala.com\/wp-content\/uploads\/2022\/02\/7.-Logo-Vianala.jpg","contentUrl":"https:\/\/vianala.com\/wp-content\/uploads\/2022\/02\/7.-Logo-Vianala.jpg","width":2249,"height":2249,"caption":"Bolsas de piel para dama Le\u00f3n Guanajuato Vianala. Bolsos de piel para mujer, Bolsas de piel para dama precio, bolsos piel mujer, bolsos de piel mujer, bolsas de piel negra, bolsas de piel de mayoreo."},"image":{"@id":"https:\/\/vianala.com\/en\/#\/schema\/logo\/image\/"},"sameAs":["https:\/\/www.facebook.com\/vianalabolsas","https:\/\/www.instagram.com\/vianala_bolsas\/","https:\/\/wa.me\/5214777133305"]}]}},"_links":{"self":[{"href":"https:\/\/vianala.com\/en\/wp-json\/wp\/v2\/product\/25184"}],"collection":[{"href":"https:\/\/vianala.com\/en\/wp-json\/wp\/v2\/product"}],"about":[{"href":"https:\/\/vianala.com\/en\/wp-json\/wp\/v2\/types\/product"}],"replies":[{"embeddable":true,"href":"https:\/\/vianala.com\/en\/wp-json\/wp\/v2\/comments?post=25184"}],"wp:featuredmedia":[{"embeddable":true,"href":"https:\/\/vianala.com\/en\/wp-json\/wp\/v2\/media\/26430"}],"wp:attachment":[{"href":"https:\/\/vianala.com\/en\/wp-json\/wp\/v2\/media?parent=25184"}],"wp:term":[{"taxonomy":"product_cat","embeddable":true,"href":"https:\/\/vianala.com\/en\/wp-json\/wp\/v2\/product_cat?post=25184"},{"taxonomy":"product_tag","embeddable":true,"href":"https:\/\/vianala.com\/en\/wp-json\/wp\/v2\/product_tag?post=25184"}],"curies":[{"name":"wp","href":"https:\/\/api.w.org\/{rel}","templated":true}]}}