{"id":25549,"date":"2023-06-01T14:57:54","date_gmt":"2023-06-01T19:57:54","guid":{"rendered":"https:\/\/vianala.com\/?post_type=product&#038;p=25549"},"modified":"2026-04-13T11:39:57","modified_gmt":"2026-04-13T16:39:57","slug":"akumal-oro-con-iniciales","status":"publish","type":"product","link":"https:\/\/vianala.com\/en\/tienda\/akumal-oro-con-iniciales\/","title":{"rendered":"Akumal Oro con Iniciales"},"content":{"rendered":"<h2 style=\"text-align: right\">Porta pasaporte Akumal Oro con Iniciales<\/h2>\n<p>Porta Pasaporte y Visa ideal para mantener seguro este documento tan importante. El material con el que est\u00e1 hecho permite mayor resistencia del pasaporte. Adem\u00e1s contiene otros compartimentos para alguna identificaci\u00f3n o tarjeta. \u00a0 Consulta pol\u00edticas de env\u00edo\u00a0<a href=\"https:\/\/www.vianala.com\/politicasenvio\/\">aqu\u00ed<\/a><\/p>\n<h2>Porta pasaporte Akumal Oro con Iniciales<\/h2>\n<p>Checa nuestros accesorios de piel personalizados para hombre marca\u00a0<a href=\"http:\/\/www.omine.com.mx\/\" target=\"_blank\" rel=\"noopener\">OMINE<\/a><\/p>\n","protected":false},"excerpt":{"rendered":"<p>Porta pasaporte Akumal Oro con Iniciales Porta Pasaporte y Visa ideal para mantener seguro este documento tan importante. El material con el que est\u00e1 hecho permite mayor resistencia del pasaporte. Adem\u00e1s contiene otros compartimentos para alguna identificaci\u00f3n o tarjeta. \u00a0 Consulta pol\u00edticas de env\u00edo\u00a0aqu\u00ed Porta pasaporte Akumal Oro con Iniciales Checa nuestros accesorios de piel [&hellip;]<\/p>\n","protected":false},"featured_media":25448,"comment_status":"open","ping_status":"closed","template":"","meta":[],"product_cat":[312,311],"product_tag":[],"yoast_head":"<!-- This site is optimized with the Yoast SEO plugin v20.3 - https:\/\/yoast.com\/wordpress\/plugins\/seo\/ -->\n<title>Porta pasaporte de piel<\/title>\n<meta name=\"description\" content=\"Porta Pasaporte y Visa ideal para mantener seguro este documento tan importante. El material con el que est\u00e1 hecho permite mayor resistencia del pasaporte. Adem\u00e1s contiene otros compartimentos para alguna identificaci\u00f3n o tarjeta. \u00a0 Consulta pol\u00edticas de env\u00edo\u00a0aqu\u00ed\" \/>\n<meta name=\"robots\" content=\"index, follow, max-snippet:-1, max-image-preview:large, max-video-preview:-1\" \/>\n<link rel=\"canonical\" href=\"https:\/\/vianala.com\/en\/tienda\/akumal-oro-con-iniciales\/\" \/>\n<meta property=\"og:locale\" content=\"en_US\" \/>\n<meta property=\"og:type\" content=\"article\" \/>\n<meta property=\"og:title\" content=\"Porta pasaporte de piel\" \/>\n<meta property=\"og:description\" content=\"Porta Pasaporte y Visa ideal para mantener seguro este documento tan importante. El material con el que est\u00e1 hecho permite mayor resistencia del pasaporte. Adem\u00e1s contiene otros compartimentos para alguna identificaci\u00f3n o tarjeta. \u00a0 Consulta pol\u00edticas de env\u00edo\u00a0aqu\u00ed\" \/>\n<meta property=\"og:url\" content=\"https:\/\/vianala.com\/en\/tienda\/akumal-oro-con-iniciales\/\" \/>\n<meta property=\"og:site_name\" content=\"Vianala\" \/>\n<meta property=\"article:publisher\" content=\"https:\/\/www.facebook.com\/vianalabolsas\" \/>\n<meta property=\"article:modified_time\" content=\"2026-04-13T16:39:57+00:00\" \/>\n<meta property=\"og:image\" content=\"https:\/\/vianala.com\/wp-content\/uploads\/2023\/05\/PV458VOR.jpg\" \/>\n\t<meta property=\"og:image:width\" content=\"1200\" \/>\n\t<meta property=\"og:image:height\" content=\"1200\" \/>\n\t<meta property=\"og:image:type\" content=\"image\/jpeg\" \/>\n<meta name=\"twitter:card\" content=\"summary_large_image\" \/>\n<meta name=\"twitter:label1\" content=\"Est. reading time\" \/>\n\t<meta name=\"twitter:data1\" content=\"1 minute\" \/>\n<script type=\"application\/ld+json\" class=\"yoast-schema-graph\">{\"@context\":\"https:\/\/schema.org\",\"@graph\":[{\"@type\":\"WebPage\",\"@id\":\"https:\/\/vianala.com\/en\/tienda\/akumal-oro-con-iniciales\/\",\"url\":\"https:\/\/vianala.com\/en\/tienda\/akumal-oro-con-iniciales\/\",\"name\":\"Porta pasaporte de piel\",\"isPartOf\":{\"@id\":\"https:\/\/vianala.com\/en\/#website\"},\"datePublished\":\"2023-06-01T19:57:54+00:00\",\"dateModified\":\"2026-04-13T16:39:57+00:00\",\"description\":\"Porta Pasaporte y Visa ideal para mantener seguro este documento tan importante. El material con el que est\u00e1 hecho permite mayor resistencia del pasaporte. Adem\u00e1s contiene otros compartimentos para alguna identificaci\u00f3n o tarjeta. \u00a0 Consulta pol\u00edticas de env\u00edo\u00a0aqu\u00ed\",\"breadcrumb\":{\"@id\":\"https:\/\/vianala.com\/en\/tienda\/akumal-oro-con-iniciales\/#breadcrumb\"},\"inLanguage\":\"en-US\",\"potentialAction\":[{\"@type\":\"ReadAction\",\"target\":[\"https:\/\/vianala.com\/en\/tienda\/akumal-oro-con-iniciales\/\"]}]},{\"@type\":\"BreadcrumbList\",\"@id\":\"https:\/\/vianala.com\/en\/tienda\/akumal-oro-con-iniciales\/#breadcrumb\",\"itemListElement\":[{\"@type\":\"ListItem\",\"position\":1,\"name\":\"\",\"item\":\"https:\/\/vianala.com\/en\/\"},{\"@type\":\"ListItem\",\"position\":2,\"name\":\"Portada\",\"item\":\"https:\/\/vianala.com\/en\/\"},{\"@type\":\"ListItem\",\"position\":3,\"name\":\"Shop\",\"item\":\"https:\/\/vianala.com\/en\/shop\/\"},{\"@type\":\"ListItem\",\"position\":4,\"name\":\"Akumal Oro con Iniciales\"}]},{\"@type\":\"WebSite\",\"@id\":\"https:\/\/vianala.com\/en\/#website\",\"url\":\"https:\/\/vianala.com\/en\/\",\"name\":\"Bolsas de piel para dama Le\u00f3n Guanajuato Vianala. Bolsos de piel para mujer, Bolsas de piel para dama precio, bolsos piel mujer, bolsos de piel mujer, bolsas de piel negra, bolsas de piel de mayoreo.\",\"description\":\"Vianala\",\"publisher\":{\"@id\":\"https:\/\/vianala.com\/en\/#organization\"},\"alternateName\":\"Vianala\",\"potentialAction\":[{\"@type\":\"SearchAction\",\"target\":{\"@type\":\"EntryPoint\",\"urlTemplate\":\"https:\/\/vianala.com\/en\/?s={search_term_string}\"},\"query-input\":\"required name=search_term_string\"}],\"inLanguage\":\"en-US\"},{\"@type\":\"Organization\",\"@id\":\"https:\/\/vianala.com\/en\/#organization\",\"name\":\"Bolsas de piel para dama Le\u00f3n Guanajuato Vianala. Bolsos de piel para mujer, Bolsas de piel para dama precio, bolsos piel mujer, bolsos de piel mujer, bolsas de piel negra, bolsas de piel de mayoreo.\",\"url\":\"https:\/\/vianala.com\/en\/\",\"logo\":{\"@type\":\"ImageObject\",\"inLanguage\":\"en-US\",\"@id\":\"https:\/\/vianala.com\/en\/#\/schema\/logo\/image\/\",\"url\":\"https:\/\/vianala.com\/wp-content\/uploads\/2022\/02\/7.-Logo-Vianala.jpg\",\"contentUrl\":\"https:\/\/vianala.com\/wp-content\/uploads\/2022\/02\/7.-Logo-Vianala.jpg\",\"width\":2249,\"height\":2249,\"caption\":\"Bolsas de piel para dama Le\u00f3n Guanajuato Vianala. Bolsos de piel para mujer, Bolsas de piel para dama precio, bolsos piel mujer, bolsos de piel mujer, bolsas de piel negra, bolsas de piel de mayoreo.\"},\"image\":{\"@id\":\"https:\/\/vianala.com\/en\/#\/schema\/logo\/image\/\"},\"sameAs\":[\"https:\/\/www.facebook.com\/vianalabolsas\",\"https:\/\/www.instagram.com\/vianala_bolsas\/\",\"https:\/\/wa.me\/5214777133305\"]}]}<\/script>\n<!-- \/ Yoast SEO plugin. -->","yoast_head_json":{"title":"Porta pasaporte de piel","description":"Porta Pasaporte y Visa ideal para mantener seguro este documento tan importante. El material con el que est\u00e1 hecho permite mayor resistencia del pasaporte. Adem\u00e1s contiene otros compartimentos para alguna identificaci\u00f3n o tarjeta. \u00a0 Consulta pol\u00edticas de env\u00edo\u00a0aqu\u00ed","robots":{"index":"index","follow":"follow","max-snippet":"max-snippet:-1","max-image-preview":"max-image-preview:large","max-video-preview":"max-video-preview:-1"},"canonical":"https:\/\/vianala.com\/en\/tienda\/akumal-oro-con-iniciales\/","og_locale":"en_US","og_type":"article","og_title":"Porta pasaporte de piel","og_description":"Porta Pasaporte y Visa ideal para mantener seguro este documento tan importante. El material con el que est\u00e1 hecho permite mayor resistencia del pasaporte. Adem\u00e1s contiene otros compartimentos para alguna identificaci\u00f3n o tarjeta. \u00a0 Consulta pol\u00edticas de env\u00edo\u00a0aqu\u00ed","og_url":"https:\/\/vianala.com\/en\/tienda\/akumal-oro-con-iniciales\/","og_site_name":"Vianala","article_publisher":"https:\/\/www.facebook.com\/vianalabolsas","article_modified_time":"2026-04-13T16:39:57+00:00","og_image":[{"width":1200,"height":1200,"url":"https:\/\/vianala.com\/wp-content\/uploads\/2023\/05\/PV458VOR.jpg","type":"image\/jpeg"}],"twitter_card":"summary_large_image","twitter_misc":{"Est. reading time":"1 minute"},"schema":{"@context":"https:\/\/schema.org","@graph":[{"@type":"WebPage","@id":"https:\/\/vianala.com\/en\/tienda\/akumal-oro-con-iniciales\/","url":"https:\/\/vianala.com\/en\/tienda\/akumal-oro-con-iniciales\/","name":"Porta pasaporte de piel","isPartOf":{"@id":"https:\/\/vianala.com\/en\/#website"},"datePublished":"2023-06-01T19:57:54+00:00","dateModified":"2026-04-13T16:39:57+00:00","description":"Porta Pasaporte y Visa ideal para mantener seguro este documento tan importante. El material con el que est\u00e1 hecho permite mayor resistencia del pasaporte. Adem\u00e1s contiene otros compartimentos para alguna identificaci\u00f3n o tarjeta. \u00a0 Consulta pol\u00edticas de env\u00edo\u00a0aqu\u00ed","breadcrumb":{"@id":"https:\/\/vianala.com\/en\/tienda\/akumal-oro-con-iniciales\/#breadcrumb"},"inLanguage":"en-US","potentialAction":[{"@type":"ReadAction","target":["https:\/\/vianala.com\/en\/tienda\/akumal-oro-con-iniciales\/"]}]},{"@type":"BreadcrumbList","@id":"https:\/\/vianala.com\/en\/tienda\/akumal-oro-con-iniciales\/#breadcrumb","itemListElement":[{"@type":"ListItem","position":1,"name":"","item":"https:\/\/vianala.com\/en\/"},{"@type":"ListItem","position":2,"name":"Portada","item":"https:\/\/vianala.com\/en\/"},{"@type":"ListItem","position":3,"name":"Shop","item":"https:\/\/vianala.com\/en\/shop\/"},{"@type":"ListItem","position":4,"name":"Akumal Oro con Iniciales"}]},{"@type":"WebSite","@id":"https:\/\/vianala.com\/en\/#website","url":"https:\/\/vianala.com\/en\/","name":"Bolsas de piel para dama Le\u00f3n Guanajuato Vianala. Bolsos de piel para mujer, Bolsas de piel para dama precio, bolsos piel mujer, bolsos de piel mujer, bolsas de piel negra, bolsas de piel de mayoreo.","description":"Vianala","publisher":{"@id":"https:\/\/vianala.com\/en\/#organization"},"alternateName":"Vianala","potentialAction":[{"@type":"SearchAction","target":{"@type":"EntryPoint","urlTemplate":"https:\/\/vianala.com\/en\/?s={search_term_string}"},"query-input":"required name=search_term_string"}],"inLanguage":"en-US"},{"@type":"Organization","@id":"https:\/\/vianala.com\/en\/#organization","name":"Bolsas de piel para dama Le\u00f3n Guanajuato Vianala. Bolsos de piel para mujer, Bolsas de piel para dama precio, bolsos piel mujer, bolsos de piel mujer, bolsas de piel negra, bolsas de piel de mayoreo.","url":"https:\/\/vianala.com\/en\/","logo":{"@type":"ImageObject","inLanguage":"en-US","@id":"https:\/\/vianala.com\/en\/#\/schema\/logo\/image\/","url":"https:\/\/vianala.com\/wp-content\/uploads\/2022\/02\/7.-Logo-Vianala.jpg","contentUrl":"https:\/\/vianala.com\/wp-content\/uploads\/2022\/02\/7.-Logo-Vianala.jpg","width":2249,"height":2249,"caption":"Bolsas de piel para dama Le\u00f3n Guanajuato Vianala. Bolsos de piel para mujer, Bolsas de piel para dama precio, bolsos piel mujer, bolsos de piel mujer, bolsas de piel negra, bolsas de piel de mayoreo."},"image":{"@id":"https:\/\/vianala.com\/en\/#\/schema\/logo\/image\/"},"sameAs":["https:\/\/www.facebook.com\/vianalabolsas","https:\/\/www.instagram.com\/vianala_bolsas\/","https:\/\/wa.me\/5214777133305"]}]}},"_links":{"self":[{"href":"https:\/\/vianala.com\/en\/wp-json\/wp\/v2\/product\/25549"}],"collection":[{"href":"https:\/\/vianala.com\/en\/wp-json\/wp\/v2\/product"}],"about":[{"href":"https:\/\/vianala.com\/en\/wp-json\/wp\/v2\/types\/product"}],"replies":[{"embeddable":true,"href":"https:\/\/vianala.com\/en\/wp-json\/wp\/v2\/comments?post=25549"}],"wp:featuredmedia":[{"embeddable":true,"href":"https:\/\/vianala.com\/en\/wp-json\/wp\/v2\/media\/25448"}],"wp:attachment":[{"href":"https:\/\/vianala.com\/en\/wp-json\/wp\/v2\/media?parent=25549"}],"wp:term":[{"taxonomy":"product_cat","embeddable":true,"href":"https:\/\/vianala.com\/en\/wp-json\/wp\/v2\/product_cat?post=25549"},{"taxonomy":"product_tag","embeddable":true,"href":"https:\/\/vianala.com\/en\/wp-json\/wp\/v2\/product_tag?post=25549"}],"curies":[{"name":"wp","href":"https:\/\/api.w.org\/{rel}","templated":true}]}}