{"id":25581,"date":"2023-06-05T08:41:11","date_gmt":"2023-06-05T13:41:11","guid":{"rendered":"https:\/\/vianala.com\/?post_type=product&#038;p=25581"},"modified":"2025-07-06T09:24:38","modified_gmt":"2025-07-06T14:24:38","slug":"carpeta-oficio-legal-con-cierre","status":"publish","type":"product","link":"https:\/\/vianala.com\/en\/tienda\/carpeta-oficio-legal-con-cierre\/","title":{"rendered":"Carpeta oficio legal con cierre"},"content":{"rendered":"<h2 style=\"text-align: right\">Carpeta oficio legal con cierre<\/h2>\n<p>OMINE LEATHER HANDMADE<br \/>\nSince 1986<\/p>\n<p>Modelo: OM-931<br \/>\nCarpeta de piel corte vacuno tama\u00f1o oficio-legal-A4<br \/>\nPiel genuina<\/p>\n<p>Descripci\u00f3n producto:<br \/>\nCarpeta de piel ejecutiva con cierre<br \/>\nSoporta docs tama\u00f1o legal-oficio-A4<br \/>\nComputadora port\u00e1til de hasta 13\u201d<br \/>\nFabricado artesanalmente en Le\u00f3n, GTO MX<\/p>\n<h2 style=\"text-align: left\">Carpeta oficio legal con cierre<\/h2>\n","protected":false},"excerpt":{"rendered":"<p>Carpeta oficio legal con cierre OMINE LEATHER HANDMADE Since 1986 Modelo: OM-931 Carpeta de piel corte vacuno tama\u00f1o oficio-legal-A4 Piel genuina Descripci\u00f3n producto: Carpeta de piel ejecutiva con cierre Soporta docs tama\u00f1o legal-oficio-A4 Computadora port\u00e1til de hasta 13\u201d Fabricado artesanalmente en Le\u00f3n, GTO MX Carpeta oficio legal con cierre<\/p>\n","protected":false},"featured_media":25583,"comment_status":"open","ping_status":"closed","template":"","meta":[],"product_cat":[30,32],"product_tag":[],"yoast_head":"<!-- This site is optimized with the Yoast SEO plugin v20.3 - https:\/\/yoast.com\/wordpress\/plugins\/seo\/ -->\n<title>Carpeta oficio legal con cierre<\/title>\n<meta name=\"description\" content=\"Carpeta de piel ejecutiva con cierreSoporta docs tama\u00f1o legal-oficio-A4Computadora port\u00e1til de hasta 13\u201dFabricado artesanalmente en Le\u00f3n, GTO MX\" \/>\n<meta name=\"robots\" content=\"index, follow, max-snippet:-1, max-image-preview:large, max-video-preview:-1\" \/>\n<link rel=\"canonical\" href=\"https:\/\/vianala.com\/en\/tienda\/carpeta-oficio-legal-con-cierre\/\" \/>\n<meta property=\"og:locale\" content=\"en_US\" \/>\n<meta property=\"og:type\" content=\"article\" \/>\n<meta property=\"og:title\" content=\"Carpeta oficio legal con cierre\" \/>\n<meta property=\"og:description\" content=\"Carpeta de piel ejecutiva con cierreSoporta docs tama\u00f1o legal-oficio-A4Computadora port\u00e1til de hasta 13\u201dFabricado artesanalmente en Le\u00f3n, GTO MX\" \/>\n<meta property=\"og:url\" content=\"https:\/\/vianala.com\/en\/tienda\/carpeta-oficio-legal-con-cierre\/\" \/>\n<meta property=\"og:site_name\" content=\"Vianala\" \/>\n<meta property=\"article:publisher\" content=\"https:\/\/www.facebook.com\/vianalabolsas\" \/>\n<meta property=\"article:modified_time\" content=\"2025-07-06T14:24:38+00:00\" \/>\n<meta property=\"og:image\" content=\"https:\/\/vianala.com\/wp-content\/uploads\/2023\/06\/carpeta-piel-oficio-931.jpg\" \/>\n\t<meta property=\"og:image:width\" content=\"960\" \/>\n\t<meta property=\"og:image:height\" content=\"960\" \/>\n\t<meta property=\"og:image:type\" content=\"image\/jpeg\" \/>\n<meta name=\"twitter:card\" content=\"summary_large_image\" \/>\n<meta name=\"twitter:label1\" content=\"Est. reading time\" \/>\n\t<meta name=\"twitter:data1\" content=\"1 minute\" \/>\n<script type=\"application\/ld+json\" class=\"yoast-schema-graph\">{\"@context\":\"https:\/\/schema.org\",\"@graph\":[{\"@type\":\"WebPage\",\"@id\":\"https:\/\/vianala.com\/en\/tienda\/carpeta-oficio-legal-con-cierre\/\",\"url\":\"https:\/\/vianala.com\/en\/tienda\/carpeta-oficio-legal-con-cierre\/\",\"name\":\"Carpeta oficio legal con cierre\",\"isPartOf\":{\"@id\":\"https:\/\/vianala.com\/en\/#website\"},\"datePublished\":\"2023-06-05T13:41:11+00:00\",\"dateModified\":\"2025-07-06T14:24:38+00:00\",\"description\":\"Carpeta de piel ejecutiva con cierreSoporta docs tama\u00f1o legal-oficio-A4Computadora port\u00e1til de hasta 13\u201dFabricado artesanalmente en Le\u00f3n, GTO MX\",\"breadcrumb\":{\"@id\":\"https:\/\/vianala.com\/en\/tienda\/carpeta-oficio-legal-con-cierre\/#breadcrumb\"},\"inLanguage\":\"en-US\",\"potentialAction\":[{\"@type\":\"ReadAction\",\"target\":[\"https:\/\/vianala.com\/en\/tienda\/carpeta-oficio-legal-con-cierre\/\"]}]},{\"@type\":\"BreadcrumbList\",\"@id\":\"https:\/\/vianala.com\/en\/tienda\/carpeta-oficio-legal-con-cierre\/#breadcrumb\",\"itemListElement\":[{\"@type\":\"ListItem\",\"position\":1,\"name\":\"\",\"item\":\"https:\/\/vianala.com\/en\/\"},{\"@type\":\"ListItem\",\"position\":2,\"name\":\"Portada\",\"item\":\"https:\/\/vianala.com\/en\/\"},{\"@type\":\"ListItem\",\"position\":3,\"name\":\"Shop\",\"item\":\"https:\/\/vianala.com\/en\/shop\/\"},{\"@type\":\"ListItem\",\"position\":4,\"name\":\"Carpeta oficio legal con cierre\"}]},{\"@type\":\"WebSite\",\"@id\":\"https:\/\/vianala.com\/en\/#website\",\"url\":\"https:\/\/vianala.com\/en\/\",\"name\":\"Bolsas de piel para dama Le\u00f3n Guanajuato Vianala. Bolsos de piel para mujer, Bolsas de piel para dama precio, bolsos piel mujer, bolsos de piel mujer, bolsas de piel negra, bolsas de piel de mayoreo.\",\"description\":\"Vianala\",\"publisher\":{\"@id\":\"https:\/\/vianala.com\/en\/#organization\"},\"alternateName\":\"Vianala\",\"potentialAction\":[{\"@type\":\"SearchAction\",\"target\":{\"@type\":\"EntryPoint\",\"urlTemplate\":\"https:\/\/vianala.com\/en\/?s={search_term_string}\"},\"query-input\":\"required name=search_term_string\"}],\"inLanguage\":\"en-US\"},{\"@type\":\"Organization\",\"@id\":\"https:\/\/vianala.com\/en\/#organization\",\"name\":\"Bolsas de piel para dama Le\u00f3n Guanajuato Vianala. Bolsos de piel para mujer, Bolsas de piel para dama precio, bolsos piel mujer, bolsos de piel mujer, bolsas de piel negra, bolsas de piel de mayoreo.\",\"url\":\"https:\/\/vianala.com\/en\/\",\"logo\":{\"@type\":\"ImageObject\",\"inLanguage\":\"en-US\",\"@id\":\"https:\/\/vianala.com\/en\/#\/schema\/logo\/image\/\",\"url\":\"https:\/\/vianala.com\/wp-content\/uploads\/2022\/02\/7.-Logo-Vianala.jpg\",\"contentUrl\":\"https:\/\/vianala.com\/wp-content\/uploads\/2022\/02\/7.-Logo-Vianala.jpg\",\"width\":2249,\"height\":2249,\"caption\":\"Bolsas de piel para dama Le\u00f3n Guanajuato Vianala. Bolsos de piel para mujer, Bolsas de piel para dama precio, bolsos piel mujer, bolsos de piel mujer, bolsas de piel negra, bolsas de piel de mayoreo.\"},\"image\":{\"@id\":\"https:\/\/vianala.com\/en\/#\/schema\/logo\/image\/\"},\"sameAs\":[\"https:\/\/www.facebook.com\/vianalabolsas\",\"https:\/\/www.instagram.com\/vianala_bolsas\/\",\"https:\/\/wa.me\/5214777133305\"]}]}<\/script>\n<!-- \/ Yoast SEO plugin. -->","yoast_head_json":{"title":"Carpeta oficio legal con cierre","description":"Carpeta de piel ejecutiva con cierreSoporta docs tama\u00f1o legal-oficio-A4Computadora port\u00e1til de hasta 13\u201dFabricado artesanalmente en Le\u00f3n, GTO MX","robots":{"index":"index","follow":"follow","max-snippet":"max-snippet:-1","max-image-preview":"max-image-preview:large","max-video-preview":"max-video-preview:-1"},"canonical":"https:\/\/vianala.com\/en\/tienda\/carpeta-oficio-legal-con-cierre\/","og_locale":"en_US","og_type":"article","og_title":"Carpeta oficio legal con cierre","og_description":"Carpeta de piel ejecutiva con cierreSoporta docs tama\u00f1o legal-oficio-A4Computadora port\u00e1til de hasta 13\u201dFabricado artesanalmente en Le\u00f3n, GTO MX","og_url":"https:\/\/vianala.com\/en\/tienda\/carpeta-oficio-legal-con-cierre\/","og_site_name":"Vianala","article_publisher":"https:\/\/www.facebook.com\/vianalabolsas","article_modified_time":"2025-07-06T14:24:38+00:00","og_image":[{"width":960,"height":960,"url":"https:\/\/vianala.com\/wp-content\/uploads\/2023\/06\/carpeta-piel-oficio-931.jpg","type":"image\/jpeg"}],"twitter_card":"summary_large_image","twitter_misc":{"Est. reading time":"1 minute"},"schema":{"@context":"https:\/\/schema.org","@graph":[{"@type":"WebPage","@id":"https:\/\/vianala.com\/en\/tienda\/carpeta-oficio-legal-con-cierre\/","url":"https:\/\/vianala.com\/en\/tienda\/carpeta-oficio-legal-con-cierre\/","name":"Carpeta oficio legal con cierre","isPartOf":{"@id":"https:\/\/vianala.com\/en\/#website"},"datePublished":"2023-06-05T13:41:11+00:00","dateModified":"2025-07-06T14:24:38+00:00","description":"Carpeta de piel ejecutiva con cierreSoporta docs tama\u00f1o legal-oficio-A4Computadora port\u00e1til de hasta 13\u201dFabricado artesanalmente en Le\u00f3n, GTO MX","breadcrumb":{"@id":"https:\/\/vianala.com\/en\/tienda\/carpeta-oficio-legal-con-cierre\/#breadcrumb"},"inLanguage":"en-US","potentialAction":[{"@type":"ReadAction","target":["https:\/\/vianala.com\/en\/tienda\/carpeta-oficio-legal-con-cierre\/"]}]},{"@type":"BreadcrumbList","@id":"https:\/\/vianala.com\/en\/tienda\/carpeta-oficio-legal-con-cierre\/#breadcrumb","itemListElement":[{"@type":"ListItem","position":1,"name":"","item":"https:\/\/vianala.com\/en\/"},{"@type":"ListItem","position":2,"name":"Portada","item":"https:\/\/vianala.com\/en\/"},{"@type":"ListItem","position":3,"name":"Shop","item":"https:\/\/vianala.com\/en\/shop\/"},{"@type":"ListItem","position":4,"name":"Carpeta oficio legal con cierre"}]},{"@type":"WebSite","@id":"https:\/\/vianala.com\/en\/#website","url":"https:\/\/vianala.com\/en\/","name":"Bolsas de piel para dama Le\u00f3n Guanajuato Vianala. Bolsos de piel para mujer, Bolsas de piel para dama precio, bolsos piel mujer, bolsos de piel mujer, bolsas de piel negra, bolsas de piel de mayoreo.","description":"Vianala","publisher":{"@id":"https:\/\/vianala.com\/en\/#organization"},"alternateName":"Vianala","potentialAction":[{"@type":"SearchAction","target":{"@type":"EntryPoint","urlTemplate":"https:\/\/vianala.com\/en\/?s={search_term_string}"},"query-input":"required name=search_term_string"}],"inLanguage":"en-US"},{"@type":"Organization","@id":"https:\/\/vianala.com\/en\/#organization","name":"Bolsas de piel para dama Le\u00f3n Guanajuato Vianala. Bolsos de piel para mujer, Bolsas de piel para dama precio, bolsos piel mujer, bolsos de piel mujer, bolsas de piel negra, bolsas de piel de mayoreo.","url":"https:\/\/vianala.com\/en\/","logo":{"@type":"ImageObject","inLanguage":"en-US","@id":"https:\/\/vianala.com\/en\/#\/schema\/logo\/image\/","url":"https:\/\/vianala.com\/wp-content\/uploads\/2022\/02\/7.-Logo-Vianala.jpg","contentUrl":"https:\/\/vianala.com\/wp-content\/uploads\/2022\/02\/7.-Logo-Vianala.jpg","width":2249,"height":2249,"caption":"Bolsas de piel para dama Le\u00f3n Guanajuato Vianala. Bolsos de piel para mujer, Bolsas de piel para dama precio, bolsos piel mujer, bolsos de piel mujer, bolsas de piel negra, bolsas de piel de mayoreo."},"image":{"@id":"https:\/\/vianala.com\/en\/#\/schema\/logo\/image\/"},"sameAs":["https:\/\/www.facebook.com\/vianalabolsas","https:\/\/www.instagram.com\/vianala_bolsas\/","https:\/\/wa.me\/5214777133305"]}]}},"_links":{"self":[{"href":"https:\/\/vianala.com\/en\/wp-json\/wp\/v2\/product\/25581"}],"collection":[{"href":"https:\/\/vianala.com\/en\/wp-json\/wp\/v2\/product"}],"about":[{"href":"https:\/\/vianala.com\/en\/wp-json\/wp\/v2\/types\/product"}],"replies":[{"embeddable":true,"href":"https:\/\/vianala.com\/en\/wp-json\/wp\/v2\/comments?post=25581"}],"wp:featuredmedia":[{"embeddable":true,"href":"https:\/\/vianala.com\/en\/wp-json\/wp\/v2\/media\/25583"}],"wp:attachment":[{"href":"https:\/\/vianala.com\/en\/wp-json\/wp\/v2\/media?parent=25581"}],"wp:term":[{"taxonomy":"product_cat","embeddable":true,"href":"https:\/\/vianala.com\/en\/wp-json\/wp\/v2\/product_cat?post=25581"},{"taxonomy":"product_tag","embeddable":true,"href":"https:\/\/vianala.com\/en\/wp-json\/wp\/v2\/product_tag?post=25581"}],"curies":[{"name":"wp","href":"https:\/\/api.w.org\/{rel}","templated":true}]}}