{"id":25591,"date":"2023-06-05T08:46:54","date_gmt":"2023-06-05T13:46:54","guid":{"rendered":"https:\/\/vianala.com\/?post_type=product&#038;p=25591"},"modified":"2025-08-06T14:45:21","modified_gmt":"2025-08-06T19:45:21","slug":"carpeta-tamano-oficio-tipo-folder","status":"publish","type":"product","link":"https:\/\/vianala.com\/en\/tienda\/carpeta-tamano-oficio-tipo-folder\/","title":{"rendered":"Carpeta de piel tama\u00f1o oficio tipo folder"},"content":{"rendered":"<h2 style=\"text-align: right\">Carpeta de piel tama\u00f1o oficio tipo folder<\/h2>\n<ul class=\"a-unordered-list a-vertical a-spacing-mini\">\n<li class=\"a-spacing-small\"><span class=\"a-list-item\">Carpeta de piel genuina Tama\u00f1o oficio A4 Legal. Medidas: 25 x 37 x 2 cm<\/span><\/li>\n<li class=\"a-spacing-small\"><span class=\"a-list-item\">Portadocumentos ejecutivo cierra con broche de im\u00e1n<\/span><\/li>\n<li class=\"a-spacing-small\"><span class=\"a-list-item\">Elegante portadocumentos de piel genuina, ideal para documentos oficiales, para entregar las escrituras, diplomas, t\u00edtulo<\/span><\/li>\n<li class=\"a-spacing-small\"><span class=\"a-list-item\">\u00bfPor qu\u00e9 adquirir un producto de piel? La piel o cuero es 100% Natural. Recordemos que las pieles son un producto natural, por lo que las peque\u00f1as marcas y rasgu\u00f1os son completamente normales y no afectan de ning\u00fan modo su desempe\u00f1o. Tiene mucha durabilidad La piel puede durar mucho tiempo y en comparaci\u00f3n con otros materiales, la piel mejora sus caracter\u00edsticas con el tiempo. Invertir en piel es invertir en algo garantizado para muchos a\u00f1os.<\/span><\/li>\n<li class=\"a-spacing-small\"><span class=\"a-list-item\">100% Natural Recordemos que las pieles son un producto natural, por lo que las peque\u00f1as marcas y rasgu\u00f1os son completamente normales y no afectan de ning\u00fan modo su desempe\u00f1o.<\/span><\/li>\n<\/ul>\n<h2>Carpeta tama\u00f1o oficio tipo folder<\/h2>\n","protected":false},"excerpt":{"rendered":"<p>Carpeta de piel tama\u00f1o oficio tipo folder Carpeta de piel genuina Tama\u00f1o oficio A4 Legal. Medidas: 25 x 37 x 2 cm Portadocumentos ejecutivo cierra con broche de im\u00e1n Elegante portadocumentos de piel genuina, ideal para documentos oficiales, para entregar las escrituras, diplomas, t\u00edtulo \u00bfPor qu\u00e9 adquirir un producto de piel? La piel o cuero [&hellip;]<\/p>\n","protected":false},"featured_media":25597,"comment_status":"open","ping_status":"closed","template":"","meta":[],"product_cat":[36,341,30,27,32],"product_tag":[],"yoast_head":"<!-- This site is optimized with the Yoast SEO plugin v20.3 - https:\/\/yoast.com\/wordpress\/plugins\/seo\/ -->\n<title>Carpeta de piel tama\u00f1o oficio tipo folder<\/title>\n<meta name=\"description\" content=\"Carpeta de piel genuina Tama\u00f1o oficio A4 Legal. Medidas: 25 x 37 x 2 cmPortadocumentos ejecutivo cierra con broche de im\u00e1nElegante portadocumentos de piel genuina, ideal para documentos oficiales, para entregar las escrituras, diplomas, t\u00edtulo\" \/>\n<meta name=\"robots\" content=\"index, follow, max-snippet:-1, max-image-preview:large, max-video-preview:-1\" \/>\n<link rel=\"canonical\" href=\"https:\/\/vianala.com\/en\/tienda\/carpeta-tamano-oficio-tipo-folder\/\" \/>\n<meta property=\"og:locale\" content=\"en_US\" \/>\n<meta property=\"og:type\" content=\"article\" \/>\n<meta property=\"og:title\" content=\"Carpeta de piel tama\u00f1o oficio tipo folder\" \/>\n<meta property=\"og:description\" content=\"Carpeta de piel genuina Tama\u00f1o oficio A4 Legal. Medidas: 25 x 37 x 2 cmPortadocumentos ejecutivo cierra con broche de im\u00e1nElegante portadocumentos de piel genuina, ideal para documentos oficiales, para entregar las escrituras, diplomas, t\u00edtulo\" \/>\n<meta property=\"og:url\" content=\"https:\/\/vianala.com\/en\/tienda\/carpeta-tamano-oficio-tipo-folder\/\" \/>\n<meta property=\"og:site_name\" content=\"Vianala\" \/>\n<meta property=\"article:publisher\" content=\"https:\/\/www.facebook.com\/vianalabolsas\" \/>\n<meta property=\"article:modified_time\" content=\"2025-08-06T19:45:21+00:00\" \/>\n<meta property=\"og:image\" content=\"https:\/\/vianala.com\/wp-content\/uploads\/2023\/06\/670r-ne-carpeta-piel-genuina-670r-ne-oficio-3.jpg\" \/>\n\t<meta property=\"og:image:width\" content=\"960\" \/>\n\t<meta property=\"og:image:height\" content=\"960\" \/>\n\t<meta property=\"og:image:type\" content=\"image\/jpeg\" \/>\n<meta name=\"twitter:card\" content=\"summary_large_image\" \/>\n<meta name=\"twitter:label1\" content=\"Est. reading time\" \/>\n\t<meta name=\"twitter:data1\" content=\"1 minute\" \/>\n<script type=\"application\/ld+json\" class=\"yoast-schema-graph\">{\"@context\":\"https:\/\/schema.org\",\"@graph\":[{\"@type\":\"WebPage\",\"@id\":\"https:\/\/vianala.com\/en\/tienda\/carpeta-tamano-oficio-tipo-folder\/\",\"url\":\"https:\/\/vianala.com\/en\/tienda\/carpeta-tamano-oficio-tipo-folder\/\",\"name\":\"Carpeta de piel tama\u00f1o oficio tipo folder\",\"isPartOf\":{\"@id\":\"https:\/\/vianala.com\/en\/#website\"},\"datePublished\":\"2023-06-05T13:46:54+00:00\",\"dateModified\":\"2025-08-06T19:45:21+00:00\",\"description\":\"Carpeta de piel genuina Tama\u00f1o oficio A4 Legal. Medidas: 25 x 37 x 2 cmPortadocumentos ejecutivo cierra con broche de im\u00e1nElegante portadocumentos de piel genuina, ideal para documentos oficiales, para entregar las escrituras, diplomas, t\u00edtulo\",\"breadcrumb\":{\"@id\":\"https:\/\/vianala.com\/en\/tienda\/carpeta-tamano-oficio-tipo-folder\/#breadcrumb\"},\"inLanguage\":\"en-US\",\"potentialAction\":[{\"@type\":\"ReadAction\",\"target\":[\"https:\/\/vianala.com\/en\/tienda\/carpeta-tamano-oficio-tipo-folder\/\"]}]},{\"@type\":\"BreadcrumbList\",\"@id\":\"https:\/\/vianala.com\/en\/tienda\/carpeta-tamano-oficio-tipo-folder\/#breadcrumb\",\"itemListElement\":[{\"@type\":\"ListItem\",\"position\":1,\"name\":\"\",\"item\":\"https:\/\/vianala.com\/en\/\"},{\"@type\":\"ListItem\",\"position\":2,\"name\":\"Portada\",\"item\":\"https:\/\/vianala.com\/en\/\"},{\"@type\":\"ListItem\",\"position\":3,\"name\":\"Shop\",\"item\":\"https:\/\/vianala.com\/en\/shop\/\"},{\"@type\":\"ListItem\",\"position\":4,\"name\":\"Carpeta de piel tama\u00f1o oficio tipo folder\"}]},{\"@type\":\"WebSite\",\"@id\":\"https:\/\/vianala.com\/en\/#website\",\"url\":\"https:\/\/vianala.com\/en\/\",\"name\":\"Bolsas de piel para dama Le\u00f3n Guanajuato Vianala. Bolsos de piel para mujer, Bolsas de piel para dama precio, bolsos piel mujer, bolsos de piel mujer, bolsas de piel negra, bolsas de piel de mayoreo.\",\"description\":\"Vianala\",\"publisher\":{\"@id\":\"https:\/\/vianala.com\/en\/#organization\"},\"alternateName\":\"Vianala\",\"potentialAction\":[{\"@type\":\"SearchAction\",\"target\":{\"@type\":\"EntryPoint\",\"urlTemplate\":\"https:\/\/vianala.com\/en\/?s={search_term_string}\"},\"query-input\":\"required name=search_term_string\"}],\"inLanguage\":\"en-US\"},{\"@type\":\"Organization\",\"@id\":\"https:\/\/vianala.com\/en\/#organization\",\"name\":\"Bolsas de piel para dama Le\u00f3n Guanajuato Vianala. Bolsos de piel para mujer, Bolsas de piel para dama precio, bolsos piel mujer, bolsos de piel mujer, bolsas de piel negra, bolsas de piel de mayoreo.\",\"url\":\"https:\/\/vianala.com\/en\/\",\"logo\":{\"@type\":\"ImageObject\",\"inLanguage\":\"en-US\",\"@id\":\"https:\/\/vianala.com\/en\/#\/schema\/logo\/image\/\",\"url\":\"https:\/\/vianala.com\/wp-content\/uploads\/2022\/02\/7.-Logo-Vianala.jpg\",\"contentUrl\":\"https:\/\/vianala.com\/wp-content\/uploads\/2022\/02\/7.-Logo-Vianala.jpg\",\"width\":2249,\"height\":2249,\"caption\":\"Bolsas de piel para dama Le\u00f3n Guanajuato Vianala. Bolsos de piel para mujer, Bolsas de piel para dama precio, bolsos piel mujer, bolsos de piel mujer, bolsas de piel negra, bolsas de piel de mayoreo.\"},\"image\":{\"@id\":\"https:\/\/vianala.com\/en\/#\/schema\/logo\/image\/\"},\"sameAs\":[\"https:\/\/www.facebook.com\/vianalabolsas\",\"https:\/\/www.instagram.com\/vianala_bolsas\/\",\"https:\/\/wa.me\/5214777133305\"]}]}<\/script>\n<!-- \/ Yoast SEO plugin. -->","yoast_head_json":{"title":"Carpeta de piel tama\u00f1o oficio tipo folder","description":"Carpeta de piel genuina Tama\u00f1o oficio A4 Legal. Medidas: 25 x 37 x 2 cmPortadocumentos ejecutivo cierra con broche de im\u00e1nElegante portadocumentos de piel genuina, ideal para documentos oficiales, para entregar las escrituras, diplomas, t\u00edtulo","robots":{"index":"index","follow":"follow","max-snippet":"max-snippet:-1","max-image-preview":"max-image-preview:large","max-video-preview":"max-video-preview:-1"},"canonical":"https:\/\/vianala.com\/en\/tienda\/carpeta-tamano-oficio-tipo-folder\/","og_locale":"en_US","og_type":"article","og_title":"Carpeta de piel tama\u00f1o oficio tipo folder","og_description":"Carpeta de piel genuina Tama\u00f1o oficio A4 Legal. Medidas: 25 x 37 x 2 cmPortadocumentos ejecutivo cierra con broche de im\u00e1nElegante portadocumentos de piel genuina, ideal para documentos oficiales, para entregar las escrituras, diplomas, t\u00edtulo","og_url":"https:\/\/vianala.com\/en\/tienda\/carpeta-tamano-oficio-tipo-folder\/","og_site_name":"Vianala","article_publisher":"https:\/\/www.facebook.com\/vianalabolsas","article_modified_time":"2025-08-06T19:45:21+00:00","og_image":[{"width":960,"height":960,"url":"https:\/\/vianala.com\/wp-content\/uploads\/2023\/06\/670r-ne-carpeta-piel-genuina-670r-ne-oficio-3.jpg","type":"image\/jpeg"}],"twitter_card":"summary_large_image","twitter_misc":{"Est. reading time":"1 minute"},"schema":{"@context":"https:\/\/schema.org","@graph":[{"@type":"WebPage","@id":"https:\/\/vianala.com\/en\/tienda\/carpeta-tamano-oficio-tipo-folder\/","url":"https:\/\/vianala.com\/en\/tienda\/carpeta-tamano-oficio-tipo-folder\/","name":"Carpeta de piel tama\u00f1o oficio tipo folder","isPartOf":{"@id":"https:\/\/vianala.com\/en\/#website"},"datePublished":"2023-06-05T13:46:54+00:00","dateModified":"2025-08-06T19:45:21+00:00","description":"Carpeta de piel genuina Tama\u00f1o oficio A4 Legal. Medidas: 25 x 37 x 2 cmPortadocumentos ejecutivo cierra con broche de im\u00e1nElegante portadocumentos de piel genuina, ideal para documentos oficiales, para entregar las escrituras, diplomas, t\u00edtulo","breadcrumb":{"@id":"https:\/\/vianala.com\/en\/tienda\/carpeta-tamano-oficio-tipo-folder\/#breadcrumb"},"inLanguage":"en-US","potentialAction":[{"@type":"ReadAction","target":["https:\/\/vianala.com\/en\/tienda\/carpeta-tamano-oficio-tipo-folder\/"]}]},{"@type":"BreadcrumbList","@id":"https:\/\/vianala.com\/en\/tienda\/carpeta-tamano-oficio-tipo-folder\/#breadcrumb","itemListElement":[{"@type":"ListItem","position":1,"name":"","item":"https:\/\/vianala.com\/en\/"},{"@type":"ListItem","position":2,"name":"Portada","item":"https:\/\/vianala.com\/en\/"},{"@type":"ListItem","position":3,"name":"Shop","item":"https:\/\/vianala.com\/en\/shop\/"},{"@type":"ListItem","position":4,"name":"Carpeta de piel tama\u00f1o oficio tipo folder"}]},{"@type":"WebSite","@id":"https:\/\/vianala.com\/en\/#website","url":"https:\/\/vianala.com\/en\/","name":"Bolsas de piel para dama Le\u00f3n Guanajuato Vianala. Bolsos de piel para mujer, Bolsas de piel para dama precio, bolsos piel mujer, bolsos de piel mujer, bolsas de piel negra, bolsas de piel de mayoreo.","description":"Vianala","publisher":{"@id":"https:\/\/vianala.com\/en\/#organization"},"alternateName":"Vianala","potentialAction":[{"@type":"SearchAction","target":{"@type":"EntryPoint","urlTemplate":"https:\/\/vianala.com\/en\/?s={search_term_string}"},"query-input":"required name=search_term_string"}],"inLanguage":"en-US"},{"@type":"Organization","@id":"https:\/\/vianala.com\/en\/#organization","name":"Bolsas de piel para dama Le\u00f3n Guanajuato Vianala. Bolsos de piel para mujer, Bolsas de piel para dama precio, bolsos piel mujer, bolsos de piel mujer, bolsas de piel negra, bolsas de piel de mayoreo.","url":"https:\/\/vianala.com\/en\/","logo":{"@type":"ImageObject","inLanguage":"en-US","@id":"https:\/\/vianala.com\/en\/#\/schema\/logo\/image\/","url":"https:\/\/vianala.com\/wp-content\/uploads\/2022\/02\/7.-Logo-Vianala.jpg","contentUrl":"https:\/\/vianala.com\/wp-content\/uploads\/2022\/02\/7.-Logo-Vianala.jpg","width":2249,"height":2249,"caption":"Bolsas de piel para dama Le\u00f3n Guanajuato Vianala. Bolsos de piel para mujer, Bolsas de piel para dama precio, bolsos piel mujer, bolsos de piel mujer, bolsas de piel negra, bolsas de piel de mayoreo."},"image":{"@id":"https:\/\/vianala.com\/en\/#\/schema\/logo\/image\/"},"sameAs":["https:\/\/www.facebook.com\/vianalabolsas","https:\/\/www.instagram.com\/vianala_bolsas\/","https:\/\/wa.me\/5214777133305"]}]}},"_links":{"self":[{"href":"https:\/\/vianala.com\/en\/wp-json\/wp\/v2\/product\/25591"}],"collection":[{"href":"https:\/\/vianala.com\/en\/wp-json\/wp\/v2\/product"}],"about":[{"href":"https:\/\/vianala.com\/en\/wp-json\/wp\/v2\/types\/product"}],"replies":[{"embeddable":true,"href":"https:\/\/vianala.com\/en\/wp-json\/wp\/v2\/comments?post=25591"}],"wp:featuredmedia":[{"embeddable":true,"href":"https:\/\/vianala.com\/en\/wp-json\/wp\/v2\/media\/25597"}],"wp:attachment":[{"href":"https:\/\/vianala.com\/en\/wp-json\/wp\/v2\/media?parent=25591"}],"wp:term":[{"taxonomy":"product_cat","embeddable":true,"href":"https:\/\/vianala.com\/en\/wp-json\/wp\/v2\/product_cat?post=25591"},{"taxonomy":"product_tag","embeddable":true,"href":"https:\/\/vianala.com\/en\/wp-json\/wp\/v2\/product_tag?post=25591"}],"curies":[{"name":"wp","href":"https:\/\/api.w.org\/{rel}","templated":true}]}}