{"id":25623,"date":"2023-06-05T09:12:43","date_gmt":"2023-06-05T14:12:43","guid":{"rendered":"https:\/\/vianala.com\/?post_type=product&#038;p=25623"},"modified":"2025-11-02T11:24:47","modified_gmt":"2025-11-02T17:24:47","slug":"bandolera-negra-de-piel-weekender","status":"publish","type":"product","link":"https:\/\/vianala.com\/en\/tienda\/bandolera-negra-de-piel-weekender\/","title":{"rendered":"Bandolera negra de piel weekender"},"content":{"rendered":"<h2 style=\"text-align: right\">Bandolera negra de piel weekender<\/h2>\n<p>Bandolera de piel negra<\/p>\n<p>Mariconera para trasladar lo indispensable a diario. El asa permite adecuar la longitud deseada para mayor comodidad. Al exterior cuenta con una bolsa de cierre para localizaci\u00f3n r\u00e1pida de objetos. Su forma es ideal para ipad o tablet, libros medianos o media carta, cargadores, plumas, apuntadores, etc.<br \/>\nDe piel aut\u00e9ntica color negro con logo en bajo relieve que proyecta elegancia. Este producto es b\u00e1sico para acompa\u00f1arte en jornadas de trabajo o en tu andar d\u00eda a d\u00eda.<\/p>\n<h2>Bandolera negra de piel weekender<\/h2>\n","protected":false},"excerpt":{"rendered":"<p>Bandolera negra de piel weekender Bandolera de piel negra Mariconera para trasladar lo indispensable a diario. El asa permite adecuar la longitud deseada para mayor comodidad. Al exterior cuenta con una bolsa de cierre para localizaci\u00f3n r\u00e1pida de objetos. Su forma es ideal para ipad o tablet, libros medianos o media carta, cargadores, plumas, apuntadores, [&hellip;]<\/p>\n","protected":false},"featured_media":25626,"comment_status":"open","ping_status":"closed","template":"","meta":[],"product_cat":[38,40,314,30,39,32],"product_tag":[],"yoast_head":"<!-- This site is optimized with the Yoast SEO plugin v20.3 - https:\/\/yoast.com\/wordpress\/plugins\/seo\/ -->\n<title>B - Vianala B<\/title>\n<meta name=\"description\" content=\"Mariconera para trasladar lo indispensable a diario. El asa permite adecuar la longitud deseada para mayor comodidad. Al exterior cuenta con una bolsa de cierre para localizaci\u00f3n r\u00e1pida de objetos. Su forma es ideal para ipad o tablet, libros medianos o media carta, cargadores, plumas, apuntadores, etc.\" \/>\n<meta name=\"robots\" content=\"index, follow, max-snippet:-1, max-image-preview:large, max-video-preview:-1\" \/>\n<link rel=\"canonical\" href=\"https:\/\/vianala.com\/en\/tienda\/bandolera-negra-de-piel-weekender\/\" \/>\n<meta property=\"og:locale\" content=\"en_US\" \/>\n<meta property=\"og:type\" content=\"article\" \/>\n<meta property=\"og:title\" content=\"B - Vianala B\" \/>\n<meta property=\"og:description\" content=\"Mariconera para trasladar lo indispensable a diario. El asa permite adecuar la longitud deseada para mayor comodidad. Al exterior cuenta con una bolsa de cierre para localizaci\u00f3n r\u00e1pida de objetos. Su forma es ideal para ipad o tablet, libros medianos o media carta, cargadores, plumas, apuntadores, etc.\" \/>\n<meta property=\"og:url\" content=\"https:\/\/vianala.com\/en\/tienda\/bandolera-negra-de-piel-weekender\/\" \/>\n<meta property=\"og:site_name\" content=\"Vianala\" \/>\n<meta property=\"article:publisher\" content=\"https:\/\/www.facebook.com\/vianalabolsas\" \/>\n<meta property=\"article:modified_time\" content=\"2025-11-02T17:24:47+00:00\" \/>\n<meta property=\"og:image\" content=\"https:\/\/vianala.com\/wp-content\/uploads\/2023\/06\/Bolsos-bandolera-de-piel-negra-mariconera-para-hombre-de-marca-de-moda-2.jpg\" \/>\n\t<meta property=\"og:image:width\" content=\"960\" \/>\n\t<meta property=\"og:image:height\" content=\"960\" \/>\n\t<meta property=\"og:image:type\" content=\"image\/jpeg\" \/>\n<meta name=\"twitter:card\" content=\"summary_large_image\" \/>\n<meta name=\"twitter:label1\" content=\"Est. reading time\" \/>\n\t<meta name=\"twitter:data1\" content=\"1 minute\" \/>\n<script type=\"application\/ld+json\" class=\"yoast-schema-graph\">{\"@context\":\"https:\/\/schema.org\",\"@graph\":[{\"@type\":\"WebPage\",\"@id\":\"https:\/\/vianala.com\/en\/tienda\/bandolera-negra-de-piel-weekender\/\",\"url\":\"https:\/\/vianala.com\/en\/tienda\/bandolera-negra-de-piel-weekender\/\",\"name\":\"B - Vianala B\",\"isPartOf\":{\"@id\":\"https:\/\/vianala.com\/en\/#website\"},\"datePublished\":\"2023-06-05T14:12:43+00:00\",\"dateModified\":\"2025-11-02T17:24:47+00:00\",\"description\":\"Mariconera para trasladar lo indispensable a diario. El asa permite adecuar la longitud deseada para mayor comodidad. Al exterior cuenta con una bolsa de cierre para localizaci\u00f3n r\u00e1pida de objetos. Su forma es ideal para ipad o tablet, libros medianos o media carta, cargadores, plumas, apuntadores, etc.\",\"breadcrumb\":{\"@id\":\"https:\/\/vianala.com\/en\/tienda\/bandolera-negra-de-piel-weekender\/#breadcrumb\"},\"inLanguage\":\"en-US\",\"potentialAction\":[{\"@type\":\"ReadAction\",\"target\":[\"https:\/\/vianala.com\/en\/tienda\/bandolera-negra-de-piel-weekender\/\"]}]},{\"@type\":\"BreadcrumbList\",\"@id\":\"https:\/\/vianala.com\/en\/tienda\/bandolera-negra-de-piel-weekender\/#breadcrumb\",\"itemListElement\":[{\"@type\":\"ListItem\",\"position\":1,\"name\":\"\",\"item\":\"https:\/\/vianala.com\/en\/\"},{\"@type\":\"ListItem\",\"position\":2,\"name\":\"Portada\",\"item\":\"https:\/\/vianala.com\/en\/\"},{\"@type\":\"ListItem\",\"position\":3,\"name\":\"Shop\",\"item\":\"https:\/\/vianala.com\/en\/shop\/\"},{\"@type\":\"ListItem\",\"position\":4,\"name\":\"Bandolera negra de piel weekender\"}]},{\"@type\":\"WebSite\",\"@id\":\"https:\/\/vianala.com\/en\/#website\",\"url\":\"https:\/\/vianala.com\/en\/\",\"name\":\"Bolsas de piel para dama Le\u00f3n Guanajuato Vianala. Bolsos de piel para mujer, Bolsas de piel para dama precio, bolsos piel mujer, bolsos de piel mujer, bolsas de piel negra, bolsas de piel de mayoreo.\",\"description\":\"Vianala\",\"publisher\":{\"@id\":\"https:\/\/vianala.com\/en\/#organization\"},\"alternateName\":\"Vianala\",\"potentialAction\":[{\"@type\":\"SearchAction\",\"target\":{\"@type\":\"EntryPoint\",\"urlTemplate\":\"https:\/\/vianala.com\/en\/?s={search_term_string}\"},\"query-input\":\"required name=search_term_string\"}],\"inLanguage\":\"en-US\"},{\"@type\":\"Organization\",\"@id\":\"https:\/\/vianala.com\/en\/#organization\",\"name\":\"Bolsas de piel para dama Le\u00f3n Guanajuato Vianala. Bolsos de piel para mujer, Bolsas de piel para dama precio, bolsos piel mujer, bolsos de piel mujer, bolsas de piel negra, bolsas de piel de mayoreo.\",\"url\":\"https:\/\/vianala.com\/en\/\",\"logo\":{\"@type\":\"ImageObject\",\"inLanguage\":\"en-US\",\"@id\":\"https:\/\/vianala.com\/en\/#\/schema\/logo\/image\/\",\"url\":\"https:\/\/vianala.com\/wp-content\/uploads\/2022\/02\/7.-Logo-Vianala.jpg\",\"contentUrl\":\"https:\/\/vianala.com\/wp-content\/uploads\/2022\/02\/7.-Logo-Vianala.jpg\",\"width\":2249,\"height\":2249,\"caption\":\"Bolsas de piel para dama Le\u00f3n Guanajuato Vianala. Bolsos de piel para mujer, Bolsas de piel para dama precio, bolsos piel mujer, bolsos de piel mujer, bolsas de piel negra, bolsas de piel de mayoreo.\"},\"image\":{\"@id\":\"https:\/\/vianala.com\/en\/#\/schema\/logo\/image\/\"},\"sameAs\":[\"https:\/\/www.facebook.com\/vianalabolsas\",\"https:\/\/www.instagram.com\/vianala_bolsas\/\",\"https:\/\/wa.me\/5214777133305\"]}]}<\/script>\n<!-- \/ Yoast SEO plugin. -->","yoast_head_json":{"title":"B - Vianala B","description":"Mariconera para trasladar lo indispensable a diario. El asa permite adecuar la longitud deseada para mayor comodidad. Al exterior cuenta con una bolsa de cierre para localizaci\u00f3n r\u00e1pida de objetos. Su forma es ideal para ipad o tablet, libros medianos o media carta, cargadores, plumas, apuntadores, etc.","robots":{"index":"index","follow":"follow","max-snippet":"max-snippet:-1","max-image-preview":"max-image-preview:large","max-video-preview":"max-video-preview:-1"},"canonical":"https:\/\/vianala.com\/en\/tienda\/bandolera-negra-de-piel-weekender\/","og_locale":"en_US","og_type":"article","og_title":"B - Vianala B","og_description":"Mariconera para trasladar lo indispensable a diario. El asa permite adecuar la longitud deseada para mayor comodidad. Al exterior cuenta con una bolsa de cierre para localizaci\u00f3n r\u00e1pida de objetos. Su forma es ideal para ipad o tablet, libros medianos o media carta, cargadores, plumas, apuntadores, etc.","og_url":"https:\/\/vianala.com\/en\/tienda\/bandolera-negra-de-piel-weekender\/","og_site_name":"Vianala","article_publisher":"https:\/\/www.facebook.com\/vianalabolsas","article_modified_time":"2025-11-02T17:24:47+00:00","og_image":[{"width":960,"height":960,"url":"https:\/\/vianala.com\/wp-content\/uploads\/2023\/06\/Bolsos-bandolera-de-piel-negra-mariconera-para-hombre-de-marca-de-moda-2.jpg","type":"image\/jpeg"}],"twitter_card":"summary_large_image","twitter_misc":{"Est. reading time":"1 minute"},"schema":{"@context":"https:\/\/schema.org","@graph":[{"@type":"WebPage","@id":"https:\/\/vianala.com\/en\/tienda\/bandolera-negra-de-piel-weekender\/","url":"https:\/\/vianala.com\/en\/tienda\/bandolera-negra-de-piel-weekender\/","name":"B - Vianala B","isPartOf":{"@id":"https:\/\/vianala.com\/en\/#website"},"datePublished":"2023-06-05T14:12:43+00:00","dateModified":"2025-11-02T17:24:47+00:00","description":"Mariconera para trasladar lo indispensable a diario. El asa permite adecuar la longitud deseada para mayor comodidad. Al exterior cuenta con una bolsa de cierre para localizaci\u00f3n r\u00e1pida de objetos. Su forma es ideal para ipad o tablet, libros medianos o media carta, cargadores, plumas, apuntadores, etc.","breadcrumb":{"@id":"https:\/\/vianala.com\/en\/tienda\/bandolera-negra-de-piel-weekender\/#breadcrumb"},"inLanguage":"en-US","potentialAction":[{"@type":"ReadAction","target":["https:\/\/vianala.com\/en\/tienda\/bandolera-negra-de-piel-weekender\/"]}]},{"@type":"BreadcrumbList","@id":"https:\/\/vianala.com\/en\/tienda\/bandolera-negra-de-piel-weekender\/#breadcrumb","itemListElement":[{"@type":"ListItem","position":1,"name":"","item":"https:\/\/vianala.com\/en\/"},{"@type":"ListItem","position":2,"name":"Portada","item":"https:\/\/vianala.com\/en\/"},{"@type":"ListItem","position":3,"name":"Shop","item":"https:\/\/vianala.com\/en\/shop\/"},{"@type":"ListItem","position":4,"name":"Bandolera negra de piel weekender"}]},{"@type":"WebSite","@id":"https:\/\/vianala.com\/en\/#website","url":"https:\/\/vianala.com\/en\/","name":"Bolsas de piel para dama Le\u00f3n Guanajuato Vianala. Bolsos de piel para mujer, Bolsas de piel para dama precio, bolsos piel mujer, bolsos de piel mujer, bolsas de piel negra, bolsas de piel de mayoreo.","description":"Vianala","publisher":{"@id":"https:\/\/vianala.com\/en\/#organization"},"alternateName":"Vianala","potentialAction":[{"@type":"SearchAction","target":{"@type":"EntryPoint","urlTemplate":"https:\/\/vianala.com\/en\/?s={search_term_string}"},"query-input":"required name=search_term_string"}],"inLanguage":"en-US"},{"@type":"Organization","@id":"https:\/\/vianala.com\/en\/#organization","name":"Bolsas de piel para dama Le\u00f3n Guanajuato Vianala. Bolsos de piel para mujer, Bolsas de piel para dama precio, bolsos piel mujer, bolsos de piel mujer, bolsas de piel negra, bolsas de piel de mayoreo.","url":"https:\/\/vianala.com\/en\/","logo":{"@type":"ImageObject","inLanguage":"en-US","@id":"https:\/\/vianala.com\/en\/#\/schema\/logo\/image\/","url":"https:\/\/vianala.com\/wp-content\/uploads\/2022\/02\/7.-Logo-Vianala.jpg","contentUrl":"https:\/\/vianala.com\/wp-content\/uploads\/2022\/02\/7.-Logo-Vianala.jpg","width":2249,"height":2249,"caption":"Bolsas de piel para dama Le\u00f3n Guanajuato Vianala. Bolsos de piel para mujer, Bolsas de piel para dama precio, bolsos piel mujer, bolsos de piel mujer, bolsas de piel negra, bolsas de piel de mayoreo."},"image":{"@id":"https:\/\/vianala.com\/en\/#\/schema\/logo\/image\/"},"sameAs":["https:\/\/www.facebook.com\/vianalabolsas","https:\/\/www.instagram.com\/vianala_bolsas\/","https:\/\/wa.me\/5214777133305"]}]}},"_links":{"self":[{"href":"https:\/\/vianala.com\/en\/wp-json\/wp\/v2\/product\/25623"}],"collection":[{"href":"https:\/\/vianala.com\/en\/wp-json\/wp\/v2\/product"}],"about":[{"href":"https:\/\/vianala.com\/en\/wp-json\/wp\/v2\/types\/product"}],"replies":[{"embeddable":true,"href":"https:\/\/vianala.com\/en\/wp-json\/wp\/v2\/comments?post=25623"}],"wp:featuredmedia":[{"embeddable":true,"href":"https:\/\/vianala.com\/en\/wp-json\/wp\/v2\/media\/25626"}],"wp:attachment":[{"href":"https:\/\/vianala.com\/en\/wp-json\/wp\/v2\/media?parent=25623"}],"wp:term":[{"taxonomy":"product_cat","embeddable":true,"href":"https:\/\/vianala.com\/en\/wp-json\/wp\/v2\/product_cat?post=25623"},{"taxonomy":"product_tag","embeddable":true,"href":"https:\/\/vianala.com\/en\/wp-json\/wp\/v2\/product_tag?post=25623"}],"curies":[{"name":"wp","href":"https:\/\/api.w.org\/{rel}","templated":true}]}}