{"id":25757,"date":"2023-06-08T19:46:42","date_gmt":"2023-06-09T00:46:42","guid":{"rendered":"https:\/\/vianala.com\/?post_type=product&#038;p=25757"},"modified":"2026-03-19T14:08:05","modified_gmt":"2026-03-19T20:08:05","slug":"tula-monedero-verde","status":"publish","type":"product","link":"https:\/\/vianala.com\/en\/tienda\/tula-monedero-verde\/","title":{"rendered":"Tula Monedero Verde"},"content":{"rendered":"<p style=\"text-align: right\">Monedero para dama de piel verde<\/p>\n<p>Monedero de piel para mujer con cierre.<\/p>\n<p>Consulta pol\u00edticas de env\u00edo\u00a0<a href=\"https:\/\/www.vianala.com\/politicasenvio\/\">aqu\u00ed<\/a><\/p>\n<h2>Monedero para dama de piel personalizado verde<\/h2>\n<p>Checa nuestros accesorios de piel personalizados para hombre marca\u00a0<a href=\"http:\/\/www.omine.com.mx\/\" target=\"_blank\" rel=\"noopener\">OMINE<\/a><\/p>\n","protected":false},"excerpt":{"rendered":"<p>Monedero para dama de piel verde Monedero de piel para mujer con cierre. Consulta pol\u00edticas de env\u00edo\u00a0aqu\u00ed Monedero para dama de piel personalizado verde Checa nuestros accesorios de piel personalizados para hombre marca\u00a0OMINE<\/p>\n","protected":false},"featured_media":24432,"comment_status":"open","ping_status":"closed","template":"","meta":[],"product_cat":[307,320],"product_tag":[246,247,248,249],"yoast_head":"<!-- This site is optimized with the Yoast SEO plugin v20.3 - https:\/\/yoast.com\/wordpress\/plugins\/seo\/ -->\n<title>Monedero para dama de piel personalizado verde Vianala. Tienda online de monederos de piel personalizados iniciales monedero para mujer de piel monedero personalizado de piel para mujer<\/title>\n<meta name=\"description\" content=\"Monedero para dama de piel personalizado verde \u00a1Hazlo \u00fanico con tus iniciales! Personal\u00edzalo en l\u00ednea con letras doradas o plateadas. Compra online monederos de piel personalizados iniciales monedero para mujer de piel monedero personalizado de piel para mujer\" \/>\n<meta name=\"robots\" content=\"index, follow, max-snippet:-1, max-image-preview:large, max-video-preview:-1\" \/>\n<link rel=\"canonical\" href=\"https:\/\/vianala.com\/en\/tienda\/tula-monedero-verde\/\" \/>\n<meta property=\"og:locale\" content=\"en_US\" \/>\n<meta property=\"og:type\" content=\"article\" \/>\n<meta property=\"og:title\" content=\"Monedero para dama de piel personalizado verde Vianala. Tienda online de monederos de piel personalizados iniciales monedero para mujer de piel monedero personalizado de piel para mujer\" \/>\n<meta property=\"og:description\" content=\"Monedero para dama de piel personalizado verde \u00a1Hazlo \u00fanico con tus iniciales! Personal\u00edzalo en l\u00ednea con letras doradas o plateadas. Compra online monederos de piel personalizados iniciales monedero para mujer de piel monedero personalizado de piel para mujer\" \/>\n<meta property=\"og:url\" content=\"https:\/\/vianala.com\/en\/tienda\/tula-monedero-verde\/\" \/>\n<meta property=\"og:site_name\" content=\"Vianala\" \/>\n<meta property=\"article:publisher\" content=\"https:\/\/www.facebook.com\/vianalabolsas\" \/>\n<meta property=\"article:modified_time\" content=\"2026-03-19T20:08:05+00:00\" \/>\n<meta property=\"og:image\" content=\"https:\/\/vianala.com\/wp-content\/uploads\/2023\/01\/Monedero-verde-botella.jpg\" \/>\n\t<meta property=\"og:image:width\" content=\"720\" \/>\n\t<meta property=\"og:image:height\" content=\"720\" \/>\n\t<meta property=\"og:image:type\" content=\"image\/jpeg\" \/>\n<meta name=\"twitter:card\" content=\"summary_large_image\" \/>\n<meta name=\"twitter:label1\" content=\"Est. reading time\" \/>\n\t<meta name=\"twitter:data1\" content=\"1 minute\" \/>\n<script type=\"application\/ld+json\" class=\"yoast-schema-graph\">{\"@context\":\"https:\/\/schema.org\",\"@graph\":[{\"@type\":\"WebPage\",\"@id\":\"https:\/\/vianala.com\/en\/tienda\/tula-monedero-verde\/\",\"url\":\"https:\/\/vianala.com\/en\/tienda\/tula-monedero-verde\/\",\"name\":\"Monedero para dama de piel personalizado verde Vianala. Tienda online de monederos de piel personalizados iniciales monedero para mujer de piel monedero personalizado de piel para mujer\",\"isPartOf\":{\"@id\":\"https:\/\/vianala.com\/en\/#website\"},\"datePublished\":\"2023-06-09T00:46:42+00:00\",\"dateModified\":\"2026-03-19T20:08:05+00:00\",\"description\":\"Monedero para dama de piel personalizado verde \u00a1Hazlo \u00fanico con tus iniciales! Personal\u00edzalo en l\u00ednea con letras doradas o plateadas. Compra online monederos de piel personalizados iniciales monedero para mujer de piel monedero personalizado de piel para mujer\",\"breadcrumb\":{\"@id\":\"https:\/\/vianala.com\/en\/tienda\/tula-monedero-verde\/#breadcrumb\"},\"inLanguage\":\"en-US\",\"potentialAction\":[{\"@type\":\"ReadAction\",\"target\":[\"https:\/\/vianala.com\/en\/tienda\/tula-monedero-verde\/\"]}]},{\"@type\":\"BreadcrumbList\",\"@id\":\"https:\/\/vianala.com\/en\/tienda\/tula-monedero-verde\/#breadcrumb\",\"itemListElement\":[{\"@type\":\"ListItem\",\"position\":1,\"name\":\"\",\"item\":\"https:\/\/vianala.com\/en\/\"},{\"@type\":\"ListItem\",\"position\":2,\"name\":\"Portada\",\"item\":\"https:\/\/vianala.com\/en\/\"},{\"@type\":\"ListItem\",\"position\":3,\"name\":\"Shop\",\"item\":\"https:\/\/vianala.com\/en\/shop\/\"},{\"@type\":\"ListItem\",\"position\":4,\"name\":\"Tula Monedero Verde\"}]},{\"@type\":\"WebSite\",\"@id\":\"https:\/\/vianala.com\/en\/#website\",\"url\":\"https:\/\/vianala.com\/en\/\",\"name\":\"Bolsas de piel para dama Le\u00f3n Guanajuato Vianala. Bolsos de piel para mujer, Bolsas de piel para dama precio, bolsos piel mujer, bolsos de piel mujer, bolsas de piel negra, bolsas de piel de mayoreo.\",\"description\":\"Vianala\",\"publisher\":{\"@id\":\"https:\/\/vianala.com\/en\/#organization\"},\"alternateName\":\"Vianala\",\"potentialAction\":[{\"@type\":\"SearchAction\",\"target\":{\"@type\":\"EntryPoint\",\"urlTemplate\":\"https:\/\/vianala.com\/en\/?s={search_term_string}\"},\"query-input\":\"required name=search_term_string\"}],\"inLanguage\":\"en-US\"},{\"@type\":\"Organization\",\"@id\":\"https:\/\/vianala.com\/en\/#organization\",\"name\":\"Bolsas de piel para dama Le\u00f3n Guanajuato Vianala. Bolsos de piel para mujer, Bolsas de piel para dama precio, bolsos piel mujer, bolsos de piel mujer, bolsas de piel negra, bolsas de piel de mayoreo.\",\"url\":\"https:\/\/vianala.com\/en\/\",\"logo\":{\"@type\":\"ImageObject\",\"inLanguage\":\"en-US\",\"@id\":\"https:\/\/vianala.com\/en\/#\/schema\/logo\/image\/\",\"url\":\"https:\/\/vianala.com\/wp-content\/uploads\/2022\/02\/7.-Logo-Vianala.jpg\",\"contentUrl\":\"https:\/\/vianala.com\/wp-content\/uploads\/2022\/02\/7.-Logo-Vianala.jpg\",\"width\":2249,\"height\":2249,\"caption\":\"Bolsas de piel para dama Le\u00f3n Guanajuato Vianala. Bolsos de piel para mujer, Bolsas de piel para dama precio, bolsos piel mujer, bolsos de piel mujer, bolsas de piel negra, bolsas de piel de mayoreo.\"},\"image\":{\"@id\":\"https:\/\/vianala.com\/en\/#\/schema\/logo\/image\/\"},\"sameAs\":[\"https:\/\/www.facebook.com\/vianalabolsas\",\"https:\/\/www.instagram.com\/vianala_bolsas\/\",\"https:\/\/wa.me\/5214777133305\"]}]}<\/script>\n<!-- \/ Yoast SEO plugin. -->","yoast_head_json":{"title":"Monedero para dama de piel personalizado verde Vianala. Tienda online de monederos de piel personalizados iniciales monedero para mujer de piel monedero personalizado de piel para mujer","description":"Monedero para dama de piel personalizado verde \u00a1Hazlo \u00fanico con tus iniciales! Personal\u00edzalo en l\u00ednea con letras doradas o plateadas. Compra online monederos de piel personalizados iniciales monedero para mujer de piel monedero personalizado de piel para mujer","robots":{"index":"index","follow":"follow","max-snippet":"max-snippet:-1","max-image-preview":"max-image-preview:large","max-video-preview":"max-video-preview:-1"},"canonical":"https:\/\/vianala.com\/en\/tienda\/tula-monedero-verde\/","og_locale":"en_US","og_type":"article","og_title":"Monedero para dama de piel personalizado verde Vianala. Tienda online de monederos de piel personalizados iniciales monedero para mujer de piel monedero personalizado de piel para mujer","og_description":"Monedero para dama de piel personalizado verde \u00a1Hazlo \u00fanico con tus iniciales! Personal\u00edzalo en l\u00ednea con letras doradas o plateadas. Compra online monederos de piel personalizados iniciales monedero para mujer de piel monedero personalizado de piel para mujer","og_url":"https:\/\/vianala.com\/en\/tienda\/tula-monedero-verde\/","og_site_name":"Vianala","article_publisher":"https:\/\/www.facebook.com\/vianalabolsas","article_modified_time":"2026-03-19T20:08:05+00:00","og_image":[{"width":720,"height":720,"url":"https:\/\/vianala.com\/wp-content\/uploads\/2023\/01\/Monedero-verde-botella.jpg","type":"image\/jpeg"}],"twitter_card":"summary_large_image","twitter_misc":{"Est. reading time":"1 minute"},"schema":{"@context":"https:\/\/schema.org","@graph":[{"@type":"WebPage","@id":"https:\/\/vianala.com\/en\/tienda\/tula-monedero-verde\/","url":"https:\/\/vianala.com\/en\/tienda\/tula-monedero-verde\/","name":"Monedero para dama de piel personalizado verde Vianala. Tienda online de monederos de piel personalizados iniciales monedero para mujer de piel monedero personalizado de piel para mujer","isPartOf":{"@id":"https:\/\/vianala.com\/en\/#website"},"datePublished":"2023-06-09T00:46:42+00:00","dateModified":"2026-03-19T20:08:05+00:00","description":"Monedero para dama de piel personalizado verde \u00a1Hazlo \u00fanico con tus iniciales! Personal\u00edzalo en l\u00ednea con letras doradas o plateadas. Compra online monederos de piel personalizados iniciales monedero para mujer de piel monedero personalizado de piel para mujer","breadcrumb":{"@id":"https:\/\/vianala.com\/en\/tienda\/tula-monedero-verde\/#breadcrumb"},"inLanguage":"en-US","potentialAction":[{"@type":"ReadAction","target":["https:\/\/vianala.com\/en\/tienda\/tula-monedero-verde\/"]}]},{"@type":"BreadcrumbList","@id":"https:\/\/vianala.com\/en\/tienda\/tula-monedero-verde\/#breadcrumb","itemListElement":[{"@type":"ListItem","position":1,"name":"","item":"https:\/\/vianala.com\/en\/"},{"@type":"ListItem","position":2,"name":"Portada","item":"https:\/\/vianala.com\/en\/"},{"@type":"ListItem","position":3,"name":"Shop","item":"https:\/\/vianala.com\/en\/shop\/"},{"@type":"ListItem","position":4,"name":"Tula Monedero Verde"}]},{"@type":"WebSite","@id":"https:\/\/vianala.com\/en\/#website","url":"https:\/\/vianala.com\/en\/","name":"Bolsas de piel para dama Le\u00f3n Guanajuato Vianala. Bolsos de piel para mujer, Bolsas de piel para dama precio, bolsos piel mujer, bolsos de piel mujer, bolsas de piel negra, bolsas de piel de mayoreo.","description":"Vianala","publisher":{"@id":"https:\/\/vianala.com\/en\/#organization"},"alternateName":"Vianala","potentialAction":[{"@type":"SearchAction","target":{"@type":"EntryPoint","urlTemplate":"https:\/\/vianala.com\/en\/?s={search_term_string}"},"query-input":"required name=search_term_string"}],"inLanguage":"en-US"},{"@type":"Organization","@id":"https:\/\/vianala.com\/en\/#organization","name":"Bolsas de piel para dama Le\u00f3n Guanajuato Vianala. Bolsos de piel para mujer, Bolsas de piel para dama precio, bolsos piel mujer, bolsos de piel mujer, bolsas de piel negra, bolsas de piel de mayoreo.","url":"https:\/\/vianala.com\/en\/","logo":{"@type":"ImageObject","inLanguage":"en-US","@id":"https:\/\/vianala.com\/en\/#\/schema\/logo\/image\/","url":"https:\/\/vianala.com\/wp-content\/uploads\/2022\/02\/7.-Logo-Vianala.jpg","contentUrl":"https:\/\/vianala.com\/wp-content\/uploads\/2022\/02\/7.-Logo-Vianala.jpg","width":2249,"height":2249,"caption":"Bolsas de piel para dama Le\u00f3n Guanajuato Vianala. Bolsos de piel para mujer, Bolsas de piel para dama precio, bolsos piel mujer, bolsos de piel mujer, bolsas de piel negra, bolsas de piel de mayoreo."},"image":{"@id":"https:\/\/vianala.com\/en\/#\/schema\/logo\/image\/"},"sameAs":["https:\/\/www.facebook.com\/vianalabolsas","https:\/\/www.instagram.com\/vianala_bolsas\/","https:\/\/wa.me\/5214777133305"]}]}},"_links":{"self":[{"href":"https:\/\/vianala.com\/en\/wp-json\/wp\/v2\/product\/25757"}],"collection":[{"href":"https:\/\/vianala.com\/en\/wp-json\/wp\/v2\/product"}],"about":[{"href":"https:\/\/vianala.com\/en\/wp-json\/wp\/v2\/types\/product"}],"replies":[{"embeddable":true,"href":"https:\/\/vianala.com\/en\/wp-json\/wp\/v2\/comments?post=25757"}],"wp:featuredmedia":[{"embeddable":true,"href":"https:\/\/vianala.com\/en\/wp-json\/wp\/v2\/media\/24432"}],"wp:attachment":[{"href":"https:\/\/vianala.com\/en\/wp-json\/wp\/v2\/media?parent=25757"}],"wp:term":[{"taxonomy":"product_cat","embeddable":true,"href":"https:\/\/vianala.com\/en\/wp-json\/wp\/v2\/product_cat?post=25757"},{"taxonomy":"product_tag","embeddable":true,"href":"https:\/\/vianala.com\/en\/wp-json\/wp\/v2\/product_tag?post=25757"}],"curies":[{"name":"wp","href":"https:\/\/api.w.org\/{rel}","templated":true}]}}