{"id":26495,"date":"2023-08-07T11:44:02","date_gmt":"2023-08-07T16:44:02","guid":{"rendered":"https:\/\/vianala.com\/?post_type=product&#038;p=26495"},"modified":"2024-12-10T10:33:47","modified_gmt":"2024-12-10T16:33:47","slug":"bolsa-laptop-mujer-de-piel-roja-porta-laptop-para-mujer-de-piel-bolsa-de-mujer-para-laptop-bolso-laptop","status":"publish","type":"product","link":"https:\/\/vianala.com\/en\/tienda\/bolsa-laptop-mujer-de-piel-roja-porta-laptop-para-mujer-de-piel-bolsa-de-mujer-para-laptop-bolso-laptop\/","title":{"rendered":"Sey\u00e9 Porta Laptop Rojo"},"content":{"rendered":"<h2 style=\"text-align: center\">Bolsa laptop mujer de piel roja. Porta laptop<\/h2>\n<p style=\"text-align: right\">Bolsa laptop mujer de piel roja<\/p>\n<p>Este porta-laptop pr\u00e1ctico y con estilo es ideal para la universidad o la oficina. Sus compartimentos hacen que tu laptop, tablet, y otros b\u00e1sicos est\u00e9n seguros y a la mano. Cuenta con un asa larga desmontable que se adapta a ti.<\/p>\n<p style=\"text-align: left\">Bolsa laptop mujer de piel roja. Porta laptop<\/p>\n","protected":false},"excerpt":{"rendered":"<p>Bolsa laptop mujer de piel roja. Porta laptop Bolsa laptop mujer de piel roja Este porta-laptop pr\u00e1ctico y con estilo es ideal para la universidad o la oficina. Sus compartimentos hacen que tu laptop, tablet, y otros b\u00e1sicos est\u00e9n seguros y a la mano. Cuenta con un asa larga desmontable que se adapta a ti. [&hellip;]<\/p>\n","protected":false},"featured_media":26702,"comment_status":"open","ping_status":"closed","template":"","meta":[],"product_cat":[300,329,327,187,42,308,44,27],"product_tag":[357,360,358,359,356],"yoast_head":"<!-- This site is optimized with the Yoast SEO plugin v20.3 - https:\/\/yoast.com\/wordpress\/plugins\/seo\/ -->\n<title>Bolsa laptop mujer de piel roja. Porta laptop Vianala para mujer \u00a1Personal\u00edzala online con tus iniciales! Tienda en l\u00ednea de bolsa de mujer para laptop, bolso laptop mujer, bolso porta laptop para mujer.<\/title>\n<meta name=\"description\" content=\"Bolsa laptop mujer de piel roja. Porta laptop de piel genuina. Gratis env\u00edo a todo M\u00e9xico. Entra ya, checa nuestros estilos Vianala y elige tu pr\u00f3xima bolsa de mujer para laptop, bolso laptop mujer, bolso porta laptop para mujer.\" \/>\n<meta name=\"robots\" content=\"index, follow, max-snippet:-1, max-image-preview:large, max-video-preview:-1\" \/>\n<link rel=\"canonical\" href=\"https:\/\/vianala.com\/en\/tienda\/bolsa-laptop-mujer-de-piel-roja-porta-laptop-para-mujer-de-piel-bolsa-de-mujer-para-laptop-bolso-laptop\/\" \/>\n<meta property=\"og:locale\" content=\"en_US\" \/>\n<meta property=\"og:type\" content=\"article\" \/>\n<meta property=\"og:title\" content=\"Bolsa laptop mujer de piel roja. Porta laptop Vianala para mujer \u00a1Personal\u00edzala online con tus iniciales! Tienda en l\u00ednea de bolsa de mujer para laptop, bolso laptop mujer, bolso porta laptop para mujer.\" \/>\n<meta property=\"og:description\" content=\"Bolsa laptop mujer de piel roja. Porta laptop de piel genuina. Gratis env\u00edo a todo M\u00e9xico. Entra ya, checa nuestros estilos Vianala y elige tu pr\u00f3xima bolsa de mujer para laptop, bolso laptop mujer, bolso porta laptop para mujer.\" \/>\n<meta property=\"og:url\" content=\"https:\/\/vianala.com\/en\/tienda\/bolsa-laptop-mujer-de-piel-roja-porta-laptop-para-mujer-de-piel-bolsa-de-mujer-para-laptop-bolso-laptop\/\" \/>\n<meta property=\"og:site_name\" content=\"Vianala\" \/>\n<meta property=\"article:publisher\" content=\"https:\/\/www.facebook.com\/vianalabolsas\" \/>\n<meta property=\"article:modified_time\" content=\"2024-12-10T16:33:47+00:00\" \/>\n<meta property=\"og:image\" content=\"https:\/\/vianala.com\/wp-content\/uploads\/2023\/08\/estilo-774-rojo-002.jpg\" \/>\n\t<meta property=\"og:image:width\" content=\"960\" \/>\n\t<meta property=\"og:image:height\" content=\"960\" \/>\n\t<meta property=\"og:image:type\" content=\"image\/jpeg\" \/>\n<meta name=\"twitter:card\" content=\"summary_large_image\" \/>\n<meta name=\"twitter:label1\" content=\"Est. reading time\" \/>\n\t<meta name=\"twitter:data1\" content=\"1 minute\" \/>\n<script type=\"application\/ld+json\" class=\"yoast-schema-graph\">{\"@context\":\"https:\/\/schema.org\",\"@graph\":[{\"@type\":\"WebPage\",\"@id\":\"https:\/\/vianala.com\/en\/tienda\/bolsa-laptop-mujer-de-piel-roja-porta-laptop-para-mujer-de-piel-bolsa-de-mujer-para-laptop-bolso-laptop\/\",\"url\":\"https:\/\/vianala.com\/en\/tienda\/bolsa-laptop-mujer-de-piel-roja-porta-laptop-para-mujer-de-piel-bolsa-de-mujer-para-laptop-bolso-laptop\/\",\"name\":\"Bolsa laptop mujer de piel roja. Porta laptop Vianala para mujer \u00a1Personal\u00edzala online con tus iniciales! Tienda en l\u00ednea de bolsa de mujer para laptop, bolso laptop mujer, bolso porta laptop para mujer.\",\"isPartOf\":{\"@id\":\"https:\/\/vianala.com\/en\/#website\"},\"datePublished\":\"2023-08-07T16:44:02+00:00\",\"dateModified\":\"2024-12-10T16:33:47+00:00\",\"description\":\"Bolsa laptop mujer de piel roja. Porta laptop de piel genuina. Gratis env\u00edo a todo M\u00e9xico. Entra ya, checa nuestros estilos Vianala y elige tu pr\u00f3xima bolsa de mujer para laptop, bolso laptop mujer, bolso porta laptop para mujer.\",\"breadcrumb\":{\"@id\":\"https:\/\/vianala.com\/en\/tienda\/bolsa-laptop-mujer-de-piel-roja-porta-laptop-para-mujer-de-piel-bolsa-de-mujer-para-laptop-bolso-laptop\/#breadcrumb\"},\"inLanguage\":\"en-US\",\"potentialAction\":[{\"@type\":\"ReadAction\",\"target\":[\"https:\/\/vianala.com\/en\/tienda\/bolsa-laptop-mujer-de-piel-roja-porta-laptop-para-mujer-de-piel-bolsa-de-mujer-para-laptop-bolso-laptop\/\"]}]},{\"@type\":\"BreadcrumbList\",\"@id\":\"https:\/\/vianala.com\/en\/tienda\/bolsa-laptop-mujer-de-piel-roja-porta-laptop-para-mujer-de-piel-bolsa-de-mujer-para-laptop-bolso-laptop\/#breadcrumb\",\"itemListElement\":[{\"@type\":\"ListItem\",\"position\":1,\"name\":\"\",\"item\":\"https:\/\/vianala.com\/en\/\"},{\"@type\":\"ListItem\",\"position\":2,\"name\":\"Portada\",\"item\":\"https:\/\/vianala.com\/en\/\"},{\"@type\":\"ListItem\",\"position\":3,\"name\":\"Shop\",\"item\":\"https:\/\/vianala.com\/en\/shop\/\"},{\"@type\":\"ListItem\",\"position\":4,\"name\":\"Sey\u00e9 Porta Laptop Rojo\"}]},{\"@type\":\"WebSite\",\"@id\":\"https:\/\/vianala.com\/en\/#website\",\"url\":\"https:\/\/vianala.com\/en\/\",\"name\":\"Bolsas de piel para dama Le\u00f3n Guanajuato Vianala. Bolsos de piel para mujer, Bolsas de piel para dama precio, bolsos piel mujer, bolsos de piel mujer, bolsas de piel negra, bolsas de piel de mayoreo.\",\"description\":\"Vianala\",\"publisher\":{\"@id\":\"https:\/\/vianala.com\/en\/#organization\"},\"alternateName\":\"Vianala\",\"potentialAction\":[{\"@type\":\"SearchAction\",\"target\":{\"@type\":\"EntryPoint\",\"urlTemplate\":\"https:\/\/vianala.com\/en\/?s={search_term_string}\"},\"query-input\":\"required name=search_term_string\"}],\"inLanguage\":\"en-US\"},{\"@type\":\"Organization\",\"@id\":\"https:\/\/vianala.com\/en\/#organization\",\"name\":\"Bolsas de piel para dama Le\u00f3n Guanajuato Vianala. Bolsos de piel para mujer, Bolsas de piel para dama precio, bolsos piel mujer, bolsos de piel mujer, bolsas de piel negra, bolsas de piel de mayoreo.\",\"url\":\"https:\/\/vianala.com\/en\/\",\"logo\":{\"@type\":\"ImageObject\",\"inLanguage\":\"en-US\",\"@id\":\"https:\/\/vianala.com\/en\/#\/schema\/logo\/image\/\",\"url\":\"https:\/\/vianala.com\/wp-content\/uploads\/2022\/02\/7.-Logo-Vianala.jpg\",\"contentUrl\":\"https:\/\/vianala.com\/wp-content\/uploads\/2022\/02\/7.-Logo-Vianala.jpg\",\"width\":2249,\"height\":2249,\"caption\":\"Bolsas de piel para dama Le\u00f3n Guanajuato Vianala. Bolsos de piel para mujer, Bolsas de piel para dama precio, bolsos piel mujer, bolsos de piel mujer, bolsas de piel negra, bolsas de piel de mayoreo.\"},\"image\":{\"@id\":\"https:\/\/vianala.com\/en\/#\/schema\/logo\/image\/\"},\"sameAs\":[\"https:\/\/www.facebook.com\/vianalabolsas\",\"https:\/\/www.instagram.com\/vianala_bolsas\/\",\"https:\/\/wa.me\/5214777133305\"]}]}<\/script>\n<!-- \/ Yoast SEO plugin. -->","yoast_head_json":{"title":"Bolsa laptop mujer de piel roja. Porta laptop Vianala para mujer \u00a1Personal\u00edzala online con tus iniciales! Tienda en l\u00ednea de bolsa de mujer para laptop, bolso laptop mujer, bolso porta laptop para mujer.","description":"Bolsa laptop mujer de piel roja. Porta laptop de piel genuina. Gratis env\u00edo a todo M\u00e9xico. Entra ya, checa nuestros estilos Vianala y elige tu pr\u00f3xima bolsa de mujer para laptop, bolso laptop mujer, bolso porta laptop para mujer.","robots":{"index":"index","follow":"follow","max-snippet":"max-snippet:-1","max-image-preview":"max-image-preview:large","max-video-preview":"max-video-preview:-1"},"canonical":"https:\/\/vianala.com\/en\/tienda\/bolsa-laptop-mujer-de-piel-roja-porta-laptop-para-mujer-de-piel-bolsa-de-mujer-para-laptop-bolso-laptop\/","og_locale":"en_US","og_type":"article","og_title":"Bolsa laptop mujer de piel roja. Porta laptop Vianala para mujer \u00a1Personal\u00edzala online con tus iniciales! Tienda en l\u00ednea de bolsa de mujer para laptop, bolso laptop mujer, bolso porta laptop para mujer.","og_description":"Bolsa laptop mujer de piel roja. Porta laptop de piel genuina. Gratis env\u00edo a todo M\u00e9xico. Entra ya, checa nuestros estilos Vianala y elige tu pr\u00f3xima bolsa de mujer para laptop, bolso laptop mujer, bolso porta laptop para mujer.","og_url":"https:\/\/vianala.com\/en\/tienda\/bolsa-laptop-mujer-de-piel-roja-porta-laptop-para-mujer-de-piel-bolsa-de-mujer-para-laptop-bolso-laptop\/","og_site_name":"Vianala","article_publisher":"https:\/\/www.facebook.com\/vianalabolsas","article_modified_time":"2024-12-10T16:33:47+00:00","og_image":[{"width":960,"height":960,"url":"https:\/\/vianala.com\/wp-content\/uploads\/2023\/08\/estilo-774-rojo-002.jpg","type":"image\/jpeg"}],"twitter_card":"summary_large_image","twitter_misc":{"Est. reading time":"1 minute"},"schema":{"@context":"https:\/\/schema.org","@graph":[{"@type":"WebPage","@id":"https:\/\/vianala.com\/en\/tienda\/bolsa-laptop-mujer-de-piel-roja-porta-laptop-para-mujer-de-piel-bolsa-de-mujer-para-laptop-bolso-laptop\/","url":"https:\/\/vianala.com\/en\/tienda\/bolsa-laptop-mujer-de-piel-roja-porta-laptop-para-mujer-de-piel-bolsa-de-mujer-para-laptop-bolso-laptop\/","name":"Bolsa laptop mujer de piel roja. Porta laptop Vianala para mujer \u00a1Personal\u00edzala online con tus iniciales! Tienda en l\u00ednea de bolsa de mujer para laptop, bolso laptop mujer, bolso porta laptop para mujer.","isPartOf":{"@id":"https:\/\/vianala.com\/en\/#website"},"datePublished":"2023-08-07T16:44:02+00:00","dateModified":"2024-12-10T16:33:47+00:00","description":"Bolsa laptop mujer de piel roja. Porta laptop de piel genuina. Gratis env\u00edo a todo M\u00e9xico. Entra ya, checa nuestros estilos Vianala y elige tu pr\u00f3xima bolsa de mujer para laptop, bolso laptop mujer, bolso porta laptop para mujer.","breadcrumb":{"@id":"https:\/\/vianala.com\/en\/tienda\/bolsa-laptop-mujer-de-piel-roja-porta-laptop-para-mujer-de-piel-bolsa-de-mujer-para-laptop-bolso-laptop\/#breadcrumb"},"inLanguage":"en-US","potentialAction":[{"@type":"ReadAction","target":["https:\/\/vianala.com\/en\/tienda\/bolsa-laptop-mujer-de-piel-roja-porta-laptop-para-mujer-de-piel-bolsa-de-mujer-para-laptop-bolso-laptop\/"]}]},{"@type":"BreadcrumbList","@id":"https:\/\/vianala.com\/en\/tienda\/bolsa-laptop-mujer-de-piel-roja-porta-laptop-para-mujer-de-piel-bolsa-de-mujer-para-laptop-bolso-laptop\/#breadcrumb","itemListElement":[{"@type":"ListItem","position":1,"name":"","item":"https:\/\/vianala.com\/en\/"},{"@type":"ListItem","position":2,"name":"Portada","item":"https:\/\/vianala.com\/en\/"},{"@type":"ListItem","position":3,"name":"Shop","item":"https:\/\/vianala.com\/en\/shop\/"},{"@type":"ListItem","position":4,"name":"Sey\u00e9 Porta Laptop Rojo"}]},{"@type":"WebSite","@id":"https:\/\/vianala.com\/en\/#website","url":"https:\/\/vianala.com\/en\/","name":"Bolsas de piel para dama Le\u00f3n Guanajuato Vianala. Bolsos de piel para mujer, Bolsas de piel para dama precio, bolsos piel mujer, bolsos de piel mujer, bolsas de piel negra, bolsas de piel de mayoreo.","description":"Vianala","publisher":{"@id":"https:\/\/vianala.com\/en\/#organization"},"alternateName":"Vianala","potentialAction":[{"@type":"SearchAction","target":{"@type":"EntryPoint","urlTemplate":"https:\/\/vianala.com\/en\/?s={search_term_string}"},"query-input":"required name=search_term_string"}],"inLanguage":"en-US"},{"@type":"Organization","@id":"https:\/\/vianala.com\/en\/#organization","name":"Bolsas de piel para dama Le\u00f3n Guanajuato Vianala. Bolsos de piel para mujer, Bolsas de piel para dama precio, bolsos piel mujer, bolsos de piel mujer, bolsas de piel negra, bolsas de piel de mayoreo.","url":"https:\/\/vianala.com\/en\/","logo":{"@type":"ImageObject","inLanguage":"en-US","@id":"https:\/\/vianala.com\/en\/#\/schema\/logo\/image\/","url":"https:\/\/vianala.com\/wp-content\/uploads\/2022\/02\/7.-Logo-Vianala.jpg","contentUrl":"https:\/\/vianala.com\/wp-content\/uploads\/2022\/02\/7.-Logo-Vianala.jpg","width":2249,"height":2249,"caption":"Bolsas de piel para dama Le\u00f3n Guanajuato Vianala. Bolsos de piel para mujer, Bolsas de piel para dama precio, bolsos piel mujer, bolsos de piel mujer, bolsas de piel negra, bolsas de piel de mayoreo."},"image":{"@id":"https:\/\/vianala.com\/en\/#\/schema\/logo\/image\/"},"sameAs":["https:\/\/www.facebook.com\/vianalabolsas","https:\/\/www.instagram.com\/vianala_bolsas\/","https:\/\/wa.me\/5214777133305"]}]}},"_links":{"self":[{"href":"https:\/\/vianala.com\/en\/wp-json\/wp\/v2\/product\/26495"}],"collection":[{"href":"https:\/\/vianala.com\/en\/wp-json\/wp\/v2\/product"}],"about":[{"href":"https:\/\/vianala.com\/en\/wp-json\/wp\/v2\/types\/product"}],"replies":[{"embeddable":true,"href":"https:\/\/vianala.com\/en\/wp-json\/wp\/v2\/comments?post=26495"}],"wp:featuredmedia":[{"embeddable":true,"href":"https:\/\/vianala.com\/en\/wp-json\/wp\/v2\/media\/26702"}],"wp:attachment":[{"href":"https:\/\/vianala.com\/en\/wp-json\/wp\/v2\/media?parent=26495"}],"wp:term":[{"taxonomy":"product_cat","embeddable":true,"href":"https:\/\/vianala.com\/en\/wp-json\/wp\/v2\/product_cat?post=26495"},{"taxonomy":"product_tag","embeddable":true,"href":"https:\/\/vianala.com\/en\/wp-json\/wp\/v2\/product_tag?post=26495"}],"curies":[{"name":"wp","href":"https:\/\/api.w.org\/{rel}","templated":true}]}}