{"id":26509,"date":"2023-08-08T14:27:07","date_gmt":"2023-08-08T19:27:07","guid":{"rendered":"https:\/\/vianala.com\/?post_type=product&#038;p=26509"},"modified":"2026-04-27T17:11:39","modified_gmt":"2026-04-27T22:11:39","slug":"bolsa-al-hombro-mujer-de-piel-bolsas-de-hombro-para-dama-bolsos-hobo-piel-bolso-tipo-hobo-bolso-shoulder-bolso-hombro-mujer","status":"publish","type":"product","link":"https:\/\/vianala.com\/en\/tienda\/bolsa-al-hombro-mujer-de-piel-bolsas-de-hombro-para-dama-bolsos-hobo-piel-bolso-tipo-hobo-bolso-shoulder-bolso-hombro-mujer\/","title":{"rendered":"Muna Hobo Verde"},"content":{"rendered":"<h2 style=\"text-align: right\">Bolsa al hombro mujer de piel. Bolsas de hombro para dama<\/h2>\n<p>Bolsa de piel tipo hobo. Incluye una cosmetiquera para los art\u00edculos que quieras siempre a la mano, un \u00fanico compartimento con el espacio perfecto para tu d\u00eda a d\u00eda y un cierre de im\u00e1n para que te sientas siempre segura.<\/p>\n<p style=\"text-align: left\">Bolsa al hombro mujer de piel. Bolsas de hombro para dama<\/p>\n","protected":false},"excerpt":{"rendered":"<p>Bolsa al hombro mujer de piel. Bolsas de hombro para dama Bolsa de piel tipo hobo. Incluye una cosmetiquera para los art\u00edculos que quieras siempre a la mano, un \u00fanico compartimento con el espacio perfecto para tu d\u00eda a d\u00eda y un cierre de im\u00e1n para que te sientas siempre segura. Bolsa al hombro mujer [&hellip;]<\/p>\n","protected":false},"featured_media":26628,"comment_status":"open","ping_status":"closed","template":"","meta":[],"product_cat":[300,380],"product_tag":[365,366,364,363,362,361],"yoast_head":"<!-- This site is optimized with the Yoast SEO plugin v20.3 - https:\/\/yoast.com\/wordpress\/plugins\/seo\/ -->\n<title>Bolsa al hombro mujer de piel Vianala \u00a1Personal\u00edzalo online con tus iniciales! Tienda en l\u00ednea de Bolsas de hombro para dama, bolsos hobo piel, bolso tipo hobo, bolso shoulder, bolso hombro mujer,<\/title>\n<meta name=\"description\" content=\"Bolsa al hombro mujer de piel. Gratis env\u00edo a todo M\u00e9xico! Hazlo \u00fanico personaliz\u00e1ndolo. Entra ya y elige tu Bolsas de hombro para dama, bolsos hobo piel, bolso tipo hobo, bolso shoulder, bolso hombro mujer\" \/>\n<meta name=\"robots\" content=\"index, follow, max-snippet:-1, max-image-preview:large, max-video-preview:-1\" \/>\n<link rel=\"canonical\" href=\"https:\/\/vianala.com\/en\/tienda\/bolsa-al-hombro-mujer-de-piel-bolsas-de-hombro-para-dama-bolsos-hobo-piel-bolso-tipo-hobo-bolso-shoulder-bolso-hombro-mujer\/\" \/>\n<meta property=\"og:locale\" content=\"en_US\" \/>\n<meta property=\"og:type\" content=\"article\" \/>\n<meta property=\"og:title\" content=\"Bolsa al hombro mujer de piel Vianala \u00a1Personal\u00edzalo online con tus iniciales! Tienda en l\u00ednea de Bolsas de hombro para dama, bolsos hobo piel, bolso tipo hobo, bolso shoulder, bolso hombro mujer,\" \/>\n<meta property=\"og:description\" content=\"Bolsa al hombro mujer de piel. Gratis env\u00edo a todo M\u00e9xico! Hazlo \u00fanico personaliz\u00e1ndolo. Entra ya y elige tu Bolsas de hombro para dama, bolsos hobo piel, bolso tipo hobo, bolso shoulder, bolso hombro mujer\" \/>\n<meta property=\"og:url\" content=\"https:\/\/vianala.com\/en\/tienda\/bolsa-al-hombro-mujer-de-piel-bolsas-de-hombro-para-dama-bolsos-hobo-piel-bolso-tipo-hobo-bolso-shoulder-bolso-hombro-mujer\/\" \/>\n<meta property=\"og:site_name\" content=\"Vianala\" \/>\n<meta property=\"article:publisher\" content=\"https:\/\/www.facebook.com\/vianalabolsas\" \/>\n<meta property=\"article:modified_time\" content=\"2026-04-27T22:11:39+00:00\" \/>\n<meta property=\"og:image\" content=\"https:\/\/vianala.com\/wp-content\/uploads\/2023\/08\/IMG_3845-copia.jpg\" \/>\n\t<meta property=\"og:image:width\" content=\"960\" \/>\n\t<meta property=\"og:image:height\" content=\"960\" \/>\n\t<meta property=\"og:image:type\" content=\"image\/jpeg\" \/>\n<meta name=\"twitter:card\" content=\"summary_large_image\" \/>\n<meta name=\"twitter:label1\" content=\"Est. reading time\" \/>\n\t<meta name=\"twitter:data1\" content=\"1 minute\" \/>\n<script type=\"application\/ld+json\" class=\"yoast-schema-graph\">{\"@context\":\"https:\/\/schema.org\",\"@graph\":[{\"@type\":\"WebPage\",\"@id\":\"https:\/\/vianala.com\/en\/tienda\/bolsa-al-hombro-mujer-de-piel-bolsas-de-hombro-para-dama-bolsos-hobo-piel-bolso-tipo-hobo-bolso-shoulder-bolso-hombro-mujer\/\",\"url\":\"https:\/\/vianala.com\/en\/tienda\/bolsa-al-hombro-mujer-de-piel-bolsas-de-hombro-para-dama-bolsos-hobo-piel-bolso-tipo-hobo-bolso-shoulder-bolso-hombro-mujer\/\",\"name\":\"Bolsa al hombro mujer de piel Vianala \u00a1Personal\u00edzalo online con tus iniciales! Tienda en l\u00ednea de Bolsas de hombro para dama, bolsos hobo piel, bolso tipo hobo, bolso shoulder, bolso hombro mujer,\",\"isPartOf\":{\"@id\":\"https:\/\/vianala.com\/en\/#website\"},\"datePublished\":\"2023-08-08T19:27:07+00:00\",\"dateModified\":\"2026-04-27T22:11:39+00:00\",\"description\":\"Bolsa al hombro mujer de piel. Gratis env\u00edo a todo M\u00e9xico! Hazlo \u00fanico personaliz\u00e1ndolo. Entra ya y elige tu Bolsas de hombro para dama, bolsos hobo piel, bolso tipo hobo, bolso shoulder, bolso hombro mujer\",\"breadcrumb\":{\"@id\":\"https:\/\/vianala.com\/en\/tienda\/bolsa-al-hombro-mujer-de-piel-bolsas-de-hombro-para-dama-bolsos-hobo-piel-bolso-tipo-hobo-bolso-shoulder-bolso-hombro-mujer\/#breadcrumb\"},\"inLanguage\":\"en-US\",\"potentialAction\":[{\"@type\":\"ReadAction\",\"target\":[\"https:\/\/vianala.com\/en\/tienda\/bolsa-al-hombro-mujer-de-piel-bolsas-de-hombro-para-dama-bolsos-hobo-piel-bolso-tipo-hobo-bolso-shoulder-bolso-hombro-mujer\/\"]}]},{\"@type\":\"BreadcrumbList\",\"@id\":\"https:\/\/vianala.com\/en\/tienda\/bolsa-al-hombro-mujer-de-piel-bolsas-de-hombro-para-dama-bolsos-hobo-piel-bolso-tipo-hobo-bolso-shoulder-bolso-hombro-mujer\/#breadcrumb\",\"itemListElement\":[{\"@type\":\"ListItem\",\"position\":1,\"name\":\"\",\"item\":\"https:\/\/vianala.com\/en\/\"},{\"@type\":\"ListItem\",\"position\":2,\"name\":\"Portada\",\"item\":\"https:\/\/vianala.com\/en\/\"},{\"@type\":\"ListItem\",\"position\":3,\"name\":\"Shop\",\"item\":\"https:\/\/vianala.com\/en\/shop\/\"},{\"@type\":\"ListItem\",\"position\":4,\"name\":\"Muna Hobo Verde\"}]},{\"@type\":\"WebSite\",\"@id\":\"https:\/\/vianala.com\/en\/#website\",\"url\":\"https:\/\/vianala.com\/en\/\",\"name\":\"Bolsas de piel para dama Le\u00f3n Guanajuato Vianala. Bolsos de piel para mujer, Bolsas de piel para dama precio, bolsos piel mujer, bolsos de piel mujer, bolsas de piel negra, bolsas de piel de mayoreo.\",\"description\":\"Vianala\",\"publisher\":{\"@id\":\"https:\/\/vianala.com\/en\/#organization\"},\"alternateName\":\"Vianala\",\"potentialAction\":[{\"@type\":\"SearchAction\",\"target\":{\"@type\":\"EntryPoint\",\"urlTemplate\":\"https:\/\/vianala.com\/en\/?s={search_term_string}\"},\"query-input\":\"required name=search_term_string\"}],\"inLanguage\":\"en-US\"},{\"@type\":\"Organization\",\"@id\":\"https:\/\/vianala.com\/en\/#organization\",\"name\":\"Bolsas de piel para dama Le\u00f3n Guanajuato Vianala. Bolsos de piel para mujer, Bolsas de piel para dama precio, bolsos piel mujer, bolsos de piel mujer, bolsas de piel negra, bolsas de piel de mayoreo.\",\"url\":\"https:\/\/vianala.com\/en\/\",\"logo\":{\"@type\":\"ImageObject\",\"inLanguage\":\"en-US\",\"@id\":\"https:\/\/vianala.com\/en\/#\/schema\/logo\/image\/\",\"url\":\"https:\/\/vianala.com\/wp-content\/uploads\/2022\/02\/7.-Logo-Vianala.jpg\",\"contentUrl\":\"https:\/\/vianala.com\/wp-content\/uploads\/2022\/02\/7.-Logo-Vianala.jpg\",\"width\":2249,\"height\":2249,\"caption\":\"Bolsas de piel para dama Le\u00f3n Guanajuato Vianala. Bolsos de piel para mujer, Bolsas de piel para dama precio, bolsos piel mujer, bolsos de piel mujer, bolsas de piel negra, bolsas de piel de mayoreo.\"},\"image\":{\"@id\":\"https:\/\/vianala.com\/en\/#\/schema\/logo\/image\/\"},\"sameAs\":[\"https:\/\/www.facebook.com\/vianalabolsas\",\"https:\/\/www.instagram.com\/vianala_bolsas\/\",\"https:\/\/wa.me\/5214777133305\"]}]}<\/script>\n<!-- \/ Yoast SEO plugin. -->","yoast_head_json":{"title":"Bolsa al hombro mujer de piel Vianala \u00a1Personal\u00edzalo online con tus iniciales! Tienda en l\u00ednea de Bolsas de hombro para dama, bolsos hobo piel, bolso tipo hobo, bolso shoulder, bolso hombro mujer,","description":"Bolsa al hombro mujer de piel. Gratis env\u00edo a todo M\u00e9xico! Hazlo \u00fanico personaliz\u00e1ndolo. Entra ya y elige tu Bolsas de hombro para dama, bolsos hobo piel, bolso tipo hobo, bolso shoulder, bolso hombro mujer","robots":{"index":"index","follow":"follow","max-snippet":"max-snippet:-1","max-image-preview":"max-image-preview:large","max-video-preview":"max-video-preview:-1"},"canonical":"https:\/\/vianala.com\/en\/tienda\/bolsa-al-hombro-mujer-de-piel-bolsas-de-hombro-para-dama-bolsos-hobo-piel-bolso-tipo-hobo-bolso-shoulder-bolso-hombro-mujer\/","og_locale":"en_US","og_type":"article","og_title":"Bolsa al hombro mujer de piel Vianala \u00a1Personal\u00edzalo online con tus iniciales! Tienda en l\u00ednea de Bolsas de hombro para dama, bolsos hobo piel, bolso tipo hobo, bolso shoulder, bolso hombro mujer,","og_description":"Bolsa al hombro mujer de piel. Gratis env\u00edo a todo M\u00e9xico! Hazlo \u00fanico personaliz\u00e1ndolo. Entra ya y elige tu Bolsas de hombro para dama, bolsos hobo piel, bolso tipo hobo, bolso shoulder, bolso hombro mujer","og_url":"https:\/\/vianala.com\/en\/tienda\/bolsa-al-hombro-mujer-de-piel-bolsas-de-hombro-para-dama-bolsos-hobo-piel-bolso-tipo-hobo-bolso-shoulder-bolso-hombro-mujer\/","og_site_name":"Vianala","article_publisher":"https:\/\/www.facebook.com\/vianalabolsas","article_modified_time":"2026-04-27T22:11:39+00:00","og_image":[{"width":960,"height":960,"url":"https:\/\/vianala.com\/wp-content\/uploads\/2023\/08\/IMG_3845-copia.jpg","type":"image\/jpeg"}],"twitter_card":"summary_large_image","twitter_misc":{"Est. reading time":"1 minute"},"schema":{"@context":"https:\/\/schema.org","@graph":[{"@type":"WebPage","@id":"https:\/\/vianala.com\/en\/tienda\/bolsa-al-hombro-mujer-de-piel-bolsas-de-hombro-para-dama-bolsos-hobo-piel-bolso-tipo-hobo-bolso-shoulder-bolso-hombro-mujer\/","url":"https:\/\/vianala.com\/en\/tienda\/bolsa-al-hombro-mujer-de-piel-bolsas-de-hombro-para-dama-bolsos-hobo-piel-bolso-tipo-hobo-bolso-shoulder-bolso-hombro-mujer\/","name":"Bolsa al hombro mujer de piel Vianala \u00a1Personal\u00edzalo online con tus iniciales! Tienda en l\u00ednea de Bolsas de hombro para dama, bolsos hobo piel, bolso tipo hobo, bolso shoulder, bolso hombro mujer,","isPartOf":{"@id":"https:\/\/vianala.com\/en\/#website"},"datePublished":"2023-08-08T19:27:07+00:00","dateModified":"2026-04-27T22:11:39+00:00","description":"Bolsa al hombro mujer de piel. Gratis env\u00edo a todo M\u00e9xico! Hazlo \u00fanico personaliz\u00e1ndolo. Entra ya y elige tu Bolsas de hombro para dama, bolsos hobo piel, bolso tipo hobo, bolso shoulder, bolso hombro mujer","breadcrumb":{"@id":"https:\/\/vianala.com\/en\/tienda\/bolsa-al-hombro-mujer-de-piel-bolsas-de-hombro-para-dama-bolsos-hobo-piel-bolso-tipo-hobo-bolso-shoulder-bolso-hombro-mujer\/#breadcrumb"},"inLanguage":"en-US","potentialAction":[{"@type":"ReadAction","target":["https:\/\/vianala.com\/en\/tienda\/bolsa-al-hombro-mujer-de-piel-bolsas-de-hombro-para-dama-bolsos-hobo-piel-bolso-tipo-hobo-bolso-shoulder-bolso-hombro-mujer\/"]}]},{"@type":"BreadcrumbList","@id":"https:\/\/vianala.com\/en\/tienda\/bolsa-al-hombro-mujer-de-piel-bolsas-de-hombro-para-dama-bolsos-hobo-piel-bolso-tipo-hobo-bolso-shoulder-bolso-hombro-mujer\/#breadcrumb","itemListElement":[{"@type":"ListItem","position":1,"name":"","item":"https:\/\/vianala.com\/en\/"},{"@type":"ListItem","position":2,"name":"Portada","item":"https:\/\/vianala.com\/en\/"},{"@type":"ListItem","position":3,"name":"Shop","item":"https:\/\/vianala.com\/en\/shop\/"},{"@type":"ListItem","position":4,"name":"Muna Hobo Verde"}]},{"@type":"WebSite","@id":"https:\/\/vianala.com\/en\/#website","url":"https:\/\/vianala.com\/en\/","name":"Bolsas de piel para dama Le\u00f3n Guanajuato Vianala. Bolsos de piel para mujer, Bolsas de piel para dama precio, bolsos piel mujer, bolsos de piel mujer, bolsas de piel negra, bolsas de piel de mayoreo.","description":"Vianala","publisher":{"@id":"https:\/\/vianala.com\/en\/#organization"},"alternateName":"Vianala","potentialAction":[{"@type":"SearchAction","target":{"@type":"EntryPoint","urlTemplate":"https:\/\/vianala.com\/en\/?s={search_term_string}"},"query-input":"required name=search_term_string"}],"inLanguage":"en-US"},{"@type":"Organization","@id":"https:\/\/vianala.com\/en\/#organization","name":"Bolsas de piel para dama Le\u00f3n Guanajuato Vianala. Bolsos de piel para mujer, Bolsas de piel para dama precio, bolsos piel mujer, bolsos de piel mujer, bolsas de piel negra, bolsas de piel de mayoreo.","url":"https:\/\/vianala.com\/en\/","logo":{"@type":"ImageObject","inLanguage":"en-US","@id":"https:\/\/vianala.com\/en\/#\/schema\/logo\/image\/","url":"https:\/\/vianala.com\/wp-content\/uploads\/2022\/02\/7.-Logo-Vianala.jpg","contentUrl":"https:\/\/vianala.com\/wp-content\/uploads\/2022\/02\/7.-Logo-Vianala.jpg","width":2249,"height":2249,"caption":"Bolsas de piel para dama Le\u00f3n Guanajuato Vianala. Bolsos de piel para mujer, Bolsas de piel para dama precio, bolsos piel mujer, bolsos de piel mujer, bolsas de piel negra, bolsas de piel de mayoreo."},"image":{"@id":"https:\/\/vianala.com\/en\/#\/schema\/logo\/image\/"},"sameAs":["https:\/\/www.facebook.com\/vianalabolsas","https:\/\/www.instagram.com\/vianala_bolsas\/","https:\/\/wa.me\/5214777133305"]}]}},"_links":{"self":[{"href":"https:\/\/vianala.com\/en\/wp-json\/wp\/v2\/product\/26509"}],"collection":[{"href":"https:\/\/vianala.com\/en\/wp-json\/wp\/v2\/product"}],"about":[{"href":"https:\/\/vianala.com\/en\/wp-json\/wp\/v2\/types\/product"}],"replies":[{"embeddable":true,"href":"https:\/\/vianala.com\/en\/wp-json\/wp\/v2\/comments?post=26509"}],"wp:featuredmedia":[{"embeddable":true,"href":"https:\/\/vianala.com\/en\/wp-json\/wp\/v2\/media\/26628"}],"wp:attachment":[{"href":"https:\/\/vianala.com\/en\/wp-json\/wp\/v2\/media?parent=26509"}],"wp:term":[{"taxonomy":"product_cat","embeddable":true,"href":"https:\/\/vianala.com\/en\/wp-json\/wp\/v2\/product_cat?post=26509"},{"taxonomy":"product_tag","embeddable":true,"href":"https:\/\/vianala.com\/en\/wp-json\/wp\/v2\/product_tag?post=26509"}],"curies":[{"name":"wp","href":"https:\/\/api.w.org\/{rel}","templated":true}]}}