{"id":26515,"date":"2023-08-08T13:23:14","date_gmt":"2023-08-08T18:23:14","guid":{"rendered":"https:\/\/vianala.com\/?post_type=product&#038;p=26515"},"modified":"2026-04-17T11:42:05","modified_gmt":"2026-04-17T16:42:05","slug":"bolsa-tote-para-laptop-de-piel-bolsos-tote-piel-tote-bag-piel-tote-piel","status":"publish","type":"product","link":"https:\/\/vianala.com\/en\/tienda\/bolsa-tote-para-laptop-de-piel-bolsos-tote-piel-tote-bag-piel-tote-piel\/","title":{"rendered":"Sucil\u00e1 Porta Laptop Tote Avellana"},"content":{"rendered":"<h2 style=\"text-align: right\">Bolsa tote para laptop de piel. Portafolio para mujer<\/h2>\n<p style=\"text-align: right\">Bolsa tote para laptop de piel Vianala<\/p>\n<p>Esta bolsa tote de piel tiene el tama\u00f1o y espacio ideal, \u00a1hasta para tu laptop! Su cierre mantiene todo en su interior seguro, tiene compartimentos internos para organizar y una bolsa exterior con cierre para lo que necesites a la mano.<\/p>\n<p style=\"text-align: left\">\n","protected":false},"excerpt":{"rendered":"<p>Bolsa tote para laptop de piel. Portafolio para mujer Bolsa tote para laptop de piel Vianala Esta bolsa tote de piel tiene el tama\u00f1o y espacio ideal, \u00a1hasta para tu laptop! Su cierre mantiene todo en su interior seguro, tiene compartimentos internos para organizar y una bolsa exterior con cierre para lo que necesites a [&hellip;]<\/p>\n","protected":false},"featured_media":31440,"comment_status":"open","ping_status":"closed","template":"","meta":[],"product_cat":[300,188,329,327,187,42,43,308,44,27,302],"product_tag":[367,358,359,352,350,368,384,233,382,234,369,370],"yoast_head":"<!-- This site is optimized with the Yoast SEO plugin v20.3 - https:\/\/yoast.com\/wordpress\/plugins\/seo\/ -->\n<title>Bolsa tote para laptop de piel caf\u00e9 Vianala \u00a1Personal\u00edzala online con tus iniciales! Tienda en l\u00ednea de bolsos tote piel, tote bag piel, tote piel<\/title>\n<meta name=\"description\" content=\"Bolsa tote para laptop de piel caf\u00e9. Gratis env\u00edo \u00a1Entra ya y descubre nuestra colecci\u00f3n de Bolsos tote piel! Checa promociones, encuentra tu pr\u00f3xima tote bag piel, tote piel\" \/>\n<meta name=\"robots\" content=\"index, follow, max-snippet:-1, max-image-preview:large, max-video-preview:-1\" \/>\n<link rel=\"canonical\" href=\"https:\/\/vianala.com\/en\/tienda\/bolsa-tote-para-laptop-de-piel-bolsos-tote-piel-tote-bag-piel-tote-piel\/\" \/>\n<meta property=\"og:locale\" content=\"en_US\" \/>\n<meta property=\"og:type\" content=\"article\" \/>\n<meta property=\"og:title\" content=\"Bolsa tote para laptop de piel caf\u00e9 Vianala \u00a1Personal\u00edzala online con tus iniciales! Tienda en l\u00ednea de bolsos tote piel, tote bag piel, tote piel\" \/>\n<meta property=\"og:description\" content=\"Bolsa tote para laptop de piel caf\u00e9. Gratis env\u00edo \u00a1Entra ya y descubre nuestra colecci\u00f3n de Bolsos tote piel! Checa promociones, encuentra tu pr\u00f3xima tote bag piel, tote piel\" \/>\n<meta property=\"og:url\" content=\"https:\/\/vianala.com\/en\/tienda\/bolsa-tote-para-laptop-de-piel-bolsos-tote-piel-tote-bag-piel-tote-piel\/\" \/>\n<meta property=\"og:site_name\" content=\"Vianala\" \/>\n<meta property=\"article:publisher\" content=\"https:\/\/www.facebook.com\/vianalabolsas\" \/>\n<meta property=\"article:modified_time\" content=\"2026-04-17T16:42:05+00:00\" \/>\n<meta property=\"og:image\" content=\"https:\/\/vianala.com\/wp-content\/uploads\/2023\/08\/776-edit-3.png\" \/>\n\t<meta property=\"og:image:width\" content=\"960\" \/>\n\t<meta property=\"og:image:height\" content=\"960\" \/>\n\t<meta property=\"og:image:type\" content=\"image\/png\" \/>\n<meta name=\"twitter:card\" content=\"summary_large_image\" \/>\n<meta name=\"twitter:label1\" content=\"Est. reading time\" \/>\n\t<meta name=\"twitter:data1\" content=\"1 minute\" \/>\n<script type=\"application\/ld+json\" class=\"yoast-schema-graph\">{\"@context\":\"https:\/\/schema.org\",\"@graph\":[{\"@type\":\"WebPage\",\"@id\":\"https:\/\/vianala.com\/en\/tienda\/bolsa-tote-para-laptop-de-piel-bolsos-tote-piel-tote-bag-piel-tote-piel\/\",\"url\":\"https:\/\/vianala.com\/en\/tienda\/bolsa-tote-para-laptop-de-piel-bolsos-tote-piel-tote-bag-piel-tote-piel\/\",\"name\":\"Bolsa tote para laptop de piel caf\u00e9 Vianala \u00a1Personal\u00edzala online con tus iniciales! Tienda en l\u00ednea de bolsos tote piel, tote bag piel, tote piel\",\"isPartOf\":{\"@id\":\"https:\/\/vianala.com\/en\/#website\"},\"datePublished\":\"2023-08-08T18:23:14+00:00\",\"dateModified\":\"2026-04-17T16:42:05+00:00\",\"description\":\"Bolsa tote para laptop de piel caf\u00e9. Gratis env\u00edo \u00a1Entra ya y descubre nuestra colecci\u00f3n de Bolsos tote piel! Checa promociones, encuentra tu pr\u00f3xima tote bag piel, tote piel\",\"breadcrumb\":{\"@id\":\"https:\/\/vianala.com\/en\/tienda\/bolsa-tote-para-laptop-de-piel-bolsos-tote-piel-tote-bag-piel-tote-piel\/#breadcrumb\"},\"inLanguage\":\"en-US\",\"potentialAction\":[{\"@type\":\"ReadAction\",\"target\":[\"https:\/\/vianala.com\/en\/tienda\/bolsa-tote-para-laptop-de-piel-bolsos-tote-piel-tote-bag-piel-tote-piel\/\"]}]},{\"@type\":\"BreadcrumbList\",\"@id\":\"https:\/\/vianala.com\/en\/tienda\/bolsa-tote-para-laptop-de-piel-bolsos-tote-piel-tote-bag-piel-tote-piel\/#breadcrumb\",\"itemListElement\":[{\"@type\":\"ListItem\",\"position\":1,\"name\":\"\",\"item\":\"https:\/\/vianala.com\/en\/\"},{\"@type\":\"ListItem\",\"position\":2,\"name\":\"Portada\",\"item\":\"https:\/\/vianala.com\/en\/\"},{\"@type\":\"ListItem\",\"position\":3,\"name\":\"Shop\",\"item\":\"https:\/\/vianala.com\/en\/shop\/\"},{\"@type\":\"ListItem\",\"position\":4,\"name\":\"Sucil\u00e1 Porta Laptop Tote Avellana\"}]},{\"@type\":\"WebSite\",\"@id\":\"https:\/\/vianala.com\/en\/#website\",\"url\":\"https:\/\/vianala.com\/en\/\",\"name\":\"Bolsas de piel para dama Le\u00f3n Guanajuato Vianala. Bolsos de piel para mujer, Bolsas de piel para dama precio, bolsos piel mujer, bolsos de piel mujer, bolsas de piel negra, bolsas de piel de mayoreo.\",\"description\":\"Vianala\",\"publisher\":{\"@id\":\"https:\/\/vianala.com\/en\/#organization\"},\"alternateName\":\"Vianala\",\"potentialAction\":[{\"@type\":\"SearchAction\",\"target\":{\"@type\":\"EntryPoint\",\"urlTemplate\":\"https:\/\/vianala.com\/en\/?s={search_term_string}\"},\"query-input\":\"required name=search_term_string\"}],\"inLanguage\":\"en-US\"},{\"@type\":\"Organization\",\"@id\":\"https:\/\/vianala.com\/en\/#organization\",\"name\":\"Bolsas de piel para dama Le\u00f3n Guanajuato Vianala. Bolsos de piel para mujer, Bolsas de piel para dama precio, bolsos piel mujer, bolsos de piel mujer, bolsas de piel negra, bolsas de piel de mayoreo.\",\"url\":\"https:\/\/vianala.com\/en\/\",\"logo\":{\"@type\":\"ImageObject\",\"inLanguage\":\"en-US\",\"@id\":\"https:\/\/vianala.com\/en\/#\/schema\/logo\/image\/\",\"url\":\"https:\/\/vianala.com\/wp-content\/uploads\/2022\/02\/7.-Logo-Vianala.jpg\",\"contentUrl\":\"https:\/\/vianala.com\/wp-content\/uploads\/2022\/02\/7.-Logo-Vianala.jpg\",\"width\":2249,\"height\":2249,\"caption\":\"Bolsas de piel para dama Le\u00f3n Guanajuato Vianala. Bolsos de piel para mujer, Bolsas de piel para dama precio, bolsos piel mujer, bolsos de piel mujer, bolsas de piel negra, bolsas de piel de mayoreo.\"},\"image\":{\"@id\":\"https:\/\/vianala.com\/en\/#\/schema\/logo\/image\/\"},\"sameAs\":[\"https:\/\/www.facebook.com\/vianalabolsas\",\"https:\/\/www.instagram.com\/vianala_bolsas\/\",\"https:\/\/wa.me\/5214777133305\"]}]}<\/script>\n<!-- \/ Yoast SEO plugin. -->","yoast_head_json":{"title":"Bolsa tote para laptop de piel caf\u00e9 Vianala \u00a1Personal\u00edzala online con tus iniciales! Tienda en l\u00ednea de bolsos tote piel, tote bag piel, tote piel","description":"Bolsa tote para laptop de piel caf\u00e9. Gratis env\u00edo \u00a1Entra ya y descubre nuestra colecci\u00f3n de Bolsos tote piel! Checa promociones, encuentra tu pr\u00f3xima tote bag piel, tote piel","robots":{"index":"index","follow":"follow","max-snippet":"max-snippet:-1","max-image-preview":"max-image-preview:large","max-video-preview":"max-video-preview:-1"},"canonical":"https:\/\/vianala.com\/en\/tienda\/bolsa-tote-para-laptop-de-piel-bolsos-tote-piel-tote-bag-piel-tote-piel\/","og_locale":"en_US","og_type":"article","og_title":"Bolsa tote para laptop de piel caf\u00e9 Vianala \u00a1Personal\u00edzala online con tus iniciales! Tienda en l\u00ednea de bolsos tote piel, tote bag piel, tote piel","og_description":"Bolsa tote para laptop de piel caf\u00e9. Gratis env\u00edo \u00a1Entra ya y descubre nuestra colecci\u00f3n de Bolsos tote piel! Checa promociones, encuentra tu pr\u00f3xima tote bag piel, tote piel","og_url":"https:\/\/vianala.com\/en\/tienda\/bolsa-tote-para-laptop-de-piel-bolsos-tote-piel-tote-bag-piel-tote-piel\/","og_site_name":"Vianala","article_publisher":"https:\/\/www.facebook.com\/vianalabolsas","article_modified_time":"2026-04-17T16:42:05+00:00","og_image":[{"width":960,"height":960,"url":"https:\/\/vianala.com\/wp-content\/uploads\/2023\/08\/776-edit-3.png","type":"image\/png"}],"twitter_card":"summary_large_image","twitter_misc":{"Est. reading time":"1 minute"},"schema":{"@context":"https:\/\/schema.org","@graph":[{"@type":"WebPage","@id":"https:\/\/vianala.com\/en\/tienda\/bolsa-tote-para-laptop-de-piel-bolsos-tote-piel-tote-bag-piel-tote-piel\/","url":"https:\/\/vianala.com\/en\/tienda\/bolsa-tote-para-laptop-de-piel-bolsos-tote-piel-tote-bag-piel-tote-piel\/","name":"Bolsa tote para laptop de piel caf\u00e9 Vianala \u00a1Personal\u00edzala online con tus iniciales! Tienda en l\u00ednea de bolsos tote piel, tote bag piel, tote piel","isPartOf":{"@id":"https:\/\/vianala.com\/en\/#website"},"datePublished":"2023-08-08T18:23:14+00:00","dateModified":"2026-04-17T16:42:05+00:00","description":"Bolsa tote para laptop de piel caf\u00e9. Gratis env\u00edo \u00a1Entra ya y descubre nuestra colecci\u00f3n de Bolsos tote piel! Checa promociones, encuentra tu pr\u00f3xima tote bag piel, tote piel","breadcrumb":{"@id":"https:\/\/vianala.com\/en\/tienda\/bolsa-tote-para-laptop-de-piel-bolsos-tote-piel-tote-bag-piel-tote-piel\/#breadcrumb"},"inLanguage":"en-US","potentialAction":[{"@type":"ReadAction","target":["https:\/\/vianala.com\/en\/tienda\/bolsa-tote-para-laptop-de-piel-bolsos-tote-piel-tote-bag-piel-tote-piel\/"]}]},{"@type":"BreadcrumbList","@id":"https:\/\/vianala.com\/en\/tienda\/bolsa-tote-para-laptop-de-piel-bolsos-tote-piel-tote-bag-piel-tote-piel\/#breadcrumb","itemListElement":[{"@type":"ListItem","position":1,"name":"","item":"https:\/\/vianala.com\/en\/"},{"@type":"ListItem","position":2,"name":"Portada","item":"https:\/\/vianala.com\/en\/"},{"@type":"ListItem","position":3,"name":"Shop","item":"https:\/\/vianala.com\/en\/shop\/"},{"@type":"ListItem","position":4,"name":"Sucil\u00e1 Porta Laptop Tote Avellana"}]},{"@type":"WebSite","@id":"https:\/\/vianala.com\/en\/#website","url":"https:\/\/vianala.com\/en\/","name":"Bolsas de piel para dama Le\u00f3n Guanajuato Vianala. Bolsos de piel para mujer, Bolsas de piel para dama precio, bolsos piel mujer, bolsos de piel mujer, bolsas de piel negra, bolsas de piel de mayoreo.","description":"Vianala","publisher":{"@id":"https:\/\/vianala.com\/en\/#organization"},"alternateName":"Vianala","potentialAction":[{"@type":"SearchAction","target":{"@type":"EntryPoint","urlTemplate":"https:\/\/vianala.com\/en\/?s={search_term_string}"},"query-input":"required name=search_term_string"}],"inLanguage":"en-US"},{"@type":"Organization","@id":"https:\/\/vianala.com\/en\/#organization","name":"Bolsas de piel para dama Le\u00f3n Guanajuato Vianala. Bolsos de piel para mujer, Bolsas de piel para dama precio, bolsos piel mujer, bolsos de piel mujer, bolsas de piel negra, bolsas de piel de mayoreo.","url":"https:\/\/vianala.com\/en\/","logo":{"@type":"ImageObject","inLanguage":"en-US","@id":"https:\/\/vianala.com\/en\/#\/schema\/logo\/image\/","url":"https:\/\/vianala.com\/wp-content\/uploads\/2022\/02\/7.-Logo-Vianala.jpg","contentUrl":"https:\/\/vianala.com\/wp-content\/uploads\/2022\/02\/7.-Logo-Vianala.jpg","width":2249,"height":2249,"caption":"Bolsas de piel para dama Le\u00f3n Guanajuato Vianala. Bolsos de piel para mujer, Bolsas de piel para dama precio, bolsos piel mujer, bolsos de piel mujer, bolsas de piel negra, bolsas de piel de mayoreo."},"image":{"@id":"https:\/\/vianala.com\/en\/#\/schema\/logo\/image\/"},"sameAs":["https:\/\/www.facebook.com\/vianalabolsas","https:\/\/www.instagram.com\/vianala_bolsas\/","https:\/\/wa.me\/5214777133305"]}]}},"_links":{"self":[{"href":"https:\/\/vianala.com\/en\/wp-json\/wp\/v2\/product\/26515"}],"collection":[{"href":"https:\/\/vianala.com\/en\/wp-json\/wp\/v2\/product"}],"about":[{"href":"https:\/\/vianala.com\/en\/wp-json\/wp\/v2\/types\/product"}],"replies":[{"embeddable":true,"href":"https:\/\/vianala.com\/en\/wp-json\/wp\/v2\/comments?post=26515"}],"wp:featuredmedia":[{"embeddable":true,"href":"https:\/\/vianala.com\/en\/wp-json\/wp\/v2\/media\/31440"}],"wp:attachment":[{"href":"https:\/\/vianala.com\/en\/wp-json\/wp\/v2\/media?parent=26515"}],"wp:term":[{"taxonomy":"product_cat","embeddable":true,"href":"https:\/\/vianala.com\/en\/wp-json\/wp\/v2\/product_cat?post=26515"},{"taxonomy":"product_tag","embeddable":true,"href":"https:\/\/vianala.com\/en\/wp-json\/wp\/v2\/product_tag?post=26515"}],"curies":[{"name":"wp","href":"https:\/\/api.w.org\/{rel}","templated":true}]}}