{"id":28151,"date":"2024-05-03T12:46:04","date_gmt":"2024-05-03T17:46:04","guid":{"rendered":"https:\/\/vianala.com\/?post_type=product&#038;p=28151"},"modified":"2024-12-10T15:35:04","modified_gmt":"2024-12-10T21:35:04","slug":"tarjetero-mani-negro","status":"publish","type":"product","link":"https:\/\/vianala.com\/en\/tienda\/tarjetero-mani-negro\/","title":{"rendered":"Tarjetero Man\u00ed Negro"},"content":{"rendered":"<h2 style=\"text-align: right\">Tarjetero negro de piel unisex<\/h2>\n<p>Este tarjetero de piel tiene las medidas: 10x 8 cm. Ocupa muy poco espacio por lo cu\u00e1l sin problema lo puedes llevar en tu pantal\u00f3n o en tu bolsa peque\u00f1a para la cu\u00e1l solo necesitas tus tarjetas y tu celular. Por la parte frontal y posterior tiene espacio para las tarjetas. Adem\u00e1s el compartimento de en medio te puede servir para poner m\u00e1s tarjetas o billetes.<\/p>\n<h2>Tarjetero negro de piel unisex<\/h2>\n","protected":false},"excerpt":{"rendered":"<p>Tarjetero negro de piel unisex Este tarjetero de piel tiene las medidas: 10x 8 cm. Ocupa muy poco espacio por lo cu\u00e1l sin problema lo puedes llevar en tu pantal\u00f3n o en tu bolsa peque\u00f1a para la cu\u00e1l solo necesitas tus tarjetas y tu celular. Por la parte frontal y posterior tiene espacio para las [&hellip;]<\/p>\n","protected":false},"featured_media":28354,"comment_status":"open","ping_status":"closed","template":"","meta":[],"product_cat":[315,316],"product_tag":[],"yoast_head":"<!-- This site is optimized with the Yoast SEO plugin v20.3 - https:\/\/yoast.com\/wordpress\/plugins\/seo\/ -->\n<title>Tarjeteros personalizados iniciales negro Tarjeteros de piel para mujer Vianala. Tienda online de tarjetero piel personalizado, tarjetero piel mujer<\/title>\n<meta name=\"description\" content=\"Tarjeteros personalizados iniciales negro Tarjeteros de piel para mujer \u00a1Personaliza tu tarjetero online y hazlo \u00fanico! tarjetero piel personalizado, tarjetero piel unisex\" \/>\n<meta name=\"robots\" content=\"index, follow, max-snippet:-1, max-image-preview:large, max-video-preview:-1\" \/>\n<link rel=\"canonical\" href=\"https:\/\/vianala.com\/en\/tienda\/tarjetero-mani-negro\/\" \/>\n<meta property=\"og:locale\" content=\"en_US\" \/>\n<meta property=\"og:type\" content=\"article\" \/>\n<meta property=\"og:title\" content=\"Tarjeteros personalizados iniciales negro Tarjeteros de piel para mujer Vianala. Tienda online de tarjetero piel personalizado, tarjetero piel mujer\" \/>\n<meta property=\"og:description\" content=\"Tarjeteros personalizados iniciales negro Tarjeteros de piel para mujer \u00a1Personaliza tu tarjetero online y hazlo \u00fanico! tarjetero piel personalizado, tarjetero piel unisex\" \/>\n<meta property=\"og:url\" content=\"https:\/\/vianala.com\/en\/tienda\/tarjetero-mani-negro\/\" \/>\n<meta property=\"og:site_name\" content=\"Vianala\" \/>\n<meta property=\"article:publisher\" content=\"https:\/\/www.facebook.com\/vianalabolsas\" \/>\n<meta property=\"article:modified_time\" content=\"2024-12-10T21:35:04+00:00\" \/>\n<meta property=\"og:image\" content=\"https:\/\/vianala.com\/wp-content\/uploads\/2024\/05\/G-NE-2.jpg\" \/>\n\t<meta property=\"og:image:width\" content=\"2249\" \/>\n\t<meta property=\"og:image:height\" content=\"2249\" \/>\n\t<meta property=\"og:image:type\" content=\"image\/jpeg\" \/>\n<meta name=\"twitter:card\" content=\"summary_large_image\" \/>\n<meta name=\"twitter:label1\" content=\"Est. reading time\" \/>\n\t<meta name=\"twitter:data1\" content=\"1 minute\" \/>\n<script type=\"application\/ld+json\" class=\"yoast-schema-graph\">{\"@context\":\"https:\/\/schema.org\",\"@graph\":[{\"@type\":\"WebPage\",\"@id\":\"https:\/\/vianala.com\/en\/tienda\/tarjetero-mani-negro\/\",\"url\":\"https:\/\/vianala.com\/en\/tienda\/tarjetero-mani-negro\/\",\"name\":\"Tarjeteros personalizados iniciales negro Tarjeteros de piel para mujer Vianala. Tienda online de tarjetero piel personalizado, tarjetero piel mujer\",\"isPartOf\":{\"@id\":\"https:\/\/vianala.com\/en\/#website\"},\"datePublished\":\"2024-05-03T17:46:04+00:00\",\"dateModified\":\"2024-12-10T21:35:04+00:00\",\"description\":\"Tarjeteros personalizados iniciales negro Tarjeteros de piel para mujer \u00a1Personaliza tu tarjetero online y hazlo \u00fanico! tarjetero piel personalizado, tarjetero piel unisex\",\"breadcrumb\":{\"@id\":\"https:\/\/vianala.com\/en\/tienda\/tarjetero-mani-negro\/#breadcrumb\"},\"inLanguage\":\"en-US\",\"potentialAction\":[{\"@type\":\"ReadAction\",\"target\":[\"https:\/\/vianala.com\/en\/tienda\/tarjetero-mani-negro\/\"]}]},{\"@type\":\"BreadcrumbList\",\"@id\":\"https:\/\/vianala.com\/en\/tienda\/tarjetero-mani-negro\/#breadcrumb\",\"itemListElement\":[{\"@type\":\"ListItem\",\"position\":1,\"name\":\"\",\"item\":\"https:\/\/vianala.com\/en\/\"},{\"@type\":\"ListItem\",\"position\":2,\"name\":\"Portada\",\"item\":\"https:\/\/vianala.com\/en\/\"},{\"@type\":\"ListItem\",\"position\":3,\"name\":\"Shop\",\"item\":\"https:\/\/vianala.com\/en\/shop\/\"},{\"@type\":\"ListItem\",\"position\":4,\"name\":\"Tarjetero Man\u00ed Negro\"}]},{\"@type\":\"WebSite\",\"@id\":\"https:\/\/vianala.com\/en\/#website\",\"url\":\"https:\/\/vianala.com\/en\/\",\"name\":\"Bolsas de piel para dama Le\u00f3n Guanajuato Vianala. Bolsos de piel para mujer, Bolsas de piel para dama precio, bolsos piel mujer, bolsos de piel mujer, bolsas de piel negra, bolsas de piel de mayoreo.\",\"description\":\"Vianala\",\"publisher\":{\"@id\":\"https:\/\/vianala.com\/en\/#organization\"},\"alternateName\":\"Vianala\",\"potentialAction\":[{\"@type\":\"SearchAction\",\"target\":{\"@type\":\"EntryPoint\",\"urlTemplate\":\"https:\/\/vianala.com\/en\/?s={search_term_string}\"},\"query-input\":\"required name=search_term_string\"}],\"inLanguage\":\"en-US\"},{\"@type\":\"Organization\",\"@id\":\"https:\/\/vianala.com\/en\/#organization\",\"name\":\"Bolsas de piel para dama Le\u00f3n Guanajuato Vianala. Bolsos de piel para mujer, Bolsas de piel para dama precio, bolsos piel mujer, bolsos de piel mujer, bolsas de piel negra, bolsas de piel de mayoreo.\",\"url\":\"https:\/\/vianala.com\/en\/\",\"logo\":{\"@type\":\"ImageObject\",\"inLanguage\":\"en-US\",\"@id\":\"https:\/\/vianala.com\/en\/#\/schema\/logo\/image\/\",\"url\":\"https:\/\/vianala.com\/wp-content\/uploads\/2022\/02\/7.-Logo-Vianala.jpg\",\"contentUrl\":\"https:\/\/vianala.com\/wp-content\/uploads\/2022\/02\/7.-Logo-Vianala.jpg\",\"width\":2249,\"height\":2249,\"caption\":\"Bolsas de piel para dama Le\u00f3n Guanajuato Vianala. Bolsos de piel para mujer, Bolsas de piel para dama precio, bolsos piel mujer, bolsos de piel mujer, bolsas de piel negra, bolsas de piel de mayoreo.\"},\"image\":{\"@id\":\"https:\/\/vianala.com\/en\/#\/schema\/logo\/image\/\"},\"sameAs\":[\"https:\/\/www.facebook.com\/vianalabolsas\",\"https:\/\/www.instagram.com\/vianala_bolsas\/\",\"https:\/\/wa.me\/5214777133305\"]}]}<\/script>\n<!-- \/ Yoast SEO plugin. -->","yoast_head_json":{"title":"Tarjeteros personalizados iniciales negro Tarjeteros de piel para mujer Vianala. Tienda online de tarjetero piel personalizado, tarjetero piel mujer","description":"Tarjeteros personalizados iniciales negro Tarjeteros de piel para mujer \u00a1Personaliza tu tarjetero online y hazlo \u00fanico! tarjetero piel personalizado, tarjetero piel unisex","robots":{"index":"index","follow":"follow","max-snippet":"max-snippet:-1","max-image-preview":"max-image-preview:large","max-video-preview":"max-video-preview:-1"},"canonical":"https:\/\/vianala.com\/en\/tienda\/tarjetero-mani-negro\/","og_locale":"en_US","og_type":"article","og_title":"Tarjeteros personalizados iniciales negro Tarjeteros de piel para mujer Vianala. Tienda online de tarjetero piel personalizado, tarjetero piel mujer","og_description":"Tarjeteros personalizados iniciales negro Tarjeteros de piel para mujer \u00a1Personaliza tu tarjetero online y hazlo \u00fanico! tarjetero piel personalizado, tarjetero piel unisex","og_url":"https:\/\/vianala.com\/en\/tienda\/tarjetero-mani-negro\/","og_site_name":"Vianala","article_publisher":"https:\/\/www.facebook.com\/vianalabolsas","article_modified_time":"2024-12-10T21:35:04+00:00","og_image":[{"width":2249,"height":2249,"url":"https:\/\/vianala.com\/wp-content\/uploads\/2024\/05\/G-NE-2.jpg","type":"image\/jpeg"}],"twitter_card":"summary_large_image","twitter_misc":{"Est. reading time":"1 minute"},"schema":{"@context":"https:\/\/schema.org","@graph":[{"@type":"WebPage","@id":"https:\/\/vianala.com\/en\/tienda\/tarjetero-mani-negro\/","url":"https:\/\/vianala.com\/en\/tienda\/tarjetero-mani-negro\/","name":"Tarjeteros personalizados iniciales negro Tarjeteros de piel para mujer Vianala. Tienda online de tarjetero piel personalizado, tarjetero piel mujer","isPartOf":{"@id":"https:\/\/vianala.com\/en\/#website"},"datePublished":"2024-05-03T17:46:04+00:00","dateModified":"2024-12-10T21:35:04+00:00","description":"Tarjeteros personalizados iniciales negro Tarjeteros de piel para mujer \u00a1Personaliza tu tarjetero online y hazlo \u00fanico! tarjetero piel personalizado, tarjetero piel unisex","breadcrumb":{"@id":"https:\/\/vianala.com\/en\/tienda\/tarjetero-mani-negro\/#breadcrumb"},"inLanguage":"en-US","potentialAction":[{"@type":"ReadAction","target":["https:\/\/vianala.com\/en\/tienda\/tarjetero-mani-negro\/"]}]},{"@type":"BreadcrumbList","@id":"https:\/\/vianala.com\/en\/tienda\/tarjetero-mani-negro\/#breadcrumb","itemListElement":[{"@type":"ListItem","position":1,"name":"","item":"https:\/\/vianala.com\/en\/"},{"@type":"ListItem","position":2,"name":"Portada","item":"https:\/\/vianala.com\/en\/"},{"@type":"ListItem","position":3,"name":"Shop","item":"https:\/\/vianala.com\/en\/shop\/"},{"@type":"ListItem","position":4,"name":"Tarjetero Man\u00ed Negro"}]},{"@type":"WebSite","@id":"https:\/\/vianala.com\/en\/#website","url":"https:\/\/vianala.com\/en\/","name":"Bolsas de piel para dama Le\u00f3n Guanajuato Vianala. Bolsos de piel para mujer, Bolsas de piel para dama precio, bolsos piel mujer, bolsos de piel mujer, bolsas de piel negra, bolsas de piel de mayoreo.","description":"Vianala","publisher":{"@id":"https:\/\/vianala.com\/en\/#organization"},"alternateName":"Vianala","potentialAction":[{"@type":"SearchAction","target":{"@type":"EntryPoint","urlTemplate":"https:\/\/vianala.com\/en\/?s={search_term_string}"},"query-input":"required name=search_term_string"}],"inLanguage":"en-US"},{"@type":"Organization","@id":"https:\/\/vianala.com\/en\/#organization","name":"Bolsas de piel para dama Le\u00f3n Guanajuato Vianala. Bolsos de piel para mujer, Bolsas de piel para dama precio, bolsos piel mujer, bolsos de piel mujer, bolsas de piel negra, bolsas de piel de mayoreo.","url":"https:\/\/vianala.com\/en\/","logo":{"@type":"ImageObject","inLanguage":"en-US","@id":"https:\/\/vianala.com\/en\/#\/schema\/logo\/image\/","url":"https:\/\/vianala.com\/wp-content\/uploads\/2022\/02\/7.-Logo-Vianala.jpg","contentUrl":"https:\/\/vianala.com\/wp-content\/uploads\/2022\/02\/7.-Logo-Vianala.jpg","width":2249,"height":2249,"caption":"Bolsas de piel para dama Le\u00f3n Guanajuato Vianala. Bolsos de piel para mujer, Bolsas de piel para dama precio, bolsos piel mujer, bolsos de piel mujer, bolsas de piel negra, bolsas de piel de mayoreo."},"image":{"@id":"https:\/\/vianala.com\/en\/#\/schema\/logo\/image\/"},"sameAs":["https:\/\/www.facebook.com\/vianalabolsas","https:\/\/www.instagram.com\/vianala_bolsas\/","https:\/\/wa.me\/5214777133305"]}]}},"_links":{"self":[{"href":"https:\/\/vianala.com\/en\/wp-json\/wp\/v2\/product\/28151"}],"collection":[{"href":"https:\/\/vianala.com\/en\/wp-json\/wp\/v2\/product"}],"about":[{"href":"https:\/\/vianala.com\/en\/wp-json\/wp\/v2\/types\/product"}],"replies":[{"embeddable":true,"href":"https:\/\/vianala.com\/en\/wp-json\/wp\/v2\/comments?post=28151"}],"wp:featuredmedia":[{"embeddable":true,"href":"https:\/\/vianala.com\/en\/wp-json\/wp\/v2\/media\/28354"}],"wp:attachment":[{"href":"https:\/\/vianala.com\/en\/wp-json\/wp\/v2\/media?parent=28151"}],"wp:term":[{"taxonomy":"product_cat","embeddable":true,"href":"https:\/\/vianala.com\/en\/wp-json\/wp\/v2\/product_cat?post=28151"},{"taxonomy":"product_tag","embeddable":true,"href":"https:\/\/vianala.com\/en\/wp-json\/wp\/v2\/product_tag?post=28151"}],"curies":[{"name":"wp","href":"https:\/\/api.w.org\/{rel}","templated":true}]}}