{"id":28879,"date":"2024-08-23T16:23:52","date_gmt":"2024-08-23T21:23:52","guid":{"rendered":"https:\/\/vianala.com\/?post_type=product&#038;p=28879"},"modified":"2026-05-08T12:04:31","modified_gmt":"2026-05-08T17:04:31","slug":"bolsos-de-piel-personalizados-iniciales-roja","status":"publish","type":"product","link":"https:\/\/vianala.com\/en\/tienda\/bolsos-de-piel-personalizados-iniciales-roja\/","title":{"rendered":"Tote Mazunte Roja Personalizada"},"content":{"rendered":"<h2>Elige el color de tus iniciales: Doradas o Plateadas<\/h2>\n<p>Bolsas personalizadas de piel iniciales roja Vianala<\/p>\n<p>\u00a1Hazla \u00fanica personaliz\u00e1ndola online! Elige el color de tus iniciales: Doradas o Plateadas Las bolsas tote son indispensables en tu armario. Adem\u00e1s de siempre estar en tendencia, son pr\u00e1cticas, c\u00f3modas y vers\u00e1tiles. Puedes usarlas diario para llevar en ellas todo lo necesario para sobrevivir con estilo en un viaje, en tu trabajo o en la escuela. Nuestra tote de colecci\u00f3n cuenta con dos asas cortas y una asa larga ajustable y desmontable para mayor comodidad. Al interior la caracteriza su amplio espacio para guardar lo m\u00e1s importante, y cuenta con una separaci\u00f3n con cierre para que guardes lo que necesites est\u00e9 m\u00e1s seguro. Consulta pol\u00edticas de env\u00edo\u00a0<a href=\"https:\/\/www.vianala.com\/politicasenvio\/\">aqu\u00ed<\/a><\/p>\n<h2 style=\"text-align: right\">Bolsas personalizadas de piel iniciales roja Vianala<\/h2>\n","protected":false},"excerpt":{"rendered":"<p>Elige el color de tus iniciales: Doradas o Plateadas Bolsas personalizadas de piel iniciales roja Vianala \u00a1Hazla \u00fanica personaliz\u00e1ndola online! Elige el color de tus iniciales: Doradas o Plateadas Las bolsas tote son indispensables en tu armario. Adem\u00e1s de siempre estar en tendencia, son pr\u00e1cticas, c\u00f3modas y vers\u00e1tiles. Puedes usarlas diario para llevar en ellas [&hellip;]<\/p>\n","protected":false},"featured_media":28880,"comment_status":"open","ping_status":"closed","template":"","meta":[],"product_cat":[222,150,323,302,303],"product_tag":[223,224,225],"yoast_head":"<!-- This site is optimized with the Yoast SEO plugin v20.3 - https:\/\/yoast.com\/wordpress\/plugins\/seo\/ -->\n<title>Bolsos de piel personalizados iniciales roja Vianala. Tienda online de bolsas personalizadas de piel iniciales, bolsos personalizados piel iniciales, bolso piel personalizado iniciales<\/title>\n<meta name=\"description\" content=\"Bolsos de piel personalizados iniciales roja \u00a1Personaliza tu bolsa online y hazla \u00fanica! Gratis env\u00edo. Bolsas personalizadas de piel iniciales tienda en l\u00ednea. Bolsos personalizados piel iniciales, bolso piel personalizado iniciales.\" \/>\n<meta name=\"robots\" content=\"index, follow, max-snippet:-1, max-image-preview:large, max-video-preview:-1\" \/>\n<link rel=\"canonical\" href=\"https:\/\/vianala.com\/en\/tienda\/bolsos-de-piel-personalizados-iniciales-roja\/\" \/>\n<meta property=\"og:locale\" content=\"en_US\" \/>\n<meta property=\"og:type\" content=\"article\" \/>\n<meta property=\"og:title\" content=\"Bolsos de piel personalizados iniciales roja Vianala. Tienda online de bolsas personalizadas de piel iniciales, bolsos personalizados piel iniciales, bolso piel personalizado iniciales\" \/>\n<meta property=\"og:description\" content=\"Bolsos de piel personalizados iniciales roja \u00a1Personaliza tu bolsa online y hazla \u00fanica! Gratis env\u00edo. Bolsas personalizadas de piel iniciales tienda en l\u00ednea. Bolsos personalizados piel iniciales, bolso piel personalizado iniciales.\" \/>\n<meta property=\"og:url\" content=\"https:\/\/vianala.com\/en\/tienda\/bolsos-de-piel-personalizados-iniciales-roja\/\" \/>\n<meta property=\"og:site_name\" content=\"Vianala\" \/>\n<meta property=\"article:publisher\" content=\"https:\/\/www.facebook.com\/vianalabolsas\" \/>\n<meta property=\"article:modified_time\" content=\"2026-05-08T17:04:31+00:00\" \/>\n<meta property=\"og:image\" content=\"https:\/\/vianala.com\/wp-content\/uploads\/2024\/08\/750-G-RJ.jpg\" \/>\n\t<meta property=\"og:image:width\" content=\"1200\" \/>\n\t<meta property=\"og:image:height\" content=\"1200\" \/>\n\t<meta property=\"og:image:type\" content=\"image\/jpeg\" \/>\n<meta name=\"twitter:card\" content=\"summary_large_image\" \/>\n<meta name=\"twitter:label1\" content=\"Est. reading time\" \/>\n\t<meta name=\"twitter:data1\" content=\"1 minute\" \/>\n<script type=\"application\/ld+json\" class=\"yoast-schema-graph\">{\"@context\":\"https:\/\/schema.org\",\"@graph\":[{\"@type\":\"WebPage\",\"@id\":\"https:\/\/vianala.com\/en\/tienda\/bolsos-de-piel-personalizados-iniciales-roja\/\",\"url\":\"https:\/\/vianala.com\/en\/tienda\/bolsos-de-piel-personalizados-iniciales-roja\/\",\"name\":\"Bolsos de piel personalizados iniciales roja Vianala. Tienda online de bolsas personalizadas de piel iniciales, bolsos personalizados piel iniciales, bolso piel personalizado iniciales\",\"isPartOf\":{\"@id\":\"https:\/\/vianala.com\/en\/#website\"},\"datePublished\":\"2024-08-23T21:23:52+00:00\",\"dateModified\":\"2026-05-08T17:04:31+00:00\",\"description\":\"Bolsos de piel personalizados iniciales roja \u00a1Personaliza tu bolsa online y hazla \u00fanica! Gratis env\u00edo. Bolsas personalizadas de piel iniciales tienda en l\u00ednea. Bolsos personalizados piel iniciales, bolso piel personalizado iniciales.\",\"breadcrumb\":{\"@id\":\"https:\/\/vianala.com\/en\/tienda\/bolsos-de-piel-personalizados-iniciales-roja\/#breadcrumb\"},\"inLanguage\":\"en-US\",\"potentialAction\":[{\"@type\":\"ReadAction\",\"target\":[\"https:\/\/vianala.com\/en\/tienda\/bolsos-de-piel-personalizados-iniciales-roja\/\"]}]},{\"@type\":\"BreadcrumbList\",\"@id\":\"https:\/\/vianala.com\/en\/tienda\/bolsos-de-piel-personalizados-iniciales-roja\/#breadcrumb\",\"itemListElement\":[{\"@type\":\"ListItem\",\"position\":1,\"name\":\"\",\"item\":\"https:\/\/vianala.com\/en\/\"},{\"@type\":\"ListItem\",\"position\":2,\"name\":\"Portada\",\"item\":\"https:\/\/vianala.com\/en\/\"},{\"@type\":\"ListItem\",\"position\":3,\"name\":\"Shop\",\"item\":\"https:\/\/vianala.com\/en\/shop\/\"},{\"@type\":\"ListItem\",\"position\":4,\"name\":\"Tote Mazunte Roja Personalizada\"}]},{\"@type\":\"WebSite\",\"@id\":\"https:\/\/vianala.com\/en\/#website\",\"url\":\"https:\/\/vianala.com\/en\/\",\"name\":\"Bolsas de piel para dama Le\u00f3n Guanajuato Vianala. Bolsos de piel para mujer, Bolsas de piel para dama precio, bolsos piel mujer, bolsos de piel mujer, bolsas de piel negra, bolsas de piel de mayoreo.\",\"description\":\"Vianala\",\"publisher\":{\"@id\":\"https:\/\/vianala.com\/en\/#organization\"},\"alternateName\":\"Vianala\",\"potentialAction\":[{\"@type\":\"SearchAction\",\"target\":{\"@type\":\"EntryPoint\",\"urlTemplate\":\"https:\/\/vianala.com\/en\/?s={search_term_string}\"},\"query-input\":\"required name=search_term_string\"}],\"inLanguage\":\"en-US\"},{\"@type\":\"Organization\",\"@id\":\"https:\/\/vianala.com\/en\/#organization\",\"name\":\"Bolsas de piel para dama Le\u00f3n Guanajuato Vianala. Bolsos de piel para mujer, Bolsas de piel para dama precio, bolsos piel mujer, bolsos de piel mujer, bolsas de piel negra, bolsas de piel de mayoreo.\",\"url\":\"https:\/\/vianala.com\/en\/\",\"logo\":{\"@type\":\"ImageObject\",\"inLanguage\":\"en-US\",\"@id\":\"https:\/\/vianala.com\/en\/#\/schema\/logo\/image\/\",\"url\":\"https:\/\/vianala.com\/wp-content\/uploads\/2022\/02\/7.-Logo-Vianala.jpg\",\"contentUrl\":\"https:\/\/vianala.com\/wp-content\/uploads\/2022\/02\/7.-Logo-Vianala.jpg\",\"width\":2249,\"height\":2249,\"caption\":\"Bolsas de piel para dama Le\u00f3n Guanajuato Vianala. Bolsos de piel para mujer, Bolsas de piel para dama precio, bolsos piel mujer, bolsos de piel mujer, bolsas de piel negra, bolsas de piel de mayoreo.\"},\"image\":{\"@id\":\"https:\/\/vianala.com\/en\/#\/schema\/logo\/image\/\"},\"sameAs\":[\"https:\/\/www.facebook.com\/vianalabolsas\",\"https:\/\/www.instagram.com\/vianala_bolsas\/\",\"https:\/\/wa.me\/5214777133305\"]}]}<\/script>\n<!-- \/ Yoast SEO plugin. -->","yoast_head_json":{"title":"Bolsos de piel personalizados iniciales roja Vianala. Tienda online de bolsas personalizadas de piel iniciales, bolsos personalizados piel iniciales, bolso piel personalizado iniciales","description":"Bolsos de piel personalizados iniciales roja \u00a1Personaliza tu bolsa online y hazla \u00fanica! Gratis env\u00edo. Bolsas personalizadas de piel iniciales tienda en l\u00ednea. Bolsos personalizados piel iniciales, bolso piel personalizado iniciales.","robots":{"index":"index","follow":"follow","max-snippet":"max-snippet:-1","max-image-preview":"max-image-preview:large","max-video-preview":"max-video-preview:-1"},"canonical":"https:\/\/vianala.com\/en\/tienda\/bolsos-de-piel-personalizados-iniciales-roja\/","og_locale":"en_US","og_type":"article","og_title":"Bolsos de piel personalizados iniciales roja Vianala. Tienda online de bolsas personalizadas de piel iniciales, bolsos personalizados piel iniciales, bolso piel personalizado iniciales","og_description":"Bolsos de piel personalizados iniciales roja \u00a1Personaliza tu bolsa online y hazla \u00fanica! Gratis env\u00edo. Bolsas personalizadas de piel iniciales tienda en l\u00ednea. Bolsos personalizados piel iniciales, bolso piel personalizado iniciales.","og_url":"https:\/\/vianala.com\/en\/tienda\/bolsos-de-piel-personalizados-iniciales-roja\/","og_site_name":"Vianala","article_publisher":"https:\/\/www.facebook.com\/vianalabolsas","article_modified_time":"2026-05-08T17:04:31+00:00","og_image":[{"width":1200,"height":1200,"url":"https:\/\/vianala.com\/wp-content\/uploads\/2024\/08\/750-G-RJ.jpg","type":"image\/jpeg"}],"twitter_card":"summary_large_image","twitter_misc":{"Est. reading time":"1 minute"},"schema":{"@context":"https:\/\/schema.org","@graph":[{"@type":"WebPage","@id":"https:\/\/vianala.com\/en\/tienda\/bolsos-de-piel-personalizados-iniciales-roja\/","url":"https:\/\/vianala.com\/en\/tienda\/bolsos-de-piel-personalizados-iniciales-roja\/","name":"Bolsos de piel personalizados iniciales roja Vianala. Tienda online de bolsas personalizadas de piel iniciales, bolsos personalizados piel iniciales, bolso piel personalizado iniciales","isPartOf":{"@id":"https:\/\/vianala.com\/en\/#website"},"datePublished":"2024-08-23T21:23:52+00:00","dateModified":"2026-05-08T17:04:31+00:00","description":"Bolsos de piel personalizados iniciales roja \u00a1Personaliza tu bolsa online y hazla \u00fanica! Gratis env\u00edo. Bolsas personalizadas de piel iniciales tienda en l\u00ednea. Bolsos personalizados piel iniciales, bolso piel personalizado iniciales.","breadcrumb":{"@id":"https:\/\/vianala.com\/en\/tienda\/bolsos-de-piel-personalizados-iniciales-roja\/#breadcrumb"},"inLanguage":"en-US","potentialAction":[{"@type":"ReadAction","target":["https:\/\/vianala.com\/en\/tienda\/bolsos-de-piel-personalizados-iniciales-roja\/"]}]},{"@type":"BreadcrumbList","@id":"https:\/\/vianala.com\/en\/tienda\/bolsos-de-piel-personalizados-iniciales-roja\/#breadcrumb","itemListElement":[{"@type":"ListItem","position":1,"name":"","item":"https:\/\/vianala.com\/en\/"},{"@type":"ListItem","position":2,"name":"Portada","item":"https:\/\/vianala.com\/en\/"},{"@type":"ListItem","position":3,"name":"Shop","item":"https:\/\/vianala.com\/en\/shop\/"},{"@type":"ListItem","position":4,"name":"Tote Mazunte Roja Personalizada"}]},{"@type":"WebSite","@id":"https:\/\/vianala.com\/en\/#website","url":"https:\/\/vianala.com\/en\/","name":"Bolsas de piel para dama Le\u00f3n Guanajuato Vianala. Bolsos de piel para mujer, Bolsas de piel para dama precio, bolsos piel mujer, bolsos de piel mujer, bolsas de piel negra, bolsas de piel de mayoreo.","description":"Vianala","publisher":{"@id":"https:\/\/vianala.com\/en\/#organization"},"alternateName":"Vianala","potentialAction":[{"@type":"SearchAction","target":{"@type":"EntryPoint","urlTemplate":"https:\/\/vianala.com\/en\/?s={search_term_string}"},"query-input":"required name=search_term_string"}],"inLanguage":"en-US"},{"@type":"Organization","@id":"https:\/\/vianala.com\/en\/#organization","name":"Bolsas de piel para dama Le\u00f3n Guanajuato Vianala. Bolsos de piel para mujer, Bolsas de piel para dama precio, bolsos piel mujer, bolsos de piel mujer, bolsas de piel negra, bolsas de piel de mayoreo.","url":"https:\/\/vianala.com\/en\/","logo":{"@type":"ImageObject","inLanguage":"en-US","@id":"https:\/\/vianala.com\/en\/#\/schema\/logo\/image\/","url":"https:\/\/vianala.com\/wp-content\/uploads\/2022\/02\/7.-Logo-Vianala.jpg","contentUrl":"https:\/\/vianala.com\/wp-content\/uploads\/2022\/02\/7.-Logo-Vianala.jpg","width":2249,"height":2249,"caption":"Bolsas de piel para dama Le\u00f3n Guanajuato Vianala. Bolsos de piel para mujer, Bolsas de piel para dama precio, bolsos piel mujer, bolsos de piel mujer, bolsas de piel negra, bolsas de piel de mayoreo."},"image":{"@id":"https:\/\/vianala.com\/en\/#\/schema\/logo\/image\/"},"sameAs":["https:\/\/www.facebook.com\/vianalabolsas","https:\/\/www.instagram.com\/vianala_bolsas\/","https:\/\/wa.me\/5214777133305"]}]}},"_links":{"self":[{"href":"https:\/\/vianala.com\/en\/wp-json\/wp\/v2\/product\/28879"}],"collection":[{"href":"https:\/\/vianala.com\/en\/wp-json\/wp\/v2\/product"}],"about":[{"href":"https:\/\/vianala.com\/en\/wp-json\/wp\/v2\/types\/product"}],"replies":[{"embeddable":true,"href":"https:\/\/vianala.com\/en\/wp-json\/wp\/v2\/comments?post=28879"}],"wp:featuredmedia":[{"embeddable":true,"href":"https:\/\/vianala.com\/en\/wp-json\/wp\/v2\/media\/28880"}],"wp:attachment":[{"href":"https:\/\/vianala.com\/en\/wp-json\/wp\/v2\/media?parent=28879"}],"wp:term":[{"taxonomy":"product_cat","embeddable":true,"href":"https:\/\/vianala.com\/en\/wp-json\/wp\/v2\/product_cat?post=28879"},{"taxonomy":"product_tag","embeddable":true,"href":"https:\/\/vianala.com\/en\/wp-json\/wp\/v2\/product_tag?post=28879"}],"curies":[{"name":"wp","href":"https:\/\/api.w.org\/{rel}","templated":true}]}}