{"id":29622,"date":"2025-02-05T12:25:08","date_gmt":"2025-02-05T18:25:08","guid":{"rendered":"https:\/\/vianala.com\/?post_type=product&#038;p=29622"},"modified":"2026-04-27T17:00:36","modified_gmt":"2026-04-27T22:00:36","slug":"bolsa-de-piel-para-mujer-crossbody-cruzada-roja","status":"publish","type":"product","link":"https:\/\/vianala.com\/en\/tienda\/bolsa-de-piel-para-mujer-crossbody-cruzada-roja\/","title":{"rendered":"Jalpa crossbody roja"},"content":{"rendered":"<p>Bolso crossbody. Bolsa peque\u00f1a de piel. Crossbody mujer. Bolsa de piel con compartimentos.<\/p>\n<p>Si buscas un bolso compacto, elegante y funcional, la crossbody Jalpa es para ti. Su dise\u00f1o minimalista y pr\u00e1ctico lo convierte en el aliado perfecto para tus d\u00edas activos. Gracias a su asa ajustable y desmontable, lo puedes llevar como prefieras: al hombro o cruzado para mayor comodidad.<\/p>\n<p>Cuenta con dos compartimentos interiores para organizar lo esencial, un cierre con cremallera que mantiene todo seguro y un bolsillo exterior para acceso r\u00e1pido a lo que m\u00e1s usas. Ideal para cualquier ocasi\u00f3n, desde un d\u00eda en la ciudad hasta una escapada de fin de semana.<\/p>\n<p>Descubre m\u00e1s bolsos crossbody <a href=\"https:\/\/vianala.com\/categoria-producto\/bolsas\/crossbody\/\">aqu\u00ed<\/a>.<\/p>\n","protected":false},"excerpt":{"rendered":"<p>Bolso crossbody. Bolsa peque\u00f1a de piel. Crossbody mujer. Bolsa de piel con compartimentos. Si buscas un bolso compacto, elegante y funcional, la crossbody Jalpa es para ti. Su dise\u00f1o minimalista y pr\u00e1ctico lo convierte en el aliado perfecto para tus d\u00edas activos. Gracias a su asa ajustable y desmontable, lo puedes llevar como prefieras: al [&hellip;]<\/p>\n","protected":false},"featured_media":29641,"comment_status":"open","ping_status":"closed","template":"","meta":[],"product_cat":[16,300,170,314],"product_tag":[],"yoast_head":"<!-- This site is optimized with the Yoast SEO plugin v20.3 - https:\/\/yoast.com\/wordpress\/plugins\/seo\/ -->\n<title>VIANALA Bolsa crossbody de piel para mujer<\/title>\n<meta name=\"description\" content=\"VIANALA Casa marroquinera ubicada en Le\u00f3n, Guanajuato M\u00e9xico\" \/>\n<meta name=\"robots\" content=\"index, follow, max-snippet:-1, max-image-preview:large, max-video-preview:-1\" \/>\n<link rel=\"canonical\" href=\"https:\/\/vianala.com\/en\/tienda\/bolsa-de-piel-para-mujer-crossbody-cruzada-roja\/\" \/>\n<meta property=\"og:locale\" content=\"en_US\" \/>\n<meta property=\"og:type\" content=\"article\" \/>\n<meta property=\"og:title\" content=\"VIANALA Bolsa crossbody de piel para mujer\" \/>\n<meta property=\"og:description\" content=\"VIANALA Casa marroquinera ubicada en Le\u00f3n, Guanajuato M\u00e9xico\" \/>\n<meta property=\"og:url\" content=\"https:\/\/vianala.com\/en\/tienda\/bolsa-de-piel-para-mujer-crossbody-cruzada-roja\/\" \/>\n<meta property=\"og:site_name\" content=\"Vianala\" \/>\n<meta property=\"article:publisher\" content=\"https:\/\/www.facebook.com\/vianalabolsas\" \/>\n<meta property=\"article:modified_time\" content=\"2026-04-27T22:00:36+00:00\" \/>\n<meta property=\"og:image\" content=\"https:\/\/vianala.com\/wp-content\/uploads\/2025\/02\/Bolsa_de_piel_para_mujer_crossbody_cruzada_roja.png\" \/>\n\t<meta property=\"og:image:width\" content=\"500\" \/>\n\t<meta property=\"og:image:height\" content=\"500\" \/>\n\t<meta property=\"og:image:type\" content=\"image\/png\" \/>\n<meta name=\"twitter:card\" content=\"summary_large_image\" \/>\n<meta name=\"twitter:label1\" content=\"Est. reading time\" \/>\n\t<meta name=\"twitter:data1\" content=\"1 minute\" \/>\n<script type=\"application\/ld+json\" class=\"yoast-schema-graph\">{\"@context\":\"https:\/\/schema.org\",\"@graph\":[{\"@type\":\"WebPage\",\"@id\":\"https:\/\/vianala.com\/en\/tienda\/bolsa-de-piel-para-mujer-crossbody-cruzada-roja\/\",\"url\":\"https:\/\/vianala.com\/en\/tienda\/bolsa-de-piel-para-mujer-crossbody-cruzada-roja\/\",\"name\":\"VIANALA Bolsa crossbody de piel para mujer\",\"isPartOf\":{\"@id\":\"https:\/\/vianala.com\/en\/#website\"},\"datePublished\":\"2025-02-05T18:25:08+00:00\",\"dateModified\":\"2026-04-27T22:00:36+00:00\",\"description\":\"VIANALA Casa marroquinera ubicada en Le\u00f3n, Guanajuato M\u00e9xico\",\"breadcrumb\":{\"@id\":\"https:\/\/vianala.com\/en\/tienda\/bolsa-de-piel-para-mujer-crossbody-cruzada-roja\/#breadcrumb\"},\"inLanguage\":\"en-US\",\"potentialAction\":[{\"@type\":\"ReadAction\",\"target\":[\"https:\/\/vianala.com\/en\/tienda\/bolsa-de-piel-para-mujer-crossbody-cruzada-roja\/\"]}]},{\"@type\":\"BreadcrumbList\",\"@id\":\"https:\/\/vianala.com\/en\/tienda\/bolsa-de-piel-para-mujer-crossbody-cruzada-roja\/#breadcrumb\",\"itemListElement\":[{\"@type\":\"ListItem\",\"position\":1,\"name\":\"\",\"item\":\"https:\/\/vianala.com\/en\/\"},{\"@type\":\"ListItem\",\"position\":2,\"name\":\"Portada\",\"item\":\"https:\/\/vianala.com\/en\/\"},{\"@type\":\"ListItem\",\"position\":3,\"name\":\"Shop\",\"item\":\"https:\/\/vianala.com\/en\/shop\/\"},{\"@type\":\"ListItem\",\"position\":4,\"name\":\"Jalpa crossbody roja\"}]},{\"@type\":\"WebSite\",\"@id\":\"https:\/\/vianala.com\/en\/#website\",\"url\":\"https:\/\/vianala.com\/en\/\",\"name\":\"Bolsas de piel para dama Le\u00f3n Guanajuato Vianala. Bolsos de piel para mujer, Bolsas de piel para dama precio, bolsos piel mujer, bolsos de piel mujer, bolsas de piel negra, bolsas de piel de mayoreo.\",\"description\":\"Vianala\",\"publisher\":{\"@id\":\"https:\/\/vianala.com\/en\/#organization\"},\"alternateName\":\"Vianala\",\"potentialAction\":[{\"@type\":\"SearchAction\",\"target\":{\"@type\":\"EntryPoint\",\"urlTemplate\":\"https:\/\/vianala.com\/en\/?s={search_term_string}\"},\"query-input\":\"required name=search_term_string\"}],\"inLanguage\":\"en-US\"},{\"@type\":\"Organization\",\"@id\":\"https:\/\/vianala.com\/en\/#organization\",\"name\":\"Bolsas de piel para dama Le\u00f3n Guanajuato Vianala. Bolsos de piel para mujer, Bolsas de piel para dama precio, bolsos piel mujer, bolsos de piel mujer, bolsas de piel negra, bolsas de piel de mayoreo.\",\"url\":\"https:\/\/vianala.com\/en\/\",\"logo\":{\"@type\":\"ImageObject\",\"inLanguage\":\"en-US\",\"@id\":\"https:\/\/vianala.com\/en\/#\/schema\/logo\/image\/\",\"url\":\"https:\/\/vianala.com\/wp-content\/uploads\/2022\/02\/7.-Logo-Vianala.jpg\",\"contentUrl\":\"https:\/\/vianala.com\/wp-content\/uploads\/2022\/02\/7.-Logo-Vianala.jpg\",\"width\":2249,\"height\":2249,\"caption\":\"Bolsas de piel para dama Le\u00f3n Guanajuato Vianala. Bolsos de piel para mujer, Bolsas de piel para dama precio, bolsos piel mujer, bolsos de piel mujer, bolsas de piel negra, bolsas de piel de mayoreo.\"},\"image\":{\"@id\":\"https:\/\/vianala.com\/en\/#\/schema\/logo\/image\/\"},\"sameAs\":[\"https:\/\/www.facebook.com\/vianalabolsas\",\"https:\/\/www.instagram.com\/vianala_bolsas\/\",\"https:\/\/wa.me\/5214777133305\"]}]}<\/script>\n<!-- \/ Yoast SEO plugin. -->","yoast_head_json":{"title":"VIANALA Bolsa crossbody de piel para mujer","description":"VIANALA Casa marroquinera ubicada en Le\u00f3n, Guanajuato M\u00e9xico","robots":{"index":"index","follow":"follow","max-snippet":"max-snippet:-1","max-image-preview":"max-image-preview:large","max-video-preview":"max-video-preview:-1"},"canonical":"https:\/\/vianala.com\/en\/tienda\/bolsa-de-piel-para-mujer-crossbody-cruzada-roja\/","og_locale":"en_US","og_type":"article","og_title":"VIANALA Bolsa crossbody de piel para mujer","og_description":"VIANALA Casa marroquinera ubicada en Le\u00f3n, Guanajuato M\u00e9xico","og_url":"https:\/\/vianala.com\/en\/tienda\/bolsa-de-piel-para-mujer-crossbody-cruzada-roja\/","og_site_name":"Vianala","article_publisher":"https:\/\/www.facebook.com\/vianalabolsas","article_modified_time":"2026-04-27T22:00:36+00:00","og_image":[{"width":500,"height":500,"url":"https:\/\/vianala.com\/wp-content\/uploads\/2025\/02\/Bolsa_de_piel_para_mujer_crossbody_cruzada_roja.png","type":"image\/png"}],"twitter_card":"summary_large_image","twitter_misc":{"Est. reading time":"1 minute"},"schema":{"@context":"https:\/\/schema.org","@graph":[{"@type":"WebPage","@id":"https:\/\/vianala.com\/en\/tienda\/bolsa-de-piel-para-mujer-crossbody-cruzada-roja\/","url":"https:\/\/vianala.com\/en\/tienda\/bolsa-de-piel-para-mujer-crossbody-cruzada-roja\/","name":"VIANALA Bolsa crossbody de piel para mujer","isPartOf":{"@id":"https:\/\/vianala.com\/en\/#website"},"datePublished":"2025-02-05T18:25:08+00:00","dateModified":"2026-04-27T22:00:36+00:00","description":"VIANALA Casa marroquinera ubicada en Le\u00f3n, Guanajuato M\u00e9xico","breadcrumb":{"@id":"https:\/\/vianala.com\/en\/tienda\/bolsa-de-piel-para-mujer-crossbody-cruzada-roja\/#breadcrumb"},"inLanguage":"en-US","potentialAction":[{"@type":"ReadAction","target":["https:\/\/vianala.com\/en\/tienda\/bolsa-de-piel-para-mujer-crossbody-cruzada-roja\/"]}]},{"@type":"BreadcrumbList","@id":"https:\/\/vianala.com\/en\/tienda\/bolsa-de-piel-para-mujer-crossbody-cruzada-roja\/#breadcrumb","itemListElement":[{"@type":"ListItem","position":1,"name":"","item":"https:\/\/vianala.com\/en\/"},{"@type":"ListItem","position":2,"name":"Portada","item":"https:\/\/vianala.com\/en\/"},{"@type":"ListItem","position":3,"name":"Shop","item":"https:\/\/vianala.com\/en\/shop\/"},{"@type":"ListItem","position":4,"name":"Jalpa crossbody roja"}]},{"@type":"WebSite","@id":"https:\/\/vianala.com\/en\/#website","url":"https:\/\/vianala.com\/en\/","name":"Bolsas de piel para dama Le\u00f3n Guanajuato Vianala. Bolsos de piel para mujer, Bolsas de piel para dama precio, bolsos piel mujer, bolsos de piel mujer, bolsas de piel negra, bolsas de piel de mayoreo.","description":"Vianala","publisher":{"@id":"https:\/\/vianala.com\/en\/#organization"},"alternateName":"Vianala","potentialAction":[{"@type":"SearchAction","target":{"@type":"EntryPoint","urlTemplate":"https:\/\/vianala.com\/en\/?s={search_term_string}"},"query-input":"required name=search_term_string"}],"inLanguage":"en-US"},{"@type":"Organization","@id":"https:\/\/vianala.com\/en\/#organization","name":"Bolsas de piel para dama Le\u00f3n Guanajuato Vianala. Bolsos de piel para mujer, Bolsas de piel para dama precio, bolsos piel mujer, bolsos de piel mujer, bolsas de piel negra, bolsas de piel de mayoreo.","url":"https:\/\/vianala.com\/en\/","logo":{"@type":"ImageObject","inLanguage":"en-US","@id":"https:\/\/vianala.com\/en\/#\/schema\/logo\/image\/","url":"https:\/\/vianala.com\/wp-content\/uploads\/2022\/02\/7.-Logo-Vianala.jpg","contentUrl":"https:\/\/vianala.com\/wp-content\/uploads\/2022\/02\/7.-Logo-Vianala.jpg","width":2249,"height":2249,"caption":"Bolsas de piel para dama Le\u00f3n Guanajuato Vianala. Bolsos de piel para mujer, Bolsas de piel para dama precio, bolsos piel mujer, bolsos de piel mujer, bolsas de piel negra, bolsas de piel de mayoreo."},"image":{"@id":"https:\/\/vianala.com\/en\/#\/schema\/logo\/image\/"},"sameAs":["https:\/\/www.facebook.com\/vianalabolsas","https:\/\/www.instagram.com\/vianala_bolsas\/","https:\/\/wa.me\/5214777133305"]}]}},"_links":{"self":[{"href":"https:\/\/vianala.com\/en\/wp-json\/wp\/v2\/product\/29622"}],"collection":[{"href":"https:\/\/vianala.com\/en\/wp-json\/wp\/v2\/product"}],"about":[{"href":"https:\/\/vianala.com\/en\/wp-json\/wp\/v2\/types\/product"}],"replies":[{"embeddable":true,"href":"https:\/\/vianala.com\/en\/wp-json\/wp\/v2\/comments?post=29622"}],"wp:featuredmedia":[{"embeddable":true,"href":"https:\/\/vianala.com\/en\/wp-json\/wp\/v2\/media\/29641"}],"wp:attachment":[{"href":"https:\/\/vianala.com\/en\/wp-json\/wp\/v2\/media?parent=29622"}],"wp:term":[{"taxonomy":"product_cat","embeddable":true,"href":"https:\/\/vianala.com\/en\/wp-json\/wp\/v2\/product_cat?post=29622"},{"taxonomy":"product_tag","embeddable":true,"href":"https:\/\/vianala.com\/en\/wp-json\/wp\/v2\/product_tag?post=29622"}],"curies":[{"name":"wp","href":"https:\/\/api.w.org\/{rel}","templated":true}]}}