{"id":29868,"date":"2025-03-07T11:17:33","date_gmt":"2025-03-07T17:17:33","guid":{"rendered":"https:\/\/vianala.com\/?post_type=product&#038;p=29868"},"modified":"2026-04-17T11:36:04","modified_gmt":"2026-04-17T16:36:04","slug":"crossbody-rosalia-negro","status":"publish","type":"product","link":"https:\/\/vianala.com\/en\/tienda\/crossbody-rosalia-negro\/","title":{"rendered":"Crossbody Rosal\u00eda Negro"},"content":{"rendered":"<h2>Bolso crossbody. Bolsa de piel con cierre. Crossbody de piel para mujer. Bolsa compacta y funcional.<\/h2>\n<p>La crossbody Rosal\u00eda es sin\u00f3nimo de practicidad y sofisticaci\u00f3n. Dise\u00f1ado para mujeres que buscan un bolso peque\u00f1o pero con gran capacidad, este modelo cuenta con tres compartimentos interiores, permiti\u00e9ndote organizar tus esenciales sin esfuerzo. Su asa desmontable y ajustable se adapta a tu estilo, ya sea al hombro o cruzado.<\/p>\n<p>Con su cierre con cremallera, todo lo que lleves estar\u00e1 seguro. Perfecto para el d\u00eda a d\u00eda, eventos o viajes donde necesitas llevar solo lo indispensable con un toque de elegancia.<\/p>\n","protected":false},"excerpt":{"rendered":"<p>Bolso crossbody. Bolsa de piel con cierre. Crossbody de piel para mujer. Bolsa compacta y funcional. La crossbody Rosal\u00eda es sin\u00f3nimo de practicidad y sofisticaci\u00f3n. Dise\u00f1ado para mujeres que buscan un bolso peque\u00f1o pero con gran capacidad, este modelo cuenta con tres compartimentos interiores, permiti\u00e9ndote organizar tus esenciales sin esfuerzo. Su asa desmontable y ajustable [&hellip;]<\/p>\n","protected":false},"featured_media":29933,"comment_status":"open","ping_status":"closed","template":"","meta":[],"product_cat":[16,300,170,314],"product_tag":[],"yoast_head":"<!-- This site is optimized with the Yoast SEO plugin v20.3 - https:\/\/yoast.com\/wordpress\/plugins\/seo\/ -->\n<title>Crossbody Rosal\u00eda Negro - Vianala<\/title>\n<meta name=\"robots\" content=\"index, follow, max-snippet:-1, max-image-preview:large, max-video-preview:-1\" \/>\n<link rel=\"canonical\" href=\"https:\/\/vianala.com\/en\/tienda\/crossbody-rosalia-negro\/\" \/>\n<meta property=\"og:locale\" content=\"en_US\" \/>\n<meta property=\"og:type\" content=\"article\" \/>\n<meta property=\"og:title\" content=\"Crossbody Rosal\u00eda Negro - Vianala\" \/>\n<meta property=\"og:description\" content=\"Bolso crossbody. Bolsa de piel con cierre. Crossbody de piel para mujer. Bolsa compacta y funcional. La crossbody Rosal\u00eda es sin\u00f3nimo de practicidad y sofisticaci\u00f3n. Dise\u00f1ado para mujeres que buscan un bolso peque\u00f1o pero con gran capacidad, este modelo cuenta con tres compartimentos interiores, permiti\u00e9ndote organizar tus esenciales sin esfuerzo. Su asa desmontable y ajustable [&hellip;]\" \/>\n<meta property=\"og:url\" content=\"https:\/\/vianala.com\/en\/tienda\/crossbody-rosalia-negro\/\" \/>\n<meta property=\"og:site_name\" content=\"Vianala\" \/>\n<meta property=\"article:publisher\" content=\"https:\/\/www.facebook.com\/vianalabolsas\" \/>\n<meta property=\"article:modified_time\" content=\"2026-04-17T16:36:04+00:00\" \/>\n<meta property=\"og:image\" content=\"https:\/\/vianala.com\/wp-content\/uploads\/2025\/03\/Bolsa-negra-de-piel-crossbody-bandolera-amazon-mercado-libre.jpg\" \/>\n\t<meta property=\"og:image:width\" content=\"1512\" \/>\n\t<meta property=\"og:image:height\" content=\"1512\" \/>\n\t<meta property=\"og:image:type\" content=\"image\/jpeg\" \/>\n<meta name=\"twitter:card\" content=\"summary_large_image\" \/>\n<meta name=\"twitter:label1\" content=\"Est. reading time\" \/>\n\t<meta name=\"twitter:data1\" content=\"1 minute\" \/>\n<script type=\"application\/ld+json\" class=\"yoast-schema-graph\">{\"@context\":\"https:\/\/schema.org\",\"@graph\":[{\"@type\":\"WebPage\",\"@id\":\"https:\/\/vianala.com\/en\/tienda\/crossbody-rosalia-negro\/\",\"url\":\"https:\/\/vianala.com\/en\/tienda\/crossbody-rosalia-negro\/\",\"name\":\"Crossbody Rosal\u00eda Negro - Vianala\",\"isPartOf\":{\"@id\":\"https:\/\/vianala.com\/en\/#website\"},\"datePublished\":\"2025-03-07T17:17:33+00:00\",\"dateModified\":\"2026-04-17T16:36:04+00:00\",\"breadcrumb\":{\"@id\":\"https:\/\/vianala.com\/en\/tienda\/crossbody-rosalia-negro\/#breadcrumb\"},\"inLanguage\":\"en-US\",\"potentialAction\":[{\"@type\":\"ReadAction\",\"target\":[\"https:\/\/vianala.com\/en\/tienda\/crossbody-rosalia-negro\/\"]}]},{\"@type\":\"BreadcrumbList\",\"@id\":\"https:\/\/vianala.com\/en\/tienda\/crossbody-rosalia-negro\/#breadcrumb\",\"itemListElement\":[{\"@type\":\"ListItem\",\"position\":1,\"name\":\"\",\"item\":\"https:\/\/vianala.com\/en\/\"},{\"@type\":\"ListItem\",\"position\":2,\"name\":\"Portada\",\"item\":\"https:\/\/vianala.com\/en\/\"},{\"@type\":\"ListItem\",\"position\":3,\"name\":\"Shop\",\"item\":\"https:\/\/vianala.com\/en\/shop\/\"},{\"@type\":\"ListItem\",\"position\":4,\"name\":\"Crossbody Rosal\u00eda Negro\"}]},{\"@type\":\"WebSite\",\"@id\":\"https:\/\/vianala.com\/en\/#website\",\"url\":\"https:\/\/vianala.com\/en\/\",\"name\":\"Bolsas de piel para dama Le\u00f3n Guanajuato Vianala. Bolsos de piel para mujer, Bolsas de piel para dama precio, bolsos piel mujer, bolsos de piel mujer, bolsas de piel negra, bolsas de piel de mayoreo.\",\"description\":\"Vianala\",\"publisher\":{\"@id\":\"https:\/\/vianala.com\/en\/#organization\"},\"alternateName\":\"Vianala\",\"potentialAction\":[{\"@type\":\"SearchAction\",\"target\":{\"@type\":\"EntryPoint\",\"urlTemplate\":\"https:\/\/vianala.com\/en\/?s={search_term_string}\"},\"query-input\":\"required name=search_term_string\"}],\"inLanguage\":\"en-US\"},{\"@type\":\"Organization\",\"@id\":\"https:\/\/vianala.com\/en\/#organization\",\"name\":\"Bolsas de piel para dama Le\u00f3n Guanajuato Vianala. Bolsos de piel para mujer, Bolsas de piel para dama precio, bolsos piel mujer, bolsos de piel mujer, bolsas de piel negra, bolsas de piel de mayoreo.\",\"url\":\"https:\/\/vianala.com\/en\/\",\"logo\":{\"@type\":\"ImageObject\",\"inLanguage\":\"en-US\",\"@id\":\"https:\/\/vianala.com\/en\/#\/schema\/logo\/image\/\",\"url\":\"https:\/\/vianala.com\/wp-content\/uploads\/2022\/02\/7.-Logo-Vianala.jpg\",\"contentUrl\":\"https:\/\/vianala.com\/wp-content\/uploads\/2022\/02\/7.-Logo-Vianala.jpg\",\"width\":2249,\"height\":2249,\"caption\":\"Bolsas de piel para dama Le\u00f3n Guanajuato Vianala. Bolsos de piel para mujer, Bolsas de piel para dama precio, bolsos piel mujer, bolsos de piel mujer, bolsas de piel negra, bolsas de piel de mayoreo.\"},\"image\":{\"@id\":\"https:\/\/vianala.com\/en\/#\/schema\/logo\/image\/\"},\"sameAs\":[\"https:\/\/www.facebook.com\/vianalabolsas\",\"https:\/\/www.instagram.com\/vianala_bolsas\/\",\"https:\/\/wa.me\/5214777133305\"]}]}<\/script>\n<!-- \/ Yoast SEO plugin. -->","yoast_head_json":{"title":"Crossbody Rosal\u00eda Negro - Vianala","robots":{"index":"index","follow":"follow","max-snippet":"max-snippet:-1","max-image-preview":"max-image-preview:large","max-video-preview":"max-video-preview:-1"},"canonical":"https:\/\/vianala.com\/en\/tienda\/crossbody-rosalia-negro\/","og_locale":"en_US","og_type":"article","og_title":"Crossbody Rosal\u00eda Negro - Vianala","og_description":"Bolso crossbody. Bolsa de piel con cierre. Crossbody de piel para mujer. Bolsa compacta y funcional. La crossbody Rosal\u00eda es sin\u00f3nimo de practicidad y sofisticaci\u00f3n. Dise\u00f1ado para mujeres que buscan un bolso peque\u00f1o pero con gran capacidad, este modelo cuenta con tres compartimentos interiores, permiti\u00e9ndote organizar tus esenciales sin esfuerzo. Su asa desmontable y ajustable [&hellip;]","og_url":"https:\/\/vianala.com\/en\/tienda\/crossbody-rosalia-negro\/","og_site_name":"Vianala","article_publisher":"https:\/\/www.facebook.com\/vianalabolsas","article_modified_time":"2026-04-17T16:36:04+00:00","og_image":[{"width":1512,"height":1512,"url":"https:\/\/vianala.com\/wp-content\/uploads\/2025\/03\/Bolsa-negra-de-piel-crossbody-bandolera-amazon-mercado-libre.jpg","type":"image\/jpeg"}],"twitter_card":"summary_large_image","twitter_misc":{"Est. reading time":"1 minute"},"schema":{"@context":"https:\/\/schema.org","@graph":[{"@type":"WebPage","@id":"https:\/\/vianala.com\/en\/tienda\/crossbody-rosalia-negro\/","url":"https:\/\/vianala.com\/en\/tienda\/crossbody-rosalia-negro\/","name":"Crossbody Rosal\u00eda Negro - Vianala","isPartOf":{"@id":"https:\/\/vianala.com\/en\/#website"},"datePublished":"2025-03-07T17:17:33+00:00","dateModified":"2026-04-17T16:36:04+00:00","breadcrumb":{"@id":"https:\/\/vianala.com\/en\/tienda\/crossbody-rosalia-negro\/#breadcrumb"},"inLanguage":"en-US","potentialAction":[{"@type":"ReadAction","target":["https:\/\/vianala.com\/en\/tienda\/crossbody-rosalia-negro\/"]}]},{"@type":"BreadcrumbList","@id":"https:\/\/vianala.com\/en\/tienda\/crossbody-rosalia-negro\/#breadcrumb","itemListElement":[{"@type":"ListItem","position":1,"name":"","item":"https:\/\/vianala.com\/en\/"},{"@type":"ListItem","position":2,"name":"Portada","item":"https:\/\/vianala.com\/en\/"},{"@type":"ListItem","position":3,"name":"Shop","item":"https:\/\/vianala.com\/en\/shop\/"},{"@type":"ListItem","position":4,"name":"Crossbody Rosal\u00eda Negro"}]},{"@type":"WebSite","@id":"https:\/\/vianala.com\/en\/#website","url":"https:\/\/vianala.com\/en\/","name":"Bolsas de piel para dama Le\u00f3n Guanajuato Vianala. Bolsos de piel para mujer, Bolsas de piel para dama precio, bolsos piel mujer, bolsos de piel mujer, bolsas de piel negra, bolsas de piel de mayoreo.","description":"Vianala","publisher":{"@id":"https:\/\/vianala.com\/en\/#organization"},"alternateName":"Vianala","potentialAction":[{"@type":"SearchAction","target":{"@type":"EntryPoint","urlTemplate":"https:\/\/vianala.com\/en\/?s={search_term_string}"},"query-input":"required name=search_term_string"}],"inLanguage":"en-US"},{"@type":"Organization","@id":"https:\/\/vianala.com\/en\/#organization","name":"Bolsas de piel para dama Le\u00f3n Guanajuato Vianala. Bolsos de piel para mujer, Bolsas de piel para dama precio, bolsos piel mujer, bolsos de piel mujer, bolsas de piel negra, bolsas de piel de mayoreo.","url":"https:\/\/vianala.com\/en\/","logo":{"@type":"ImageObject","inLanguage":"en-US","@id":"https:\/\/vianala.com\/en\/#\/schema\/logo\/image\/","url":"https:\/\/vianala.com\/wp-content\/uploads\/2022\/02\/7.-Logo-Vianala.jpg","contentUrl":"https:\/\/vianala.com\/wp-content\/uploads\/2022\/02\/7.-Logo-Vianala.jpg","width":2249,"height":2249,"caption":"Bolsas de piel para dama Le\u00f3n Guanajuato Vianala. Bolsos de piel para mujer, Bolsas de piel para dama precio, bolsos piel mujer, bolsos de piel mujer, bolsas de piel negra, bolsas de piel de mayoreo."},"image":{"@id":"https:\/\/vianala.com\/en\/#\/schema\/logo\/image\/"},"sameAs":["https:\/\/www.facebook.com\/vianalabolsas","https:\/\/www.instagram.com\/vianala_bolsas\/","https:\/\/wa.me\/5214777133305"]}]}},"_links":{"self":[{"href":"https:\/\/vianala.com\/en\/wp-json\/wp\/v2\/product\/29868"}],"collection":[{"href":"https:\/\/vianala.com\/en\/wp-json\/wp\/v2\/product"}],"about":[{"href":"https:\/\/vianala.com\/en\/wp-json\/wp\/v2\/types\/product"}],"replies":[{"embeddable":true,"href":"https:\/\/vianala.com\/en\/wp-json\/wp\/v2\/comments?post=29868"}],"wp:featuredmedia":[{"embeddable":true,"href":"https:\/\/vianala.com\/en\/wp-json\/wp\/v2\/media\/29933"}],"wp:attachment":[{"href":"https:\/\/vianala.com\/en\/wp-json\/wp\/v2\/media?parent=29868"}],"wp:term":[{"taxonomy":"product_cat","embeddable":true,"href":"https:\/\/vianala.com\/en\/wp-json\/wp\/v2\/product_cat?post=29868"},{"taxonomy":"product_tag","embeddable":true,"href":"https:\/\/vianala.com\/en\/wp-json\/wp\/v2\/product_tag?post=29868"}],"curies":[{"name":"wp","href":"https:\/\/api.w.org\/{rel}","templated":true}]}}