{"id":31484,"date":"2026-03-13T13:46:17","date_gmt":"2026-03-13T19:46:17","guid":{"rendered":"https:\/\/vianala.com\/?post_type=product&#038;p=31484"},"modified":"2026-04-13T16:23:40","modified_gmt":"2026-04-13T21:23:40","slug":"muna-hobo-cafe-personalizada","status":"publish","type":"product","link":"https:\/\/vianala.com\/en\/tienda\/muna-hobo-cafe-personalizada\/","title":{"rendered":"Muna Hobo Caf\u00e9 Personalizada"},"content":{"rendered":"<h2 style=\"text-align: left\">Bolso shoulder de piel Personalizada. Bolso hombro mujer<\/h2>\n<p style=\"text-align: right\">Bolso shoulder de piel Vianala<\/p>\n<p>Bolsa de piel tipo hobo. Incluye una cosmetiquera para los art\u00edculos que quieras siempre a la mano, un \u00fanico compartimento con el espacio perfecto para tu d\u00eda a d\u00eda y un cierre de im\u00e1n para que te sientas siempre segura.<\/p>\n<p style=\"text-align: left\">\n","protected":false},"excerpt":{"rendered":"<p>Bolso shoulder de piel Personalizada. Bolso hombro mujer Bolso shoulder de piel Vianala Bolsa de piel tipo hobo. Incluye una cosmetiquera para los art\u00edculos que quieras siempre a la mano, un \u00fanico compartimento con el espacio perfecto para tu d\u00eda a d\u00eda y un cierre de im\u00e1n para que te sientas siempre segura.<\/p>\n","protected":false},"featured_media":31712,"comment_status":"open","ping_status":"closed","template":"","meta":[],"product_cat":[16,300,222,150,380,221,387,323,151,303],"product_tag":[365,366,364,363,362,361],"yoast_head":"<!-- This site is optimized with the Yoast SEO plugin v20.3 - https:\/\/yoast.com\/wordpress\/plugins\/seo\/ -->\n<title>Bolso shoulder de piel Vianala \u00a1Personal\u00edzalo online con tus iniciales! Tienda en l\u00ednea de Bolso hombro mujer, bolsa al hombro mujer, bolsas de hombro para dama, bolsos hobo piel, bolso tipo hobo,<\/title>\n<meta name=\"description\" content=\"Bolso shoulder de piel. Gratis env\u00edo a todo M\u00e9xico! Hazlo \u00fanico personaliz\u00e1ndolo. Entra ya y elige tu Bolso hombro mujer, bolsa al hombro mujer, bolsas de hombro para dama, bolsos hobo piel, bolso tipo hobo\" \/>\n<meta name=\"robots\" content=\"index, follow, max-snippet:-1, max-image-preview:large, max-video-preview:-1\" \/>\n<link rel=\"canonical\" href=\"https:\/\/vianala.com\/en\/tienda\/muna-hobo-cafe-personalizada\/\" \/>\n<meta property=\"og:locale\" content=\"en_US\" \/>\n<meta property=\"og:type\" content=\"article\" \/>\n<meta property=\"og:title\" content=\"Bolso shoulder de piel Vianala \u00a1Personal\u00edzalo online con tus iniciales! Tienda en l\u00ednea de Bolso hombro mujer, bolsa al hombro mujer, bolsas de hombro para dama, bolsos hobo piel, bolso tipo hobo,\" \/>\n<meta property=\"og:description\" content=\"Bolso shoulder de piel. Gratis env\u00edo a todo M\u00e9xico! Hazlo \u00fanico personaliz\u00e1ndolo. Entra ya y elige tu Bolso hombro mujer, bolsa al hombro mujer, bolsas de hombro para dama, bolsos hobo piel, bolso tipo hobo\" \/>\n<meta property=\"og:url\" content=\"https:\/\/vianala.com\/en\/tienda\/muna-hobo-cafe-personalizada\/\" \/>\n<meta property=\"og:site_name\" content=\"Vianala\" \/>\n<meta property=\"article:publisher\" content=\"https:\/\/www.facebook.com\/vianalabolsas\" \/>\n<meta property=\"article:modified_time\" content=\"2026-04-13T21:23:40+00:00\" \/>\n<meta property=\"og:image\" content=\"https:\/\/vianala.com\/wp-content\/uploads\/2026\/03\/PV-775G-AV-2.png\" \/>\n\t<meta property=\"og:image:width\" content=\"1500\" \/>\n\t<meta property=\"og:image:height\" content=\"1500\" \/>\n\t<meta property=\"og:image:type\" content=\"image\/png\" \/>\n<meta name=\"twitter:card\" content=\"summary_large_image\" \/>\n<meta name=\"twitter:label1\" content=\"Est. reading time\" \/>\n\t<meta name=\"twitter:data1\" content=\"1 minute\" \/>\n<script type=\"application\/ld+json\" class=\"yoast-schema-graph\">{\"@context\":\"https:\/\/schema.org\",\"@graph\":[{\"@type\":\"WebPage\",\"@id\":\"https:\/\/vianala.com\/en\/tienda\/muna-hobo-cafe-personalizada\/\",\"url\":\"https:\/\/vianala.com\/en\/tienda\/muna-hobo-cafe-personalizada\/\",\"name\":\"Bolso shoulder de piel Vianala \u00a1Personal\u00edzalo online con tus iniciales! Tienda en l\u00ednea de Bolso hombro mujer, bolsa al hombro mujer, bolsas de hombro para dama, bolsos hobo piel, bolso tipo hobo,\",\"isPartOf\":{\"@id\":\"https:\/\/vianala.com\/en\/#website\"},\"datePublished\":\"2026-03-13T19:46:17+00:00\",\"dateModified\":\"2026-04-13T21:23:40+00:00\",\"description\":\"Bolso shoulder de piel. Gratis env\u00edo a todo M\u00e9xico! Hazlo \u00fanico personaliz\u00e1ndolo. Entra ya y elige tu Bolso hombro mujer, bolsa al hombro mujer, bolsas de hombro para dama, bolsos hobo piel, bolso tipo hobo\",\"breadcrumb\":{\"@id\":\"https:\/\/vianala.com\/en\/tienda\/muna-hobo-cafe-personalizada\/#breadcrumb\"},\"inLanguage\":\"en-US\",\"potentialAction\":[{\"@type\":\"ReadAction\",\"target\":[\"https:\/\/vianala.com\/en\/tienda\/muna-hobo-cafe-personalizada\/\"]}]},{\"@type\":\"BreadcrumbList\",\"@id\":\"https:\/\/vianala.com\/en\/tienda\/muna-hobo-cafe-personalizada\/#breadcrumb\",\"itemListElement\":[{\"@type\":\"ListItem\",\"position\":1,\"name\":\"\",\"item\":\"https:\/\/vianala.com\/en\/\"},{\"@type\":\"ListItem\",\"position\":2,\"name\":\"Portada\",\"item\":\"https:\/\/vianala.com\/en\/\"},{\"@type\":\"ListItem\",\"position\":3,\"name\":\"Shop\",\"item\":\"https:\/\/vianala.com\/en\/shop\/\"},{\"@type\":\"ListItem\",\"position\":4,\"name\":\"Muna Hobo Caf\u00e9 Personalizada\"}]},{\"@type\":\"WebSite\",\"@id\":\"https:\/\/vianala.com\/en\/#website\",\"url\":\"https:\/\/vianala.com\/en\/\",\"name\":\"Bolsas de piel para dama Le\u00f3n Guanajuato Vianala. Bolsos de piel para mujer, Bolsas de piel para dama precio, bolsos piel mujer, bolsos de piel mujer, bolsas de piel negra, bolsas de piel de mayoreo.\",\"description\":\"Vianala\",\"publisher\":{\"@id\":\"https:\/\/vianala.com\/en\/#organization\"},\"alternateName\":\"Vianala\",\"potentialAction\":[{\"@type\":\"SearchAction\",\"target\":{\"@type\":\"EntryPoint\",\"urlTemplate\":\"https:\/\/vianala.com\/en\/?s={search_term_string}\"},\"query-input\":\"required name=search_term_string\"}],\"inLanguage\":\"en-US\"},{\"@type\":\"Organization\",\"@id\":\"https:\/\/vianala.com\/en\/#organization\",\"name\":\"Bolsas de piel para dama Le\u00f3n Guanajuato Vianala. Bolsos de piel para mujer, Bolsas de piel para dama precio, bolsos piel mujer, bolsos de piel mujer, bolsas de piel negra, bolsas de piel de mayoreo.\",\"url\":\"https:\/\/vianala.com\/en\/\",\"logo\":{\"@type\":\"ImageObject\",\"inLanguage\":\"en-US\",\"@id\":\"https:\/\/vianala.com\/en\/#\/schema\/logo\/image\/\",\"url\":\"https:\/\/vianala.com\/wp-content\/uploads\/2022\/02\/7.-Logo-Vianala.jpg\",\"contentUrl\":\"https:\/\/vianala.com\/wp-content\/uploads\/2022\/02\/7.-Logo-Vianala.jpg\",\"width\":2249,\"height\":2249,\"caption\":\"Bolsas de piel para dama Le\u00f3n Guanajuato Vianala. Bolsos de piel para mujer, Bolsas de piel para dama precio, bolsos piel mujer, bolsos de piel mujer, bolsas de piel negra, bolsas de piel de mayoreo.\"},\"image\":{\"@id\":\"https:\/\/vianala.com\/en\/#\/schema\/logo\/image\/\"},\"sameAs\":[\"https:\/\/www.facebook.com\/vianalabolsas\",\"https:\/\/www.instagram.com\/vianala_bolsas\/\",\"https:\/\/wa.me\/5214777133305\"]}]}<\/script>\n<!-- \/ Yoast SEO plugin. -->","yoast_head_json":{"title":"Bolso shoulder de piel Vianala \u00a1Personal\u00edzalo online con tus iniciales! Tienda en l\u00ednea de Bolso hombro mujer, bolsa al hombro mujer, bolsas de hombro para dama, bolsos hobo piel, bolso tipo hobo,","description":"Bolso shoulder de piel. Gratis env\u00edo a todo M\u00e9xico! Hazlo \u00fanico personaliz\u00e1ndolo. Entra ya y elige tu Bolso hombro mujer, bolsa al hombro mujer, bolsas de hombro para dama, bolsos hobo piel, bolso tipo hobo","robots":{"index":"index","follow":"follow","max-snippet":"max-snippet:-1","max-image-preview":"max-image-preview:large","max-video-preview":"max-video-preview:-1"},"canonical":"https:\/\/vianala.com\/en\/tienda\/muna-hobo-cafe-personalizada\/","og_locale":"en_US","og_type":"article","og_title":"Bolso shoulder de piel Vianala \u00a1Personal\u00edzalo online con tus iniciales! Tienda en l\u00ednea de Bolso hombro mujer, bolsa al hombro mujer, bolsas de hombro para dama, bolsos hobo piel, bolso tipo hobo,","og_description":"Bolso shoulder de piel. Gratis env\u00edo a todo M\u00e9xico! Hazlo \u00fanico personaliz\u00e1ndolo. Entra ya y elige tu Bolso hombro mujer, bolsa al hombro mujer, bolsas de hombro para dama, bolsos hobo piel, bolso tipo hobo","og_url":"https:\/\/vianala.com\/en\/tienda\/muna-hobo-cafe-personalizada\/","og_site_name":"Vianala","article_publisher":"https:\/\/www.facebook.com\/vianalabolsas","article_modified_time":"2026-04-13T21:23:40+00:00","og_image":[{"width":1500,"height":1500,"url":"https:\/\/vianala.com\/wp-content\/uploads\/2026\/03\/PV-775G-AV-2.png","type":"image\/png"}],"twitter_card":"summary_large_image","twitter_misc":{"Est. reading time":"1 minute"},"schema":{"@context":"https:\/\/schema.org","@graph":[{"@type":"WebPage","@id":"https:\/\/vianala.com\/en\/tienda\/muna-hobo-cafe-personalizada\/","url":"https:\/\/vianala.com\/en\/tienda\/muna-hobo-cafe-personalizada\/","name":"Bolso shoulder de piel Vianala \u00a1Personal\u00edzalo online con tus iniciales! Tienda en l\u00ednea de Bolso hombro mujer, bolsa al hombro mujer, bolsas de hombro para dama, bolsos hobo piel, bolso tipo hobo,","isPartOf":{"@id":"https:\/\/vianala.com\/en\/#website"},"datePublished":"2026-03-13T19:46:17+00:00","dateModified":"2026-04-13T21:23:40+00:00","description":"Bolso shoulder de piel. Gratis env\u00edo a todo M\u00e9xico! Hazlo \u00fanico personaliz\u00e1ndolo. Entra ya y elige tu Bolso hombro mujer, bolsa al hombro mujer, bolsas de hombro para dama, bolsos hobo piel, bolso tipo hobo","breadcrumb":{"@id":"https:\/\/vianala.com\/en\/tienda\/muna-hobo-cafe-personalizada\/#breadcrumb"},"inLanguage":"en-US","potentialAction":[{"@type":"ReadAction","target":["https:\/\/vianala.com\/en\/tienda\/muna-hobo-cafe-personalizada\/"]}]},{"@type":"BreadcrumbList","@id":"https:\/\/vianala.com\/en\/tienda\/muna-hobo-cafe-personalizada\/#breadcrumb","itemListElement":[{"@type":"ListItem","position":1,"name":"","item":"https:\/\/vianala.com\/en\/"},{"@type":"ListItem","position":2,"name":"Portada","item":"https:\/\/vianala.com\/en\/"},{"@type":"ListItem","position":3,"name":"Shop","item":"https:\/\/vianala.com\/en\/shop\/"},{"@type":"ListItem","position":4,"name":"Muna Hobo Caf\u00e9 Personalizada"}]},{"@type":"WebSite","@id":"https:\/\/vianala.com\/en\/#website","url":"https:\/\/vianala.com\/en\/","name":"Bolsas de piel para dama Le\u00f3n Guanajuato Vianala. Bolsos de piel para mujer, Bolsas de piel para dama precio, bolsos piel mujer, bolsos de piel mujer, bolsas de piel negra, bolsas de piel de mayoreo.","description":"Vianala","publisher":{"@id":"https:\/\/vianala.com\/en\/#organization"},"alternateName":"Vianala","potentialAction":[{"@type":"SearchAction","target":{"@type":"EntryPoint","urlTemplate":"https:\/\/vianala.com\/en\/?s={search_term_string}"},"query-input":"required name=search_term_string"}],"inLanguage":"en-US"},{"@type":"Organization","@id":"https:\/\/vianala.com\/en\/#organization","name":"Bolsas de piel para dama Le\u00f3n Guanajuato Vianala. Bolsos de piel para mujer, Bolsas de piel para dama precio, bolsos piel mujer, bolsos de piel mujer, bolsas de piel negra, bolsas de piel de mayoreo.","url":"https:\/\/vianala.com\/en\/","logo":{"@type":"ImageObject","inLanguage":"en-US","@id":"https:\/\/vianala.com\/en\/#\/schema\/logo\/image\/","url":"https:\/\/vianala.com\/wp-content\/uploads\/2022\/02\/7.-Logo-Vianala.jpg","contentUrl":"https:\/\/vianala.com\/wp-content\/uploads\/2022\/02\/7.-Logo-Vianala.jpg","width":2249,"height":2249,"caption":"Bolsas de piel para dama Le\u00f3n Guanajuato Vianala. Bolsos de piel para mujer, Bolsas de piel para dama precio, bolsos piel mujer, bolsos de piel mujer, bolsas de piel negra, bolsas de piel de mayoreo."},"image":{"@id":"https:\/\/vianala.com\/en\/#\/schema\/logo\/image\/"},"sameAs":["https:\/\/www.facebook.com\/vianalabolsas","https:\/\/www.instagram.com\/vianala_bolsas\/","https:\/\/wa.me\/5214777133305"]}]}},"_links":{"self":[{"href":"https:\/\/vianala.com\/en\/wp-json\/wp\/v2\/product\/31484"}],"collection":[{"href":"https:\/\/vianala.com\/en\/wp-json\/wp\/v2\/product"}],"about":[{"href":"https:\/\/vianala.com\/en\/wp-json\/wp\/v2\/types\/product"}],"replies":[{"embeddable":true,"href":"https:\/\/vianala.com\/en\/wp-json\/wp\/v2\/comments?post=31484"}],"wp:featuredmedia":[{"embeddable":true,"href":"https:\/\/vianala.com\/en\/wp-json\/wp\/v2\/media\/31712"}],"wp:attachment":[{"href":"https:\/\/vianala.com\/en\/wp-json\/wp\/v2\/media?parent=31484"}],"wp:term":[{"taxonomy":"product_cat","embeddable":true,"href":"https:\/\/vianala.com\/en\/wp-json\/wp\/v2\/product_cat?post=31484"},{"taxonomy":"product_tag","embeddable":true,"href":"https:\/\/vianala.com\/en\/wp-json\/wp\/v2\/product_tag?post=31484"}],"curies":[{"name":"wp","href":"https:\/\/api.w.org\/{rel}","templated":true}]}}