{"id":31596,"date":"2026-03-18T13:38:39","date_gmt":"2026-03-18T19:38:39","guid":{"rendered":"https:\/\/vianala.com\/?post_type=product&#038;p=31596"},"modified":"2026-05-03T08:31:39","modified_gmt":"2026-05-03T13:31:39","slug":"marieta-verde-crossbody-personalizada","status":"publish","type":"product","link":"https:\/\/vianala.com\/en\/tienda\/marieta-verde-crossbody-personalizada\/","title":{"rendered":"Marieta Verde Crossbody Personalizada"},"content":{"rendered":"<p>Crossbody &amp; funda ipad# 758 verde Personalizada<\/p>\n<p>PV-VIA-758G-VB<\/p>\n<p>Crossbody &amp; funda ipad. Crossbody de piel. Funda para ipad.<\/p>\n<p>Esta bolsa crossbody &amp; funda para ipad verde combina lo mejor de dos mundos. Ser\u00e1 tu mejor amiga para un d\u00eda de trabajo y de cena social con amigas, familia o pareja. Su dise\u00f1o te permite llevar tu tablet y otras herramientas de trabajo sin sacrificar el estilo, pues es el complemento perfecto para tu outfit.<\/p>\n<p>Est\u00e1 hecha a mano y es 100% de piel, con una correa ajustable al hombro para mayor comodidad, y un seguro de im\u00e1n para cerrarla y proteger lo que lleves dentro. En su compartimento principal tienes espacio para tu ipad o tablet, tu agenda y los b\u00e1sicos del d\u00eda a d\u00eda; y en su bolsa interior podr\u00e1s llevar las llaves o lo que necesites tener siempre a la mano.<\/p>\n<p>Medidas: 32 x 21 cm<\/p>\n<p>Piel: G-VB verde botella Personalizada<\/p>\n<p style=\"text-align: right\">Conoce los colores que tenemos de esta crossbody para ti dando click <a href=\"https:\/\/www.vianala.com\/?s=758&amp;post_type=product\">aqu\u00ed<\/a><\/p>\n<p style=\"text-align: right\"><strong>Crossbody &amp; funda ipad Personalizada\u00a0<\/strong><\/p>\n<p>&nbsp;<\/p>\n<p>&nbsp;<\/p>\n","protected":false},"excerpt":{"rendered":"<p>Crossbody &amp; funda ipad# 758 verde Personalizada PV-VIA-758G-VB Crossbody &amp; funda ipad. Crossbody de piel. Funda para ipad. Esta bolsa crossbody &amp; funda para ipad verde combina lo mejor de dos mundos. Ser\u00e1 tu mejor amiga para un d\u00eda de trabajo y de cena social con amigas, familia o pareja. Su dise\u00f1o te permite llevar [&hellip;]<\/p>\n","protected":false},"featured_media":31597,"comment_status":"open","ping_status":"closed","template":"","meta":[],"product_cat":[16,222,150,170,323,151],"product_tag":[],"yoast_head":"<!-- This site is optimized with the Yoast SEO plugin v20.3 - https:\/\/yoast.com\/wordpress\/plugins\/seo\/ -->\n<title>Marieta Verde Crossbody Personalizada - Vianala<\/title>\n<meta name=\"robots\" content=\"index, follow, max-snippet:-1, max-image-preview:large, max-video-preview:-1\" \/>\n<link rel=\"canonical\" href=\"https:\/\/vianala.com\/en\/tienda\/marieta-verde-crossbody-personalizada\/\" \/>\n<meta property=\"og:locale\" content=\"en_US\" \/>\n<meta property=\"og:type\" content=\"article\" \/>\n<meta property=\"og:title\" content=\"Marieta Verde Crossbody Personalizada - Vianala\" \/>\n<meta property=\"og:description\" content=\"Crossbody &amp; funda ipad# 758 verde Personalizada PV-VIA-758G-VB Crossbody &amp; funda ipad. Crossbody de piel. Funda para ipad. Esta bolsa crossbody &amp; funda para ipad verde combina lo mejor de dos mundos. Ser\u00e1 tu mejor amiga para un d\u00eda de trabajo y de cena social con amigas, familia o pareja. Su dise\u00f1o te permite llevar [&hellip;]\" \/>\n<meta property=\"og:url\" content=\"https:\/\/vianala.com\/en\/tienda\/marieta-verde-crossbody-personalizada\/\" \/>\n<meta property=\"og:site_name\" content=\"Vianala\" \/>\n<meta property=\"article:publisher\" content=\"https:\/\/www.facebook.com\/vianalabolsas\" \/>\n<meta property=\"article:modified_time\" content=\"2026-05-03T13:31:39+00:00\" \/>\n<meta property=\"og:image\" content=\"https:\/\/vianala.com\/wp-content\/uploads\/2026\/03\/PV-758G-VB.png\" \/>\n\t<meta property=\"og:image:width\" content=\"1500\" \/>\n\t<meta property=\"og:image:height\" content=\"1500\" \/>\n\t<meta property=\"og:image:type\" content=\"image\/png\" \/>\n<meta name=\"twitter:card\" content=\"summary_large_image\" \/>\n<meta name=\"twitter:label1\" content=\"Est. reading time\" \/>\n\t<meta name=\"twitter:data1\" content=\"1 minute\" \/>\n<script type=\"application\/ld+json\" class=\"yoast-schema-graph\">{\"@context\":\"https:\/\/schema.org\",\"@graph\":[{\"@type\":\"WebPage\",\"@id\":\"https:\/\/vianala.com\/en\/tienda\/marieta-verde-crossbody-personalizada\/\",\"url\":\"https:\/\/vianala.com\/en\/tienda\/marieta-verde-crossbody-personalizada\/\",\"name\":\"Marieta Verde Crossbody Personalizada - Vianala\",\"isPartOf\":{\"@id\":\"https:\/\/vianala.com\/en\/#website\"},\"datePublished\":\"2026-03-18T19:38:39+00:00\",\"dateModified\":\"2026-05-03T13:31:39+00:00\",\"breadcrumb\":{\"@id\":\"https:\/\/vianala.com\/en\/tienda\/marieta-verde-crossbody-personalizada\/#breadcrumb\"},\"inLanguage\":\"en-US\",\"potentialAction\":[{\"@type\":\"ReadAction\",\"target\":[\"https:\/\/vianala.com\/en\/tienda\/marieta-verde-crossbody-personalizada\/\"]}]},{\"@type\":\"BreadcrumbList\",\"@id\":\"https:\/\/vianala.com\/en\/tienda\/marieta-verde-crossbody-personalizada\/#breadcrumb\",\"itemListElement\":[{\"@type\":\"ListItem\",\"position\":1,\"name\":\"\",\"item\":\"https:\/\/vianala.com\/en\/\"},{\"@type\":\"ListItem\",\"position\":2,\"name\":\"Portada\",\"item\":\"https:\/\/vianala.com\/en\/\"},{\"@type\":\"ListItem\",\"position\":3,\"name\":\"Shop\",\"item\":\"https:\/\/vianala.com\/en\/shop\/\"},{\"@type\":\"ListItem\",\"position\":4,\"name\":\"Marieta Verde Crossbody Personalizada\"}]},{\"@type\":\"WebSite\",\"@id\":\"https:\/\/vianala.com\/en\/#website\",\"url\":\"https:\/\/vianala.com\/en\/\",\"name\":\"Bolsas de piel para dama Le\u00f3n Guanajuato Vianala. Bolsos de piel para mujer, Bolsas de piel para dama precio, bolsos piel mujer, bolsos de piel mujer, bolsas de piel negra, bolsas de piel de mayoreo.\",\"description\":\"Vianala\",\"publisher\":{\"@id\":\"https:\/\/vianala.com\/en\/#organization\"},\"alternateName\":\"Vianala\",\"potentialAction\":[{\"@type\":\"SearchAction\",\"target\":{\"@type\":\"EntryPoint\",\"urlTemplate\":\"https:\/\/vianala.com\/en\/?s={search_term_string}\"},\"query-input\":\"required name=search_term_string\"}],\"inLanguage\":\"en-US\"},{\"@type\":\"Organization\",\"@id\":\"https:\/\/vianala.com\/en\/#organization\",\"name\":\"Bolsas de piel para dama Le\u00f3n Guanajuato Vianala. Bolsos de piel para mujer, Bolsas de piel para dama precio, bolsos piel mujer, bolsos de piel mujer, bolsas de piel negra, bolsas de piel de mayoreo.\",\"url\":\"https:\/\/vianala.com\/en\/\",\"logo\":{\"@type\":\"ImageObject\",\"inLanguage\":\"en-US\",\"@id\":\"https:\/\/vianala.com\/en\/#\/schema\/logo\/image\/\",\"url\":\"https:\/\/vianala.com\/wp-content\/uploads\/2022\/02\/7.-Logo-Vianala.jpg\",\"contentUrl\":\"https:\/\/vianala.com\/wp-content\/uploads\/2022\/02\/7.-Logo-Vianala.jpg\",\"width\":2249,\"height\":2249,\"caption\":\"Bolsas de piel para dama Le\u00f3n Guanajuato Vianala. Bolsos de piel para mujer, Bolsas de piel para dama precio, bolsos piel mujer, bolsos de piel mujer, bolsas de piel negra, bolsas de piel de mayoreo.\"},\"image\":{\"@id\":\"https:\/\/vianala.com\/en\/#\/schema\/logo\/image\/\"},\"sameAs\":[\"https:\/\/www.facebook.com\/vianalabolsas\",\"https:\/\/www.instagram.com\/vianala_bolsas\/\",\"https:\/\/wa.me\/5214777133305\"]}]}<\/script>\n<!-- \/ Yoast SEO plugin. -->","yoast_head_json":{"title":"Marieta Verde Crossbody Personalizada - Vianala","robots":{"index":"index","follow":"follow","max-snippet":"max-snippet:-1","max-image-preview":"max-image-preview:large","max-video-preview":"max-video-preview:-1"},"canonical":"https:\/\/vianala.com\/en\/tienda\/marieta-verde-crossbody-personalizada\/","og_locale":"en_US","og_type":"article","og_title":"Marieta Verde Crossbody Personalizada - Vianala","og_description":"Crossbody &amp; funda ipad# 758 verde Personalizada PV-VIA-758G-VB Crossbody &amp; funda ipad. Crossbody de piel. Funda para ipad. Esta bolsa crossbody &amp; funda para ipad verde combina lo mejor de dos mundos. Ser\u00e1 tu mejor amiga para un d\u00eda de trabajo y de cena social con amigas, familia o pareja. Su dise\u00f1o te permite llevar [&hellip;]","og_url":"https:\/\/vianala.com\/en\/tienda\/marieta-verde-crossbody-personalizada\/","og_site_name":"Vianala","article_publisher":"https:\/\/www.facebook.com\/vianalabolsas","article_modified_time":"2026-05-03T13:31:39+00:00","og_image":[{"width":1500,"height":1500,"url":"https:\/\/vianala.com\/wp-content\/uploads\/2026\/03\/PV-758G-VB.png","type":"image\/png"}],"twitter_card":"summary_large_image","twitter_misc":{"Est. reading time":"1 minute"},"schema":{"@context":"https:\/\/schema.org","@graph":[{"@type":"WebPage","@id":"https:\/\/vianala.com\/en\/tienda\/marieta-verde-crossbody-personalizada\/","url":"https:\/\/vianala.com\/en\/tienda\/marieta-verde-crossbody-personalizada\/","name":"Marieta Verde Crossbody Personalizada - Vianala","isPartOf":{"@id":"https:\/\/vianala.com\/en\/#website"},"datePublished":"2026-03-18T19:38:39+00:00","dateModified":"2026-05-03T13:31:39+00:00","breadcrumb":{"@id":"https:\/\/vianala.com\/en\/tienda\/marieta-verde-crossbody-personalizada\/#breadcrumb"},"inLanguage":"en-US","potentialAction":[{"@type":"ReadAction","target":["https:\/\/vianala.com\/en\/tienda\/marieta-verde-crossbody-personalizada\/"]}]},{"@type":"BreadcrumbList","@id":"https:\/\/vianala.com\/en\/tienda\/marieta-verde-crossbody-personalizada\/#breadcrumb","itemListElement":[{"@type":"ListItem","position":1,"name":"","item":"https:\/\/vianala.com\/en\/"},{"@type":"ListItem","position":2,"name":"Portada","item":"https:\/\/vianala.com\/en\/"},{"@type":"ListItem","position":3,"name":"Shop","item":"https:\/\/vianala.com\/en\/shop\/"},{"@type":"ListItem","position":4,"name":"Marieta Verde Crossbody Personalizada"}]},{"@type":"WebSite","@id":"https:\/\/vianala.com\/en\/#website","url":"https:\/\/vianala.com\/en\/","name":"Bolsas de piel para dama Le\u00f3n Guanajuato Vianala. Bolsos de piel para mujer, Bolsas de piel para dama precio, bolsos piel mujer, bolsos de piel mujer, bolsas de piel negra, bolsas de piel de mayoreo.","description":"Vianala","publisher":{"@id":"https:\/\/vianala.com\/en\/#organization"},"alternateName":"Vianala","potentialAction":[{"@type":"SearchAction","target":{"@type":"EntryPoint","urlTemplate":"https:\/\/vianala.com\/en\/?s={search_term_string}"},"query-input":"required name=search_term_string"}],"inLanguage":"en-US"},{"@type":"Organization","@id":"https:\/\/vianala.com\/en\/#organization","name":"Bolsas de piel para dama Le\u00f3n Guanajuato Vianala. Bolsos de piel para mujer, Bolsas de piel para dama precio, bolsos piel mujer, bolsos de piel mujer, bolsas de piel negra, bolsas de piel de mayoreo.","url":"https:\/\/vianala.com\/en\/","logo":{"@type":"ImageObject","inLanguage":"en-US","@id":"https:\/\/vianala.com\/en\/#\/schema\/logo\/image\/","url":"https:\/\/vianala.com\/wp-content\/uploads\/2022\/02\/7.-Logo-Vianala.jpg","contentUrl":"https:\/\/vianala.com\/wp-content\/uploads\/2022\/02\/7.-Logo-Vianala.jpg","width":2249,"height":2249,"caption":"Bolsas de piel para dama Le\u00f3n Guanajuato Vianala. Bolsos de piel para mujer, Bolsas de piel para dama precio, bolsos piel mujer, bolsos de piel mujer, bolsas de piel negra, bolsas de piel de mayoreo."},"image":{"@id":"https:\/\/vianala.com\/en\/#\/schema\/logo\/image\/"},"sameAs":["https:\/\/www.facebook.com\/vianalabolsas","https:\/\/www.instagram.com\/vianala_bolsas\/","https:\/\/wa.me\/5214777133305"]}]}},"_links":{"self":[{"href":"https:\/\/vianala.com\/en\/wp-json\/wp\/v2\/product\/31596"}],"collection":[{"href":"https:\/\/vianala.com\/en\/wp-json\/wp\/v2\/product"}],"about":[{"href":"https:\/\/vianala.com\/en\/wp-json\/wp\/v2\/types\/product"}],"replies":[{"embeddable":true,"href":"https:\/\/vianala.com\/en\/wp-json\/wp\/v2\/comments?post=31596"}],"wp:featuredmedia":[{"embeddable":true,"href":"https:\/\/vianala.com\/en\/wp-json\/wp\/v2\/media\/31597"}],"wp:attachment":[{"href":"https:\/\/vianala.com\/en\/wp-json\/wp\/v2\/media?parent=31596"}],"wp:term":[{"taxonomy":"product_cat","embeddable":true,"href":"https:\/\/vianala.com\/en\/wp-json\/wp\/v2\/product_cat?post=31596"},{"taxonomy":"product_tag","embeddable":true,"href":"https:\/\/vianala.com\/en\/wp-json\/wp\/v2\/product_tag?post=31596"}],"curies":[{"name":"wp","href":"https:\/\/api.w.org\/{rel}","templated":true}]}}