{"id":31809,"date":"2026-04-16T16:55:48","date_gmt":"2026-04-16T21:55:48","guid":{"rendered":"https:\/\/vianala.com\/?post_type=product&#038;p=31809"},"modified":"2026-04-16T16:55:49","modified_gmt":"2026-04-16T21:55:49","slug":"portafolio-omine-vintage","status":"publish","type":"product","link":"https:\/\/vianala.com\/en\/tienda\/portafolio-omine-vintage\/","title":{"rendered":"Portafolio Omine Vintage"},"content":{"rendered":"<p style=\"text-align: right\"><strong><span class=\"a-list-item\">Portafolio de piel laptop 17 pulgadas. Portafolio VIP<\/span><\/strong><\/p>\n<ul class=\"a-unordered-list a-vertical a-spacing-mini\">\n<li><span class=\"a-list-item\">\ud83d\udcbc Portafolio de piel laptop 17&#8243; genuina tipo vintage OMINE<\/span><\/li>\n<li><span class=\"a-list-item\">\ud83d\udcbc Medidas: 42 x 31 x 6 cm Incluye asa larga desmontable<\/span><\/li>\n<li><span class=\"a-list-item\">\ud83d\udcbc Ideal para tu lap de 17&#8243; y documentos tama\u00f1o oficio A4<\/span><\/li>\n<li><span class=\"a-list-item\">\ud83e\udd81 Hecho en Le\u00f3n, GTO MX<\/span><\/li>\n<li><span class=\"a-list-item\">\ud83d\ude9a Envio Gratis.<\/span><\/li>\n<\/ul>\n<p>Portafolio Omine emblema para tu estilo Vintage centrado en proteger los equipos y organizar tus activos personales empleados para explotar tu creatividad.\u00a0Con capacidad para macbook o laptop, tableta o ipad, cargadores, documentos, cables b\u00e1sicos, etc. En el exterior tiene un bolsillo para tener al alcance objetos de forma r\u00e1pida, sin necesidad de abrir el portafolio. Ideal para trasladarte a los diferentes lugares de trabajo y asesor\u00edas con tus gadgets pues es resistente y de vista casual.<br \/>\nHecho con piel genuina con textura a bajo relieve y herrajes avegentados. Se abre a trav\u00e9s de un cierre con sistema de seguridad que abarca de lado a lado del portafolio, tambi\u00e9n cuenta con asa desmontable para adecuarse a las necesidades diarias.<\/p>\n<p>Medidas (cms): 42 x 31 x 6<\/p>\n<h2 style=\"text-align: right\">Portafolio de piel laptop 17&#8243;<\/h2>\n","protected":false},"excerpt":{"rendered":"<p>Portafolio de piel laptop 17 pulgadas. Portafolio VIP \ud83d\udcbc Portafolio de piel laptop 17&#8243; genuina tipo vintage OMINE \ud83d\udcbc Medidas: 42 x 31 x 6 cm Incluye asa larga desmontable \ud83d\udcbc Ideal para tu lap de 17&#8243; y documentos tama\u00f1o oficio A4 \ud83e\udd81 Hecho en Le\u00f3n, GTO MX \ud83d\ude9a Envio Gratis. Portafolio Omine emblema para [&hellip;]<\/p>\n","protected":false},"featured_media":31818,"comment_status":"open","ping_status":"closed","template":"","meta":[],"product_cat":[30],"product_tag":[],"yoast_head":"<!-- This site is optimized with the Yoast SEO plugin v20.3 - https:\/\/yoast.com\/wordpress\/plugins\/seo\/ -->\n<title>Portafolio Omine Vintage - Vianala<\/title>\n<meta name=\"robots\" content=\"index, follow, max-snippet:-1, max-image-preview:large, max-video-preview:-1\" \/>\n<link rel=\"canonical\" href=\"https:\/\/vianala.com\/en\/tienda\/portafolio-omine-vintage\/\" \/>\n<meta property=\"og:locale\" content=\"en_US\" \/>\n<meta property=\"og:type\" content=\"article\" \/>\n<meta property=\"og:title\" content=\"Portafolio Omine Vintage - Vianala\" \/>\n<meta property=\"og:description\" content=\"Portafolio de piel laptop 17 pulgadas. Portafolio VIP \ud83d\udcbc Portafolio de piel laptop 17&#8243; genuina tipo vintage OMINE \ud83d\udcbc Medidas: 42 x 31 x 6 cm Incluye asa larga desmontable \ud83d\udcbc Ideal para tu lap de 17&#8243; y documentos tama\u00f1o oficio A4 \ud83e\udd81 Hecho en Le\u00f3n, GTO MX \ud83d\ude9a Envio Gratis. Portafolio Omine emblema para [&hellip;]\" \/>\n<meta property=\"og:url\" content=\"https:\/\/vianala.com\/en\/tienda\/portafolio-omine-vintage\/\" \/>\n<meta property=\"og:site_name\" content=\"Vianala\" \/>\n<meta property=\"article:publisher\" content=\"https:\/\/www.facebook.com\/vianalabolsas\" \/>\n<meta property=\"article:modified_time\" content=\"2026-04-16T21:55:49+00:00\" \/>\n<meta property=\"og:image\" content=\"https:\/\/vianala.com\/wp-content\/uploads\/2026\/04\/OM_904GE-PARDO_1.jpg\" \/>\n\t<meta property=\"og:image:width\" content=\"960\" \/>\n\t<meta property=\"og:image:height\" content=\"960\" \/>\n\t<meta property=\"og:image:type\" content=\"image\/jpeg\" \/>\n<meta name=\"twitter:card\" content=\"summary_large_image\" \/>\n<meta name=\"twitter:label1\" content=\"Est. reading time\" \/>\n\t<meta name=\"twitter:data1\" content=\"1 minute\" \/>\n<script type=\"application\/ld+json\" class=\"yoast-schema-graph\">{\"@context\":\"https:\/\/schema.org\",\"@graph\":[{\"@type\":\"WebPage\",\"@id\":\"https:\/\/vianala.com\/en\/tienda\/portafolio-omine-vintage\/\",\"url\":\"https:\/\/vianala.com\/en\/tienda\/portafolio-omine-vintage\/\",\"name\":\"Portafolio Omine Vintage - Vianala\",\"isPartOf\":{\"@id\":\"https:\/\/vianala.com\/en\/#website\"},\"datePublished\":\"2026-04-16T21:55:48+00:00\",\"dateModified\":\"2026-04-16T21:55:49+00:00\",\"breadcrumb\":{\"@id\":\"https:\/\/vianala.com\/en\/tienda\/portafolio-omine-vintage\/#breadcrumb\"},\"inLanguage\":\"en-US\",\"potentialAction\":[{\"@type\":\"ReadAction\",\"target\":[\"https:\/\/vianala.com\/en\/tienda\/portafolio-omine-vintage\/\"]}]},{\"@type\":\"BreadcrumbList\",\"@id\":\"https:\/\/vianala.com\/en\/tienda\/portafolio-omine-vintage\/#breadcrumb\",\"itemListElement\":[{\"@type\":\"ListItem\",\"position\":1,\"name\":\"\",\"item\":\"https:\/\/vianala.com\/en\/\"},{\"@type\":\"ListItem\",\"position\":2,\"name\":\"Portada\",\"item\":\"https:\/\/vianala.com\/en\/\"},{\"@type\":\"ListItem\",\"position\":3,\"name\":\"Shop\",\"item\":\"https:\/\/vianala.com\/en\/shop\/\"},{\"@type\":\"ListItem\",\"position\":4,\"name\":\"Portafolio Omine Vintage\"}]},{\"@type\":\"WebSite\",\"@id\":\"https:\/\/vianala.com\/en\/#website\",\"url\":\"https:\/\/vianala.com\/en\/\",\"name\":\"Bolsas de piel para dama Le\u00f3n Guanajuato Vianala. Bolsos de piel para mujer, Bolsas de piel para dama precio, bolsos piel mujer, bolsos de piel mujer, bolsas de piel negra, bolsas de piel de mayoreo.\",\"description\":\"Vianala\",\"publisher\":{\"@id\":\"https:\/\/vianala.com\/en\/#organization\"},\"alternateName\":\"Vianala\",\"potentialAction\":[{\"@type\":\"SearchAction\",\"target\":{\"@type\":\"EntryPoint\",\"urlTemplate\":\"https:\/\/vianala.com\/en\/?s={search_term_string}\"},\"query-input\":\"required name=search_term_string\"}],\"inLanguage\":\"en-US\"},{\"@type\":\"Organization\",\"@id\":\"https:\/\/vianala.com\/en\/#organization\",\"name\":\"Bolsas de piel para dama Le\u00f3n Guanajuato Vianala. Bolsos de piel para mujer, Bolsas de piel para dama precio, bolsos piel mujer, bolsos de piel mujer, bolsas de piel negra, bolsas de piel de mayoreo.\",\"url\":\"https:\/\/vianala.com\/en\/\",\"logo\":{\"@type\":\"ImageObject\",\"inLanguage\":\"en-US\",\"@id\":\"https:\/\/vianala.com\/en\/#\/schema\/logo\/image\/\",\"url\":\"https:\/\/vianala.com\/wp-content\/uploads\/2022\/02\/7.-Logo-Vianala.jpg\",\"contentUrl\":\"https:\/\/vianala.com\/wp-content\/uploads\/2022\/02\/7.-Logo-Vianala.jpg\",\"width\":2249,\"height\":2249,\"caption\":\"Bolsas de piel para dama Le\u00f3n Guanajuato Vianala. Bolsos de piel para mujer, Bolsas de piel para dama precio, bolsos piel mujer, bolsos de piel mujer, bolsas de piel negra, bolsas de piel de mayoreo.\"},\"image\":{\"@id\":\"https:\/\/vianala.com\/en\/#\/schema\/logo\/image\/\"},\"sameAs\":[\"https:\/\/www.facebook.com\/vianalabolsas\",\"https:\/\/www.instagram.com\/vianala_bolsas\/\",\"https:\/\/wa.me\/5214777133305\"]}]}<\/script>\n<!-- \/ Yoast SEO plugin. -->","yoast_head_json":{"title":"Portafolio Omine Vintage - Vianala","robots":{"index":"index","follow":"follow","max-snippet":"max-snippet:-1","max-image-preview":"max-image-preview:large","max-video-preview":"max-video-preview:-1"},"canonical":"https:\/\/vianala.com\/en\/tienda\/portafolio-omine-vintage\/","og_locale":"en_US","og_type":"article","og_title":"Portafolio Omine Vintage - Vianala","og_description":"Portafolio de piel laptop 17 pulgadas. Portafolio VIP \ud83d\udcbc Portafolio de piel laptop 17&#8243; genuina tipo vintage OMINE \ud83d\udcbc Medidas: 42 x 31 x 6 cm Incluye asa larga desmontable \ud83d\udcbc Ideal para tu lap de 17&#8243; y documentos tama\u00f1o oficio A4 \ud83e\udd81 Hecho en Le\u00f3n, GTO MX \ud83d\ude9a Envio Gratis. Portafolio Omine emblema para [&hellip;]","og_url":"https:\/\/vianala.com\/en\/tienda\/portafolio-omine-vintage\/","og_site_name":"Vianala","article_publisher":"https:\/\/www.facebook.com\/vianalabolsas","article_modified_time":"2026-04-16T21:55:49+00:00","og_image":[{"width":960,"height":960,"url":"https:\/\/vianala.com\/wp-content\/uploads\/2026\/04\/OM_904GE-PARDO_1.jpg","type":"image\/jpeg"}],"twitter_card":"summary_large_image","twitter_misc":{"Est. reading time":"1 minute"},"schema":{"@context":"https:\/\/schema.org","@graph":[{"@type":"WebPage","@id":"https:\/\/vianala.com\/en\/tienda\/portafolio-omine-vintage\/","url":"https:\/\/vianala.com\/en\/tienda\/portafolio-omine-vintage\/","name":"Portafolio Omine Vintage - Vianala","isPartOf":{"@id":"https:\/\/vianala.com\/en\/#website"},"datePublished":"2026-04-16T21:55:48+00:00","dateModified":"2026-04-16T21:55:49+00:00","breadcrumb":{"@id":"https:\/\/vianala.com\/en\/tienda\/portafolio-omine-vintage\/#breadcrumb"},"inLanguage":"en-US","potentialAction":[{"@type":"ReadAction","target":["https:\/\/vianala.com\/en\/tienda\/portafolio-omine-vintage\/"]}]},{"@type":"BreadcrumbList","@id":"https:\/\/vianala.com\/en\/tienda\/portafolio-omine-vintage\/#breadcrumb","itemListElement":[{"@type":"ListItem","position":1,"name":"","item":"https:\/\/vianala.com\/en\/"},{"@type":"ListItem","position":2,"name":"Portada","item":"https:\/\/vianala.com\/en\/"},{"@type":"ListItem","position":3,"name":"Shop","item":"https:\/\/vianala.com\/en\/shop\/"},{"@type":"ListItem","position":4,"name":"Portafolio Omine Vintage"}]},{"@type":"WebSite","@id":"https:\/\/vianala.com\/en\/#website","url":"https:\/\/vianala.com\/en\/","name":"Bolsas de piel para dama Le\u00f3n Guanajuato Vianala. Bolsos de piel para mujer, Bolsas de piel para dama precio, bolsos piel mujer, bolsos de piel mujer, bolsas de piel negra, bolsas de piel de mayoreo.","description":"Vianala","publisher":{"@id":"https:\/\/vianala.com\/en\/#organization"},"alternateName":"Vianala","potentialAction":[{"@type":"SearchAction","target":{"@type":"EntryPoint","urlTemplate":"https:\/\/vianala.com\/en\/?s={search_term_string}"},"query-input":"required name=search_term_string"}],"inLanguage":"en-US"},{"@type":"Organization","@id":"https:\/\/vianala.com\/en\/#organization","name":"Bolsas de piel para dama Le\u00f3n Guanajuato Vianala. Bolsos de piel para mujer, Bolsas de piel para dama precio, bolsos piel mujer, bolsos de piel mujer, bolsas de piel negra, bolsas de piel de mayoreo.","url":"https:\/\/vianala.com\/en\/","logo":{"@type":"ImageObject","inLanguage":"en-US","@id":"https:\/\/vianala.com\/en\/#\/schema\/logo\/image\/","url":"https:\/\/vianala.com\/wp-content\/uploads\/2022\/02\/7.-Logo-Vianala.jpg","contentUrl":"https:\/\/vianala.com\/wp-content\/uploads\/2022\/02\/7.-Logo-Vianala.jpg","width":2249,"height":2249,"caption":"Bolsas de piel para dama Le\u00f3n Guanajuato Vianala. Bolsos de piel para mujer, Bolsas de piel para dama precio, bolsos piel mujer, bolsos de piel mujer, bolsas de piel negra, bolsas de piel de mayoreo."},"image":{"@id":"https:\/\/vianala.com\/en\/#\/schema\/logo\/image\/"},"sameAs":["https:\/\/www.facebook.com\/vianalabolsas","https:\/\/www.instagram.com\/vianala_bolsas\/","https:\/\/wa.me\/5214777133305"]}]}},"_links":{"self":[{"href":"https:\/\/vianala.com\/en\/wp-json\/wp\/v2\/product\/31809"}],"collection":[{"href":"https:\/\/vianala.com\/en\/wp-json\/wp\/v2\/product"}],"about":[{"href":"https:\/\/vianala.com\/en\/wp-json\/wp\/v2\/types\/product"}],"replies":[{"embeddable":true,"href":"https:\/\/vianala.com\/en\/wp-json\/wp\/v2\/comments?post=31809"}],"wp:featuredmedia":[{"embeddable":true,"href":"https:\/\/vianala.com\/en\/wp-json\/wp\/v2\/media\/31818"}],"wp:attachment":[{"href":"https:\/\/vianala.com\/en\/wp-json\/wp\/v2\/media?parent=31809"}],"wp:term":[{"taxonomy":"product_cat","embeddable":true,"href":"https:\/\/vianala.com\/en\/wp-json\/wp\/v2\/product_cat?post=31809"},{"taxonomy":"product_tag","embeddable":true,"href":"https:\/\/vianala.com\/en\/wp-json\/wp\/v2\/product_tag?post=31809"}],"curies":[{"name":"wp","href":"https:\/\/api.w.org\/{rel}","templated":true}]}}