{"id":31845,"date":"2026-04-16T17:41:26","date_gmt":"2026-04-16T22:41:26","guid":{"rendered":"https:\/\/vianala.com\/?post_type=product&#038;p=31845"},"modified":"2026-04-16T17:42:09","modified_gmt":"2026-04-16T22:42:09","slug":"carpeta-carta-piel-personalizable","status":"publish","type":"product","link":"https:\/\/vianala.com\/en\/tienda\/carpeta-carta-piel-personalizable\/","title":{"rendered":"Carpeta carta piel personalizable"},"content":{"rendered":"<p style=\"text-align: right\">Carpeta de piel con cierre tama\u00f1o carta<\/p>\n<p>&nbsp;<\/p>\n<p>Carpeta con logotipo empresarial de piel genuina negra tama\u00f1o carta. Resguarda tu Laptop Slim de 13\u2033, Ipad y documentos importantes. Cuenta con un sistema de cierre zipper.\u00a0 Recuerda que la piel es un producto natural, por lo que marcas y rasgu\u00f1os son completamente normales sin afectar de ning\u00fan modo el desempe\u00f1o de tu Omine.<\/p>\n<p>Medidas: 34 x 27 x 2.5 cm. En el compartimento interior tipo folder le cabe tu lap 13\u2033<\/p>\n<p>&nbsp;<\/p>\n<p>En somos emprendedores de oficio y tradici\u00f3n leonesa que, profesionalizando la marroquiner\u00eda, proponemos soluciones con productos de dise\u00f1o funcional, acordes a la forma en que se desenvuelve el hombre en su medio al que propone soluciones. Proyectar seguridad y formalidad protegiendo tus gadgets y otros elementos utilitarios.<\/p>\n<h3>Carpeta de piel con cierre tama\u00f1o carta<\/h3>\n<p>Cont\u00e1ctanos por Whatsapp\u00a0<a href=\"https:\/\/wa.link\/xf1g3e\" target=\"_blank\" rel=\"noopener\">dando clic aqu\u00ed<\/a><\/p>\n<p>\u00bfPor qu\u00e9 adquirir una carpeta personalizada de piel tama\u00f1o carta? La piel o cuero es 100% Natural. Recordemos que las pieles son un producto natural, por lo que las peque\u00f1as marcas y rasgu\u00f1os son completamente normales y no afectan de ning\u00fan modo su desempe\u00f1o. Tiene mucha durabilidad La piel puede durar mucho tiempo y en comparaci\u00f3n con otros materiales, la piel mejora sus caracter\u00edsticas con el tiempo. Invertir en piel es invertir en algo garantizable para muchos a\u00f1os.<\/p>\n<p>&nbsp;<\/p>\n<p>Cotiza con nosotros tus carpetas porta documentos con logo para regalos corporativos y eventos empresariales.<\/p>\n<p>&nbsp;<\/p>\n","protected":false},"excerpt":{"rendered":"<p>Carpeta de piel con cierre tama\u00f1o carta &nbsp; Carpeta con logotipo empresarial de piel genuina negra tama\u00f1o carta. Resguarda tu Laptop Slim de 13\u2033, Ipad y documentos importantes. Cuenta con un sistema de cierre zipper.\u00a0 Recuerda que la piel es un producto natural, por lo que marcas y rasgu\u00f1os son completamente normales sin afectar de [&hellip;]<\/p>\n","protected":false},"featured_media":31846,"comment_status":"open","ping_status":"closed","template":"","meta":[],"product_cat":[30],"product_tag":[],"yoast_head":"<!-- This site is optimized with the Yoast SEO plugin v20.3 - https:\/\/yoast.com\/wordpress\/plugins\/seo\/ -->\n<title>Carpeta carta piel personalizable - Vianala<\/title>\n<meta name=\"robots\" content=\"index, follow, max-snippet:-1, max-image-preview:large, max-video-preview:-1\" \/>\n<link rel=\"canonical\" href=\"https:\/\/vianala.com\/en\/tienda\/carpeta-carta-piel-personalizable\/\" \/>\n<meta property=\"og:locale\" content=\"en_US\" \/>\n<meta property=\"og:type\" content=\"article\" \/>\n<meta property=\"og:title\" content=\"Carpeta carta piel personalizable - Vianala\" \/>\n<meta property=\"og:description\" content=\"Carpeta de piel con cierre tama\u00f1o carta &nbsp; Carpeta con logotipo empresarial de piel genuina negra tama\u00f1o carta. Resguarda tu Laptop Slim de 13\u2033, Ipad y documentos importantes. Cuenta con un sistema de cierre zipper.\u00a0 Recuerda que la piel es un producto natural, por lo que marcas y rasgu\u00f1os son completamente normales sin afectar de [&hellip;]\" \/>\n<meta property=\"og:url\" content=\"https:\/\/vianala.com\/en\/tienda\/carpeta-carta-piel-personalizable\/\" \/>\n<meta property=\"og:site_name\" content=\"Vianala\" \/>\n<meta property=\"article:publisher\" content=\"https:\/\/www.facebook.com\/vianalabolsas\" \/>\n<meta property=\"article:modified_time\" content=\"2026-04-16T22:42:09+00:00\" \/>\n<meta property=\"og:image\" content=\"https:\/\/vianala.com\/wp-content\/uploads\/2026\/04\/1-1.jpg\" \/>\n\t<meta property=\"og:image:width\" content=\"960\" \/>\n\t<meta property=\"og:image:height\" content=\"971\" \/>\n\t<meta property=\"og:image:type\" content=\"image\/jpeg\" \/>\n<meta name=\"twitter:card\" content=\"summary_large_image\" \/>\n<meta name=\"twitter:label1\" content=\"Est. reading time\" \/>\n\t<meta name=\"twitter:data1\" content=\"2 minutes\" \/>\n<script type=\"application\/ld+json\" class=\"yoast-schema-graph\">{\"@context\":\"https:\/\/schema.org\",\"@graph\":[{\"@type\":\"WebPage\",\"@id\":\"https:\/\/vianala.com\/en\/tienda\/carpeta-carta-piel-personalizable\/\",\"url\":\"https:\/\/vianala.com\/en\/tienda\/carpeta-carta-piel-personalizable\/\",\"name\":\"Carpeta carta piel personalizable - Vianala\",\"isPartOf\":{\"@id\":\"https:\/\/vianala.com\/en\/#website\"},\"datePublished\":\"2026-04-16T22:41:26+00:00\",\"dateModified\":\"2026-04-16T22:42:09+00:00\",\"breadcrumb\":{\"@id\":\"https:\/\/vianala.com\/en\/tienda\/carpeta-carta-piel-personalizable\/#breadcrumb\"},\"inLanguage\":\"en-US\",\"potentialAction\":[{\"@type\":\"ReadAction\",\"target\":[\"https:\/\/vianala.com\/en\/tienda\/carpeta-carta-piel-personalizable\/\"]}]},{\"@type\":\"BreadcrumbList\",\"@id\":\"https:\/\/vianala.com\/en\/tienda\/carpeta-carta-piel-personalizable\/#breadcrumb\",\"itemListElement\":[{\"@type\":\"ListItem\",\"position\":1,\"name\":\"\",\"item\":\"https:\/\/vianala.com\/en\/\"},{\"@type\":\"ListItem\",\"position\":2,\"name\":\"Portada\",\"item\":\"https:\/\/vianala.com\/en\/\"},{\"@type\":\"ListItem\",\"position\":3,\"name\":\"Shop\",\"item\":\"https:\/\/vianala.com\/en\/shop\/\"},{\"@type\":\"ListItem\",\"position\":4,\"name\":\"Carpeta carta piel personalizable\"}]},{\"@type\":\"WebSite\",\"@id\":\"https:\/\/vianala.com\/en\/#website\",\"url\":\"https:\/\/vianala.com\/en\/\",\"name\":\"Bolsas de piel para dama Le\u00f3n Guanajuato Vianala. Bolsos de piel para mujer, Bolsas de piel para dama precio, bolsos piel mujer, bolsos de piel mujer, bolsas de piel negra, bolsas de piel de mayoreo.\",\"description\":\"Vianala\",\"publisher\":{\"@id\":\"https:\/\/vianala.com\/en\/#organization\"},\"alternateName\":\"Vianala\",\"potentialAction\":[{\"@type\":\"SearchAction\",\"target\":{\"@type\":\"EntryPoint\",\"urlTemplate\":\"https:\/\/vianala.com\/en\/?s={search_term_string}\"},\"query-input\":\"required name=search_term_string\"}],\"inLanguage\":\"en-US\"},{\"@type\":\"Organization\",\"@id\":\"https:\/\/vianala.com\/en\/#organization\",\"name\":\"Bolsas de piel para dama Le\u00f3n Guanajuato Vianala. Bolsos de piel para mujer, Bolsas de piel para dama precio, bolsos piel mujer, bolsos de piel mujer, bolsas de piel negra, bolsas de piel de mayoreo.\",\"url\":\"https:\/\/vianala.com\/en\/\",\"logo\":{\"@type\":\"ImageObject\",\"inLanguage\":\"en-US\",\"@id\":\"https:\/\/vianala.com\/en\/#\/schema\/logo\/image\/\",\"url\":\"https:\/\/vianala.com\/wp-content\/uploads\/2022\/02\/7.-Logo-Vianala.jpg\",\"contentUrl\":\"https:\/\/vianala.com\/wp-content\/uploads\/2022\/02\/7.-Logo-Vianala.jpg\",\"width\":2249,\"height\":2249,\"caption\":\"Bolsas de piel para dama Le\u00f3n Guanajuato Vianala. Bolsos de piel para mujer, Bolsas de piel para dama precio, bolsos piel mujer, bolsos de piel mujer, bolsas de piel negra, bolsas de piel de mayoreo.\"},\"image\":{\"@id\":\"https:\/\/vianala.com\/en\/#\/schema\/logo\/image\/\"},\"sameAs\":[\"https:\/\/www.facebook.com\/vianalabolsas\",\"https:\/\/www.instagram.com\/vianala_bolsas\/\",\"https:\/\/wa.me\/5214777133305\"]}]}<\/script>\n<!-- \/ Yoast SEO plugin. -->","yoast_head_json":{"title":"Carpeta carta piel personalizable - Vianala","robots":{"index":"index","follow":"follow","max-snippet":"max-snippet:-1","max-image-preview":"max-image-preview:large","max-video-preview":"max-video-preview:-1"},"canonical":"https:\/\/vianala.com\/en\/tienda\/carpeta-carta-piel-personalizable\/","og_locale":"en_US","og_type":"article","og_title":"Carpeta carta piel personalizable - Vianala","og_description":"Carpeta de piel con cierre tama\u00f1o carta &nbsp; Carpeta con logotipo empresarial de piel genuina negra tama\u00f1o carta. Resguarda tu Laptop Slim de 13\u2033, Ipad y documentos importantes. Cuenta con un sistema de cierre zipper.\u00a0 Recuerda que la piel es un producto natural, por lo que marcas y rasgu\u00f1os son completamente normales sin afectar de [&hellip;]","og_url":"https:\/\/vianala.com\/en\/tienda\/carpeta-carta-piel-personalizable\/","og_site_name":"Vianala","article_publisher":"https:\/\/www.facebook.com\/vianalabolsas","article_modified_time":"2026-04-16T22:42:09+00:00","og_image":[{"width":960,"height":971,"url":"https:\/\/vianala.com\/wp-content\/uploads\/2026\/04\/1-1.jpg","type":"image\/jpeg"}],"twitter_card":"summary_large_image","twitter_misc":{"Est. reading time":"2 minutes"},"schema":{"@context":"https:\/\/schema.org","@graph":[{"@type":"WebPage","@id":"https:\/\/vianala.com\/en\/tienda\/carpeta-carta-piel-personalizable\/","url":"https:\/\/vianala.com\/en\/tienda\/carpeta-carta-piel-personalizable\/","name":"Carpeta carta piel personalizable - Vianala","isPartOf":{"@id":"https:\/\/vianala.com\/en\/#website"},"datePublished":"2026-04-16T22:41:26+00:00","dateModified":"2026-04-16T22:42:09+00:00","breadcrumb":{"@id":"https:\/\/vianala.com\/en\/tienda\/carpeta-carta-piel-personalizable\/#breadcrumb"},"inLanguage":"en-US","potentialAction":[{"@type":"ReadAction","target":["https:\/\/vianala.com\/en\/tienda\/carpeta-carta-piel-personalizable\/"]}]},{"@type":"BreadcrumbList","@id":"https:\/\/vianala.com\/en\/tienda\/carpeta-carta-piel-personalizable\/#breadcrumb","itemListElement":[{"@type":"ListItem","position":1,"name":"","item":"https:\/\/vianala.com\/en\/"},{"@type":"ListItem","position":2,"name":"Portada","item":"https:\/\/vianala.com\/en\/"},{"@type":"ListItem","position":3,"name":"Shop","item":"https:\/\/vianala.com\/en\/shop\/"},{"@type":"ListItem","position":4,"name":"Carpeta carta piel personalizable"}]},{"@type":"WebSite","@id":"https:\/\/vianala.com\/en\/#website","url":"https:\/\/vianala.com\/en\/","name":"Bolsas de piel para dama Le\u00f3n Guanajuato Vianala. Bolsos de piel para mujer, Bolsas de piel para dama precio, bolsos piel mujer, bolsos de piel mujer, bolsas de piel negra, bolsas de piel de mayoreo.","description":"Vianala","publisher":{"@id":"https:\/\/vianala.com\/en\/#organization"},"alternateName":"Vianala","potentialAction":[{"@type":"SearchAction","target":{"@type":"EntryPoint","urlTemplate":"https:\/\/vianala.com\/en\/?s={search_term_string}"},"query-input":"required name=search_term_string"}],"inLanguage":"en-US"},{"@type":"Organization","@id":"https:\/\/vianala.com\/en\/#organization","name":"Bolsas de piel para dama Le\u00f3n Guanajuato Vianala. Bolsos de piel para mujer, Bolsas de piel para dama precio, bolsos piel mujer, bolsos de piel mujer, bolsas de piel negra, bolsas de piel de mayoreo.","url":"https:\/\/vianala.com\/en\/","logo":{"@type":"ImageObject","inLanguage":"en-US","@id":"https:\/\/vianala.com\/en\/#\/schema\/logo\/image\/","url":"https:\/\/vianala.com\/wp-content\/uploads\/2022\/02\/7.-Logo-Vianala.jpg","contentUrl":"https:\/\/vianala.com\/wp-content\/uploads\/2022\/02\/7.-Logo-Vianala.jpg","width":2249,"height":2249,"caption":"Bolsas de piel para dama Le\u00f3n Guanajuato Vianala. Bolsos de piel para mujer, Bolsas de piel para dama precio, bolsos piel mujer, bolsos de piel mujer, bolsas de piel negra, bolsas de piel de mayoreo."},"image":{"@id":"https:\/\/vianala.com\/en\/#\/schema\/logo\/image\/"},"sameAs":["https:\/\/www.facebook.com\/vianalabolsas","https:\/\/www.instagram.com\/vianala_bolsas\/","https:\/\/wa.me\/5214777133305"]}]}},"_links":{"self":[{"href":"https:\/\/vianala.com\/en\/wp-json\/wp\/v2\/product\/31845"}],"collection":[{"href":"https:\/\/vianala.com\/en\/wp-json\/wp\/v2\/product"}],"about":[{"href":"https:\/\/vianala.com\/en\/wp-json\/wp\/v2\/types\/product"}],"replies":[{"embeddable":true,"href":"https:\/\/vianala.com\/en\/wp-json\/wp\/v2\/comments?post=31845"}],"wp:featuredmedia":[{"embeddable":true,"href":"https:\/\/vianala.com\/en\/wp-json\/wp\/v2\/media\/31846"}],"wp:attachment":[{"href":"https:\/\/vianala.com\/en\/wp-json\/wp\/v2\/media?parent=31845"}],"wp:term":[{"taxonomy":"product_cat","embeddable":true,"href":"https:\/\/vianala.com\/en\/wp-json\/wp\/v2\/product_cat?post=31845"},{"taxonomy":"product_tag","embeddable":true,"href":"https:\/\/vianala.com\/en\/wp-json\/wp\/v2\/product_tag?post=31845"}],"curies":[{"name":"wp","href":"https:\/\/api.w.org\/{rel}","templated":true}]}}