{"id":8223,"date":"2016-08-16T10:03:06","date_gmt":"2016-08-16T15:03:06","guid":{"rendered":"https:\/\/vianala.com\/?post_type=product&#038;p=8223"},"modified":"2026-04-10T17:18:51","modified_gmt":"2026-04-10T22:18:51","slug":"cartera-negra-de-piel-para-mujer","status":"publish","type":"product","link":"https:\/\/vianala.com\/en\/tienda\/cartera-negra-de-piel-para-mujer\/","title":{"rendered":"Cartera Xalapa Negro"},"content":{"rendered":"<h2 class=\"loc\" style=\"text-align: right\">Cartera Xalapa Negro<\/h2>\n<p>Cartera negra de piel para mujer VIANALA. Quien sea que haya dicho que lo que est\u00e1 de moda no da comodidad, se equivoc\u00f3 con esta cartera. Tiene un dise\u00f1o sencillo que se cierra de lado a lado con un sistema de cierre-corredera. Por dentro cuenta con una bolsa con cierre para colocar ah\u00ed las monedas y no perder tu \u2018cambio\u2019 o \u2018vuelto\u2019. Tiene tres compartimentos m\u00e1s en los que puedes colocar billetes y tickets o recibos, dos compartimentos un poco m\u00e1s ocultos con espacio para m\u00e1s dinero, y cuatro compartimentos para tarjetas que son amplios y permite que coloques varias en cada uno. Es ideal para cualquier d\u00eda porque en tu bolsa o mochila no ocupa mucho espacio, pero si alg\u00fan d\u00eda no quieres cargar nada mas que lo necesario.<\/p>\n<h2>Cartera Xalapa Negro<\/h2>\n<p>&nbsp;<\/p>\n","protected":false},"excerpt":{"rendered":"<p>Cartera Xalapa Negro Cartera negra de piel para mujer VIANALA. Quien sea que haya dicho que lo que est\u00e1 de moda no da comodidad, se equivoc\u00f3 con esta cartera. Tiene un dise\u00f1o sencillo que se cierra de lado a lado con un sistema de cierre-corredera. Por dentro cuenta con una bolsa con cierre para colocar [&hellip;]<\/p>\n","protected":false},"featured_media":24004,"comment_status":"open","ping_status":"closed","template":"","meta":[],"product_cat":[25,306,83,67],"product_tag":[],"yoast_head":"<!-- This site is optimized with the Yoast SEO plugin v20.3 - https:\/\/yoast.com\/wordpress\/plugins\/seo\/ -->\n<title>Cartera negra de piel para mujer VIANALA<\/title>\n<meta name=\"description\" content=\"Quien sea que haya dicho que lo que est\u00e1 de moda no da comodidad, se equivoc\u00f3 con esta cartera. Tiene un dise\u00f1o sencillo que se cierra de lado a lado con un sistema de cierre-corredera. Por dentro cuenta con una bolsa con cierre para colocar ah\u00ed las monedas y no perder tu \u2018cambio\u2019 o \u2018vuelto\u2019.\" \/>\n<meta name=\"robots\" content=\"index, follow, max-snippet:-1, max-image-preview:large, max-video-preview:-1\" \/>\n<link rel=\"canonical\" href=\"https:\/\/vianala.com\/en\/tienda\/cartera-negra-de-piel-para-mujer\/\" \/>\n<meta property=\"og:locale\" content=\"en_US\" \/>\n<meta property=\"og:type\" content=\"article\" \/>\n<meta property=\"og:title\" content=\"Cartera negra de piel para mujer VIANALA\" \/>\n<meta property=\"og:description\" content=\"Quien sea que haya dicho que lo que est\u00e1 de moda no da comodidad, se equivoc\u00f3 con esta cartera. Tiene un dise\u00f1o sencillo que se cierra de lado a lado con un sistema de cierre-corredera. Por dentro cuenta con una bolsa con cierre para colocar ah\u00ed las monedas y no perder tu \u2018cambio\u2019 o \u2018vuelto\u2019.\" \/>\n<meta property=\"og:url\" content=\"https:\/\/vianala.com\/en\/tienda\/cartera-negra-de-piel-para-mujer\/\" \/>\n<meta property=\"og:site_name\" content=\"Vianala\" \/>\n<meta property=\"article:publisher\" content=\"https:\/\/www.facebook.com\/vianalabolsas\" \/>\n<meta property=\"article:modified_time\" content=\"2026-04-10T22:18:51+00:00\" \/>\n<meta property=\"og:image\" content=\"https:\/\/vianala.com\/wp-content\/uploads\/2016\/08\/Cartera_negra_piel_1.jpg\" \/>\n\t<meta property=\"og:image:width\" content=\"960\" \/>\n\t<meta property=\"og:image:height\" content=\"960\" \/>\n\t<meta property=\"og:image:type\" content=\"image\/jpeg\" \/>\n<meta name=\"twitter:card\" content=\"summary_large_image\" \/>\n<meta name=\"twitter:label1\" content=\"Est. reading time\" \/>\n\t<meta name=\"twitter:data1\" content=\"1 minute\" \/>\n<script type=\"application\/ld+json\" class=\"yoast-schema-graph\">{\"@context\":\"https:\/\/schema.org\",\"@graph\":[{\"@type\":\"WebPage\",\"@id\":\"https:\/\/vianala.com\/en\/tienda\/cartera-negra-de-piel-para-mujer\/\",\"url\":\"https:\/\/vianala.com\/en\/tienda\/cartera-negra-de-piel-para-mujer\/\",\"name\":\"Cartera negra de piel para mujer VIANALA\",\"isPartOf\":{\"@id\":\"https:\/\/vianala.com\/en\/#website\"},\"datePublished\":\"2016-08-16T15:03:06+00:00\",\"dateModified\":\"2026-04-10T22:18:51+00:00\",\"description\":\"Quien sea que haya dicho que lo que est\u00e1 de moda no da comodidad, se equivoc\u00f3 con esta cartera. Tiene un dise\u00f1o sencillo que se cierra de lado a lado con un sistema de cierre-corredera. Por dentro cuenta con una bolsa con cierre para colocar ah\u00ed las monedas y no perder tu \u2018cambio\u2019 o \u2018vuelto\u2019.\",\"breadcrumb\":{\"@id\":\"https:\/\/vianala.com\/en\/tienda\/cartera-negra-de-piel-para-mujer\/#breadcrumb\"},\"inLanguage\":\"en-US\",\"potentialAction\":[{\"@type\":\"ReadAction\",\"target\":[\"https:\/\/vianala.com\/en\/tienda\/cartera-negra-de-piel-para-mujer\/\"]}]},{\"@type\":\"BreadcrumbList\",\"@id\":\"https:\/\/vianala.com\/en\/tienda\/cartera-negra-de-piel-para-mujer\/#breadcrumb\",\"itemListElement\":[{\"@type\":\"ListItem\",\"position\":1,\"name\":\"\",\"item\":\"https:\/\/vianala.com\/en\/\"},{\"@type\":\"ListItem\",\"position\":2,\"name\":\"Portada\",\"item\":\"https:\/\/vianala.com\/en\/\"},{\"@type\":\"ListItem\",\"position\":3,\"name\":\"Shop\",\"item\":\"https:\/\/vianala.com\/en\/shop\/\"},{\"@type\":\"ListItem\",\"position\":4,\"name\":\"Cartera Xalapa Negro\"}]},{\"@type\":\"WebSite\",\"@id\":\"https:\/\/vianala.com\/en\/#website\",\"url\":\"https:\/\/vianala.com\/en\/\",\"name\":\"Bolsas de piel para dama Le\u00f3n Guanajuato Vianala. Bolsos de piel para mujer, Bolsas de piel para dama precio, bolsos piel mujer, bolsos de piel mujer, bolsas de piel negra, bolsas de piel de mayoreo.\",\"description\":\"Vianala\",\"publisher\":{\"@id\":\"https:\/\/vianala.com\/en\/#organization\"},\"alternateName\":\"Vianala\",\"potentialAction\":[{\"@type\":\"SearchAction\",\"target\":{\"@type\":\"EntryPoint\",\"urlTemplate\":\"https:\/\/vianala.com\/en\/?s={search_term_string}\"},\"query-input\":\"required name=search_term_string\"}],\"inLanguage\":\"en-US\"},{\"@type\":\"Organization\",\"@id\":\"https:\/\/vianala.com\/en\/#organization\",\"name\":\"Bolsas de piel para dama Le\u00f3n Guanajuato Vianala. Bolsos de piel para mujer, Bolsas de piel para dama precio, bolsos piel mujer, bolsos de piel mujer, bolsas de piel negra, bolsas de piel de mayoreo.\",\"url\":\"https:\/\/vianala.com\/en\/\",\"logo\":{\"@type\":\"ImageObject\",\"inLanguage\":\"en-US\",\"@id\":\"https:\/\/vianala.com\/en\/#\/schema\/logo\/image\/\",\"url\":\"https:\/\/vianala.com\/wp-content\/uploads\/2022\/02\/7.-Logo-Vianala.jpg\",\"contentUrl\":\"https:\/\/vianala.com\/wp-content\/uploads\/2022\/02\/7.-Logo-Vianala.jpg\",\"width\":2249,\"height\":2249,\"caption\":\"Bolsas de piel para dama Le\u00f3n Guanajuato Vianala. Bolsos de piel para mujer, Bolsas de piel para dama precio, bolsos piel mujer, bolsos de piel mujer, bolsas de piel negra, bolsas de piel de mayoreo.\"},\"image\":{\"@id\":\"https:\/\/vianala.com\/en\/#\/schema\/logo\/image\/\"},\"sameAs\":[\"https:\/\/www.facebook.com\/vianalabolsas\",\"https:\/\/www.instagram.com\/vianala_bolsas\/\",\"https:\/\/wa.me\/5214777133305\"]}]}<\/script>\n<!-- \/ Yoast SEO plugin. -->","yoast_head_json":{"title":"Cartera negra de piel para mujer VIANALA","description":"Quien sea que haya dicho que lo que est\u00e1 de moda no da comodidad, se equivoc\u00f3 con esta cartera. Tiene un dise\u00f1o sencillo que se cierra de lado a lado con un sistema de cierre-corredera. Por dentro cuenta con una bolsa con cierre para colocar ah\u00ed las monedas y no perder tu \u2018cambio\u2019 o \u2018vuelto\u2019.","robots":{"index":"index","follow":"follow","max-snippet":"max-snippet:-1","max-image-preview":"max-image-preview:large","max-video-preview":"max-video-preview:-1"},"canonical":"https:\/\/vianala.com\/en\/tienda\/cartera-negra-de-piel-para-mujer\/","og_locale":"en_US","og_type":"article","og_title":"Cartera negra de piel para mujer VIANALA","og_description":"Quien sea que haya dicho que lo que est\u00e1 de moda no da comodidad, se equivoc\u00f3 con esta cartera. Tiene un dise\u00f1o sencillo que se cierra de lado a lado con un sistema de cierre-corredera. Por dentro cuenta con una bolsa con cierre para colocar ah\u00ed las monedas y no perder tu \u2018cambio\u2019 o \u2018vuelto\u2019.","og_url":"https:\/\/vianala.com\/en\/tienda\/cartera-negra-de-piel-para-mujer\/","og_site_name":"Vianala","article_publisher":"https:\/\/www.facebook.com\/vianalabolsas","article_modified_time":"2026-04-10T22:18:51+00:00","og_image":[{"width":960,"height":960,"url":"https:\/\/vianala.com\/wp-content\/uploads\/2016\/08\/Cartera_negra_piel_1.jpg","type":"image\/jpeg"}],"twitter_card":"summary_large_image","twitter_misc":{"Est. reading time":"1 minute"},"schema":{"@context":"https:\/\/schema.org","@graph":[{"@type":"WebPage","@id":"https:\/\/vianala.com\/en\/tienda\/cartera-negra-de-piel-para-mujer\/","url":"https:\/\/vianala.com\/en\/tienda\/cartera-negra-de-piel-para-mujer\/","name":"Cartera negra de piel para mujer VIANALA","isPartOf":{"@id":"https:\/\/vianala.com\/en\/#website"},"datePublished":"2016-08-16T15:03:06+00:00","dateModified":"2026-04-10T22:18:51+00:00","description":"Quien sea que haya dicho que lo que est\u00e1 de moda no da comodidad, se equivoc\u00f3 con esta cartera. Tiene un dise\u00f1o sencillo que se cierra de lado a lado con un sistema de cierre-corredera. Por dentro cuenta con una bolsa con cierre para colocar ah\u00ed las monedas y no perder tu \u2018cambio\u2019 o \u2018vuelto\u2019.","breadcrumb":{"@id":"https:\/\/vianala.com\/en\/tienda\/cartera-negra-de-piel-para-mujer\/#breadcrumb"},"inLanguage":"en-US","potentialAction":[{"@type":"ReadAction","target":["https:\/\/vianala.com\/en\/tienda\/cartera-negra-de-piel-para-mujer\/"]}]},{"@type":"BreadcrumbList","@id":"https:\/\/vianala.com\/en\/tienda\/cartera-negra-de-piel-para-mujer\/#breadcrumb","itemListElement":[{"@type":"ListItem","position":1,"name":"","item":"https:\/\/vianala.com\/en\/"},{"@type":"ListItem","position":2,"name":"Portada","item":"https:\/\/vianala.com\/en\/"},{"@type":"ListItem","position":3,"name":"Shop","item":"https:\/\/vianala.com\/en\/shop\/"},{"@type":"ListItem","position":4,"name":"Cartera Xalapa Negro"}]},{"@type":"WebSite","@id":"https:\/\/vianala.com\/en\/#website","url":"https:\/\/vianala.com\/en\/","name":"Bolsas de piel para dama Le\u00f3n Guanajuato Vianala. Bolsos de piel para mujer, Bolsas de piel para dama precio, bolsos piel mujer, bolsos de piel mujer, bolsas de piel negra, bolsas de piel de mayoreo.","description":"Vianala","publisher":{"@id":"https:\/\/vianala.com\/en\/#organization"},"alternateName":"Vianala","potentialAction":[{"@type":"SearchAction","target":{"@type":"EntryPoint","urlTemplate":"https:\/\/vianala.com\/en\/?s={search_term_string}"},"query-input":"required name=search_term_string"}],"inLanguage":"en-US"},{"@type":"Organization","@id":"https:\/\/vianala.com\/en\/#organization","name":"Bolsas de piel para dama Le\u00f3n Guanajuato Vianala. Bolsos de piel para mujer, Bolsas de piel para dama precio, bolsos piel mujer, bolsos de piel mujer, bolsas de piel negra, bolsas de piel de mayoreo.","url":"https:\/\/vianala.com\/en\/","logo":{"@type":"ImageObject","inLanguage":"en-US","@id":"https:\/\/vianala.com\/en\/#\/schema\/logo\/image\/","url":"https:\/\/vianala.com\/wp-content\/uploads\/2022\/02\/7.-Logo-Vianala.jpg","contentUrl":"https:\/\/vianala.com\/wp-content\/uploads\/2022\/02\/7.-Logo-Vianala.jpg","width":2249,"height":2249,"caption":"Bolsas de piel para dama Le\u00f3n Guanajuato Vianala. Bolsos de piel para mujer, Bolsas de piel para dama precio, bolsos piel mujer, bolsos de piel mujer, bolsas de piel negra, bolsas de piel de mayoreo."},"image":{"@id":"https:\/\/vianala.com\/en\/#\/schema\/logo\/image\/"},"sameAs":["https:\/\/www.facebook.com\/vianalabolsas","https:\/\/www.instagram.com\/vianala_bolsas\/","https:\/\/wa.me\/5214777133305"]}]}},"_links":{"self":[{"href":"https:\/\/vianala.com\/en\/wp-json\/wp\/v2\/product\/8223"}],"collection":[{"href":"https:\/\/vianala.com\/en\/wp-json\/wp\/v2\/product"}],"about":[{"href":"https:\/\/vianala.com\/en\/wp-json\/wp\/v2\/types\/product"}],"replies":[{"embeddable":true,"href":"https:\/\/vianala.com\/en\/wp-json\/wp\/v2\/comments?post=8223"}],"wp:featuredmedia":[{"embeddable":true,"href":"https:\/\/vianala.com\/en\/wp-json\/wp\/v2\/media\/24004"}],"wp:attachment":[{"href":"https:\/\/vianala.com\/en\/wp-json\/wp\/v2\/media?parent=8223"}],"wp:term":[{"taxonomy":"product_cat","embeddable":true,"href":"https:\/\/vianala.com\/en\/wp-json\/wp\/v2\/product_cat?post=8223"},{"taxonomy":"product_tag","embeddable":true,"href":"https:\/\/vianala.com\/en\/wp-json\/wp\/v2\/product_tag?post=8223"}],"curies":[{"name":"wp","href":"https:\/\/api.w.org\/{rel}","templated":true}]}}