{"id":9538,"date":"2017-03-21T17:02:53","date_gmt":"2017-03-21T23:02:53","guid":{"rendered":"https:\/\/vianala.com\/?post_type=product&#038;p=9538"},"modified":"2026-04-23T13:37:35","modified_gmt":"2026-04-23T18:37:35","slug":"tote-bag-piel-negra","status":"publish","type":"product","link":"https:\/\/vianala.com\/en\/tienda\/tote-bag-piel-negra\/","title":{"rendered":"Tote Victoria Negro"},"content":{"rendered":"<h2 style=\"text-align: right\">Tote Victoria Negro<\/h2>\n<p>Esta bolsa de piel es una Bolsa tote, lo que hace referencia al dise\u00f1o de moda, el cual se caracteriza por ser uno de los modelos m\u00e1s conocidos y tradicionales de las bolsas. El dise\u00f1o es sencillo, con un cuerpo generalmente cuadrado o rectangular y asas dobles a los lados. El tama\u00f1o de la bolsa es ideal para usarla como bolsa de diario, pues su estilo casual y al mismo tiempo elegante, permite que la utilices en todo tipo de ocasiones y siempre tengas a la mano los art\u00edculos indispensables para pasar el d\u00eda como una botella de agua, alg\u00fan\u00a0<em>snack<\/em>, agenda, tablet, celular, pinturas, plumas, libros, etc. Ve nuestras tote bags <a href=\"https:\/\/vianala.com\/categoria-producto\/bolsas-de-piel-para-dama-bolsos-de-piel-para-mujer\/bolsos-tote-piel-tote-bag-piel-bolsos-tote-de-piel-bolsos-tote-mujer-bolso-tote-mujer-bolsas-tipo-tote-para-dama\/\">aqu\u00ed<\/a><\/p>\n<p>&nbsp;<\/p>\n<h2>Tote Victoria Negro<\/h2>\n<p>&nbsp;<\/p>\n","protected":false},"excerpt":{"rendered":"<p>Tote Victoria Negro Esta bolsa de piel es una Bolsa tote, lo que hace referencia al dise\u00f1o de moda, el cual se caracteriza por ser uno de los modelos m\u00e1s conocidos y tradicionales de las bolsas. El dise\u00f1o es sencillo, con un cuerpo generalmente cuadrado o rectangular y asas dobles a los lados. El tama\u00f1o [&hellip;]<\/p>\n","protected":false},"featured_media":24021,"comment_status":"open","ping_status":"closed","template":"","meta":[],"product_cat":[300,302],"product_tag":[],"yoast_head":"<!-- This site is optimized with the Yoast SEO plugin v20.3 - https:\/\/yoast.com\/wordpress\/plugins\/seo\/ -->\n<title>Tote bag piel negra VIANALA<\/title>\n<meta name=\"description\" content=\"Esta bolsa de piel es una Bolsa tote, lo que hace referencia al dise\u00f1o de moda, el cual se caracteriza por ser uno de los modelos m\u00e1s conocidos y tradicionales de las bolsas. El dise\u00f1o es sencillo, con un cuerpo generalmente cuadrado o rectangular y asas dobles a los lados.\" \/>\n<meta name=\"robots\" content=\"index, follow, max-snippet:-1, max-image-preview:large, max-video-preview:-1\" \/>\n<link rel=\"canonical\" href=\"https:\/\/vianala.com\/en\/tienda\/tote-bag-piel-negra\/\" \/>\n<meta property=\"og:locale\" content=\"en_US\" \/>\n<meta property=\"og:type\" content=\"article\" \/>\n<meta property=\"og:title\" content=\"Tote bag piel negra VIANALA\" \/>\n<meta property=\"og:description\" content=\"Esta bolsa de piel es una Bolsa tote, lo que hace referencia al dise\u00f1o de moda, el cual se caracteriza por ser uno de los modelos m\u00e1s conocidos y tradicionales de las bolsas. El dise\u00f1o es sencillo, con un cuerpo generalmente cuadrado o rectangular y asas dobles a los lados.\" \/>\n<meta property=\"og:url\" content=\"https:\/\/vianala.com\/en\/tienda\/tote-bag-piel-negra\/\" \/>\n<meta property=\"og:site_name\" content=\"Vianala\" \/>\n<meta property=\"article:publisher\" content=\"https:\/\/www.facebook.com\/vianalabolsas\" \/>\n<meta property=\"article:modified_time\" content=\"2026-04-23T18:37:35+00:00\" \/>\n<meta property=\"og:image\" content=\"https:\/\/vianala.com\/wp-content\/uploads\/2017\/03\/Tote-Victoria-Negro.jpg\" \/>\n\t<meta property=\"og:image:width\" content=\"2475\" \/>\n\t<meta property=\"og:image:height\" content=\"2475\" \/>\n\t<meta property=\"og:image:type\" content=\"image\/jpeg\" \/>\n<meta name=\"twitter:card\" content=\"summary_large_image\" \/>\n<meta name=\"twitter:label1\" content=\"Est. reading time\" \/>\n\t<meta name=\"twitter:data1\" content=\"1 minute\" \/>\n<script type=\"application\/ld+json\" class=\"yoast-schema-graph\">{\"@context\":\"https:\/\/schema.org\",\"@graph\":[{\"@type\":\"WebPage\",\"@id\":\"https:\/\/vianala.com\/en\/tienda\/tote-bag-piel-negra\/\",\"url\":\"https:\/\/vianala.com\/en\/tienda\/tote-bag-piel-negra\/\",\"name\":\"Tote bag piel negra VIANALA\",\"isPartOf\":{\"@id\":\"https:\/\/vianala.com\/en\/#website\"},\"datePublished\":\"2017-03-21T23:02:53+00:00\",\"dateModified\":\"2026-04-23T18:37:35+00:00\",\"description\":\"Esta bolsa de piel es una Bolsa tote, lo que hace referencia al dise\u00f1o de moda, el cual se caracteriza por ser uno de los modelos m\u00e1s conocidos y tradicionales de las bolsas. El dise\u00f1o es sencillo, con un cuerpo generalmente cuadrado o rectangular y asas dobles a los lados.\",\"breadcrumb\":{\"@id\":\"https:\/\/vianala.com\/en\/tienda\/tote-bag-piel-negra\/#breadcrumb\"},\"inLanguage\":\"en-US\",\"potentialAction\":[{\"@type\":\"ReadAction\",\"target\":[\"https:\/\/vianala.com\/en\/tienda\/tote-bag-piel-negra\/\"]}]},{\"@type\":\"BreadcrumbList\",\"@id\":\"https:\/\/vianala.com\/en\/tienda\/tote-bag-piel-negra\/#breadcrumb\",\"itemListElement\":[{\"@type\":\"ListItem\",\"position\":1,\"name\":\"\",\"item\":\"https:\/\/vianala.com\/en\/\"},{\"@type\":\"ListItem\",\"position\":2,\"name\":\"Portada\",\"item\":\"https:\/\/vianala.com\/en\/\"},{\"@type\":\"ListItem\",\"position\":3,\"name\":\"Shop\",\"item\":\"https:\/\/vianala.com\/en\/shop\/\"},{\"@type\":\"ListItem\",\"position\":4,\"name\":\"Tote Victoria Negro\"}]},{\"@type\":\"WebSite\",\"@id\":\"https:\/\/vianala.com\/en\/#website\",\"url\":\"https:\/\/vianala.com\/en\/\",\"name\":\"Bolsas de piel para dama Le\u00f3n Guanajuato Vianala. Bolsos de piel para mujer, Bolsas de piel para dama precio, bolsos piel mujer, bolsos de piel mujer, bolsas de piel negra, bolsas de piel de mayoreo.\",\"description\":\"Vianala\",\"publisher\":{\"@id\":\"https:\/\/vianala.com\/en\/#organization\"},\"alternateName\":\"Vianala\",\"potentialAction\":[{\"@type\":\"SearchAction\",\"target\":{\"@type\":\"EntryPoint\",\"urlTemplate\":\"https:\/\/vianala.com\/en\/?s={search_term_string}\"},\"query-input\":\"required name=search_term_string\"}],\"inLanguage\":\"en-US\"},{\"@type\":\"Organization\",\"@id\":\"https:\/\/vianala.com\/en\/#organization\",\"name\":\"Bolsas de piel para dama Le\u00f3n Guanajuato Vianala. Bolsos de piel para mujer, Bolsas de piel para dama precio, bolsos piel mujer, bolsos de piel mujer, bolsas de piel negra, bolsas de piel de mayoreo.\",\"url\":\"https:\/\/vianala.com\/en\/\",\"logo\":{\"@type\":\"ImageObject\",\"inLanguage\":\"en-US\",\"@id\":\"https:\/\/vianala.com\/en\/#\/schema\/logo\/image\/\",\"url\":\"https:\/\/vianala.com\/wp-content\/uploads\/2022\/02\/7.-Logo-Vianala.jpg\",\"contentUrl\":\"https:\/\/vianala.com\/wp-content\/uploads\/2022\/02\/7.-Logo-Vianala.jpg\",\"width\":2249,\"height\":2249,\"caption\":\"Bolsas de piel para dama Le\u00f3n Guanajuato Vianala. Bolsos de piel para mujer, Bolsas de piel para dama precio, bolsos piel mujer, bolsos de piel mujer, bolsas de piel negra, bolsas de piel de mayoreo.\"},\"image\":{\"@id\":\"https:\/\/vianala.com\/en\/#\/schema\/logo\/image\/\"},\"sameAs\":[\"https:\/\/www.facebook.com\/vianalabolsas\",\"https:\/\/www.instagram.com\/vianala_bolsas\/\",\"https:\/\/wa.me\/5214777133305\"]}]}<\/script>\n<!-- \/ Yoast SEO plugin. -->","yoast_head_json":{"title":"Tote bag piel negra VIANALA","description":"Esta bolsa de piel es una Bolsa tote, lo que hace referencia al dise\u00f1o de moda, el cual se caracteriza por ser uno de los modelos m\u00e1s conocidos y tradicionales de las bolsas. El dise\u00f1o es sencillo, con un cuerpo generalmente cuadrado o rectangular y asas dobles a los lados.","robots":{"index":"index","follow":"follow","max-snippet":"max-snippet:-1","max-image-preview":"max-image-preview:large","max-video-preview":"max-video-preview:-1"},"canonical":"https:\/\/vianala.com\/en\/tienda\/tote-bag-piel-negra\/","og_locale":"en_US","og_type":"article","og_title":"Tote bag piel negra VIANALA","og_description":"Esta bolsa de piel es una Bolsa tote, lo que hace referencia al dise\u00f1o de moda, el cual se caracteriza por ser uno de los modelos m\u00e1s conocidos y tradicionales de las bolsas. El dise\u00f1o es sencillo, con un cuerpo generalmente cuadrado o rectangular y asas dobles a los lados.","og_url":"https:\/\/vianala.com\/en\/tienda\/tote-bag-piel-negra\/","og_site_name":"Vianala","article_publisher":"https:\/\/www.facebook.com\/vianalabolsas","article_modified_time":"2026-04-23T18:37:35+00:00","og_image":[{"width":2475,"height":2475,"url":"https:\/\/vianala.com\/wp-content\/uploads\/2017\/03\/Tote-Victoria-Negro.jpg","type":"image\/jpeg"}],"twitter_card":"summary_large_image","twitter_misc":{"Est. reading time":"1 minute"},"schema":{"@context":"https:\/\/schema.org","@graph":[{"@type":"WebPage","@id":"https:\/\/vianala.com\/en\/tienda\/tote-bag-piel-negra\/","url":"https:\/\/vianala.com\/en\/tienda\/tote-bag-piel-negra\/","name":"Tote bag piel negra VIANALA","isPartOf":{"@id":"https:\/\/vianala.com\/en\/#website"},"datePublished":"2017-03-21T23:02:53+00:00","dateModified":"2026-04-23T18:37:35+00:00","description":"Esta bolsa de piel es una Bolsa tote, lo que hace referencia al dise\u00f1o de moda, el cual se caracteriza por ser uno de los modelos m\u00e1s conocidos y tradicionales de las bolsas. El dise\u00f1o es sencillo, con un cuerpo generalmente cuadrado o rectangular y asas dobles a los lados.","breadcrumb":{"@id":"https:\/\/vianala.com\/en\/tienda\/tote-bag-piel-negra\/#breadcrumb"},"inLanguage":"en-US","potentialAction":[{"@type":"ReadAction","target":["https:\/\/vianala.com\/en\/tienda\/tote-bag-piel-negra\/"]}]},{"@type":"BreadcrumbList","@id":"https:\/\/vianala.com\/en\/tienda\/tote-bag-piel-negra\/#breadcrumb","itemListElement":[{"@type":"ListItem","position":1,"name":"","item":"https:\/\/vianala.com\/en\/"},{"@type":"ListItem","position":2,"name":"Portada","item":"https:\/\/vianala.com\/en\/"},{"@type":"ListItem","position":3,"name":"Shop","item":"https:\/\/vianala.com\/en\/shop\/"},{"@type":"ListItem","position":4,"name":"Tote Victoria Negro"}]},{"@type":"WebSite","@id":"https:\/\/vianala.com\/en\/#website","url":"https:\/\/vianala.com\/en\/","name":"Bolsas de piel para dama Le\u00f3n Guanajuato Vianala. Bolsos de piel para mujer, Bolsas de piel para dama precio, bolsos piel mujer, bolsos de piel mujer, bolsas de piel negra, bolsas de piel de mayoreo.","description":"Vianala","publisher":{"@id":"https:\/\/vianala.com\/en\/#organization"},"alternateName":"Vianala","potentialAction":[{"@type":"SearchAction","target":{"@type":"EntryPoint","urlTemplate":"https:\/\/vianala.com\/en\/?s={search_term_string}"},"query-input":"required name=search_term_string"}],"inLanguage":"en-US"},{"@type":"Organization","@id":"https:\/\/vianala.com\/en\/#organization","name":"Bolsas de piel para dama Le\u00f3n Guanajuato Vianala. Bolsos de piel para mujer, Bolsas de piel para dama precio, bolsos piel mujer, bolsos de piel mujer, bolsas de piel negra, bolsas de piel de mayoreo.","url":"https:\/\/vianala.com\/en\/","logo":{"@type":"ImageObject","inLanguage":"en-US","@id":"https:\/\/vianala.com\/en\/#\/schema\/logo\/image\/","url":"https:\/\/vianala.com\/wp-content\/uploads\/2022\/02\/7.-Logo-Vianala.jpg","contentUrl":"https:\/\/vianala.com\/wp-content\/uploads\/2022\/02\/7.-Logo-Vianala.jpg","width":2249,"height":2249,"caption":"Bolsas de piel para dama Le\u00f3n Guanajuato Vianala. Bolsos de piel para mujer, Bolsas de piel para dama precio, bolsos piel mujer, bolsos de piel mujer, bolsas de piel negra, bolsas de piel de mayoreo."},"image":{"@id":"https:\/\/vianala.com\/en\/#\/schema\/logo\/image\/"},"sameAs":["https:\/\/www.facebook.com\/vianalabolsas","https:\/\/www.instagram.com\/vianala_bolsas\/","https:\/\/wa.me\/5214777133305"]}]}},"_links":{"self":[{"href":"https:\/\/vianala.com\/en\/wp-json\/wp\/v2\/product\/9538"}],"collection":[{"href":"https:\/\/vianala.com\/en\/wp-json\/wp\/v2\/product"}],"about":[{"href":"https:\/\/vianala.com\/en\/wp-json\/wp\/v2\/types\/product"}],"replies":[{"embeddable":true,"href":"https:\/\/vianala.com\/en\/wp-json\/wp\/v2\/comments?post=9538"}],"wp:featuredmedia":[{"embeddable":true,"href":"https:\/\/vianala.com\/en\/wp-json\/wp\/v2\/media\/24021"}],"wp:attachment":[{"href":"https:\/\/vianala.com\/en\/wp-json\/wp\/v2\/media?parent=9538"}],"wp:term":[{"taxonomy":"product_cat","embeddable":true,"href":"https:\/\/vianala.com\/en\/wp-json\/wp\/v2\/product_cat?post=9538"},{"taxonomy":"product_tag","embeddable":true,"href":"https:\/\/vianala.com\/en\/wp-json\/wp\/v2\/product_tag?post=9538"}],"curies":[{"name":"wp","href":"https:\/\/api.w.org\/{rel}","templated":true}]}}